{"id":22085,"date":"2024-12-10T22:05:23","date_gmt":"2024-12-10T21:05:23","guid":{"rendered":"https:\/\/pax.forenteforlag.no\/produkt\/politisk-manifest-2000\/"},"modified":"2026-03-04T20:16:52","modified_gmt":"2026-03-04T19:16:52","slug":"politisk-manifest-2000","status":"publish","type":"product","link":"https:\/\/staging.forenteforlag.no\/pax\/produkt\/politisk-manifest-2000\/","title":{"rendered":"Politisk manifest 2000"},"content":{"rendered":"<p>&laquo;Noe av det mest irriterende ved dagens politiske tilstand er at alle partiene opererer med de samme m\u00e5l &#8211; de krangler bare om midlene til \u00e5 n\u00e5 dit. Under partilederdebattene p\u00e5 TV m\u00e5 vi derfor ta stilling til hvilke av deltakerne vi opplever som mest troverdige, eventuelt hvem magef\u00f8lelsen sier er best egnet til \u00e5 &#8216;gj\u00f8re jobben&#8217;. Politikerne snakker reklamespr\u00e5k, mens vi andre f\u00f8rst og fremst er enige om at Jens Stoltenberg er pen. Vi aner ikke hvilken politikk han st\u00e5r for, ei heller hva som skiller ham fra se andre mainstream-partiene. Og enda verre; vi driter i det.&raquo;<br \/>\nSlik \u00e5pner de tre Morgenblad-journalistene denne pamfletten der vesentlige politiske saker settes p\u00e5 dagsordenen. De foresl\u00e5r bl.a. at det er p\u00e5 tide \u00e5 avslutte den kalde krigen, at forsvarsindustrien m\u00e5 nedlegges og at den politiske makten m\u00e5 desentraliseres. De vil innf\u00f8re direktedemokrati, styre bypolitikken, omorganisere norsk bistand, glemme Gud og innf\u00f8re fri arbeidsinnvandring. Her er det markerte meninger og store utfordringer til dagens norske politikere.<\/p>\n","protected":false},"excerpt":{"rendered":"<p>&laquo;Noe av det mest irriterende ved dagens politiske tilstand er at alle partiene opererer med de samme m\u00e5l &#8211; de krangler bare om midlene til \u00e5 n\u00e5 dit. Under partilederdebattene p\u00e5 TV m\u00e5 vi derfor ta stilling til hvilke av deltakerne vi opplever som mest troverdige, eventuelt hvem magef\u00f8lelsen sier er best egnet til \u00e5 [&hellip;]<\/p>\n","protected":false},"featured_media":28718,"template":"","meta":{"_acf_changed":false,"inline_featured_image":false},"product_brand":[],"product_cat":[1782],"product_tag":[362,1724],"class_list":{"0":"post-22085","1":"product","2":"type-product","3":"status-publish","4":"has-post-thumbnail","6":"product_cat-fripris","7":"product_tag-faglitteratur","8":"product_tag-identitetspolitikk","10":"first","11":"outofstock","12":"taxable","13":"shipping-taxable","14":"purchasable","15":"product-type-simple"},"acf":{"anmeldelse":null},"yoast_head":"<!-- This site is optimized with the Yoast SEO plugin v26.6 - https:\/\/yoast.com\/wordpress\/plugins\/seo\/ -->\n<title>Politisk manifest 2000 - Pax<\/title>\n<meta name=\"robots\" content=\"noindex, follow, max-snippet:-1, max-image-preview:large, max-video-preview:-1\" \/>\n<meta property=\"og:locale\" content=\"nb_NO\" \/>\n<meta property=\"og:type\" content=\"article\" \/>\n<meta property=\"og:title\" content=\"Politisk manifest 2000 - Pax\" \/>\n<meta property=\"og:description\" content=\"&laquo;Noe av det mest irriterende ved dagens politiske tilstand er at alle partiene opererer med de samme m\u00e5l &#8211; de krangler bare om midlene til \u00e5 n\u00e5 dit. Under partilederdebattene p\u00e5 TV m\u00e5 vi derfor ta stilling til hvilke av deltakerne vi opplever som mest troverdige, eventuelt hvem magef\u00f8lelsen sier er best egnet til \u00e5 [&hellip;]\" \/>\n<meta property=\"og:url\" content=\"https:\/\/staging.forenteforlag.no\/pax\/produkt\/politisk-manifest-2000\/\" \/>\n<meta property=\"og:site_name\" content=\"Pax\" \/>\n<meta property=\"article:modified_time\" content=\"2026-03-04T19:16:52+00:00\" \/>\n<meta property=\"og:image\" content=\"https:\/\/staging.forenteforlag.no\/pax\/wp-content\/uploads\/sites\/5\/2025\/08\/jpg-7758.jpg\" \/>\n\t<meta property=\"og:image:width\" content=\"274\" \/>\n\t<meta property=\"og:image:height\" content=\"449\" \/>\n\t<meta property=\"og:image:type\" content=\"image\/jpeg\" \/>\n<meta name=\"twitter:card\" content=\"summary_large_image\" \/>\n<meta name=\"twitter:label1\" content=\"Ansl. lesetid\" \/>\n\t<meta name=\"twitter:data1\" content=\"1 minutt\" \/>\n<script type=\"application\/ld+json\" class=\"yoast-schema-graph\">{\"@context\":\"https:\/\/schema.org\",\"@graph\":[{\"@type\":\"WebPage\",\"@id\":\"https:\/\/staging.forenteforlag.no\/pax\/produkt\/politisk-manifest-2000\/\",\"url\":\"https:\/\/staging.forenteforlag.no\/pax\/produkt\/politisk-manifest-2000\/\",\"name\":\"Politisk manifest 2000 - Pax\",\"isPartOf\":{\"@id\":\"https:\/\/staging.forenteforlag.no\/pax\/#website\"},\"primaryImageOfPage\":{\"@id\":\"https:\/\/staging.forenteforlag.no\/pax\/produkt\/politisk-manifest-2000\/#primaryimage\"},\"image\":{\"@id\":\"https:\/\/staging.forenteforlag.no\/pax\/produkt\/politisk-manifest-2000\/#primaryimage\"},\"thumbnailUrl\":\"https:\/\/staging.forenteforlag.no\/pax\/wp-content\/uploads\/sites\/5\/2025\/08\/jpg-7758.jpg\",\"datePublished\":\"2024-12-10T21:05:23+00:00\",\"dateModified\":\"2026-03-04T19:16:52+00:00\",\"breadcrumb\":{\"@id\":\"https:\/\/staging.forenteforlag.no\/pax\/produkt\/politisk-manifest-2000\/#breadcrumb\"},\"inLanguage\":\"nb-NO\",\"potentialAction\":[{\"@type\":\"ReadAction\",\"target\":[\"https:\/\/staging.forenteforlag.no\/pax\/produkt\/politisk-manifest-2000\/\"]}]},{\"@type\":\"ImageObject\",\"inLanguage\":\"nb-NO\",\"@id\":\"https:\/\/staging.forenteforlag.no\/pax\/produkt\/politisk-manifest-2000\/#primaryimage\",\"url\":\"https:\/\/staging.forenteforlag.no\/pax\/wp-content\/uploads\/sites\/5\/2025\/08\/jpg-7758.jpg\",\"contentUrl\":\"https:\/\/staging.forenteforlag.no\/pax\/wp-content\/uploads\/sites\/5\/2025\/08\/jpg-7758.jpg\",\"width\":274,\"height\":449},{\"@type\":\"BreadcrumbList\",\"@id\":\"https:\/\/staging.forenteforlag.no\/pax\/produkt\/politisk-manifest-2000\/#breadcrumb\",\"itemListElement\":[{\"@type\":\"ListItem\",\"position\":1,\"name\":\"Hjem\",\"item\":\"https:\/\/staging.forenteforlag.no\/pax\/\"},{\"@type\":\"ListItem\",\"position\":2,\"name\":\"Alle b\u00f8ker\",\"item\":\"https:\/\/staging.forenteforlag.no\/pax\/butikk\/\"},{\"@type\":\"ListItem\",\"position\":3,\"name\":\"Politisk manifest 2000\"}]},{\"@type\":\"WebSite\",\"@id\":\"https:\/\/staging.forenteforlag.no\/pax\/#website\",\"url\":\"https:\/\/staging.forenteforlag.no\/pax\/\",\"name\":\"Pax\",\"description\":\"\",\"potentialAction\":[{\"@type\":\"SearchAction\",\"target\":{\"@type\":\"EntryPoint\",\"urlTemplate\":\"https:\/\/staging.forenteforlag.no\/pax\/?s={search_term_string}\"},\"query-input\":{\"@type\":\"PropertyValueSpecification\",\"valueRequired\":true,\"valueName\":\"search_term_string\"}}],\"inLanguage\":\"nb-NO\"}]}<\/script>\n<!-- \/ Yoast SEO plugin. -->","yoast_head_json":{"title":"Politisk manifest 2000 - Pax","robots":{"index":"noindex","follow":"follow","max-snippet":"max-snippet:-1","max-image-preview":"max-image-preview:large","max-video-preview":"max-video-preview:-1"},"og_locale":"nb_NO","og_type":"article","og_title":"Politisk manifest 2000 - Pax","og_description":"&laquo;Noe av det mest irriterende ved dagens politiske tilstand er at alle partiene opererer med de samme m\u00e5l &#8211; de krangler bare om midlene til \u00e5 n\u00e5 dit. Under partilederdebattene p\u00e5 TV m\u00e5 vi derfor ta stilling til hvilke av deltakerne vi opplever som mest troverdige, eventuelt hvem magef\u00f8lelsen sier er best egnet til \u00e5 [&hellip;]","og_url":"https:\/\/staging.forenteforlag.no\/pax\/produkt\/politisk-manifest-2000\/","og_site_name":"Pax","article_modified_time":"2026-03-04T19:16:52+00:00","og_image":[{"width":274,"height":449,"url":"https:\/\/staging.forenteforlag.no\/pax\/wp-content\/uploads\/sites\/5\/2025\/08\/jpg-7758.jpg","type":"image\/jpeg"}],"twitter_card":"summary_large_image","twitter_misc":{"Ansl. lesetid":"1 minutt"},"schema":{"@context":"https:\/\/schema.org","@graph":[{"@type":"WebPage","@id":"https:\/\/staging.forenteforlag.no\/pax\/produkt\/politisk-manifest-2000\/","url":"https:\/\/staging.forenteforlag.no\/pax\/produkt\/politisk-manifest-2000\/","name":"Politisk manifest 2000 - Pax","isPartOf":{"@id":"https:\/\/staging.forenteforlag.no\/pax\/#website"},"primaryImageOfPage":{"@id":"https:\/\/staging.forenteforlag.no\/pax\/produkt\/politisk-manifest-2000\/#primaryimage"},"image":{"@id":"https:\/\/staging.forenteforlag.no\/pax\/produkt\/politisk-manifest-2000\/#primaryimage"},"thumbnailUrl":"https:\/\/staging.forenteforlag.no\/pax\/wp-content\/uploads\/sites\/5\/2025\/08\/jpg-7758.jpg","datePublished":"2024-12-10T21:05:23+00:00","dateModified":"2026-03-04T19:16:52+00:00","breadcrumb":{"@id":"https:\/\/staging.forenteforlag.no\/pax\/produkt\/politisk-manifest-2000\/#breadcrumb"},"inLanguage":"nb-NO","potentialAction":[{"@type":"ReadAction","target":["https:\/\/staging.forenteforlag.no\/pax\/produkt\/politisk-manifest-2000\/"]}]},{"@type":"ImageObject","inLanguage":"nb-NO","@id":"https:\/\/staging.forenteforlag.no\/pax\/produkt\/politisk-manifest-2000\/#primaryimage","url":"https:\/\/staging.forenteforlag.no\/pax\/wp-content\/uploads\/sites\/5\/2025\/08\/jpg-7758.jpg","contentUrl":"https:\/\/staging.forenteforlag.no\/pax\/wp-content\/uploads\/sites\/5\/2025\/08\/jpg-7758.jpg","width":274,"height":449},{"@type":"BreadcrumbList","@id":"https:\/\/staging.forenteforlag.no\/pax\/produkt\/politisk-manifest-2000\/#breadcrumb","itemListElement":[{"@type":"ListItem","position":1,"name":"Hjem","item":"https:\/\/staging.forenteforlag.no\/pax\/"},{"@type":"ListItem","position":2,"name":"Alle b\u00f8ker","item":"https:\/\/staging.forenteforlag.no\/pax\/butikk\/"},{"@type":"ListItem","position":3,"name":"Politisk manifest 2000"}]},{"@type":"WebSite","@id":"https:\/\/staging.forenteforlag.no\/pax\/#website","url":"https:\/\/staging.forenteforlag.no\/pax\/","name":"Pax","description":"","potentialAction":[{"@type":"SearchAction","target":{"@type":"EntryPoint","urlTemplate":"https:\/\/staging.forenteforlag.no\/pax\/?s={search_term_string}"},"query-input":{"@type":"PropertyValueSpecification","valueRequired":true,"valueName":"search_term_string"}}],"inLanguage":"nb-NO"}]}},"_links":{"self":[{"href":"https:\/\/staging.forenteforlag.no\/pax\/wp-json\/wp\/v2\/product\/22085","targetHints":{"allow":["GET"]}}],"collection":[{"href":"https:\/\/staging.forenteforlag.no\/pax\/wp-json\/wp\/v2\/product"}],"about":[{"href":"https:\/\/staging.forenteforlag.no\/pax\/wp-json\/wp\/v2\/types\/product"}],"wp:featuredmedia":[{"embeddable":true,"href":"https:\/\/staging.forenteforlag.no\/pax\/wp-json\/wp\/v2\/media\/28718"}],"wp:attachment":[{"href":"https:\/\/staging.forenteforlag.no\/pax\/wp-json\/wp\/v2\/media?parent=22085"}],"wp:term":[{"taxonomy":"product_brand","embeddable":true,"href":"https:\/\/staging.forenteforlag.no\/pax\/wp-json\/wp\/v2\/product_brand?post=22085"},{"taxonomy":"product_cat","embeddable":true,"href":"https:\/\/staging.forenteforlag.no\/pax\/wp-json\/wp\/v2\/product_cat?post=22085"},{"taxonomy":"product_tag","embeddable":true,"href":"https:\/\/staging.forenteforlag.no\/pax\/wp-json\/wp\/v2\/product_tag?post=22085"}],"curies":[{"name":"wp","href":"https:\/\/api.w.org\/{rel}","templated":true}]}}