{"id":22067,"date":"2018-10-22T02:00:00","date_gmt":"2018-10-22T00:00:00","guid":{"rendered":"https:\/\/pax.forenteforlag.no\/produkt\/vannliljen\/"},"modified":"2026-03-03T22:53:43","modified_gmt":"2026-03-03T21:53:43","slug":"vannliljen","status":"publish","type":"product","link":"https:\/\/staging.forenteforlag.no\/pax\/produkt\/vannliljen\/","title":{"rendered":"Vannliljen"},"content":{"rendered":"<p>Vannliljen er en autentisk historie, fortalt av en kvinne som fikk diagnosen multippel personlighet, relatert til PTSD (posttreumatisk stresslidelse). \u00abHanne\u00bb hadde en grufull barndom og oppvekst, med overgrep fra dem som sto henne n\u00e6r. I terapirommet henter hun fram \u00abglemte minner\u00bb, men ogs\u00e5 evnen til overlevelse. Sammen med sin terapeut, har \u00abHanne\u00bb bearbeidet hendelser fra to\u00e5rs-alderen og senere. Hun forteller om sine sytten f\u00f8rste oppvekst\u00e5r, med ekstrem mishandling og andre fryktelige overgrep.Hva kan et barn stille opp med, i m\u00f8te med voksnes farlige fantasier? \u00abBarnet griper til sin egen fantasikraft og bruker den som overlevelsesinstrument\u00bb, skriver psykiater Thomas Kessel i bokas etterord. \u00abHanne\u00bb skapte 25 forskjellige hjelpere, \u00abrollefigurer\u00bb med ulike navn og egenskaper. De kunne ta imot de verste angrepene, og utgj\u00f8re et forsvar for det s\u00e5rede barnet. Men sin vilje til liv, klarte \u00abHanne\u00bb slik \u00e5 forme en framtid etter egne behov og forutsetninger. Hanne Dahl er et forfatterpseudonym. Hun skrev ogs\u00e5 en oppf\u00f8lger, Voldtatte f\u00f8lelser. Rommet bak virkeligheten <br \/>(Genesis 2008).<\/p>\n","protected":false},"excerpt":{"rendered":"<p>Vannliljen er en autentisk historie, fortalt av en kvinne som fikk diagnosen multippel personlighet, relatert til PTSD (posttreumatisk stresslidelse). \u00abHanne\u00bb hadde en grufull barndom og oppvekst, med overgrep fra dem som sto henne n\u00e6r. I terapirommet henter hun fram \u00abglemte minner\u00bb, men ogs\u00e5 evnen til overlevelse. Sammen med sin terapeut, har \u00abHanne\u00bb bearbeidet hendelser fra [&hellip;]<\/p>\n","protected":false},"featured_media":29278,"template":"","meta":{"_acf_changed":false,"inline_featured_image":false},"product_brand":[],"product_cat":[1782],"product_tag":[362,521,469,417],"class_list":{"0":"post-22067","1":"product","2":"type-product","3":"status-publish","4":"has-post-thumbnail","6":"product_cat-fripris","7":"product_tag-faglitteratur","8":"product_tag-mishandling","9":"product_tag-psykiske-lidelser","10":"product_tag-selvbiografier","12":"first","13":"instock","14":"shipping-taxable","15":"purchasable","16":"product-type-simple"},"acf":{"anmeldelse":null},"yoast_head":"<!-- This site is optimized with the Yoast SEO plugin v26.6 - https:\/\/yoast.com\/wordpress\/plugins\/seo\/ -->\n<title>Vannliljen - Pax<\/title>\n<meta name=\"robots\" content=\"noindex, follow, max-snippet:-1, max-image-preview:large, max-video-preview:-1\" \/>\n<meta property=\"og:locale\" content=\"nb_NO\" \/>\n<meta property=\"og:type\" content=\"article\" \/>\n<meta property=\"og:title\" content=\"Vannliljen - Pax\" \/>\n<meta property=\"og:description\" content=\"Vannliljen er en autentisk historie, fortalt av en kvinne som fikk diagnosen multippel personlighet, relatert til PTSD (posttreumatisk stresslidelse). \u00abHanne\u00bb hadde en grufull barndom og oppvekst, med overgrep fra dem som sto henne n\u00e6r. I terapirommet henter hun fram \u00abglemte minner\u00bb, men ogs\u00e5 evnen til overlevelse. Sammen med sin terapeut, har \u00abHanne\u00bb bearbeidet hendelser fra [&hellip;]\" \/>\n<meta property=\"og:url\" content=\"https:\/\/staging.forenteforlag.no\/pax\/produkt\/vannliljen\/\" \/>\n<meta property=\"og:site_name\" content=\"Pax\" \/>\n<meta property=\"article:modified_time\" content=\"2026-03-03T21:53:43+00:00\" \/>\n<meta property=\"og:image\" content=\"https:\/\/staging.forenteforlag.no\/pax\/wp-content\/uploads\/sites\/5\/2025\/08\/jpg-9462-scaled.jpg\" \/>\n\t<meta property=\"og:image:width\" content=\"1205\" \/>\n\t<meta property=\"og:image:height\" content=\"1920\" \/>\n\t<meta property=\"og:image:type\" content=\"image\/jpeg\" \/>\n<meta name=\"twitter:card\" content=\"summary_large_image\" \/>\n<meta name=\"twitter:label1\" content=\"Ansl. lesetid\" \/>\n\t<meta name=\"twitter:data1\" content=\"1 minutt\" \/>\n<script type=\"application\/ld+json\" class=\"yoast-schema-graph\">{\"@context\":\"https:\/\/schema.org\",\"@graph\":[{\"@type\":\"WebPage\",\"@id\":\"https:\/\/staging.forenteforlag.no\/pax\/produkt\/vannliljen\/\",\"url\":\"https:\/\/staging.forenteforlag.no\/pax\/produkt\/vannliljen\/\",\"name\":\"Vannliljen - Pax\",\"isPartOf\":{\"@id\":\"https:\/\/staging.forenteforlag.no\/pax\/#website\"},\"primaryImageOfPage\":{\"@id\":\"https:\/\/staging.forenteforlag.no\/pax\/produkt\/vannliljen\/#primaryimage\"},\"image\":{\"@id\":\"https:\/\/staging.forenteforlag.no\/pax\/produkt\/vannliljen\/#primaryimage\"},\"thumbnailUrl\":\"https:\/\/staging.forenteforlag.no\/pax\/wp-content\/uploads\/sites\/5\/2025\/08\/jpg-9462-scaled.jpg\",\"datePublished\":\"2018-10-22T00:00:00+00:00\",\"dateModified\":\"2026-03-03T21:53:43+00:00\",\"breadcrumb\":{\"@id\":\"https:\/\/staging.forenteforlag.no\/pax\/produkt\/vannliljen\/#breadcrumb\"},\"inLanguage\":\"nb-NO\",\"potentialAction\":[{\"@type\":\"ReadAction\",\"target\":[\"https:\/\/staging.forenteforlag.no\/pax\/produkt\/vannliljen\/\"]}]},{\"@type\":\"ImageObject\",\"inLanguage\":\"nb-NO\",\"@id\":\"https:\/\/staging.forenteforlag.no\/pax\/produkt\/vannliljen\/#primaryimage\",\"url\":\"https:\/\/staging.forenteforlag.no\/pax\/wp-content\/uploads\/sites\/5\/2025\/08\/jpg-9462-scaled.jpg\",\"contentUrl\":\"https:\/\/staging.forenteforlag.no\/pax\/wp-content\/uploads\/sites\/5\/2025\/08\/jpg-9462-scaled.jpg\",\"width\":1205,\"height\":1920},{\"@type\":\"BreadcrumbList\",\"@id\":\"https:\/\/staging.forenteforlag.no\/pax\/produkt\/vannliljen\/#breadcrumb\",\"itemListElement\":[{\"@type\":\"ListItem\",\"position\":1,\"name\":\"Hjem\",\"item\":\"https:\/\/staging.forenteforlag.no\/pax\/\"},{\"@type\":\"ListItem\",\"position\":2,\"name\":\"Alle b\u00f8ker\",\"item\":\"https:\/\/staging.forenteforlag.no\/pax\/butikk\/\"},{\"@type\":\"ListItem\",\"position\":3,\"name\":\"Vannliljen\"}]},{\"@type\":\"WebSite\",\"@id\":\"https:\/\/staging.forenteforlag.no\/pax\/#website\",\"url\":\"https:\/\/staging.forenteforlag.no\/pax\/\",\"name\":\"Pax\",\"description\":\"\",\"potentialAction\":[{\"@type\":\"SearchAction\",\"target\":{\"@type\":\"EntryPoint\",\"urlTemplate\":\"https:\/\/staging.forenteforlag.no\/pax\/?s={search_term_string}\"},\"query-input\":{\"@type\":\"PropertyValueSpecification\",\"valueRequired\":true,\"valueName\":\"search_term_string\"}}],\"inLanguage\":\"nb-NO\"}]}<\/script>\n<!-- \/ Yoast SEO plugin. -->","yoast_head_json":{"title":"Vannliljen - Pax","robots":{"index":"noindex","follow":"follow","max-snippet":"max-snippet:-1","max-image-preview":"max-image-preview:large","max-video-preview":"max-video-preview:-1"},"og_locale":"nb_NO","og_type":"article","og_title":"Vannliljen - Pax","og_description":"Vannliljen er en autentisk historie, fortalt av en kvinne som fikk diagnosen multippel personlighet, relatert til PTSD (posttreumatisk stresslidelse). \u00abHanne\u00bb hadde en grufull barndom og oppvekst, med overgrep fra dem som sto henne n\u00e6r. I terapirommet henter hun fram \u00abglemte minner\u00bb, men ogs\u00e5 evnen til overlevelse. Sammen med sin terapeut, har \u00abHanne\u00bb bearbeidet hendelser fra [&hellip;]","og_url":"https:\/\/staging.forenteforlag.no\/pax\/produkt\/vannliljen\/","og_site_name":"Pax","article_modified_time":"2026-03-03T21:53:43+00:00","og_image":[{"width":1205,"height":1920,"url":"https:\/\/staging.forenteforlag.no\/pax\/wp-content\/uploads\/sites\/5\/2025\/08\/jpg-9462-scaled.jpg","type":"image\/jpeg"}],"twitter_card":"summary_large_image","twitter_misc":{"Ansl. lesetid":"1 minutt"},"schema":{"@context":"https:\/\/schema.org","@graph":[{"@type":"WebPage","@id":"https:\/\/staging.forenteforlag.no\/pax\/produkt\/vannliljen\/","url":"https:\/\/staging.forenteforlag.no\/pax\/produkt\/vannliljen\/","name":"Vannliljen - Pax","isPartOf":{"@id":"https:\/\/staging.forenteforlag.no\/pax\/#website"},"primaryImageOfPage":{"@id":"https:\/\/staging.forenteforlag.no\/pax\/produkt\/vannliljen\/#primaryimage"},"image":{"@id":"https:\/\/staging.forenteforlag.no\/pax\/produkt\/vannliljen\/#primaryimage"},"thumbnailUrl":"https:\/\/staging.forenteforlag.no\/pax\/wp-content\/uploads\/sites\/5\/2025\/08\/jpg-9462-scaled.jpg","datePublished":"2018-10-22T00:00:00+00:00","dateModified":"2026-03-03T21:53:43+00:00","breadcrumb":{"@id":"https:\/\/staging.forenteforlag.no\/pax\/produkt\/vannliljen\/#breadcrumb"},"inLanguage":"nb-NO","potentialAction":[{"@type":"ReadAction","target":["https:\/\/staging.forenteforlag.no\/pax\/produkt\/vannliljen\/"]}]},{"@type":"ImageObject","inLanguage":"nb-NO","@id":"https:\/\/staging.forenteforlag.no\/pax\/produkt\/vannliljen\/#primaryimage","url":"https:\/\/staging.forenteforlag.no\/pax\/wp-content\/uploads\/sites\/5\/2025\/08\/jpg-9462-scaled.jpg","contentUrl":"https:\/\/staging.forenteforlag.no\/pax\/wp-content\/uploads\/sites\/5\/2025\/08\/jpg-9462-scaled.jpg","width":1205,"height":1920},{"@type":"BreadcrumbList","@id":"https:\/\/staging.forenteforlag.no\/pax\/produkt\/vannliljen\/#breadcrumb","itemListElement":[{"@type":"ListItem","position":1,"name":"Hjem","item":"https:\/\/staging.forenteforlag.no\/pax\/"},{"@type":"ListItem","position":2,"name":"Alle b\u00f8ker","item":"https:\/\/staging.forenteforlag.no\/pax\/butikk\/"},{"@type":"ListItem","position":3,"name":"Vannliljen"}]},{"@type":"WebSite","@id":"https:\/\/staging.forenteforlag.no\/pax\/#website","url":"https:\/\/staging.forenteforlag.no\/pax\/","name":"Pax","description":"","potentialAction":[{"@type":"SearchAction","target":{"@type":"EntryPoint","urlTemplate":"https:\/\/staging.forenteforlag.no\/pax\/?s={search_term_string}"},"query-input":{"@type":"PropertyValueSpecification","valueRequired":true,"valueName":"search_term_string"}}],"inLanguage":"nb-NO"}]}},"_links":{"self":[{"href":"https:\/\/staging.forenteforlag.no\/pax\/wp-json\/wp\/v2\/product\/22067","targetHints":{"allow":["GET"]}}],"collection":[{"href":"https:\/\/staging.forenteforlag.no\/pax\/wp-json\/wp\/v2\/product"}],"about":[{"href":"https:\/\/staging.forenteforlag.no\/pax\/wp-json\/wp\/v2\/types\/product"}],"wp:featuredmedia":[{"embeddable":true,"href":"https:\/\/staging.forenteforlag.no\/pax\/wp-json\/wp\/v2\/media\/29278"}],"wp:attachment":[{"href":"https:\/\/staging.forenteforlag.no\/pax\/wp-json\/wp\/v2\/media?parent=22067"}],"wp:term":[{"taxonomy":"product_brand","embeddable":true,"href":"https:\/\/staging.forenteforlag.no\/pax\/wp-json\/wp\/v2\/product_brand?post=22067"},{"taxonomy":"product_cat","embeddable":true,"href":"https:\/\/staging.forenteforlag.no\/pax\/wp-json\/wp\/v2\/product_cat?post=22067"},{"taxonomy":"product_tag","embeddable":true,"href":"https:\/\/staging.forenteforlag.no\/pax\/wp-json\/wp\/v2\/product_tag?post=22067"}],"curies":[{"name":"wp","href":"https:\/\/api.w.org\/{rel}","templated":true}]}}