{"id":22065,"date":"2020-10-06T02:00:00","date_gmt":"2020-10-06T00:00:00","guid":{"rendered":"https:\/\/pax.forenteforlag.no\/produkt\/en-fengslende-historie\/"},"modified":"2025-08-27T08:03:48","modified_gmt":"2025-08-27T06:03:48","slug":"en-fengslende-historie","status":"publish","type":"product","link":"https:\/\/staging.forenteforlag.no\/pax\/produkt\/en-fengslende-historie\/","title":{"rendered":"En fengslende historie"},"content":{"rendered":"<p>KROM &#8211; Norsk forening for kriminalreform &#8211; ble stiftet i 1968. Helt fra begynnelsen har KROM v\u00e6rt en viktig motstemme i den kriminalpolitiske debatten. Kritikken av rettssystemet har hatt en fremtredende plass i foreningens virke, med et s\u00e6rlig fokus p\u00e5 fengselssystemets dehumaniserende sider, inhumane straffemetoder og manglende rettigheter for fanger. Kritikken av s\u00e6rreaksjonene &#8211; sikring og forvaring, ungdomsfengsel og tvangsarbeid for rusmisbrukere &#8211; har v\u00e6rt en annen viktig del av KROMs motstandsarbeid. KROM har en unik stilling som kriminalpolitisk pressgruppe, og organisasjonen har f\u00e5tt oppmerksomhet langt utenfor landegrensene.<br \/>\nI anledning KROMs 50-\u00e5rsjubileum i 2018, har 25 akademikere og aktivister bidratt til festskriftet. Artiklene beskriver ulike sider ved fengsels- og straffesystemets utfordringer f\u00f8r og n\u00e5, og hvordan KROM har engasjert seg i disse sp\u00f8rsm\u00e5lene. Flere av artiklene peker ogs\u00e5 p\u00e5 at dagens restriktive kriminalpolitiske klima reiser nye utfordringer. KROMs rolle som kritisk motstemme er derfor like viktig som f\u00f8r, og kanskje enda viktigere.  <\/p>\n","protected":false},"excerpt":{"rendered":"<p>KROM &#8211; Norsk forening for kriminalreform &#8211; ble stiftet i 1968. Helt fra begynnelsen har KROM v\u00e6rt en viktig motstemme i den kriminalpolitiske debatten. Kritikken av rettssystemet har hatt en fremtredende plass i foreningens virke, med et s\u00e6rlig fokus p\u00e5 fengselssystemets dehumaniserende sider, inhumane straffemetoder og manglende rettigheter for fanger. Kritikken av s\u00e6rreaksjonene &#8211; sikring [&hellip;]<\/p>\n","protected":false},"featured_media":28000,"template":"","meta":{"_acf_changed":false,"inline_featured_image":false},"product_brand":[],"product_cat":[23],"product_tag":[493,364,367,362,437,1152,439,1018],"class_list":{"0":"post-22065","1":"product","2":"type-product","3":"status-publish","4":"has-post-thumbnail","6":"product_cat-historie","7":"product_tag-1960-1999","8":"product_tag-2000-2009","9":"product_tag-2010-2019","10":"product_tag-faglitteratur","11":"product_tag-jubileumsboker","12":"product_tag-kriminalreform","13":"product_tag-nord-norge","14":"product_tag-pressgrupper","15":"pa_format-innbundet","17":"first","18":"outofstock","19":"shipping-taxable","20":"purchasable","21":"product-type-simple"},"acf":{"anmeldelse":null},"yoast_head":"<!-- This site is optimized with the Yoast SEO plugin v26.6 - https:\/\/yoast.com\/wordpress\/plugins\/seo\/ -->\n<title>En fengslende historie - Pax<\/title>\n<meta name=\"robots\" content=\"noindex, follow, max-snippet:-1, max-image-preview:large, max-video-preview:-1\" \/>\n<meta property=\"og:locale\" content=\"nb_NO\" \/>\n<meta property=\"og:type\" content=\"article\" \/>\n<meta property=\"og:title\" content=\"En fengslende historie - Pax\" \/>\n<meta property=\"og:description\" content=\"KROM &#8211; Norsk forening for kriminalreform &#8211; ble stiftet i 1968. Helt fra begynnelsen har KROM v\u00e6rt en viktig motstemme i den kriminalpolitiske debatten. Kritikken av rettssystemet har hatt en fremtredende plass i foreningens virke, med et s\u00e6rlig fokus p\u00e5 fengselssystemets dehumaniserende sider, inhumane straffemetoder og manglende rettigheter for fanger. Kritikken av s\u00e6rreaksjonene &#8211; sikring [&hellip;]\" \/>\n<meta property=\"og:url\" content=\"https:\/\/staging.forenteforlag.no\/pax\/produkt\/en-fengslende-historie\/\" \/>\n<meta property=\"og:site_name\" content=\"Pax\" \/>\n<meta property=\"article:modified_time\" content=\"2025-08-27T06:03:48+00:00\" \/>\n<meta property=\"og:image\" content=\"https:\/\/staging.forenteforlag.no\/pax\/wp-content\/uploads\/sites\/5\/2025\/08\/jpg-5699-scaled-1-scaled.jpg\" \/>\n\t<meta property=\"og:image:width\" content=\"1355\" \/>\n\t<meta property=\"og:image:height\" content=\"1920\" \/>\n\t<meta property=\"og:image:type\" content=\"image\/jpeg\" \/>\n<meta name=\"twitter:card\" content=\"summary_large_image\" \/>\n<meta name=\"twitter:label1\" content=\"Ansl. lesetid\" \/>\n\t<meta name=\"twitter:data1\" content=\"1 minutt\" \/>\n<script type=\"application\/ld+json\" class=\"yoast-schema-graph\">{\"@context\":\"https:\/\/schema.org\",\"@graph\":[{\"@type\":\"WebPage\",\"@id\":\"https:\/\/staging.forenteforlag.no\/pax\/produkt\/en-fengslende-historie\/\",\"url\":\"https:\/\/staging.forenteforlag.no\/pax\/produkt\/en-fengslende-historie\/\",\"name\":\"En fengslende historie - Pax\",\"isPartOf\":{\"@id\":\"https:\/\/staging.forenteforlag.no\/pax\/#website\"},\"primaryImageOfPage\":{\"@id\":\"https:\/\/staging.forenteforlag.no\/pax\/produkt\/en-fengslende-historie\/#primaryimage\"},\"image\":{\"@id\":\"https:\/\/staging.forenteforlag.no\/pax\/produkt\/en-fengslende-historie\/#primaryimage\"},\"thumbnailUrl\":\"https:\/\/staging.forenteforlag.no\/pax\/wp-content\/uploads\/sites\/5\/2025\/08\/jpg-5699-scaled-1-scaled.jpg\",\"datePublished\":\"2020-10-06T00:00:00+00:00\",\"dateModified\":\"2025-08-27T06:03:48+00:00\",\"breadcrumb\":{\"@id\":\"https:\/\/staging.forenteforlag.no\/pax\/produkt\/en-fengslende-historie\/#breadcrumb\"},\"inLanguage\":\"nb-NO\",\"potentialAction\":[{\"@type\":\"ReadAction\",\"target\":[\"https:\/\/staging.forenteforlag.no\/pax\/produkt\/en-fengslende-historie\/\"]}]},{\"@type\":\"ImageObject\",\"inLanguage\":\"nb-NO\",\"@id\":\"https:\/\/staging.forenteforlag.no\/pax\/produkt\/en-fengslende-historie\/#primaryimage\",\"url\":\"https:\/\/staging.forenteforlag.no\/pax\/wp-content\/uploads\/sites\/5\/2025\/08\/jpg-5699-scaled-1-scaled.jpg\",\"contentUrl\":\"https:\/\/staging.forenteforlag.no\/pax\/wp-content\/uploads\/sites\/5\/2025\/08\/jpg-5699-scaled-1-scaled.jpg\",\"width\":1355,\"height\":1920},{\"@type\":\"BreadcrumbList\",\"@id\":\"https:\/\/staging.forenteforlag.no\/pax\/produkt\/en-fengslende-historie\/#breadcrumb\",\"itemListElement\":[{\"@type\":\"ListItem\",\"position\":1,\"name\":\"Hjem\",\"item\":\"https:\/\/staging.forenteforlag.no\/pax\/\"},{\"@type\":\"ListItem\",\"position\":2,\"name\":\"Alle b\u00f8ker\",\"item\":\"https:\/\/staging.forenteforlag.no\/pax\/butikk\/\"},{\"@type\":\"ListItem\",\"position\":3,\"name\":\"En fengslende historie\"}]},{\"@type\":\"WebSite\",\"@id\":\"https:\/\/staging.forenteforlag.no\/pax\/#website\",\"url\":\"https:\/\/staging.forenteforlag.no\/pax\/\",\"name\":\"Pax\",\"description\":\"\",\"potentialAction\":[{\"@type\":\"SearchAction\",\"target\":{\"@type\":\"EntryPoint\",\"urlTemplate\":\"https:\/\/staging.forenteforlag.no\/pax\/?s={search_term_string}\"},\"query-input\":{\"@type\":\"PropertyValueSpecification\",\"valueRequired\":true,\"valueName\":\"search_term_string\"}}],\"inLanguage\":\"nb-NO\"}]}<\/script>\n<!-- \/ Yoast SEO plugin. -->","yoast_head_json":{"title":"En fengslende historie - Pax","robots":{"index":"noindex","follow":"follow","max-snippet":"max-snippet:-1","max-image-preview":"max-image-preview:large","max-video-preview":"max-video-preview:-1"},"og_locale":"nb_NO","og_type":"article","og_title":"En fengslende historie - Pax","og_description":"KROM &#8211; Norsk forening for kriminalreform &#8211; ble stiftet i 1968. Helt fra begynnelsen har KROM v\u00e6rt en viktig motstemme i den kriminalpolitiske debatten. Kritikken av rettssystemet har hatt en fremtredende plass i foreningens virke, med et s\u00e6rlig fokus p\u00e5 fengselssystemets dehumaniserende sider, inhumane straffemetoder og manglende rettigheter for fanger. Kritikken av s\u00e6rreaksjonene &#8211; sikring [&hellip;]","og_url":"https:\/\/staging.forenteforlag.no\/pax\/produkt\/en-fengslende-historie\/","og_site_name":"Pax","article_modified_time":"2025-08-27T06:03:48+00:00","og_image":[{"width":1355,"height":1920,"url":"https:\/\/staging.forenteforlag.no\/pax\/wp-content\/uploads\/sites\/5\/2025\/08\/jpg-5699-scaled-1-scaled.jpg","type":"image\/jpeg"}],"twitter_card":"summary_large_image","twitter_misc":{"Ansl. lesetid":"1 minutt"},"schema":{"@context":"https:\/\/schema.org","@graph":[{"@type":"WebPage","@id":"https:\/\/staging.forenteforlag.no\/pax\/produkt\/en-fengslende-historie\/","url":"https:\/\/staging.forenteforlag.no\/pax\/produkt\/en-fengslende-historie\/","name":"En fengslende historie - Pax","isPartOf":{"@id":"https:\/\/staging.forenteforlag.no\/pax\/#website"},"primaryImageOfPage":{"@id":"https:\/\/staging.forenteforlag.no\/pax\/produkt\/en-fengslende-historie\/#primaryimage"},"image":{"@id":"https:\/\/staging.forenteforlag.no\/pax\/produkt\/en-fengslende-historie\/#primaryimage"},"thumbnailUrl":"https:\/\/staging.forenteforlag.no\/pax\/wp-content\/uploads\/sites\/5\/2025\/08\/jpg-5699-scaled-1-scaled.jpg","datePublished":"2020-10-06T00:00:00+00:00","dateModified":"2025-08-27T06:03:48+00:00","breadcrumb":{"@id":"https:\/\/staging.forenteforlag.no\/pax\/produkt\/en-fengslende-historie\/#breadcrumb"},"inLanguage":"nb-NO","potentialAction":[{"@type":"ReadAction","target":["https:\/\/staging.forenteforlag.no\/pax\/produkt\/en-fengslende-historie\/"]}]},{"@type":"ImageObject","inLanguage":"nb-NO","@id":"https:\/\/staging.forenteforlag.no\/pax\/produkt\/en-fengslende-historie\/#primaryimage","url":"https:\/\/staging.forenteforlag.no\/pax\/wp-content\/uploads\/sites\/5\/2025\/08\/jpg-5699-scaled-1-scaled.jpg","contentUrl":"https:\/\/staging.forenteforlag.no\/pax\/wp-content\/uploads\/sites\/5\/2025\/08\/jpg-5699-scaled-1-scaled.jpg","width":1355,"height":1920},{"@type":"BreadcrumbList","@id":"https:\/\/staging.forenteforlag.no\/pax\/produkt\/en-fengslende-historie\/#breadcrumb","itemListElement":[{"@type":"ListItem","position":1,"name":"Hjem","item":"https:\/\/staging.forenteforlag.no\/pax\/"},{"@type":"ListItem","position":2,"name":"Alle b\u00f8ker","item":"https:\/\/staging.forenteforlag.no\/pax\/butikk\/"},{"@type":"ListItem","position":3,"name":"En fengslende historie"}]},{"@type":"WebSite","@id":"https:\/\/staging.forenteforlag.no\/pax\/#website","url":"https:\/\/staging.forenteforlag.no\/pax\/","name":"Pax","description":"","potentialAction":[{"@type":"SearchAction","target":{"@type":"EntryPoint","urlTemplate":"https:\/\/staging.forenteforlag.no\/pax\/?s={search_term_string}"},"query-input":{"@type":"PropertyValueSpecification","valueRequired":true,"valueName":"search_term_string"}}],"inLanguage":"nb-NO"}]}},"_links":{"self":[{"href":"https:\/\/staging.forenteforlag.no\/pax\/wp-json\/wp\/v2\/product\/22065","targetHints":{"allow":["GET"]}}],"collection":[{"href":"https:\/\/staging.forenteforlag.no\/pax\/wp-json\/wp\/v2\/product"}],"about":[{"href":"https:\/\/staging.forenteforlag.no\/pax\/wp-json\/wp\/v2\/types\/product"}],"wp:featuredmedia":[{"embeddable":true,"href":"https:\/\/staging.forenteforlag.no\/pax\/wp-json\/wp\/v2\/media\/28000"}],"wp:attachment":[{"href":"https:\/\/staging.forenteforlag.no\/pax\/wp-json\/wp\/v2\/media?parent=22065"}],"wp:term":[{"taxonomy":"product_brand","embeddable":true,"href":"https:\/\/staging.forenteforlag.no\/pax\/wp-json\/wp\/v2\/product_brand?post=22065"},{"taxonomy":"product_cat","embeddable":true,"href":"https:\/\/staging.forenteforlag.no\/pax\/wp-json\/wp\/v2\/product_cat?post=22065"},{"taxonomy":"product_tag","embeddable":true,"href":"https:\/\/staging.forenteforlag.no\/pax\/wp-json\/wp\/v2\/product_tag?post=22065"}],"curies":[{"name":"wp","href":"https:\/\/api.w.org\/{rel}","templated":true}]}}