{"id":22028,"date":"2024-12-10T22:03:43","date_gmt":"2024-12-10T21:03:43","guid":{"rendered":"https:\/\/pax.forenteforlag.no\/produkt\/romerinner-og-romere\/"},"modified":"2026-03-04T21:53:40","modified_gmt":"2026-03-04T20:53:40","slug":"romerinner-og-romere","status":"publish","type":"product","link":"https:\/\/staging.forenteforlag.no\/pax\/produkt\/romerinner-og-romere\/","title":{"rendered":"Romerinner og romere"},"content":{"rendered":"<p>Hvordan var det \u00e5 leve i det gamle Romerriket? Hva dr\u00f8mte folk om, hva fryktet de, hva var de stolte over og hva skammet de seg over?  Denne boka gir en fargerik skildring av hverdagslivet i Romerriket. Hvert kapittel forteller historien til en kjent eller mindre kjent kvinne eller mann som levde i romertiden, basert p\u00e5 historiske kilder; b\u00f8ker, opptegnelser eller brev. Gjennom disse personene f\u00f8lger vi det veldige og sammensatte Romerriket gjennom flere hundre \u00e5r; fra republikk til keiserd\u00f8mme, fra de gamle romerske gudenes tid og til kristendommen var offisiell religion. Vi f\u00e5r h\u00f8re om deres liv og virke, om kj\u00e6rlighet og d\u00f8d, om tro og lengsler, om forholdet mellom ektefeller og mellom foreldre og barn.  Her er keisere og keiserinner, men ogs\u00e5 slaver og slavinner, b\u00f8nder, poeter, leiesoldater, offisersfruer, tilhengere av greske mysteriereligioner og tidlige kristne martyrer. Vi kan lese om sensasjonelle giftmord, rystende promiskuitet, orgier, blodskam og blodt\u00f8rstighet. Men ogs\u00e5 om \u00f8m forelskelse, trofaste ekteskap, kj\u00e6rlige foreldre, naturelskende poeter og pliktro hedersmenn og -kvinner.<\/p>\n","protected":false},"excerpt":{"rendered":"<p>Hvordan var det \u00e5 leve i det gamle Romerriket? Hva dr\u00f8mte folk om, hva fryktet de, hva var de stolte over og hva skammet de seg over? Denne boka gir en fargerik skildring av hverdagslivet i Romerriket. Hvert kapittel forteller historien til en kjent eller mindre kjent kvinne eller mann som levde i romertiden, basert [&hellip;]<\/p>\n","protected":false},"featured_media":29321,"template":"","meta":{"_acf_changed":false,"inline_featured_image":false},"product_brand":[],"product_cat":[1782],"product_tag":[897,607,362,626,642,912],"class_list":{"0":"post-22028","1":"product","2":"type-product","3":"status-publish","4":"has-post-thumbnail","6":"product_cat-fripris","7":"product_tag-antikken","8":"product_tag-bedriftshistorie","9":"product_tag-faglitteratur","10":"product_tag-historiske-personer","11":"product_tag-hverdagsliv","12":"product_tag-romerriket","14":"first","15":"outofstock","16":"taxable","17":"shipping-taxable","18":"purchasable","19":"product-type-simple"},"acf":{"anmeldelse":null},"yoast_head":"<!-- This site is optimized with the Yoast SEO plugin v26.6 - https:\/\/yoast.com\/wordpress\/plugins\/seo\/ -->\n<title>Romerinner og romere - Pax<\/title>\n<meta name=\"robots\" content=\"noindex, follow, max-snippet:-1, max-image-preview:large, max-video-preview:-1\" \/>\n<meta property=\"og:locale\" content=\"nb_NO\" \/>\n<meta property=\"og:type\" content=\"article\" \/>\n<meta property=\"og:title\" content=\"Romerinner og romere - Pax\" \/>\n<meta property=\"og:description\" content=\"Hvordan var det \u00e5 leve i det gamle Romerriket? Hva dr\u00f8mte folk om, hva fryktet de, hva var de stolte over og hva skammet de seg over? Denne boka gir en fargerik skildring av hverdagslivet i Romerriket. Hvert kapittel forteller historien til en kjent eller mindre kjent kvinne eller mann som levde i romertiden, basert [&hellip;]\" \/>\n<meta property=\"og:url\" content=\"https:\/\/staging.forenteforlag.no\/pax\/produkt\/romerinner-og-romere\/\" \/>\n<meta property=\"og:site_name\" content=\"Pax\" \/>\n<meta property=\"article:modified_time\" content=\"2026-03-04T20:53:40+00:00\" \/>\n<meta property=\"og:image\" content=\"https:\/\/staging.forenteforlag.no\/pax\/wp-content\/uploads\/sites\/5\/2025\/08\/jpg-9607.jpg\" \/>\n\t<meta property=\"og:image:width\" content=\"330\" \/>\n\t<meta property=\"og:image:height\" content=\"450\" \/>\n\t<meta property=\"og:image:type\" content=\"image\/jpeg\" \/>\n<meta name=\"twitter:card\" content=\"summary_large_image\" \/>\n<meta name=\"twitter:label1\" content=\"Ansl. lesetid\" \/>\n\t<meta name=\"twitter:data1\" content=\"1 minutt\" \/>\n<script type=\"application\/ld+json\" class=\"yoast-schema-graph\">{\"@context\":\"https:\/\/schema.org\",\"@graph\":[{\"@type\":\"WebPage\",\"@id\":\"https:\/\/staging.forenteforlag.no\/pax\/produkt\/romerinner-og-romere\/\",\"url\":\"https:\/\/staging.forenteforlag.no\/pax\/produkt\/romerinner-og-romere\/\",\"name\":\"Romerinner og romere - Pax\",\"isPartOf\":{\"@id\":\"https:\/\/staging.forenteforlag.no\/pax\/#website\"},\"primaryImageOfPage\":{\"@id\":\"https:\/\/staging.forenteforlag.no\/pax\/produkt\/romerinner-og-romere\/#primaryimage\"},\"image\":{\"@id\":\"https:\/\/staging.forenteforlag.no\/pax\/produkt\/romerinner-og-romere\/#primaryimage\"},\"thumbnailUrl\":\"https:\/\/staging.forenteforlag.no\/pax\/wp-content\/uploads\/sites\/5\/2025\/08\/jpg-9607.jpg\",\"datePublished\":\"2024-12-10T21:03:43+00:00\",\"dateModified\":\"2026-03-04T20:53:40+00:00\",\"breadcrumb\":{\"@id\":\"https:\/\/staging.forenteforlag.no\/pax\/produkt\/romerinner-og-romere\/#breadcrumb\"},\"inLanguage\":\"nb-NO\",\"potentialAction\":[{\"@type\":\"ReadAction\",\"target\":[\"https:\/\/staging.forenteforlag.no\/pax\/produkt\/romerinner-og-romere\/\"]}]},{\"@type\":\"ImageObject\",\"inLanguage\":\"nb-NO\",\"@id\":\"https:\/\/staging.forenteforlag.no\/pax\/produkt\/romerinner-og-romere\/#primaryimage\",\"url\":\"https:\/\/staging.forenteforlag.no\/pax\/wp-content\/uploads\/sites\/5\/2025\/08\/jpg-9607.jpg\",\"contentUrl\":\"https:\/\/staging.forenteforlag.no\/pax\/wp-content\/uploads\/sites\/5\/2025\/08\/jpg-9607.jpg\",\"width\":330,\"height\":450},{\"@type\":\"BreadcrumbList\",\"@id\":\"https:\/\/staging.forenteforlag.no\/pax\/produkt\/romerinner-og-romere\/#breadcrumb\",\"itemListElement\":[{\"@type\":\"ListItem\",\"position\":1,\"name\":\"Hjem\",\"item\":\"https:\/\/staging.forenteforlag.no\/pax\/\"},{\"@type\":\"ListItem\",\"position\":2,\"name\":\"Alle b\u00f8ker\",\"item\":\"https:\/\/staging.forenteforlag.no\/pax\/butikk\/\"},{\"@type\":\"ListItem\",\"position\":3,\"name\":\"Romerinner og romere\"}]},{\"@type\":\"WebSite\",\"@id\":\"https:\/\/staging.forenteforlag.no\/pax\/#website\",\"url\":\"https:\/\/staging.forenteforlag.no\/pax\/\",\"name\":\"Pax\",\"description\":\"\",\"potentialAction\":[{\"@type\":\"SearchAction\",\"target\":{\"@type\":\"EntryPoint\",\"urlTemplate\":\"https:\/\/staging.forenteforlag.no\/pax\/?s={search_term_string}\"},\"query-input\":{\"@type\":\"PropertyValueSpecification\",\"valueRequired\":true,\"valueName\":\"search_term_string\"}}],\"inLanguage\":\"nb-NO\"}]}<\/script>\n<!-- \/ Yoast SEO plugin. -->","yoast_head_json":{"title":"Romerinner og romere - Pax","robots":{"index":"noindex","follow":"follow","max-snippet":"max-snippet:-1","max-image-preview":"max-image-preview:large","max-video-preview":"max-video-preview:-1"},"og_locale":"nb_NO","og_type":"article","og_title":"Romerinner og romere - Pax","og_description":"Hvordan var det \u00e5 leve i det gamle Romerriket? Hva dr\u00f8mte folk om, hva fryktet de, hva var de stolte over og hva skammet de seg over? Denne boka gir en fargerik skildring av hverdagslivet i Romerriket. Hvert kapittel forteller historien til en kjent eller mindre kjent kvinne eller mann som levde i romertiden, basert [&hellip;]","og_url":"https:\/\/staging.forenteforlag.no\/pax\/produkt\/romerinner-og-romere\/","og_site_name":"Pax","article_modified_time":"2026-03-04T20:53:40+00:00","og_image":[{"width":330,"height":450,"url":"https:\/\/staging.forenteforlag.no\/pax\/wp-content\/uploads\/sites\/5\/2025\/08\/jpg-9607.jpg","type":"image\/jpeg"}],"twitter_card":"summary_large_image","twitter_misc":{"Ansl. lesetid":"1 minutt"},"schema":{"@context":"https:\/\/schema.org","@graph":[{"@type":"WebPage","@id":"https:\/\/staging.forenteforlag.no\/pax\/produkt\/romerinner-og-romere\/","url":"https:\/\/staging.forenteforlag.no\/pax\/produkt\/romerinner-og-romere\/","name":"Romerinner og romere - Pax","isPartOf":{"@id":"https:\/\/staging.forenteforlag.no\/pax\/#website"},"primaryImageOfPage":{"@id":"https:\/\/staging.forenteforlag.no\/pax\/produkt\/romerinner-og-romere\/#primaryimage"},"image":{"@id":"https:\/\/staging.forenteforlag.no\/pax\/produkt\/romerinner-og-romere\/#primaryimage"},"thumbnailUrl":"https:\/\/staging.forenteforlag.no\/pax\/wp-content\/uploads\/sites\/5\/2025\/08\/jpg-9607.jpg","datePublished":"2024-12-10T21:03:43+00:00","dateModified":"2026-03-04T20:53:40+00:00","breadcrumb":{"@id":"https:\/\/staging.forenteforlag.no\/pax\/produkt\/romerinner-og-romere\/#breadcrumb"},"inLanguage":"nb-NO","potentialAction":[{"@type":"ReadAction","target":["https:\/\/staging.forenteforlag.no\/pax\/produkt\/romerinner-og-romere\/"]}]},{"@type":"ImageObject","inLanguage":"nb-NO","@id":"https:\/\/staging.forenteforlag.no\/pax\/produkt\/romerinner-og-romere\/#primaryimage","url":"https:\/\/staging.forenteforlag.no\/pax\/wp-content\/uploads\/sites\/5\/2025\/08\/jpg-9607.jpg","contentUrl":"https:\/\/staging.forenteforlag.no\/pax\/wp-content\/uploads\/sites\/5\/2025\/08\/jpg-9607.jpg","width":330,"height":450},{"@type":"BreadcrumbList","@id":"https:\/\/staging.forenteforlag.no\/pax\/produkt\/romerinner-og-romere\/#breadcrumb","itemListElement":[{"@type":"ListItem","position":1,"name":"Hjem","item":"https:\/\/staging.forenteforlag.no\/pax\/"},{"@type":"ListItem","position":2,"name":"Alle b\u00f8ker","item":"https:\/\/staging.forenteforlag.no\/pax\/butikk\/"},{"@type":"ListItem","position":3,"name":"Romerinner og romere"}]},{"@type":"WebSite","@id":"https:\/\/staging.forenteforlag.no\/pax\/#website","url":"https:\/\/staging.forenteforlag.no\/pax\/","name":"Pax","description":"","potentialAction":[{"@type":"SearchAction","target":{"@type":"EntryPoint","urlTemplate":"https:\/\/staging.forenteforlag.no\/pax\/?s={search_term_string}"},"query-input":{"@type":"PropertyValueSpecification","valueRequired":true,"valueName":"search_term_string"}}],"inLanguage":"nb-NO"}]}},"_links":{"self":[{"href":"https:\/\/staging.forenteforlag.no\/pax\/wp-json\/wp\/v2\/product\/22028","targetHints":{"allow":["GET"]}}],"collection":[{"href":"https:\/\/staging.forenteforlag.no\/pax\/wp-json\/wp\/v2\/product"}],"about":[{"href":"https:\/\/staging.forenteforlag.no\/pax\/wp-json\/wp\/v2\/types\/product"}],"wp:featuredmedia":[{"embeddable":true,"href":"https:\/\/staging.forenteforlag.no\/pax\/wp-json\/wp\/v2\/media\/29321"}],"wp:attachment":[{"href":"https:\/\/staging.forenteforlag.no\/pax\/wp-json\/wp\/v2\/media?parent=22028"}],"wp:term":[{"taxonomy":"product_brand","embeddable":true,"href":"https:\/\/staging.forenteforlag.no\/pax\/wp-json\/wp\/v2\/product_brand?post=22028"},{"taxonomy":"product_cat","embeddable":true,"href":"https:\/\/staging.forenteforlag.no\/pax\/wp-json\/wp\/v2\/product_cat?post=22028"},{"taxonomy":"product_tag","embeddable":true,"href":"https:\/\/staging.forenteforlag.no\/pax\/wp-json\/wp\/v2\/product_tag?post=22028"}],"curies":[{"name":"wp","href":"https:\/\/api.w.org\/{rel}","templated":true}]}}