{"id":22018,"date":"2012-09-20T02:00:00","date_gmt":"2012-09-20T00:00:00","guid":{"rendered":"https:\/\/pax.forenteforlag.no\/produkt\/sannhet-og-metode\/"},"modified":"2026-03-03T22:26:45","modified_gmt":"2026-03-03T21:26:45","slug":"sannhet-og-metode","status":"publish","type":"product","link":"https:\/\/staging.forenteforlag.no\/pax\/produkt\/sannhet-og-metode\/","title":{"rendered":"Sannhet og metode"},"content":{"rendered":"<p>Sannhet og metode (1960) er hovedverket innenfor den moderne filosofiske hermeneutikken. Boken danner et teoretisk grunnlag for \u00e5 forst\u00e5 fortolkning, og er dermed en selvsagt del av human- og samfunnsvitenskapenes kanon. Unders\u00f8kelsene tar utgangspunkt i den tradisjonelle hermeneutikken eller fortolkningsl\u00e6ren, en disiplin som sprang ut av tekststudier innen teologi og jus. Kombinert med innsikter hentet fra Hegels dialektikk og Heideggers fenomenologi utarbeider Gadamer dette til en filosofisk hermeneutikk, i utgangspunktet en l\u00e6re om hvordan forst\u00e5elsen fungerer. Han viser hvordan enhver som fors\u00f8ker \u00e5 forst\u00e5 noe, er bestemt av sin tid og sin kultur, som gj\u00f8r oss til b\u00e6rere av bestemte fordommer. Disse fordommene st\u00e5r ikke i veien for forst\u00e5else &#8211; snarere er det nettopp ved hjelp av fordommer at vi er i stand til \u00e5 \u00e5pne opp, og \u00e5pne oss opp for, det vi \u00f8nsker \u00e5 forst\u00e5. Sannhet og metode er uomgjengelig for den som er interessert i human- og samfunnsvitenskapenes metodiske grunnlag, og for den som s\u00f8ker innsikt i forst\u00e5elsens natur.<\/p>\n","protected":false},"excerpt":{"rendered":"<p>Sannhet og metode (1960) er hovedverket innenfor den moderne filosofiske hermeneutikken. Boken danner et teoretisk grunnlag for \u00e5 forst\u00e5 fortolkning, og er dermed en selvsagt del av human- og samfunnsvitenskapenes kanon. Unders\u00f8kelsene tar utgangspunkt i den tradisjonelle hermeneutikken eller fortolkningsl\u00e6ren, en disiplin som sprang ut av tekststudier innen teologi og jus. Kombinert med innsikter hentet [&hellip;]<\/p>\n","protected":false},"featured_media":29239,"template":"","meta":{"_acf_changed":false,"inline_featured_image":false},"product_brand":[],"product_cat":[1782],"product_tag":[362,854],"class_list":{"0":"post-22018","1":"product","2":"type-product","3":"status-publish","4":"has-post-thumbnail","6":"product_cat-fripris","7":"product_tag-faglitteratur","8":"product_tag-kritisk-filosofi","10":"first","11":"instock","12":"shipping-taxable","13":"purchasable","14":"product-type-simple"},"acf":{"anmeldelse":null},"yoast_head":"<!-- This site is optimized with the Yoast SEO plugin v26.6 - https:\/\/yoast.com\/wordpress\/plugins\/seo\/ -->\n<title>Sannhet og metode - Pax<\/title>\n<meta name=\"robots\" content=\"noindex, follow, max-snippet:-1, max-image-preview:large, max-video-preview:-1\" \/>\n<meta property=\"og:locale\" content=\"nb_NO\" \/>\n<meta property=\"og:type\" content=\"article\" \/>\n<meta property=\"og:title\" content=\"Sannhet og metode - Pax\" \/>\n<meta property=\"og:description\" content=\"Sannhet og metode (1960) er hovedverket innenfor den moderne filosofiske hermeneutikken. Boken danner et teoretisk grunnlag for \u00e5 forst\u00e5 fortolkning, og er dermed en selvsagt del av human- og samfunnsvitenskapenes kanon. Unders\u00f8kelsene tar utgangspunkt i den tradisjonelle hermeneutikken eller fortolkningsl\u00e6ren, en disiplin som sprang ut av tekststudier innen teologi og jus. Kombinert med innsikter hentet [&hellip;]\" \/>\n<meta property=\"og:url\" content=\"https:\/\/staging.forenteforlag.no\/pax\/produkt\/sannhet-og-metode\/\" \/>\n<meta property=\"og:site_name\" content=\"Pax\" \/>\n<meta property=\"article:modified_time\" content=\"2026-03-03T21:26:45+00:00\" \/>\n<meta property=\"og:image\" content=\"https:\/\/staging.forenteforlag.no\/pax\/wp-content\/uploads\/sites\/5\/2025\/08\/jpg-9326.jpg\" \/>\n\t<meta property=\"og:image:width\" content=\"327\" \/>\n\t<meta property=\"og:image:height\" content=\"450\" \/>\n\t<meta property=\"og:image:type\" content=\"image\/jpeg\" \/>\n<meta name=\"twitter:card\" content=\"summary_large_image\" \/>\n<meta name=\"twitter:label1\" content=\"Ansl. lesetid\" \/>\n\t<meta name=\"twitter:data1\" content=\"1 minutt\" \/>\n<script type=\"application\/ld+json\" class=\"yoast-schema-graph\">{\"@context\":\"https:\/\/schema.org\",\"@graph\":[{\"@type\":\"WebPage\",\"@id\":\"https:\/\/staging.forenteforlag.no\/pax\/produkt\/sannhet-og-metode\/\",\"url\":\"https:\/\/staging.forenteforlag.no\/pax\/produkt\/sannhet-og-metode\/\",\"name\":\"Sannhet og metode - Pax\",\"isPartOf\":{\"@id\":\"https:\/\/staging.forenteforlag.no\/pax\/#website\"},\"primaryImageOfPage\":{\"@id\":\"https:\/\/staging.forenteforlag.no\/pax\/produkt\/sannhet-og-metode\/#primaryimage\"},\"image\":{\"@id\":\"https:\/\/staging.forenteforlag.no\/pax\/produkt\/sannhet-og-metode\/#primaryimage\"},\"thumbnailUrl\":\"https:\/\/staging.forenteforlag.no\/pax\/wp-content\/uploads\/sites\/5\/2025\/08\/jpg-9326.jpg\",\"datePublished\":\"2012-09-20T00:00:00+00:00\",\"dateModified\":\"2026-03-03T21:26:45+00:00\",\"breadcrumb\":{\"@id\":\"https:\/\/staging.forenteforlag.no\/pax\/produkt\/sannhet-og-metode\/#breadcrumb\"},\"inLanguage\":\"nb-NO\",\"potentialAction\":[{\"@type\":\"ReadAction\",\"target\":[\"https:\/\/staging.forenteforlag.no\/pax\/produkt\/sannhet-og-metode\/\"]}]},{\"@type\":\"ImageObject\",\"inLanguage\":\"nb-NO\",\"@id\":\"https:\/\/staging.forenteforlag.no\/pax\/produkt\/sannhet-og-metode\/#primaryimage\",\"url\":\"https:\/\/staging.forenteforlag.no\/pax\/wp-content\/uploads\/sites\/5\/2025\/08\/jpg-9326.jpg\",\"contentUrl\":\"https:\/\/staging.forenteforlag.no\/pax\/wp-content\/uploads\/sites\/5\/2025\/08\/jpg-9326.jpg\",\"width\":327,\"height\":450},{\"@type\":\"BreadcrumbList\",\"@id\":\"https:\/\/staging.forenteforlag.no\/pax\/produkt\/sannhet-og-metode\/#breadcrumb\",\"itemListElement\":[{\"@type\":\"ListItem\",\"position\":1,\"name\":\"Hjem\",\"item\":\"https:\/\/staging.forenteforlag.no\/pax\/\"},{\"@type\":\"ListItem\",\"position\":2,\"name\":\"Alle b\u00f8ker\",\"item\":\"https:\/\/staging.forenteforlag.no\/pax\/butikk\/\"},{\"@type\":\"ListItem\",\"position\":3,\"name\":\"Sannhet og metode\"}]},{\"@type\":\"WebSite\",\"@id\":\"https:\/\/staging.forenteforlag.no\/pax\/#website\",\"url\":\"https:\/\/staging.forenteforlag.no\/pax\/\",\"name\":\"Pax\",\"description\":\"\",\"potentialAction\":[{\"@type\":\"SearchAction\",\"target\":{\"@type\":\"EntryPoint\",\"urlTemplate\":\"https:\/\/staging.forenteforlag.no\/pax\/?s={search_term_string}\"},\"query-input\":{\"@type\":\"PropertyValueSpecification\",\"valueRequired\":true,\"valueName\":\"search_term_string\"}}],\"inLanguage\":\"nb-NO\"}]}<\/script>\n<!-- \/ Yoast SEO plugin. -->","yoast_head_json":{"title":"Sannhet og metode - Pax","robots":{"index":"noindex","follow":"follow","max-snippet":"max-snippet:-1","max-image-preview":"max-image-preview:large","max-video-preview":"max-video-preview:-1"},"og_locale":"nb_NO","og_type":"article","og_title":"Sannhet og metode - Pax","og_description":"Sannhet og metode (1960) er hovedverket innenfor den moderne filosofiske hermeneutikken. Boken danner et teoretisk grunnlag for \u00e5 forst\u00e5 fortolkning, og er dermed en selvsagt del av human- og samfunnsvitenskapenes kanon. Unders\u00f8kelsene tar utgangspunkt i den tradisjonelle hermeneutikken eller fortolkningsl\u00e6ren, en disiplin som sprang ut av tekststudier innen teologi og jus. Kombinert med innsikter hentet [&hellip;]","og_url":"https:\/\/staging.forenteforlag.no\/pax\/produkt\/sannhet-og-metode\/","og_site_name":"Pax","article_modified_time":"2026-03-03T21:26:45+00:00","og_image":[{"width":327,"height":450,"url":"https:\/\/staging.forenteforlag.no\/pax\/wp-content\/uploads\/sites\/5\/2025\/08\/jpg-9326.jpg","type":"image\/jpeg"}],"twitter_card":"summary_large_image","twitter_misc":{"Ansl. lesetid":"1 minutt"},"schema":{"@context":"https:\/\/schema.org","@graph":[{"@type":"WebPage","@id":"https:\/\/staging.forenteforlag.no\/pax\/produkt\/sannhet-og-metode\/","url":"https:\/\/staging.forenteforlag.no\/pax\/produkt\/sannhet-og-metode\/","name":"Sannhet og metode - Pax","isPartOf":{"@id":"https:\/\/staging.forenteforlag.no\/pax\/#website"},"primaryImageOfPage":{"@id":"https:\/\/staging.forenteforlag.no\/pax\/produkt\/sannhet-og-metode\/#primaryimage"},"image":{"@id":"https:\/\/staging.forenteforlag.no\/pax\/produkt\/sannhet-og-metode\/#primaryimage"},"thumbnailUrl":"https:\/\/staging.forenteforlag.no\/pax\/wp-content\/uploads\/sites\/5\/2025\/08\/jpg-9326.jpg","datePublished":"2012-09-20T00:00:00+00:00","dateModified":"2026-03-03T21:26:45+00:00","breadcrumb":{"@id":"https:\/\/staging.forenteforlag.no\/pax\/produkt\/sannhet-og-metode\/#breadcrumb"},"inLanguage":"nb-NO","potentialAction":[{"@type":"ReadAction","target":["https:\/\/staging.forenteforlag.no\/pax\/produkt\/sannhet-og-metode\/"]}]},{"@type":"ImageObject","inLanguage":"nb-NO","@id":"https:\/\/staging.forenteforlag.no\/pax\/produkt\/sannhet-og-metode\/#primaryimage","url":"https:\/\/staging.forenteforlag.no\/pax\/wp-content\/uploads\/sites\/5\/2025\/08\/jpg-9326.jpg","contentUrl":"https:\/\/staging.forenteforlag.no\/pax\/wp-content\/uploads\/sites\/5\/2025\/08\/jpg-9326.jpg","width":327,"height":450},{"@type":"BreadcrumbList","@id":"https:\/\/staging.forenteforlag.no\/pax\/produkt\/sannhet-og-metode\/#breadcrumb","itemListElement":[{"@type":"ListItem","position":1,"name":"Hjem","item":"https:\/\/staging.forenteforlag.no\/pax\/"},{"@type":"ListItem","position":2,"name":"Alle b\u00f8ker","item":"https:\/\/staging.forenteforlag.no\/pax\/butikk\/"},{"@type":"ListItem","position":3,"name":"Sannhet og metode"}]},{"@type":"WebSite","@id":"https:\/\/staging.forenteforlag.no\/pax\/#website","url":"https:\/\/staging.forenteforlag.no\/pax\/","name":"Pax","description":"","potentialAction":[{"@type":"SearchAction","target":{"@type":"EntryPoint","urlTemplate":"https:\/\/staging.forenteforlag.no\/pax\/?s={search_term_string}"},"query-input":{"@type":"PropertyValueSpecification","valueRequired":true,"valueName":"search_term_string"}}],"inLanguage":"nb-NO"}]}},"_links":{"self":[{"href":"https:\/\/staging.forenteforlag.no\/pax\/wp-json\/wp\/v2\/product\/22018","targetHints":{"allow":["GET"]}}],"collection":[{"href":"https:\/\/staging.forenteforlag.no\/pax\/wp-json\/wp\/v2\/product"}],"about":[{"href":"https:\/\/staging.forenteforlag.no\/pax\/wp-json\/wp\/v2\/types\/product"}],"wp:featuredmedia":[{"embeddable":true,"href":"https:\/\/staging.forenteforlag.no\/pax\/wp-json\/wp\/v2\/media\/29239"}],"wp:attachment":[{"href":"https:\/\/staging.forenteforlag.no\/pax\/wp-json\/wp\/v2\/media?parent=22018"}],"wp:term":[{"taxonomy":"product_brand","embeddable":true,"href":"https:\/\/staging.forenteforlag.no\/pax\/wp-json\/wp\/v2\/product_brand?post=22018"},{"taxonomy":"product_cat","embeddable":true,"href":"https:\/\/staging.forenteforlag.no\/pax\/wp-json\/wp\/v2\/product_cat?post=22018"},{"taxonomy":"product_tag","embeddable":true,"href":"https:\/\/staging.forenteforlag.no\/pax\/wp-json\/wp\/v2\/product_tag?post=22018"}],"curies":[{"name":"wp","href":"https:\/\/api.w.org\/{rel}","templated":true}]}}