{"id":21985,"date":"1998-03-12T16:17:35","date_gmt":"1998-03-12T15:17:35","guid":{"rendered":"https:\/\/pax.forenteforlag.no\/produkt\/korstogene-sett-fra-arabernes-side\/"},"modified":"2026-03-04T19:17:37","modified_gmt":"2026-03-04T18:17:37","slug":"korstogene-sett-fra-arabernes-side","status":"publish","type":"product","link":"https:\/\/staging.forenteforlag.no\/pax\/produkt\/korstogene-sett-fra-arabernes-side\/","title":{"rendered":"Korstogene sett fra arabernes side"},"content":{"rendered":"<p>Dette er historien om korstogene sett fra &laquo;den andre siden&raquo;, dvs. fra arabernes. Bokens innhold er basert p\u00e5 vitnesbyrd og nedtegnelser fra samtidige arabiske historikere og kronik\u00f8rer. De vestlige invasjonene starter i \u00e5r 1006. By etter by faller raskt. Araberne er splittet og har d\u00e5rlig kampevne og det g\u00e5r 30 \u00e5r f\u00f8r invasjonsstyrkene f\u00e5r nevneverdig motstand. Gradvis samles den islamske verden, med helteskikkelser som Zengi og Saladin i spissen. Men det g\u00e5r over 200 \u00e5r f\u00f8r okkupasjonen er over. Har litteraturliste, kart og register.<\/p>\n","protected":false},"excerpt":{"rendered":"<p>Dette er historien om korstogene sett fra &laquo;den andre siden&raquo;, dvs. fra arabernes. Bokens innhold er basert p\u00e5 vitnesbyrd og nedtegnelser fra samtidige arabiske historikere og kronik\u00f8rer. De vestlige invasjonene starter i \u00e5r 1006. By etter by faller raskt. Araberne er splittet og har d\u00e5rlig kampevne og det g\u00e5r 30 \u00e5r f\u00f8r invasjonsstyrkene f\u00e5r nevneverdig [&hellip;]<\/p>\n","protected":false},"featured_media":30013,"template":"","meta":{"_acf_changed":false,"inline_featured_image":false},"product_brand":[],"product_cat":[1782],"product_tag":[1166,607,362,789,801],"class_list":{"0":"post-21985","1":"product","2":"type-product","3":"status-publish","4":"has-post-thumbnail","6":"product_cat-fripris","7":"product_tag-arabere","8":"product_tag-bedriftshistorie","9":"product_tag-faglitteratur","10":"product_tag-hoymiddelalderen","11":"product_tag-korstog","13":"first","14":"instock","15":"shipping-taxable","16":"purchasable","17":"product-type-simple"},"acf":{"anmeldelse":null},"yoast_head":"<!-- This site is optimized with the Yoast SEO plugin v26.6 - https:\/\/yoast.com\/wordpress\/plugins\/seo\/ -->\n<title>Korstogene sett fra arabernes side - Pax<\/title>\n<meta name=\"robots\" content=\"noindex, follow, max-snippet:-1, max-image-preview:large, max-video-preview:-1\" \/>\n<meta property=\"og:locale\" content=\"nb_NO\" \/>\n<meta property=\"og:type\" content=\"article\" \/>\n<meta property=\"og:title\" content=\"Korstogene sett fra arabernes side - Pax\" \/>\n<meta property=\"og:description\" content=\"Dette er historien om korstogene sett fra &laquo;den andre siden&raquo;, dvs. fra arabernes. Bokens innhold er basert p\u00e5 vitnesbyrd og nedtegnelser fra samtidige arabiske historikere og kronik\u00f8rer. De vestlige invasjonene starter i \u00e5r 1006. By etter by faller raskt. Araberne er splittet og har d\u00e5rlig kampevne og det g\u00e5r 30 \u00e5r f\u00f8r invasjonsstyrkene f\u00e5r nevneverdig [&hellip;]\" \/>\n<meta property=\"og:url\" content=\"https:\/\/staging.forenteforlag.no\/pax\/produkt\/korstogene-sett-fra-arabernes-side\/\" \/>\n<meta property=\"og:site_name\" content=\"Pax\" \/>\n<meta property=\"article:modified_time\" content=\"2026-03-04T18:17:37+00:00\" \/>\n<meta property=\"og:image\" content=\"https:\/\/staging.forenteforlag.no\/pax\/wp-content\/uploads\/sites\/5\/2026\/03\/9788253019529.jpg\" \/>\n\t<meta property=\"og:image:width\" content=\"720\" \/>\n\t<meta property=\"og:image:height\" content=\"1153\" \/>\n\t<meta property=\"og:image:type\" content=\"image\/jpeg\" \/>\n<meta name=\"twitter:card\" content=\"summary_large_image\" \/>\n<script type=\"application\/ld+json\" class=\"yoast-schema-graph\">{\"@context\":\"https:\/\/schema.org\",\"@graph\":[{\"@type\":\"WebPage\",\"@id\":\"https:\/\/staging.forenteforlag.no\/pax\/produkt\/korstogene-sett-fra-arabernes-side\/\",\"url\":\"https:\/\/staging.forenteforlag.no\/pax\/produkt\/korstogene-sett-fra-arabernes-side\/\",\"name\":\"Korstogene sett fra arabernes side - Pax\",\"isPartOf\":{\"@id\":\"https:\/\/staging.forenteforlag.no\/pax\/#website\"},\"primaryImageOfPage\":{\"@id\":\"https:\/\/staging.forenteforlag.no\/pax\/produkt\/korstogene-sett-fra-arabernes-side\/#primaryimage\"},\"image\":{\"@id\":\"https:\/\/staging.forenteforlag.no\/pax\/produkt\/korstogene-sett-fra-arabernes-side\/#primaryimage\"},\"thumbnailUrl\":\"https:\/\/staging.forenteforlag.no\/pax\/wp-content\/uploads\/sites\/5\/2026\/03\/9788253019529.jpg\",\"datePublished\":\"1998-03-12T15:17:35+00:00\",\"dateModified\":\"2026-03-04T18:17:37+00:00\",\"breadcrumb\":{\"@id\":\"https:\/\/staging.forenteforlag.no\/pax\/produkt\/korstogene-sett-fra-arabernes-side\/#breadcrumb\"},\"inLanguage\":\"nb-NO\",\"potentialAction\":[{\"@type\":\"ReadAction\",\"target\":[\"https:\/\/staging.forenteforlag.no\/pax\/produkt\/korstogene-sett-fra-arabernes-side\/\"]}]},{\"@type\":\"ImageObject\",\"inLanguage\":\"nb-NO\",\"@id\":\"https:\/\/staging.forenteforlag.no\/pax\/produkt\/korstogene-sett-fra-arabernes-side\/#primaryimage\",\"url\":\"https:\/\/staging.forenteforlag.no\/pax\/wp-content\/uploads\/sites\/5\/2026\/03\/9788253019529.jpg\",\"contentUrl\":\"https:\/\/staging.forenteforlag.no\/pax\/wp-content\/uploads\/sites\/5\/2026\/03\/9788253019529.jpg\",\"width\":720,\"height\":1153},{\"@type\":\"BreadcrumbList\",\"@id\":\"https:\/\/staging.forenteforlag.no\/pax\/produkt\/korstogene-sett-fra-arabernes-side\/#breadcrumb\",\"itemListElement\":[{\"@type\":\"ListItem\",\"position\":1,\"name\":\"Hjem\",\"item\":\"https:\/\/staging.forenteforlag.no\/pax\/\"},{\"@type\":\"ListItem\",\"position\":2,\"name\":\"Alle b\u00f8ker\",\"item\":\"https:\/\/staging.forenteforlag.no\/pax\/butikk\/\"},{\"@type\":\"ListItem\",\"position\":3,\"name\":\"Korstogene sett fra arabernes side\"}]},{\"@type\":\"WebSite\",\"@id\":\"https:\/\/staging.forenteforlag.no\/pax\/#website\",\"url\":\"https:\/\/staging.forenteforlag.no\/pax\/\",\"name\":\"Pax\",\"description\":\"\",\"potentialAction\":[{\"@type\":\"SearchAction\",\"target\":{\"@type\":\"EntryPoint\",\"urlTemplate\":\"https:\/\/staging.forenteforlag.no\/pax\/?s={search_term_string}\"},\"query-input\":{\"@type\":\"PropertyValueSpecification\",\"valueRequired\":true,\"valueName\":\"search_term_string\"}}],\"inLanguage\":\"nb-NO\"}]}<\/script>\n<!-- \/ Yoast SEO plugin. -->","yoast_head_json":{"title":"Korstogene sett fra arabernes side - Pax","robots":{"index":"noindex","follow":"follow","max-snippet":"max-snippet:-1","max-image-preview":"max-image-preview:large","max-video-preview":"max-video-preview:-1"},"og_locale":"nb_NO","og_type":"article","og_title":"Korstogene sett fra arabernes side - Pax","og_description":"Dette er historien om korstogene sett fra &laquo;den andre siden&raquo;, dvs. fra arabernes. Bokens innhold er basert p\u00e5 vitnesbyrd og nedtegnelser fra samtidige arabiske historikere og kronik\u00f8rer. De vestlige invasjonene starter i \u00e5r 1006. By etter by faller raskt. Araberne er splittet og har d\u00e5rlig kampevne og det g\u00e5r 30 \u00e5r f\u00f8r invasjonsstyrkene f\u00e5r nevneverdig [&hellip;]","og_url":"https:\/\/staging.forenteforlag.no\/pax\/produkt\/korstogene-sett-fra-arabernes-side\/","og_site_name":"Pax","article_modified_time":"2026-03-04T18:17:37+00:00","og_image":[{"width":720,"height":1153,"url":"https:\/\/staging.forenteforlag.no\/pax\/wp-content\/uploads\/sites\/5\/2026\/03\/9788253019529.jpg","type":"image\/jpeg"}],"twitter_card":"summary_large_image","schema":{"@context":"https:\/\/schema.org","@graph":[{"@type":"WebPage","@id":"https:\/\/staging.forenteforlag.no\/pax\/produkt\/korstogene-sett-fra-arabernes-side\/","url":"https:\/\/staging.forenteforlag.no\/pax\/produkt\/korstogene-sett-fra-arabernes-side\/","name":"Korstogene sett fra arabernes side - Pax","isPartOf":{"@id":"https:\/\/staging.forenteforlag.no\/pax\/#website"},"primaryImageOfPage":{"@id":"https:\/\/staging.forenteforlag.no\/pax\/produkt\/korstogene-sett-fra-arabernes-side\/#primaryimage"},"image":{"@id":"https:\/\/staging.forenteforlag.no\/pax\/produkt\/korstogene-sett-fra-arabernes-side\/#primaryimage"},"thumbnailUrl":"https:\/\/staging.forenteforlag.no\/pax\/wp-content\/uploads\/sites\/5\/2026\/03\/9788253019529.jpg","datePublished":"1998-03-12T15:17:35+00:00","dateModified":"2026-03-04T18:17:37+00:00","breadcrumb":{"@id":"https:\/\/staging.forenteforlag.no\/pax\/produkt\/korstogene-sett-fra-arabernes-side\/#breadcrumb"},"inLanguage":"nb-NO","potentialAction":[{"@type":"ReadAction","target":["https:\/\/staging.forenteforlag.no\/pax\/produkt\/korstogene-sett-fra-arabernes-side\/"]}]},{"@type":"ImageObject","inLanguage":"nb-NO","@id":"https:\/\/staging.forenteforlag.no\/pax\/produkt\/korstogene-sett-fra-arabernes-side\/#primaryimage","url":"https:\/\/staging.forenteforlag.no\/pax\/wp-content\/uploads\/sites\/5\/2026\/03\/9788253019529.jpg","contentUrl":"https:\/\/staging.forenteforlag.no\/pax\/wp-content\/uploads\/sites\/5\/2026\/03\/9788253019529.jpg","width":720,"height":1153},{"@type":"BreadcrumbList","@id":"https:\/\/staging.forenteforlag.no\/pax\/produkt\/korstogene-sett-fra-arabernes-side\/#breadcrumb","itemListElement":[{"@type":"ListItem","position":1,"name":"Hjem","item":"https:\/\/staging.forenteforlag.no\/pax\/"},{"@type":"ListItem","position":2,"name":"Alle b\u00f8ker","item":"https:\/\/staging.forenteforlag.no\/pax\/butikk\/"},{"@type":"ListItem","position":3,"name":"Korstogene sett fra arabernes side"}]},{"@type":"WebSite","@id":"https:\/\/staging.forenteforlag.no\/pax\/#website","url":"https:\/\/staging.forenteforlag.no\/pax\/","name":"Pax","description":"","potentialAction":[{"@type":"SearchAction","target":{"@type":"EntryPoint","urlTemplate":"https:\/\/staging.forenteforlag.no\/pax\/?s={search_term_string}"},"query-input":{"@type":"PropertyValueSpecification","valueRequired":true,"valueName":"search_term_string"}}],"inLanguage":"nb-NO"}]}},"_links":{"self":[{"href":"https:\/\/staging.forenteforlag.no\/pax\/wp-json\/wp\/v2\/product\/21985","targetHints":{"allow":["GET"]}}],"collection":[{"href":"https:\/\/staging.forenteforlag.no\/pax\/wp-json\/wp\/v2\/product"}],"about":[{"href":"https:\/\/staging.forenteforlag.no\/pax\/wp-json\/wp\/v2\/types\/product"}],"wp:featuredmedia":[{"embeddable":true,"href":"https:\/\/staging.forenteforlag.no\/pax\/wp-json\/wp\/v2\/media\/30013"}],"wp:attachment":[{"href":"https:\/\/staging.forenteforlag.no\/pax\/wp-json\/wp\/v2\/media?parent=21985"}],"wp:term":[{"taxonomy":"product_brand","embeddable":true,"href":"https:\/\/staging.forenteforlag.no\/pax\/wp-json\/wp\/v2\/product_brand?post=21985"},{"taxonomy":"product_cat","embeddable":true,"href":"https:\/\/staging.forenteforlag.no\/pax\/wp-json\/wp\/v2\/product_cat?post=21985"},{"taxonomy":"product_tag","embeddable":true,"href":"https:\/\/staging.forenteforlag.no\/pax\/wp-json\/wp\/v2\/product_tag?post=21985"}],"curies":[{"name":"wp","href":"https:\/\/api.w.org\/{rel}","templated":true}]}}