{"id":21974,"date":"2010-04-20T02:00:00","date_gmt":"2010-04-20T00:00:00","guid":{"rendered":"https:\/\/pax.forenteforlag.no\/produkt\/ga-ikke-alene-ut-i-natten\/"},"modified":"2025-08-27T07:44:33","modified_gmt":"2025-08-27T05:44:33","slug":"ga-ikke-alene-ut-i-natten","status":"publish","type":"product","link":"https:\/\/staging.forenteforlag.no\/pax\/produkt\/ga-ikke-alene-ut-i-natten\/","title":{"rendered":"G\u00e5 ikke alene ut i natten"},"content":{"rendered":"<p> Jouni Manner, Ariel Wahl og Adriana Mansnerus vokser opp og blir venner i 1960-tallets Helsingfors. De kommer fra forskjellige k\u00e5r, men vennskapet mellom dem blir dypt og spesielt. Sammen starter de et band og spiller inn en singel, og dr\u00f8mmer om en framtid med musikken. Men platen blir en flopp, og snart driver vennene fra hverandre: Jouni til politikken, Adriana til modellbransjen og en stadig sterkere angst og uro, og Ariel til Stockholm, der han forsvinner sporl\u00f8st. P\u00e5 begynnelsen av 1980-tallet oppdager den unge journalisten Frank Loman ting som f\u00e5r ham til \u00e5 begynne \u00e5 n\u00f8ste i historien rundt den gamle folktrioen &laquo;Joni, Ariel &amp; Adriana&raquo;.  G\u00e5 ikke alene ut i natten er en frittst\u00e5ende siste del i en kvartett romaner med handling fra 1900-tallets Helsingfors; et av v\u00e5r tids mest fullendte portretter av en europeisk storby og menneskene som bor i den.<\/p>\n","protected":false},"excerpt":{"rendered":"<p>Jouni Manner, Ariel Wahl og Adriana Mansnerus vokser opp og blir venner i 1960-tallets Helsingfors. De kommer fra forskjellige k\u00e5r, men vennskapet mellom dem blir dypt og spesielt. Sammen starter de et band og spiller inn en singel, og dr\u00f8mmer om en framtid med musikken. Men platen blir en flopp, og snart driver vennene fra [&hellip;]<\/p>\n","protected":false},"featured_media":27897,"template":"","meta":{"_acf_changed":false,"inline_featured_image":false},"product_brand":[],"product_cat":[40],"product_tag":[519,387,1095,1164,1163,370,513],"class_list":{"0":"post-21974","1":"product","2":"type-product","3":"status-publish","4":"has-post-thumbnail","6":"product_cat-romaner","7":"product_tag-1960-1969","8":"product_tag-1980-1989","9":"product_tag-grafiske-romaner","10":"product_tag-helsinki","11":"product_tag-musikkmiljoer","12":"product_tag-skjonnlitteratur","13":"product_tag-vennskap","14":"pa_format-innbundet","16":"first","17":"outofstock","18":"shipping-taxable","19":"purchasable","20":"product-type-simple"},"acf":{"anmeldelse":null},"yoast_head":"<!-- This site is optimized with the Yoast SEO plugin v26.6 - https:\/\/yoast.com\/wordpress\/plugins\/seo\/ -->\n<title>G\u00e5 ikke alene ut i natten - Pax<\/title>\n<meta name=\"robots\" content=\"noindex, follow, max-snippet:-1, max-image-preview:large, max-video-preview:-1\" \/>\n<meta property=\"og:locale\" content=\"nb_NO\" \/>\n<meta property=\"og:type\" content=\"article\" \/>\n<meta property=\"og:title\" content=\"G\u00e5 ikke alene ut i natten - Pax\" \/>\n<meta property=\"og:description\" content=\"Jouni Manner, Ariel Wahl og Adriana Mansnerus vokser opp og blir venner i 1960-tallets Helsingfors. De kommer fra forskjellige k\u00e5r, men vennskapet mellom dem blir dypt og spesielt. Sammen starter de et band og spiller inn en singel, og dr\u00f8mmer om en framtid med musikken. Men platen blir en flopp, og snart driver vennene fra [&hellip;]\" \/>\n<meta property=\"og:url\" content=\"https:\/\/staging.forenteforlag.no\/pax\/produkt\/ga-ikke-alene-ut-i-natten\/\" \/>\n<meta property=\"og:site_name\" content=\"Pax\" \/>\n<meta property=\"article:modified_time\" content=\"2025-08-27T05:44:33+00:00\" \/>\n<meta property=\"og:image\" content=\"https:\/\/staging.forenteforlag.no\/pax\/wp-content\/uploads\/sites\/5\/2025\/08\/jpg-5387.jpg\" \/>\n\t<meta property=\"og:image:width\" content=\"287\" \/>\n\t<meta property=\"og:image:height\" content=\"449\" \/>\n\t<meta property=\"og:image:type\" content=\"image\/jpeg\" \/>\n<meta name=\"twitter:card\" content=\"summary_large_image\" \/>\n<meta name=\"twitter:label1\" content=\"Ansl. lesetid\" \/>\n\t<meta name=\"twitter:data1\" content=\"1 minutt\" \/>\n<script type=\"application\/ld+json\" class=\"yoast-schema-graph\">{\"@context\":\"https:\/\/schema.org\",\"@graph\":[{\"@type\":\"WebPage\",\"@id\":\"https:\/\/staging.forenteforlag.no\/pax\/produkt\/ga-ikke-alene-ut-i-natten\/\",\"url\":\"https:\/\/staging.forenteforlag.no\/pax\/produkt\/ga-ikke-alene-ut-i-natten\/\",\"name\":\"G\u00e5 ikke alene ut i natten - Pax\",\"isPartOf\":{\"@id\":\"https:\/\/staging.forenteforlag.no\/pax\/#website\"},\"primaryImageOfPage\":{\"@id\":\"https:\/\/staging.forenteforlag.no\/pax\/produkt\/ga-ikke-alene-ut-i-natten\/#primaryimage\"},\"image\":{\"@id\":\"https:\/\/staging.forenteforlag.no\/pax\/produkt\/ga-ikke-alene-ut-i-natten\/#primaryimage\"},\"thumbnailUrl\":\"https:\/\/staging.forenteforlag.no\/pax\/wp-content\/uploads\/sites\/5\/2025\/08\/jpg-5387.jpg\",\"datePublished\":\"2010-04-20T00:00:00+00:00\",\"dateModified\":\"2025-08-27T05:44:33+00:00\",\"breadcrumb\":{\"@id\":\"https:\/\/staging.forenteforlag.no\/pax\/produkt\/ga-ikke-alene-ut-i-natten\/#breadcrumb\"},\"inLanguage\":\"nb-NO\",\"potentialAction\":[{\"@type\":\"ReadAction\",\"target\":[\"https:\/\/staging.forenteforlag.no\/pax\/produkt\/ga-ikke-alene-ut-i-natten\/\"]}]},{\"@type\":\"ImageObject\",\"inLanguage\":\"nb-NO\",\"@id\":\"https:\/\/staging.forenteforlag.no\/pax\/produkt\/ga-ikke-alene-ut-i-natten\/#primaryimage\",\"url\":\"https:\/\/staging.forenteforlag.no\/pax\/wp-content\/uploads\/sites\/5\/2025\/08\/jpg-5387.jpg\",\"contentUrl\":\"https:\/\/staging.forenteforlag.no\/pax\/wp-content\/uploads\/sites\/5\/2025\/08\/jpg-5387.jpg\",\"width\":287,\"height\":449},{\"@type\":\"BreadcrumbList\",\"@id\":\"https:\/\/staging.forenteforlag.no\/pax\/produkt\/ga-ikke-alene-ut-i-natten\/#breadcrumb\",\"itemListElement\":[{\"@type\":\"ListItem\",\"position\":1,\"name\":\"Hjem\",\"item\":\"https:\/\/staging.forenteforlag.no\/pax\/\"},{\"@type\":\"ListItem\",\"position\":2,\"name\":\"Alle b\u00f8ker\",\"item\":\"https:\/\/staging.forenteforlag.no\/pax\/butikk\/\"},{\"@type\":\"ListItem\",\"position\":3,\"name\":\"G\u00e5 ikke alene ut i natten\"}]},{\"@type\":\"WebSite\",\"@id\":\"https:\/\/staging.forenteforlag.no\/pax\/#website\",\"url\":\"https:\/\/staging.forenteforlag.no\/pax\/\",\"name\":\"Pax\",\"description\":\"\",\"potentialAction\":[{\"@type\":\"SearchAction\",\"target\":{\"@type\":\"EntryPoint\",\"urlTemplate\":\"https:\/\/staging.forenteforlag.no\/pax\/?s={search_term_string}\"},\"query-input\":{\"@type\":\"PropertyValueSpecification\",\"valueRequired\":true,\"valueName\":\"search_term_string\"}}],\"inLanguage\":\"nb-NO\"}]}<\/script>\n<!-- \/ Yoast SEO plugin. -->","yoast_head_json":{"title":"G\u00e5 ikke alene ut i natten - Pax","robots":{"index":"noindex","follow":"follow","max-snippet":"max-snippet:-1","max-image-preview":"max-image-preview:large","max-video-preview":"max-video-preview:-1"},"og_locale":"nb_NO","og_type":"article","og_title":"G\u00e5 ikke alene ut i natten - Pax","og_description":"Jouni Manner, Ariel Wahl og Adriana Mansnerus vokser opp og blir venner i 1960-tallets Helsingfors. De kommer fra forskjellige k\u00e5r, men vennskapet mellom dem blir dypt og spesielt. Sammen starter de et band og spiller inn en singel, og dr\u00f8mmer om en framtid med musikken. Men platen blir en flopp, og snart driver vennene fra [&hellip;]","og_url":"https:\/\/staging.forenteforlag.no\/pax\/produkt\/ga-ikke-alene-ut-i-natten\/","og_site_name":"Pax","article_modified_time":"2025-08-27T05:44:33+00:00","og_image":[{"width":287,"height":449,"url":"https:\/\/staging.forenteforlag.no\/pax\/wp-content\/uploads\/sites\/5\/2025\/08\/jpg-5387.jpg","type":"image\/jpeg"}],"twitter_card":"summary_large_image","twitter_misc":{"Ansl. lesetid":"1 minutt"},"schema":{"@context":"https:\/\/schema.org","@graph":[{"@type":"WebPage","@id":"https:\/\/staging.forenteforlag.no\/pax\/produkt\/ga-ikke-alene-ut-i-natten\/","url":"https:\/\/staging.forenteforlag.no\/pax\/produkt\/ga-ikke-alene-ut-i-natten\/","name":"G\u00e5 ikke alene ut i natten - Pax","isPartOf":{"@id":"https:\/\/staging.forenteforlag.no\/pax\/#website"},"primaryImageOfPage":{"@id":"https:\/\/staging.forenteforlag.no\/pax\/produkt\/ga-ikke-alene-ut-i-natten\/#primaryimage"},"image":{"@id":"https:\/\/staging.forenteforlag.no\/pax\/produkt\/ga-ikke-alene-ut-i-natten\/#primaryimage"},"thumbnailUrl":"https:\/\/staging.forenteforlag.no\/pax\/wp-content\/uploads\/sites\/5\/2025\/08\/jpg-5387.jpg","datePublished":"2010-04-20T00:00:00+00:00","dateModified":"2025-08-27T05:44:33+00:00","breadcrumb":{"@id":"https:\/\/staging.forenteforlag.no\/pax\/produkt\/ga-ikke-alene-ut-i-natten\/#breadcrumb"},"inLanguage":"nb-NO","potentialAction":[{"@type":"ReadAction","target":["https:\/\/staging.forenteforlag.no\/pax\/produkt\/ga-ikke-alene-ut-i-natten\/"]}]},{"@type":"ImageObject","inLanguage":"nb-NO","@id":"https:\/\/staging.forenteforlag.no\/pax\/produkt\/ga-ikke-alene-ut-i-natten\/#primaryimage","url":"https:\/\/staging.forenteforlag.no\/pax\/wp-content\/uploads\/sites\/5\/2025\/08\/jpg-5387.jpg","contentUrl":"https:\/\/staging.forenteforlag.no\/pax\/wp-content\/uploads\/sites\/5\/2025\/08\/jpg-5387.jpg","width":287,"height":449},{"@type":"BreadcrumbList","@id":"https:\/\/staging.forenteforlag.no\/pax\/produkt\/ga-ikke-alene-ut-i-natten\/#breadcrumb","itemListElement":[{"@type":"ListItem","position":1,"name":"Hjem","item":"https:\/\/staging.forenteforlag.no\/pax\/"},{"@type":"ListItem","position":2,"name":"Alle b\u00f8ker","item":"https:\/\/staging.forenteforlag.no\/pax\/butikk\/"},{"@type":"ListItem","position":3,"name":"G\u00e5 ikke alene ut i natten"}]},{"@type":"WebSite","@id":"https:\/\/staging.forenteforlag.no\/pax\/#website","url":"https:\/\/staging.forenteforlag.no\/pax\/","name":"Pax","description":"","potentialAction":[{"@type":"SearchAction","target":{"@type":"EntryPoint","urlTemplate":"https:\/\/staging.forenteforlag.no\/pax\/?s={search_term_string}"},"query-input":{"@type":"PropertyValueSpecification","valueRequired":true,"valueName":"search_term_string"}}],"inLanguage":"nb-NO"}]}},"_links":{"self":[{"href":"https:\/\/staging.forenteforlag.no\/pax\/wp-json\/wp\/v2\/product\/21974","targetHints":{"allow":["GET"]}}],"collection":[{"href":"https:\/\/staging.forenteforlag.no\/pax\/wp-json\/wp\/v2\/product"}],"about":[{"href":"https:\/\/staging.forenteforlag.no\/pax\/wp-json\/wp\/v2\/types\/product"}],"wp:featuredmedia":[{"embeddable":true,"href":"https:\/\/staging.forenteforlag.no\/pax\/wp-json\/wp\/v2\/media\/27897"}],"wp:attachment":[{"href":"https:\/\/staging.forenteforlag.no\/pax\/wp-json\/wp\/v2\/media?parent=21974"}],"wp:term":[{"taxonomy":"product_brand","embeddable":true,"href":"https:\/\/staging.forenteforlag.no\/pax\/wp-json\/wp\/v2\/product_brand?post=21974"},{"taxonomy":"product_cat","embeddable":true,"href":"https:\/\/staging.forenteforlag.no\/pax\/wp-json\/wp\/v2\/product_cat?post=21974"},{"taxonomy":"product_tag","embeddable":true,"href":"https:\/\/staging.forenteforlag.no\/pax\/wp-json\/wp\/v2\/product_tag?post=21974"}],"curies":[{"name":"wp","href":"https:\/\/api.w.org\/{rel}","templated":true}]}}