{"id":21968,"date":"2016-01-15T01:00:00","date_gmt":"2016-01-15T00:00:00","guid":{"rendered":"https:\/\/pax.forenteforlag.no\/produkt\/en-bok-om-demens\/"},"modified":"2026-02-09T05:52:50","modified_gmt":"2026-02-09T04:52:50","slug":"en-bok-om-demens","status":"publish","type":"product","link":"https:\/\/staging.forenteforlag.no\/pax\/produkt\/en-bok-om-demens\/","title":{"rendered":"En bok om demens"},"content":{"rendered":"<p>Hva skjer egentlig i hjernen og i kroppen n\u00e5r man f\u00e5r demens? Hvordan oppleves det for den syke selv? Hvordan kommer sykdommen til uttrykk og hvordan kan de rundt hjelpe best mulig?<br \/>\n.<br \/>\nDenne boka er skrevet av en av landets fremste spesialister innen demenssykdom. Den er s\u00e6rlig beregnet p\u00e5 p\u00e5r\u00f8rende og p\u00e5 helsepersonell med daglig omsorg for slike pasienter. Det er ogs\u00e5 et h\u00e5p at noen pasienter selv vil ha utbytte av den.<br \/>\n.<br \/>\nDet er mye som kan gj\u00f8res for at demenssyke skal bli tryggere og f\u00e5 bedre liv, og ikke bare n\u00e5r det gjelder stell og pleie. Mange med demens har stor glede av turer ut i naturen, av ber\u00f8ring, musikk og sang, av planter og av gjensyn med gjenstander, lukter og smaker som forbindes med tidligere liv.<br \/>\n.<br \/>\nS\u00e5 langt r\u00e5d er, fors\u00f8ker boka \u00e5 ivareta et innenfraperspektiv. En bedre forst\u00e5else av hvordan sykdommen oppleves av den syke selv &#8211; mange opplever for eksempel betydelig angst og depresjon &#8211; kan i seg selv bidra til at man gir bedre omsorg. Men man skal ikke bare ta vare p\u00e5 den syke. Boka oppfordrer de p\u00e5r\u00f8rende til ogs\u00e5 \u00e5 ta vare p\u00e5 seg selv.<br \/>\n.<br \/>\nBoka forteller enkelt og kortfattet om hvordan alzheimer og de andre demenssykdommene arter seg i de ulike stadiene, hva som er symptomene og hvordan det hele oppleves b\u00e5de av omgivelsene og av den syke. Vi f\u00e5r vite hvordan utredning og diagnostisering foreg\u00e5r og hva som finnes av behandling, helsetilbud og rettigheter. Vi kan ogs\u00e5 lese om hvor mange som f\u00e5r demens, om arv og andre risikofaktorer og om hva man selv kan gj\u00f8re for \u00e5 forebygge.  <\/p>\n","protected":false},"excerpt":{"rendered":"<p>Hva skjer egentlig i hjernen og i kroppen n\u00e5r man f\u00e5r demens? Hvordan oppleves det for den syke selv? Hvordan kommer sykdommen til uttrykk og hvordan kan de rundt hjelpe best mulig? . Denne boka er skrevet av en av landets fremste spesialister innen demenssykdom. Den er s\u00e6rlig beregnet p\u00e5 p\u00e5r\u00f8rende og p\u00e5 helsepersonell med [&hellip;]<\/p>\n","protected":false},"featured_media":29427,"template":"","meta":{"_acf_changed":false,"inline_featured_image":false},"product_brand":[],"product_cat":[25],"product_tag":[362],"class_list":{"0":"post-21968","1":"product","2":"type-product","3":"status-publish","4":"has-post-thumbnail","6":"product_cat-kropp-og-sinn","7":"product_tag-faglitteratur","8":"pa_format-innbundet","10":"first","11":"outofstock","12":"shipping-taxable","13":"purchasable","14":"product-type-simple"},"acf":{"anmeldelse":null},"yoast_head":"<!-- This site is optimized with the Yoast SEO plugin v26.6 - https:\/\/yoast.com\/wordpress\/plugins\/seo\/ -->\n<title>En bok om demens - Pax<\/title>\n<meta name=\"robots\" content=\"noindex, follow, max-snippet:-1, max-image-preview:large, max-video-preview:-1\" \/>\n<meta property=\"og:locale\" content=\"nb_NO\" \/>\n<meta property=\"og:type\" content=\"article\" \/>\n<meta property=\"og:title\" content=\"En bok om demens - Pax\" \/>\n<meta property=\"og:description\" content=\"Hva skjer egentlig i hjernen og i kroppen n\u00e5r man f\u00e5r demens? Hvordan oppleves det for den syke selv? Hvordan kommer sykdommen til uttrykk og hvordan kan de rundt hjelpe best mulig? . Denne boka er skrevet av en av landets fremste spesialister innen demenssykdom. Den er s\u00e6rlig beregnet p\u00e5 p\u00e5r\u00f8rende og p\u00e5 helsepersonell med [&hellip;]\" \/>\n<meta property=\"og:url\" content=\"https:\/\/staging.forenteforlag.no\/pax\/produkt\/en-bok-om-demens\/\" \/>\n<meta property=\"og:site_name\" content=\"Pax\" \/>\n<meta property=\"article:modified_time\" content=\"2026-02-09T04:52:50+00:00\" \/>\n<meta property=\"og:image\" content=\"https:\/\/staging.forenteforlag.no\/pax\/wp-content\/uploads\/sites\/5\/2025\/08\/jpg-9906-scaled.jpg\" \/>\n\t<meta property=\"og:image:width\" content=\"1202\" \/>\n\t<meta property=\"og:image:height\" content=\"1920\" \/>\n\t<meta property=\"og:image:type\" content=\"image\/jpeg\" \/>\n<meta name=\"twitter:card\" content=\"summary_large_image\" \/>\n<meta name=\"twitter:label1\" content=\"Ansl. lesetid\" \/>\n\t<meta name=\"twitter:data1\" content=\"1 minutt\" \/>\n<script type=\"application\/ld+json\" class=\"yoast-schema-graph\">{\"@context\":\"https:\/\/schema.org\",\"@graph\":[{\"@type\":\"WebPage\",\"@id\":\"https:\/\/staging.forenteforlag.no\/pax\/produkt\/en-bok-om-demens\/\",\"url\":\"https:\/\/staging.forenteforlag.no\/pax\/produkt\/en-bok-om-demens\/\",\"name\":\"En bok om demens - Pax\",\"isPartOf\":{\"@id\":\"https:\/\/staging.forenteforlag.no\/pax\/#website\"},\"primaryImageOfPage\":{\"@id\":\"https:\/\/staging.forenteforlag.no\/pax\/produkt\/en-bok-om-demens\/#primaryimage\"},\"image\":{\"@id\":\"https:\/\/staging.forenteforlag.no\/pax\/produkt\/en-bok-om-demens\/#primaryimage\"},\"thumbnailUrl\":\"https:\/\/staging.forenteforlag.no\/pax\/wp-content\/uploads\/sites\/5\/2025\/08\/jpg-9906-scaled.jpg\",\"datePublished\":\"2016-01-15T00:00:00+00:00\",\"dateModified\":\"2026-02-09T04:52:50+00:00\",\"breadcrumb\":{\"@id\":\"https:\/\/staging.forenteforlag.no\/pax\/produkt\/en-bok-om-demens\/#breadcrumb\"},\"inLanguage\":\"nb-NO\",\"potentialAction\":[{\"@type\":\"ReadAction\",\"target\":[\"https:\/\/staging.forenteforlag.no\/pax\/produkt\/en-bok-om-demens\/\"]}]},{\"@type\":\"ImageObject\",\"inLanguage\":\"nb-NO\",\"@id\":\"https:\/\/staging.forenteforlag.no\/pax\/produkt\/en-bok-om-demens\/#primaryimage\",\"url\":\"https:\/\/staging.forenteforlag.no\/pax\/wp-content\/uploads\/sites\/5\/2025\/08\/jpg-9906-scaled.jpg\",\"contentUrl\":\"https:\/\/staging.forenteforlag.no\/pax\/wp-content\/uploads\/sites\/5\/2025\/08\/jpg-9906-scaled.jpg\",\"width\":1202,\"height\":1920},{\"@type\":\"BreadcrumbList\",\"@id\":\"https:\/\/staging.forenteforlag.no\/pax\/produkt\/en-bok-om-demens\/#breadcrumb\",\"itemListElement\":[{\"@type\":\"ListItem\",\"position\":1,\"name\":\"Hjem\",\"item\":\"https:\/\/staging.forenteforlag.no\/pax\/\"},{\"@type\":\"ListItem\",\"position\":2,\"name\":\"Alle b\u00f8ker\",\"item\":\"https:\/\/staging.forenteforlag.no\/pax\/butikk\/\"},{\"@type\":\"ListItem\",\"position\":3,\"name\":\"En bok om demens\"}]},{\"@type\":\"WebSite\",\"@id\":\"https:\/\/staging.forenteforlag.no\/pax\/#website\",\"url\":\"https:\/\/staging.forenteforlag.no\/pax\/\",\"name\":\"Pax\",\"description\":\"\",\"potentialAction\":[{\"@type\":\"SearchAction\",\"target\":{\"@type\":\"EntryPoint\",\"urlTemplate\":\"https:\/\/staging.forenteforlag.no\/pax\/?s={search_term_string}\"},\"query-input\":{\"@type\":\"PropertyValueSpecification\",\"valueRequired\":true,\"valueName\":\"search_term_string\"}}],\"inLanguage\":\"nb-NO\"}]}<\/script>\n<!-- \/ Yoast SEO plugin. -->","yoast_head_json":{"title":"En bok om demens - Pax","robots":{"index":"noindex","follow":"follow","max-snippet":"max-snippet:-1","max-image-preview":"max-image-preview:large","max-video-preview":"max-video-preview:-1"},"og_locale":"nb_NO","og_type":"article","og_title":"En bok om demens - Pax","og_description":"Hva skjer egentlig i hjernen og i kroppen n\u00e5r man f\u00e5r demens? Hvordan oppleves det for den syke selv? Hvordan kommer sykdommen til uttrykk og hvordan kan de rundt hjelpe best mulig? . Denne boka er skrevet av en av landets fremste spesialister innen demenssykdom. Den er s\u00e6rlig beregnet p\u00e5 p\u00e5r\u00f8rende og p\u00e5 helsepersonell med [&hellip;]","og_url":"https:\/\/staging.forenteforlag.no\/pax\/produkt\/en-bok-om-demens\/","og_site_name":"Pax","article_modified_time":"2026-02-09T04:52:50+00:00","og_image":[{"width":1202,"height":1920,"url":"https:\/\/staging.forenteforlag.no\/pax\/wp-content\/uploads\/sites\/5\/2025\/08\/jpg-9906-scaled.jpg","type":"image\/jpeg"}],"twitter_card":"summary_large_image","twitter_misc":{"Ansl. lesetid":"1 minutt"},"schema":{"@context":"https:\/\/schema.org","@graph":[{"@type":"WebPage","@id":"https:\/\/staging.forenteforlag.no\/pax\/produkt\/en-bok-om-demens\/","url":"https:\/\/staging.forenteforlag.no\/pax\/produkt\/en-bok-om-demens\/","name":"En bok om demens - Pax","isPartOf":{"@id":"https:\/\/staging.forenteforlag.no\/pax\/#website"},"primaryImageOfPage":{"@id":"https:\/\/staging.forenteforlag.no\/pax\/produkt\/en-bok-om-demens\/#primaryimage"},"image":{"@id":"https:\/\/staging.forenteforlag.no\/pax\/produkt\/en-bok-om-demens\/#primaryimage"},"thumbnailUrl":"https:\/\/staging.forenteforlag.no\/pax\/wp-content\/uploads\/sites\/5\/2025\/08\/jpg-9906-scaled.jpg","datePublished":"2016-01-15T00:00:00+00:00","dateModified":"2026-02-09T04:52:50+00:00","breadcrumb":{"@id":"https:\/\/staging.forenteforlag.no\/pax\/produkt\/en-bok-om-demens\/#breadcrumb"},"inLanguage":"nb-NO","potentialAction":[{"@type":"ReadAction","target":["https:\/\/staging.forenteforlag.no\/pax\/produkt\/en-bok-om-demens\/"]}]},{"@type":"ImageObject","inLanguage":"nb-NO","@id":"https:\/\/staging.forenteforlag.no\/pax\/produkt\/en-bok-om-demens\/#primaryimage","url":"https:\/\/staging.forenteforlag.no\/pax\/wp-content\/uploads\/sites\/5\/2025\/08\/jpg-9906-scaled.jpg","contentUrl":"https:\/\/staging.forenteforlag.no\/pax\/wp-content\/uploads\/sites\/5\/2025\/08\/jpg-9906-scaled.jpg","width":1202,"height":1920},{"@type":"BreadcrumbList","@id":"https:\/\/staging.forenteforlag.no\/pax\/produkt\/en-bok-om-demens\/#breadcrumb","itemListElement":[{"@type":"ListItem","position":1,"name":"Hjem","item":"https:\/\/staging.forenteforlag.no\/pax\/"},{"@type":"ListItem","position":2,"name":"Alle b\u00f8ker","item":"https:\/\/staging.forenteforlag.no\/pax\/butikk\/"},{"@type":"ListItem","position":3,"name":"En bok om demens"}]},{"@type":"WebSite","@id":"https:\/\/staging.forenteforlag.no\/pax\/#website","url":"https:\/\/staging.forenteforlag.no\/pax\/","name":"Pax","description":"","potentialAction":[{"@type":"SearchAction","target":{"@type":"EntryPoint","urlTemplate":"https:\/\/staging.forenteforlag.no\/pax\/?s={search_term_string}"},"query-input":{"@type":"PropertyValueSpecification","valueRequired":true,"valueName":"search_term_string"}}],"inLanguage":"nb-NO"}]}},"_links":{"self":[{"href":"https:\/\/staging.forenteforlag.no\/pax\/wp-json\/wp\/v2\/product\/21968","targetHints":{"allow":["GET"]}}],"collection":[{"href":"https:\/\/staging.forenteforlag.no\/pax\/wp-json\/wp\/v2\/product"}],"about":[{"href":"https:\/\/staging.forenteforlag.no\/pax\/wp-json\/wp\/v2\/types\/product"}],"wp:featuredmedia":[{"embeddable":true,"href":"https:\/\/staging.forenteforlag.no\/pax\/wp-json\/wp\/v2\/media\/29427"}],"wp:attachment":[{"href":"https:\/\/staging.forenteforlag.no\/pax\/wp-json\/wp\/v2\/media?parent=21968"}],"wp:term":[{"taxonomy":"product_brand","embeddable":true,"href":"https:\/\/staging.forenteforlag.no\/pax\/wp-json\/wp\/v2\/product_brand?post=21968"},{"taxonomy":"product_cat","embeddable":true,"href":"https:\/\/staging.forenteforlag.no\/pax\/wp-json\/wp\/v2\/product_cat?post=21968"},{"taxonomy":"product_tag","embeddable":true,"href":"https:\/\/staging.forenteforlag.no\/pax\/wp-json\/wp\/v2\/product_tag?post=21968"}],"curies":[{"name":"wp","href":"https:\/\/api.w.org\/{rel}","templated":true}]}}