{"id":21953,"date":"2024-12-10T22:01:06","date_gmt":"2024-12-10T21:01:06","guid":{"rendered":"https:\/\/pax.forenteforlag.no\/produkt\/det-annet-kjonn\/"},"modified":"2026-03-02T19:41:59","modified_gmt":"2026-03-02T18:41:59","slug":"det-annet-kjonn","status":"publish","type":"product","link":"https:\/\/staging.forenteforlag.no\/pax\/produkt\/det-annet-kjonn\/","title":{"rendered":"Det annet kj\u00f8nn"},"content":{"rendered":"<p>Den frie kvinne er f\u00f8rst n\u00e5 i ferd med \u00e5 bli f\u00f8dtSIMONE DE BEAUVOIR<br \/>\n&laquo;Man f\u00f8des ikke som kvinne, man blir det,&raquo; sier den franske filosofen og feministen Simone de Beauvoir (1908-1986). Det annet kj\u00f8nn er Beauvoirs banebrytende verk, ogs\u00e5 kalt &laquo;feminismens bibel&raquo;. Men hva slags feminisme? &laquo;Hunkj\u00f8nnet er hunkj\u00f8nn p\u00e5 grunn av en viss mangel p\u00e5 egenskaper,&raquo; skrev Aristoteles. Fra Platon, via Thomas Aquinas og til mer moderne tenkere som Hegel, er forestillingen om kvinnen som &laquo;Den andre&raquo; blitt f\u00f8rt videre. Er kvinnen &laquo;annethet&raquo;? Er hun en g\u00e5te? Simone de Beauvoir tilbakeviser slike mytiske forestillinger ved \u00e5 ta for seg kvinner og kvinnelighet i myter, historie, filosofi og litteratur, husarbeid, forelskelse, ekteskap, barn og visjoner om fremtidig frihet.<br \/>\nFor Simone de Beauvoir er mennesklig frihet knyttet til transcendens; livet f\u00e5r mening gjennom handling. Som artsvesen er enhver kvinne og mann b\u00e5de immanent og transcendent. Men for kvinner er handlingens vei ofte sperret, og ikke minst skyldes dette oppdragelsen. Hennes biologiske skjebne har knyttet henne til morsrollen og husarbeidet. Hun stenges inne i gjentakelsen og immanensen, mens mannen &laquo;virkeliggj\u00f8r seg selv&raquo;. Hans rolle er utadrettet og skapende: &laquo;han overskrider n\u00e5tiden, han \u00e5pner fremtiden.&raquo; Hun vingestekkes, og s\u00e5 beklager man seg at hun ikke kan fly! Men kvinnen er ikke bare objekt, hun er selv subjekt. Og kvinnerollen er ingen stivnet realitet, den er en rolle i stadig tilblivelse, hvis muligheter stadig m\u00e5 diskuteres. If\u00f8lge Beauvoir m\u00e5 kroppen forst\u00e5s som en situasjon; biologisk forskjell rettferdiggj\u00f8re sosiale normer.<\/p>\n","protected":false},"excerpt":{"rendered":"<p>Den frie kvinne er f\u00f8rst n\u00e5 i ferd med \u00e5 bli f\u00f8dtSIMONE DE BEAUVOIR &laquo;Man f\u00f8des ikke som kvinne, man blir det,&raquo; sier den franske filosofen og feministen Simone de Beauvoir (1908-1986). Det annet kj\u00f8nn er Beauvoirs banebrytende verk, ogs\u00e5 kalt &laquo;feminismens bibel&raquo;. Men hva slags feminisme? &laquo;Hunkj\u00f8nnet er hunkj\u00f8nn p\u00e5 grunn av en viss [&hellip;]<\/p>\n","protected":false},"featured_media":30055,"template":"","meta":{"_acf_changed":false,"inline_featured_image":false},"product_brand":[],"product_cat":[1782],"product_tag":[1346,362,379],"class_list":{"0":"post-21953","1":"product","2":"type-product","3":"status-publish","4":"has-post-thumbnail","6":"product_cat-fripris","7":"product_tag-antikk-filosofi","8":"product_tag-faglitteratur","9":"product_tag-feminisme","11":"first","12":"outofstock","13":"taxable","14":"shipping-taxable","15":"purchasable","16":"product-type-simple"},"acf":{"anmeldelse":null},"yoast_head":"<!-- This site is optimized with the Yoast SEO plugin v26.6 - https:\/\/yoast.com\/wordpress\/plugins\/seo\/ -->\n<title>Det annet kj\u00f8nn - Pax<\/title>\n<meta name=\"robots\" content=\"noindex, follow, max-snippet:-1, max-image-preview:large, max-video-preview:-1\" \/>\n<meta property=\"og:locale\" content=\"nb_NO\" \/>\n<meta property=\"og:type\" content=\"article\" \/>\n<meta property=\"og:title\" content=\"Det annet kj\u00f8nn - Pax\" \/>\n<meta property=\"og:description\" content=\"Den frie kvinne er f\u00f8rst n\u00e5 i ferd med \u00e5 bli f\u00f8dtSIMONE DE BEAUVOIR &laquo;Man f\u00f8des ikke som kvinne, man blir det,&raquo; sier den franske filosofen og feministen Simone de Beauvoir (1908-1986). Det annet kj\u00f8nn er Beauvoirs banebrytende verk, ogs\u00e5 kalt &laquo;feminismens bibel&raquo;. Men hva slags feminisme? &laquo;Hunkj\u00f8nnet er hunkj\u00f8nn p\u00e5 grunn av en viss [&hellip;]\" \/>\n<meta property=\"og:url\" content=\"https:\/\/staging.forenteforlag.no\/pax\/produkt\/det-annet-kjonn\/\" \/>\n<meta property=\"og:site_name\" content=\"Pax\" \/>\n<meta property=\"article:modified_time\" content=\"2026-03-02T18:41:59+00:00\" \/>\n<meta property=\"og:image\" content=\"https:\/\/staging.forenteforlag.no\/pax\/wp-content\/uploads\/sites\/5\/2025\/08\/jpg-9362.jpg\" \/>\n\t<meta property=\"og:image:width\" content=\"256\" \/>\n\t<meta property=\"og:image:height\" content=\"450\" \/>\n\t<meta property=\"og:image:type\" content=\"image\/jpeg\" \/>\n<meta name=\"twitter:card\" content=\"summary_large_image\" \/>\n<meta name=\"twitter:label1\" content=\"Ansl. lesetid\" \/>\n\t<meta name=\"twitter:data1\" content=\"1 minutt\" \/>\n<script type=\"application\/ld+json\" class=\"yoast-schema-graph\">{\"@context\":\"https:\/\/schema.org\",\"@graph\":[{\"@type\":\"WebPage\",\"@id\":\"https:\/\/staging.forenteforlag.no\/pax\/produkt\/det-annet-kjonn\/\",\"url\":\"https:\/\/staging.forenteforlag.no\/pax\/produkt\/det-annet-kjonn\/\",\"name\":\"Det annet kj\u00f8nn - Pax\",\"isPartOf\":{\"@id\":\"https:\/\/staging.forenteforlag.no\/pax\/#website\"},\"primaryImageOfPage\":{\"@id\":\"https:\/\/staging.forenteforlag.no\/pax\/produkt\/det-annet-kjonn\/#primaryimage\"},\"image\":{\"@id\":\"https:\/\/staging.forenteforlag.no\/pax\/produkt\/det-annet-kjonn\/#primaryimage\"},\"thumbnailUrl\":\"https:\/\/staging.forenteforlag.no\/pax\/wp-content\/uploads\/sites\/5\/2026\/03\/9788253021652.jpg\",\"datePublished\":\"2024-12-10T21:01:06+00:00\",\"dateModified\":\"2026-03-02T18:41:59+00:00\",\"breadcrumb\":{\"@id\":\"https:\/\/staging.forenteforlag.no\/pax\/produkt\/det-annet-kjonn\/#breadcrumb\"},\"inLanguage\":\"nb-NO\",\"potentialAction\":[{\"@type\":\"ReadAction\",\"target\":[\"https:\/\/staging.forenteforlag.no\/pax\/produkt\/det-annet-kjonn\/\"]}]},{\"@type\":\"ImageObject\",\"inLanguage\":\"nb-NO\",\"@id\":\"https:\/\/staging.forenteforlag.no\/pax\/produkt\/det-annet-kjonn\/#primaryimage\",\"url\":\"https:\/\/staging.forenteforlag.no\/pax\/wp-content\/uploads\/sites\/5\/2026\/03\/9788253021652.jpg\",\"contentUrl\":\"https:\/\/staging.forenteforlag.no\/pax\/wp-content\/uploads\/sites\/5\/2026\/03\/9788253021652.jpg\",\"width\":720,\"height\":1266},{\"@type\":\"BreadcrumbList\",\"@id\":\"https:\/\/staging.forenteforlag.no\/pax\/produkt\/det-annet-kjonn\/#breadcrumb\",\"itemListElement\":[{\"@type\":\"ListItem\",\"position\":1,\"name\":\"Hjem\",\"item\":\"https:\/\/staging.forenteforlag.no\/pax\/\"},{\"@type\":\"ListItem\",\"position\":2,\"name\":\"Alle b\u00f8ker\",\"item\":\"https:\/\/staging.forenteforlag.no\/pax\/butikk\/\"},{\"@type\":\"ListItem\",\"position\":3,\"name\":\"Det annet kj\u00f8nn\"}]},{\"@type\":\"WebSite\",\"@id\":\"https:\/\/staging.forenteforlag.no\/pax\/#website\",\"url\":\"https:\/\/staging.forenteforlag.no\/pax\/\",\"name\":\"Pax\",\"description\":\"\",\"potentialAction\":[{\"@type\":\"SearchAction\",\"target\":{\"@type\":\"EntryPoint\",\"urlTemplate\":\"https:\/\/staging.forenteforlag.no\/pax\/?s={search_term_string}\"},\"query-input\":{\"@type\":\"PropertyValueSpecification\",\"valueRequired\":true,\"valueName\":\"search_term_string\"}}],\"inLanguage\":\"nb-NO\"}]}<\/script>\n<!-- \/ Yoast SEO plugin. -->","yoast_head_json":{"title":"Det annet kj\u00f8nn - Pax","robots":{"index":"noindex","follow":"follow","max-snippet":"max-snippet:-1","max-image-preview":"max-image-preview:large","max-video-preview":"max-video-preview:-1"},"og_locale":"nb_NO","og_type":"article","og_title":"Det annet kj\u00f8nn - Pax","og_description":"Den frie kvinne er f\u00f8rst n\u00e5 i ferd med \u00e5 bli f\u00f8dtSIMONE DE BEAUVOIR &laquo;Man f\u00f8des ikke som kvinne, man blir det,&raquo; sier den franske filosofen og feministen Simone de Beauvoir (1908-1986). Det annet kj\u00f8nn er Beauvoirs banebrytende verk, ogs\u00e5 kalt &laquo;feminismens bibel&raquo;. Men hva slags feminisme? &laquo;Hunkj\u00f8nnet er hunkj\u00f8nn p\u00e5 grunn av en viss [&hellip;]","og_url":"https:\/\/staging.forenteforlag.no\/pax\/produkt\/det-annet-kjonn\/","og_site_name":"Pax","article_modified_time":"2026-03-02T18:41:59+00:00","og_image":[{"width":256,"height":450,"url":"https:\/\/staging.forenteforlag.no\/pax\/wp-content\/uploads\/sites\/5\/2025\/08\/jpg-9362.jpg","type":"image\/jpeg"}],"twitter_card":"summary_large_image","twitter_misc":{"Ansl. lesetid":"1 minutt"},"schema":{"@context":"https:\/\/schema.org","@graph":[{"@type":"WebPage","@id":"https:\/\/staging.forenteforlag.no\/pax\/produkt\/det-annet-kjonn\/","url":"https:\/\/staging.forenteforlag.no\/pax\/produkt\/det-annet-kjonn\/","name":"Det annet kj\u00f8nn - Pax","isPartOf":{"@id":"https:\/\/staging.forenteforlag.no\/pax\/#website"},"primaryImageOfPage":{"@id":"https:\/\/staging.forenteforlag.no\/pax\/produkt\/det-annet-kjonn\/#primaryimage"},"image":{"@id":"https:\/\/staging.forenteforlag.no\/pax\/produkt\/det-annet-kjonn\/#primaryimage"},"thumbnailUrl":"https:\/\/staging.forenteforlag.no\/pax\/wp-content\/uploads\/sites\/5\/2026\/03\/9788253021652.jpg","datePublished":"2024-12-10T21:01:06+00:00","dateModified":"2026-03-02T18:41:59+00:00","breadcrumb":{"@id":"https:\/\/staging.forenteforlag.no\/pax\/produkt\/det-annet-kjonn\/#breadcrumb"},"inLanguage":"nb-NO","potentialAction":[{"@type":"ReadAction","target":["https:\/\/staging.forenteforlag.no\/pax\/produkt\/det-annet-kjonn\/"]}]},{"@type":"ImageObject","inLanguage":"nb-NO","@id":"https:\/\/staging.forenteforlag.no\/pax\/produkt\/det-annet-kjonn\/#primaryimage","url":"https:\/\/staging.forenteforlag.no\/pax\/wp-content\/uploads\/sites\/5\/2026\/03\/9788253021652.jpg","contentUrl":"https:\/\/staging.forenteforlag.no\/pax\/wp-content\/uploads\/sites\/5\/2026\/03\/9788253021652.jpg","width":720,"height":1266},{"@type":"BreadcrumbList","@id":"https:\/\/staging.forenteforlag.no\/pax\/produkt\/det-annet-kjonn\/#breadcrumb","itemListElement":[{"@type":"ListItem","position":1,"name":"Hjem","item":"https:\/\/staging.forenteforlag.no\/pax\/"},{"@type":"ListItem","position":2,"name":"Alle b\u00f8ker","item":"https:\/\/staging.forenteforlag.no\/pax\/butikk\/"},{"@type":"ListItem","position":3,"name":"Det annet kj\u00f8nn"}]},{"@type":"WebSite","@id":"https:\/\/staging.forenteforlag.no\/pax\/#website","url":"https:\/\/staging.forenteforlag.no\/pax\/","name":"Pax","description":"","potentialAction":[{"@type":"SearchAction","target":{"@type":"EntryPoint","urlTemplate":"https:\/\/staging.forenteforlag.no\/pax\/?s={search_term_string}"},"query-input":{"@type":"PropertyValueSpecification","valueRequired":true,"valueName":"search_term_string"}}],"inLanguage":"nb-NO"}]}},"_links":{"self":[{"href":"https:\/\/staging.forenteforlag.no\/pax\/wp-json\/wp\/v2\/product\/21953","targetHints":{"allow":["GET"]}}],"collection":[{"href":"https:\/\/staging.forenteforlag.no\/pax\/wp-json\/wp\/v2\/product"}],"about":[{"href":"https:\/\/staging.forenteforlag.no\/pax\/wp-json\/wp\/v2\/types\/product"}],"wp:featuredmedia":[{"embeddable":true,"href":"https:\/\/staging.forenteforlag.no\/pax\/wp-json\/wp\/v2\/media\/30055"}],"wp:attachment":[{"href":"https:\/\/staging.forenteforlag.no\/pax\/wp-json\/wp\/v2\/media?parent=21953"}],"wp:term":[{"taxonomy":"product_brand","embeddable":true,"href":"https:\/\/staging.forenteforlag.no\/pax\/wp-json\/wp\/v2\/product_brand?post=21953"},{"taxonomy":"product_cat","embeddable":true,"href":"https:\/\/staging.forenteforlag.no\/pax\/wp-json\/wp\/v2\/product_cat?post=21953"},{"taxonomy":"product_tag","embeddable":true,"href":"https:\/\/staging.forenteforlag.no\/pax\/wp-json\/wp\/v2\/product_tag?post=21953"}],"curies":[{"name":"wp","href":"https:\/\/api.w.org\/{rel}","templated":true}]}}