{"id":21935,"date":"2018-04-05T02:00:00","date_gmt":"2018-04-05T00:00:00","guid":{"rendered":"https:\/\/pax.forenteforlag.no\/produkt\/bolgebryteren\/"},"modified":"2026-03-03T22:49:39","modified_gmt":"2026-03-03T21:49:39","slug":"bolgebryteren","status":"publish","type":"product","link":"https:\/\/staging.forenteforlag.no\/pax\/produkt\/bolgebryteren\/","title":{"rendered":"B\u00f8lgebryteren"},"content":{"rendered":"<p>B\u00f8lgebryteren. Seniorpolitikk gjennom 50 \u00e5r. <br \/>I 2019 fyller Senter for seniorpolitikk (SSP) 50 \u00e5r. I B\u00f8lgebryteren  presenterer  tidligere  journalist  og  kommentator,  Stein  Aab\u00f8,  hele  historien.  Fra  det  f\u00f8rste  m\u00f8tet  19.  mars  1969 til dagens status som en spydspiss innen  seniorpolitikk. <br \/>Det  har  v\u00e6rt  50  \u00e5r  med  ulike  utfordringer.  P\u00e5  60-  og  70-tallet var mange framtidige pensjonister d\u00e5rlig forberedt p\u00e5 pensjonsalderen. SSPs  forgjenger  \u00abFellesutvalget\u00bb  ans\u00e5  derfor opplysningsarbeid som sin viktigste oppgave. Hvert \u00e5r ble det holdt kurs og foredrag for flere tusen deltakere over hele landet. <br \/>Utover p\u00e5 90-tallet ble eldre arbeidstakere i \u00f8kende grad oppfattet som en uutnyttet ressurs. Det gjaldt \u00e5 f\u00e5 seniorer til \u00e5 st\u00e5 lengst mulig i arbeid. SSP og daglig leder \u00c5smund Lunde hadde en sv\u00e6rt sentral rolle i arbeidet for \u00e5 n\u00e5 dette m\u00e5let. Nettverksbygging og forskningsarbeid ble viktige redskaper. <br \/>Begynnelsen av 2000-tallet skulle bli en gullalder for seniorpolitikken. Da igangsatte SSP krafttaket (2001-2005), en storsatsing for \u00e5 h\u00f8yne oppmerksomheten om seniorpolitikk. M\u00e5let var \u00e5 gj\u00f8re det attraktivt for b\u00e5de arbeidstakere og arbeidsgivere \u00e5 forlenge yrkeskarrieren. <br \/>Etter 50 \u00e5r fortsetter Senter for seniorpolitikk det utrettelige arbeidet med \u00e5 l\u00f8fte fram eldre ansatte som en n\u00f8dvendig ressurs.<\/p>\n","protected":false},"excerpt":{"rendered":"<p>B\u00f8lgebryteren. Seniorpolitikk gjennom 50 \u00e5r. I 2019 fyller Senter for seniorpolitikk (SSP) 50 \u00e5r. I B\u00f8lgebryteren presenterer tidligere journalist og kommentator, Stein Aab\u00f8, hele historien. Fra det f\u00f8rste m\u00f8tet 19. mars 1969 til dagens status som en spydspiss innen seniorpolitikk. Det har v\u00e6rt 50 \u00e5r med ulike utfordringer. P\u00e5 60- og 70-tallet var mange framtidige [&hellip;]<\/p>\n","protected":false},"featured_media":29070,"template":"","meta":{"_acf_changed":false,"inline_featured_image":false},"product_brand":[],"product_cat":[1782],"product_tag":[493,364,367,1703,362,1724,439],"class_list":{"0":"post-21935","1":"product","2":"type-product","3":"status-publish","4":"has-post-thumbnail","6":"product_cat-fripris","7":"product_tag-1960-1999","8":"product_tag-2000-2009","9":"product_tag-2010-2019","10":"product_tag-aleneforeldre","11":"product_tag-faglitteratur","12":"product_tag-identitetspolitikk","13":"product_tag-nord-norge","15":"first","16":"outofstock","17":"shipping-taxable","18":"purchasable","19":"product-type-simple"},"acf":{"anmeldelse":null},"yoast_head":"<!-- This site is optimized with the Yoast SEO plugin v26.6 - https:\/\/yoast.com\/wordpress\/plugins\/seo\/ -->\n<title>B\u00f8lgebryteren - Pax<\/title>\n<meta name=\"robots\" content=\"noindex, follow, max-snippet:-1, max-image-preview:large, max-video-preview:-1\" \/>\n<meta property=\"og:locale\" content=\"nb_NO\" \/>\n<meta property=\"og:type\" content=\"article\" \/>\n<meta property=\"og:title\" content=\"B\u00f8lgebryteren - Pax\" \/>\n<meta property=\"og:description\" content=\"B\u00f8lgebryteren. Seniorpolitikk gjennom 50 \u00e5r. I 2019 fyller Senter for seniorpolitikk (SSP) 50 \u00e5r. I B\u00f8lgebryteren presenterer tidligere journalist og kommentator, Stein Aab\u00f8, hele historien. Fra det f\u00f8rste m\u00f8tet 19. mars 1969 til dagens status som en spydspiss innen seniorpolitikk. Det har v\u00e6rt 50 \u00e5r med ulike utfordringer. P\u00e5 60- og 70-tallet var mange framtidige [&hellip;]\" \/>\n<meta property=\"og:url\" content=\"https:\/\/staging.forenteforlag.no\/pax\/produkt\/bolgebryteren\/\" \/>\n<meta property=\"og:site_name\" content=\"Pax\" \/>\n<meta property=\"article:modified_time\" content=\"2026-03-03T21:49:39+00:00\" \/>\n<meta property=\"og:image\" content=\"https:\/\/staging.forenteforlag.no\/pax\/wp-content\/uploads\/sites\/5\/2025\/08\/jpg-8801-scaled-1-scaled.jpg\" \/>\n\t<meta property=\"og:image:width\" content=\"1425\" \/>\n\t<meta property=\"og:image:height\" content=\"1920\" \/>\n\t<meta property=\"og:image:type\" content=\"image\/jpeg\" \/>\n<meta name=\"twitter:card\" content=\"summary_large_image\" \/>\n<meta name=\"twitter:label1\" content=\"Ansl. lesetid\" \/>\n\t<meta name=\"twitter:data1\" content=\"1 minutt\" \/>\n<script type=\"application\/ld+json\" class=\"yoast-schema-graph\">{\"@context\":\"https:\/\/schema.org\",\"@graph\":[{\"@type\":\"WebPage\",\"@id\":\"https:\/\/staging.forenteforlag.no\/pax\/produkt\/bolgebryteren\/\",\"url\":\"https:\/\/staging.forenteforlag.no\/pax\/produkt\/bolgebryteren\/\",\"name\":\"B\u00f8lgebryteren - Pax\",\"isPartOf\":{\"@id\":\"https:\/\/staging.forenteforlag.no\/pax\/#website\"},\"primaryImageOfPage\":{\"@id\":\"https:\/\/staging.forenteforlag.no\/pax\/produkt\/bolgebryteren\/#primaryimage\"},\"image\":{\"@id\":\"https:\/\/staging.forenteforlag.no\/pax\/produkt\/bolgebryteren\/#primaryimage\"},\"thumbnailUrl\":\"https:\/\/staging.forenteforlag.no\/pax\/wp-content\/uploads\/sites\/5\/2025\/08\/jpg-8801-scaled-1-scaled.jpg\",\"datePublished\":\"2018-04-05T00:00:00+00:00\",\"dateModified\":\"2026-03-03T21:49:39+00:00\",\"breadcrumb\":{\"@id\":\"https:\/\/staging.forenteforlag.no\/pax\/produkt\/bolgebryteren\/#breadcrumb\"},\"inLanguage\":\"nb-NO\",\"potentialAction\":[{\"@type\":\"ReadAction\",\"target\":[\"https:\/\/staging.forenteforlag.no\/pax\/produkt\/bolgebryteren\/\"]}]},{\"@type\":\"ImageObject\",\"inLanguage\":\"nb-NO\",\"@id\":\"https:\/\/staging.forenteforlag.no\/pax\/produkt\/bolgebryteren\/#primaryimage\",\"url\":\"https:\/\/staging.forenteforlag.no\/pax\/wp-content\/uploads\/sites\/5\/2025\/08\/jpg-8801-scaled-1-scaled.jpg\",\"contentUrl\":\"https:\/\/staging.forenteforlag.no\/pax\/wp-content\/uploads\/sites\/5\/2025\/08\/jpg-8801-scaled-1-scaled.jpg\",\"width\":1425,\"height\":1920},{\"@type\":\"BreadcrumbList\",\"@id\":\"https:\/\/staging.forenteforlag.no\/pax\/produkt\/bolgebryteren\/#breadcrumb\",\"itemListElement\":[{\"@type\":\"ListItem\",\"position\":1,\"name\":\"Hjem\",\"item\":\"https:\/\/staging.forenteforlag.no\/pax\/\"},{\"@type\":\"ListItem\",\"position\":2,\"name\":\"Alle b\u00f8ker\",\"item\":\"https:\/\/staging.forenteforlag.no\/pax\/butikk\/\"},{\"@type\":\"ListItem\",\"position\":3,\"name\":\"B\u00f8lgebryteren\"}]},{\"@type\":\"WebSite\",\"@id\":\"https:\/\/staging.forenteforlag.no\/pax\/#website\",\"url\":\"https:\/\/staging.forenteforlag.no\/pax\/\",\"name\":\"Pax\",\"description\":\"\",\"potentialAction\":[{\"@type\":\"SearchAction\",\"target\":{\"@type\":\"EntryPoint\",\"urlTemplate\":\"https:\/\/staging.forenteforlag.no\/pax\/?s={search_term_string}\"},\"query-input\":{\"@type\":\"PropertyValueSpecification\",\"valueRequired\":true,\"valueName\":\"search_term_string\"}}],\"inLanguage\":\"nb-NO\"}]}<\/script>\n<!-- \/ Yoast SEO plugin. -->","yoast_head_json":{"title":"B\u00f8lgebryteren - Pax","robots":{"index":"noindex","follow":"follow","max-snippet":"max-snippet:-1","max-image-preview":"max-image-preview:large","max-video-preview":"max-video-preview:-1"},"og_locale":"nb_NO","og_type":"article","og_title":"B\u00f8lgebryteren - Pax","og_description":"B\u00f8lgebryteren. Seniorpolitikk gjennom 50 \u00e5r. I 2019 fyller Senter for seniorpolitikk (SSP) 50 \u00e5r. I B\u00f8lgebryteren presenterer tidligere journalist og kommentator, Stein Aab\u00f8, hele historien. Fra det f\u00f8rste m\u00f8tet 19. mars 1969 til dagens status som en spydspiss innen seniorpolitikk. Det har v\u00e6rt 50 \u00e5r med ulike utfordringer. P\u00e5 60- og 70-tallet var mange framtidige [&hellip;]","og_url":"https:\/\/staging.forenteforlag.no\/pax\/produkt\/bolgebryteren\/","og_site_name":"Pax","article_modified_time":"2026-03-03T21:49:39+00:00","og_image":[{"width":1425,"height":1920,"url":"https:\/\/staging.forenteforlag.no\/pax\/wp-content\/uploads\/sites\/5\/2025\/08\/jpg-8801-scaled-1-scaled.jpg","type":"image\/jpeg"}],"twitter_card":"summary_large_image","twitter_misc":{"Ansl. lesetid":"1 minutt"},"schema":{"@context":"https:\/\/schema.org","@graph":[{"@type":"WebPage","@id":"https:\/\/staging.forenteforlag.no\/pax\/produkt\/bolgebryteren\/","url":"https:\/\/staging.forenteforlag.no\/pax\/produkt\/bolgebryteren\/","name":"B\u00f8lgebryteren - Pax","isPartOf":{"@id":"https:\/\/staging.forenteforlag.no\/pax\/#website"},"primaryImageOfPage":{"@id":"https:\/\/staging.forenteforlag.no\/pax\/produkt\/bolgebryteren\/#primaryimage"},"image":{"@id":"https:\/\/staging.forenteforlag.no\/pax\/produkt\/bolgebryteren\/#primaryimage"},"thumbnailUrl":"https:\/\/staging.forenteforlag.no\/pax\/wp-content\/uploads\/sites\/5\/2025\/08\/jpg-8801-scaled-1-scaled.jpg","datePublished":"2018-04-05T00:00:00+00:00","dateModified":"2026-03-03T21:49:39+00:00","breadcrumb":{"@id":"https:\/\/staging.forenteforlag.no\/pax\/produkt\/bolgebryteren\/#breadcrumb"},"inLanguage":"nb-NO","potentialAction":[{"@type":"ReadAction","target":["https:\/\/staging.forenteforlag.no\/pax\/produkt\/bolgebryteren\/"]}]},{"@type":"ImageObject","inLanguage":"nb-NO","@id":"https:\/\/staging.forenteforlag.no\/pax\/produkt\/bolgebryteren\/#primaryimage","url":"https:\/\/staging.forenteforlag.no\/pax\/wp-content\/uploads\/sites\/5\/2025\/08\/jpg-8801-scaled-1-scaled.jpg","contentUrl":"https:\/\/staging.forenteforlag.no\/pax\/wp-content\/uploads\/sites\/5\/2025\/08\/jpg-8801-scaled-1-scaled.jpg","width":1425,"height":1920},{"@type":"BreadcrumbList","@id":"https:\/\/staging.forenteforlag.no\/pax\/produkt\/bolgebryteren\/#breadcrumb","itemListElement":[{"@type":"ListItem","position":1,"name":"Hjem","item":"https:\/\/staging.forenteforlag.no\/pax\/"},{"@type":"ListItem","position":2,"name":"Alle b\u00f8ker","item":"https:\/\/staging.forenteforlag.no\/pax\/butikk\/"},{"@type":"ListItem","position":3,"name":"B\u00f8lgebryteren"}]},{"@type":"WebSite","@id":"https:\/\/staging.forenteforlag.no\/pax\/#website","url":"https:\/\/staging.forenteforlag.no\/pax\/","name":"Pax","description":"","potentialAction":[{"@type":"SearchAction","target":{"@type":"EntryPoint","urlTemplate":"https:\/\/staging.forenteforlag.no\/pax\/?s={search_term_string}"},"query-input":{"@type":"PropertyValueSpecification","valueRequired":true,"valueName":"search_term_string"}}],"inLanguage":"nb-NO"}]}},"_links":{"self":[{"href":"https:\/\/staging.forenteforlag.no\/pax\/wp-json\/wp\/v2\/product\/21935","targetHints":{"allow":["GET"]}}],"collection":[{"href":"https:\/\/staging.forenteforlag.no\/pax\/wp-json\/wp\/v2\/product"}],"about":[{"href":"https:\/\/staging.forenteforlag.no\/pax\/wp-json\/wp\/v2\/types\/product"}],"wp:featuredmedia":[{"embeddable":true,"href":"https:\/\/staging.forenteforlag.no\/pax\/wp-json\/wp\/v2\/media\/29070"}],"wp:attachment":[{"href":"https:\/\/staging.forenteforlag.no\/pax\/wp-json\/wp\/v2\/media?parent=21935"}],"wp:term":[{"taxonomy":"product_brand","embeddable":true,"href":"https:\/\/staging.forenteforlag.no\/pax\/wp-json\/wp\/v2\/product_brand?post=21935"},{"taxonomy":"product_cat","embeddable":true,"href":"https:\/\/staging.forenteforlag.no\/pax\/wp-json\/wp\/v2\/product_cat?post=21935"},{"taxonomy":"product_tag","embeddable":true,"href":"https:\/\/staging.forenteforlag.no\/pax\/wp-json\/wp\/v2\/product_tag?post=21935"}],"curies":[{"name":"wp","href":"https:\/\/api.w.org\/{rel}","templated":true}]}}