{"id":21934,"date":"2020-06-16T02:00:00","date_gmt":"2020-06-16T00:00:00","guid":{"rendered":"https:\/\/pax.forenteforlag.no\/produkt\/livets-laeremester\/"},"modified":"2026-03-03T23:00:49","modified_gmt":"2026-03-03T22:00:49","slug":"livets-laeremester","status":"publish","type":"product","link":"https:\/\/staging.forenteforlag.no\/pax\/produkt\/livets-laeremester\/","title":{"rendered":"Livets l\u00e6remester"},"content":{"rendered":"<p>Hvordan ble historien om Norge skrevet p\u00e5 1600-, 1700- og 1800-tallet? I dette landet bodde et steinhardt folk, i umildt terreng, men med en storsl\u00e5tt fortid av kjemper og kristningskonger, kunne historieskrivingen fortelle. Blant annet. Og fortidens eksempler kunne man l\u00e6re noe av. Historie var livets l\u00e6remester &#8211; Magistra Vitae. F\u00f8r historie ble et moderne forskningsfag var historieskriving en bred vifte av sjangre, former og teksttyper. \u00c5 beskrive fortiden var like mye en retorisk, som en vitenskapelig sjanger &#8211; det gjaldt \u00e5 overbevise om fortidens iboende l\u00e6rdom, enten den var moralsk, religi\u00f8s eller politisk. Denne boken presenterer noe av historieskrivingens sammensatte mangfold fra midten av 1600-tallet til begynnelsen av 1800-tallet. I tillegg understreker den tette forbindelser til sentrale europeiske kunnskapstradisjoner. Selv om flertallet av forfatterne befant seg i de nordlige delene av det danske riket &#8211; det vil si i Norge &#8211; er ikke arbeidene deres provinsielle eller preget av intellektuell isolasjon. Tvert imot sprang de ut av felles europeiske tradisjoner for historieskriving. Verkene kan virke fremmedartede for en moderne leser, men viser hvor mye oppfatningene av hva historie er og hvordan historie skal skrives, har forandret seg.<\/p>\n","protected":false},"excerpt":{"rendered":"<p>Hvordan ble historien om Norge skrevet p\u00e5 1600-, 1700- og 1800-tallet? I dette landet bodde et steinhardt folk, i umildt terreng, men med en storsl\u00e5tt fortid av kjemper og kristningskonger, kunne historieskrivingen fortelle. Blant annet. Og fortidens eksempler kunne man l\u00e6re noe av. Historie var livets l\u00e6remester &#8211; Magistra Vitae. F\u00f8r historie ble et moderne [&hellip;]<\/p>\n","protected":false},"featured_media":28483,"template":"","meta":{"_acf_changed":false,"inline_featured_image":false},"product_brand":[],"product_cat":[1782],"product_tag":[396,395,1157,362,616,439],"class_list":{"0":"post-21934","1":"product","2":"type-product","3":"status-publish","4":"has-post-thumbnail","6":"product_cat-fripris","7":"product_tag-1600-tallet","8":"product_tag-1700-tallet","9":"product_tag-1800-1850","10":"product_tag-faglitteratur","11":"product_tag-historisk-filosofi","12":"product_tag-nord-norge","14":"first","15":"outofstock","16":"shipping-taxable","17":"purchasable","18":"product-type-simple"},"acf":{"anmeldelse":null},"yoast_head":"<!-- This site is optimized with the Yoast SEO plugin v26.6 - https:\/\/yoast.com\/wordpress\/plugins\/seo\/ -->\n<title>Livets l\u00e6remester - Pax<\/title>\n<meta name=\"robots\" content=\"noindex, follow, max-snippet:-1, max-image-preview:large, max-video-preview:-1\" \/>\n<meta property=\"og:locale\" content=\"nb_NO\" \/>\n<meta property=\"og:type\" content=\"article\" \/>\n<meta property=\"og:title\" content=\"Livets l\u00e6remester - Pax\" \/>\n<meta property=\"og:description\" content=\"Hvordan ble historien om Norge skrevet p\u00e5 1600-, 1700- og 1800-tallet? I dette landet bodde et steinhardt folk, i umildt terreng, men med en storsl\u00e5tt fortid av kjemper og kristningskonger, kunne historieskrivingen fortelle. Blant annet. Og fortidens eksempler kunne man l\u00e6re noe av. Historie var livets l\u00e6remester &#8211; Magistra Vitae. F\u00f8r historie ble et moderne [&hellip;]\" \/>\n<meta property=\"og:url\" content=\"https:\/\/staging.forenteforlag.no\/pax\/produkt\/livets-laeremester\/\" \/>\n<meta property=\"og:site_name\" content=\"Pax\" \/>\n<meta property=\"article:modified_time\" content=\"2026-03-03T22:00:49+00:00\" \/>\n<meta property=\"og:image\" content=\"https:\/\/staging.forenteforlag.no\/pax\/wp-content\/uploads\/sites\/5\/2025\/08\/jpg-7059-scaled-1-scaled.jpg\" \/>\n\t<meta property=\"og:image:width\" content=\"1353\" \/>\n\t<meta property=\"og:image:height\" content=\"1920\" \/>\n\t<meta property=\"og:image:type\" content=\"image\/jpeg\" \/>\n<meta name=\"twitter:card\" content=\"summary_large_image\" \/>\n<meta name=\"twitter:label1\" content=\"Ansl. lesetid\" \/>\n\t<meta name=\"twitter:data1\" content=\"1 minutt\" \/>\n<script type=\"application\/ld+json\" class=\"yoast-schema-graph\">{\"@context\":\"https:\/\/schema.org\",\"@graph\":[{\"@type\":\"WebPage\",\"@id\":\"https:\/\/staging.forenteforlag.no\/pax\/produkt\/livets-laeremester\/\",\"url\":\"https:\/\/staging.forenteforlag.no\/pax\/produkt\/livets-laeremester\/\",\"name\":\"Livets l\u00e6remester - Pax\",\"isPartOf\":{\"@id\":\"https:\/\/staging.forenteforlag.no\/pax\/#website\"},\"primaryImageOfPage\":{\"@id\":\"https:\/\/staging.forenteforlag.no\/pax\/produkt\/livets-laeremester\/#primaryimage\"},\"image\":{\"@id\":\"https:\/\/staging.forenteforlag.no\/pax\/produkt\/livets-laeremester\/#primaryimage\"},\"thumbnailUrl\":\"https:\/\/staging.forenteforlag.no\/pax\/wp-content\/uploads\/sites\/5\/2025\/08\/jpg-7059-scaled-1-scaled.jpg\",\"datePublished\":\"2020-06-16T00:00:00+00:00\",\"dateModified\":\"2026-03-03T22:00:49+00:00\",\"breadcrumb\":{\"@id\":\"https:\/\/staging.forenteforlag.no\/pax\/produkt\/livets-laeremester\/#breadcrumb\"},\"inLanguage\":\"nb-NO\",\"potentialAction\":[{\"@type\":\"ReadAction\",\"target\":[\"https:\/\/staging.forenteforlag.no\/pax\/produkt\/livets-laeremester\/\"]}]},{\"@type\":\"ImageObject\",\"inLanguage\":\"nb-NO\",\"@id\":\"https:\/\/staging.forenteforlag.no\/pax\/produkt\/livets-laeremester\/#primaryimage\",\"url\":\"https:\/\/staging.forenteforlag.no\/pax\/wp-content\/uploads\/sites\/5\/2025\/08\/jpg-7059-scaled-1-scaled.jpg\",\"contentUrl\":\"https:\/\/staging.forenteforlag.no\/pax\/wp-content\/uploads\/sites\/5\/2025\/08\/jpg-7059-scaled-1-scaled.jpg\",\"width\":1353,\"height\":1920},{\"@type\":\"BreadcrumbList\",\"@id\":\"https:\/\/staging.forenteforlag.no\/pax\/produkt\/livets-laeremester\/#breadcrumb\",\"itemListElement\":[{\"@type\":\"ListItem\",\"position\":1,\"name\":\"Hjem\",\"item\":\"https:\/\/staging.forenteforlag.no\/pax\/\"},{\"@type\":\"ListItem\",\"position\":2,\"name\":\"Alle b\u00f8ker\",\"item\":\"https:\/\/staging.forenteforlag.no\/pax\/butikk\/\"},{\"@type\":\"ListItem\",\"position\":3,\"name\":\"Livets l\u00e6remester\"}]},{\"@type\":\"WebSite\",\"@id\":\"https:\/\/staging.forenteforlag.no\/pax\/#website\",\"url\":\"https:\/\/staging.forenteforlag.no\/pax\/\",\"name\":\"Pax\",\"description\":\"\",\"potentialAction\":[{\"@type\":\"SearchAction\",\"target\":{\"@type\":\"EntryPoint\",\"urlTemplate\":\"https:\/\/staging.forenteforlag.no\/pax\/?s={search_term_string}\"},\"query-input\":{\"@type\":\"PropertyValueSpecification\",\"valueRequired\":true,\"valueName\":\"search_term_string\"}}],\"inLanguage\":\"nb-NO\"}]}<\/script>\n<!-- \/ Yoast SEO plugin. -->","yoast_head_json":{"title":"Livets l\u00e6remester - Pax","robots":{"index":"noindex","follow":"follow","max-snippet":"max-snippet:-1","max-image-preview":"max-image-preview:large","max-video-preview":"max-video-preview:-1"},"og_locale":"nb_NO","og_type":"article","og_title":"Livets l\u00e6remester - Pax","og_description":"Hvordan ble historien om Norge skrevet p\u00e5 1600-, 1700- og 1800-tallet? I dette landet bodde et steinhardt folk, i umildt terreng, men med en storsl\u00e5tt fortid av kjemper og kristningskonger, kunne historieskrivingen fortelle. Blant annet. Og fortidens eksempler kunne man l\u00e6re noe av. Historie var livets l\u00e6remester &#8211; Magistra Vitae. F\u00f8r historie ble et moderne [&hellip;]","og_url":"https:\/\/staging.forenteforlag.no\/pax\/produkt\/livets-laeremester\/","og_site_name":"Pax","article_modified_time":"2026-03-03T22:00:49+00:00","og_image":[{"width":1353,"height":1920,"url":"https:\/\/staging.forenteforlag.no\/pax\/wp-content\/uploads\/sites\/5\/2025\/08\/jpg-7059-scaled-1-scaled.jpg","type":"image\/jpeg"}],"twitter_card":"summary_large_image","twitter_misc":{"Ansl. lesetid":"1 minutt"},"schema":{"@context":"https:\/\/schema.org","@graph":[{"@type":"WebPage","@id":"https:\/\/staging.forenteforlag.no\/pax\/produkt\/livets-laeremester\/","url":"https:\/\/staging.forenteforlag.no\/pax\/produkt\/livets-laeremester\/","name":"Livets l\u00e6remester - Pax","isPartOf":{"@id":"https:\/\/staging.forenteforlag.no\/pax\/#website"},"primaryImageOfPage":{"@id":"https:\/\/staging.forenteforlag.no\/pax\/produkt\/livets-laeremester\/#primaryimage"},"image":{"@id":"https:\/\/staging.forenteforlag.no\/pax\/produkt\/livets-laeremester\/#primaryimage"},"thumbnailUrl":"https:\/\/staging.forenteforlag.no\/pax\/wp-content\/uploads\/sites\/5\/2025\/08\/jpg-7059-scaled-1-scaled.jpg","datePublished":"2020-06-16T00:00:00+00:00","dateModified":"2026-03-03T22:00:49+00:00","breadcrumb":{"@id":"https:\/\/staging.forenteforlag.no\/pax\/produkt\/livets-laeremester\/#breadcrumb"},"inLanguage":"nb-NO","potentialAction":[{"@type":"ReadAction","target":["https:\/\/staging.forenteforlag.no\/pax\/produkt\/livets-laeremester\/"]}]},{"@type":"ImageObject","inLanguage":"nb-NO","@id":"https:\/\/staging.forenteforlag.no\/pax\/produkt\/livets-laeremester\/#primaryimage","url":"https:\/\/staging.forenteforlag.no\/pax\/wp-content\/uploads\/sites\/5\/2025\/08\/jpg-7059-scaled-1-scaled.jpg","contentUrl":"https:\/\/staging.forenteforlag.no\/pax\/wp-content\/uploads\/sites\/5\/2025\/08\/jpg-7059-scaled-1-scaled.jpg","width":1353,"height":1920},{"@type":"BreadcrumbList","@id":"https:\/\/staging.forenteforlag.no\/pax\/produkt\/livets-laeremester\/#breadcrumb","itemListElement":[{"@type":"ListItem","position":1,"name":"Hjem","item":"https:\/\/staging.forenteforlag.no\/pax\/"},{"@type":"ListItem","position":2,"name":"Alle b\u00f8ker","item":"https:\/\/staging.forenteforlag.no\/pax\/butikk\/"},{"@type":"ListItem","position":3,"name":"Livets l\u00e6remester"}]},{"@type":"WebSite","@id":"https:\/\/staging.forenteforlag.no\/pax\/#website","url":"https:\/\/staging.forenteforlag.no\/pax\/","name":"Pax","description":"","potentialAction":[{"@type":"SearchAction","target":{"@type":"EntryPoint","urlTemplate":"https:\/\/staging.forenteforlag.no\/pax\/?s={search_term_string}"},"query-input":{"@type":"PropertyValueSpecification","valueRequired":true,"valueName":"search_term_string"}}],"inLanguage":"nb-NO"}]}},"_links":{"self":[{"href":"https:\/\/staging.forenteforlag.no\/pax\/wp-json\/wp\/v2\/product\/21934","targetHints":{"allow":["GET"]}}],"collection":[{"href":"https:\/\/staging.forenteforlag.no\/pax\/wp-json\/wp\/v2\/product"}],"about":[{"href":"https:\/\/staging.forenteforlag.no\/pax\/wp-json\/wp\/v2\/types\/product"}],"wp:featuredmedia":[{"embeddable":true,"href":"https:\/\/staging.forenteforlag.no\/pax\/wp-json\/wp\/v2\/media\/28483"}],"wp:attachment":[{"href":"https:\/\/staging.forenteforlag.no\/pax\/wp-json\/wp\/v2\/media?parent=21934"}],"wp:term":[{"taxonomy":"product_brand","embeddable":true,"href":"https:\/\/staging.forenteforlag.no\/pax\/wp-json\/wp\/v2\/product_brand?post=21934"},{"taxonomy":"product_cat","embeddable":true,"href":"https:\/\/staging.forenteforlag.no\/pax\/wp-json\/wp\/v2\/product_cat?post=21934"},{"taxonomy":"product_tag","embeddable":true,"href":"https:\/\/staging.forenteforlag.no\/pax\/wp-json\/wp\/v2\/product_tag?post=21934"}],"curies":[{"name":"wp","href":"https:\/\/api.w.org\/{rel}","templated":true}]}}