{"id":21933,"date":"2018-08-14T02:00:00","date_gmt":"2018-08-14T00:00:00","guid":{"rendered":"https:\/\/pax.forenteforlag.no\/produkt\/til-krigen-skiller-oss-ad\/"},"modified":"2025-08-27T12:48:43","modified_gmt":"2025-08-27T10:48:43","slug":"til-krigen-skiller-oss-ad","status":"publish","type":"product","link":"https:\/\/staging.forenteforlag.no\/pax\/produkt\/til-krigen-skiller-oss-ad\/","title":{"rendered":"Til krigen skiller oss ad"},"content":{"rendered":"<p>V\u00e5ren 1945: Mens adskilte par kastet seg jublende rundt halsen p\u00e5 hverandre da de ble gjenforent etter krigens slutt, fantes det kvinner som forgjeves gikk ned til havnen i h\u00e5p om \u00e5 ta imot en hjemvendt ektemann, bare for \u00e5 oppdage at han ikke kom hjem, var gift i utlandet, eller at han kom ned landgangen med en ny kone og nye barn.<br \/>\nSjokket for disse kvinnene var desto st\u00f8rre da verken de eller andre i Norge var blitt informert om den nye loven som gjorde noe slikt mulig.<br \/>\nI 1942 hadde den norske eksilregjeringen i London vedtatt en lovendring som i praksis tillot bigami, Lex Nygaardsvold. N\u00e5 kunne menn (for de var som regel menn) f\u00e5 skilsmisse uten samtykke fra sin kone og uten at hun en gang fikk vite at hun var skilt. De fleste av de som s\u00f8kte skilsmisse p\u00e5 denne m\u00e5ten, var menn som \u00f8nsket \u00e5 gifte seg igjen, gjerne fordi de allerede ventet barn med en ny kvinne. Heller ikke dette fikk deres kone vite om.<br \/>\nLoven p\u00e5f\u00f8rte sorg, skam og \u00f8konomiske vanskeligheter for kvinner &#8211; de fleste med barn &#8211; som hadde begrensede muligheter til \u00e5 fors\u00f8rge seg selv i tidens mannsdominerte arbeidsliv. Den ble vedtatt under de eksepsjonelle forutsetningene som krigen skapte &#8211; men kan det alene forsvare et brudd med grunnleggende lovgivningspraksis og alle prinsipper i ekteskapslovgivningen?<\/p>\n","protected":false},"excerpt":{"rendered":"<p>V\u00e5ren 1945: Mens adskilte par kastet seg jublende rundt halsen p\u00e5 hverandre da de ble gjenforent etter krigens slutt, fantes det kvinner som forgjeves gikk ned til havnen i h\u00e5p om \u00e5 ta imot en hjemvendt ektemann, bare for \u00e5 oppdage at han ikke kom hjem, var gift i utlandet, eller at han kom ned [&hellip;]<\/p>\n","protected":false},"featured_media":29315,"template":"","meta":{"_acf_changed":false,"inline_featured_image":false},"product_brand":[],"product_cat":[23],"product_tag":[407,405,470,362,439,567],"class_list":{"0":"post-21933","1":"product","2":"type-product","3":"status-publish","4":"has-post-thumbnail","6":"product_cat-historie","7":"product_tag-1939-1945","8":"product_tag-andre-verdenskrig","9":"product_tag-ekteskap-og-parforhold","10":"product_tag-faglitteratur","11":"product_tag-nord-norge","12":"product_tag-skilsmisse","13":"pa_format-innbundet","15":"first","16":"outofstock","17":"shipping-taxable","18":"purchasable","19":"product-type-simple"},"acf":{"anmeldelse":null},"yoast_head":"<!-- This site is optimized with the Yoast SEO plugin v26.6 - https:\/\/yoast.com\/wordpress\/plugins\/seo\/ -->\n<title>Til krigen skiller oss ad - Pax<\/title>\n<meta name=\"robots\" content=\"noindex, follow, max-snippet:-1, max-image-preview:large, max-video-preview:-1\" \/>\n<meta property=\"og:locale\" content=\"nb_NO\" \/>\n<meta property=\"og:type\" content=\"article\" \/>\n<meta property=\"og:title\" content=\"Til krigen skiller oss ad - Pax\" \/>\n<meta property=\"og:description\" content=\"V\u00e5ren 1945: Mens adskilte par kastet seg jublende rundt halsen p\u00e5 hverandre da de ble gjenforent etter krigens slutt, fantes det kvinner som forgjeves gikk ned til havnen i h\u00e5p om \u00e5 ta imot en hjemvendt ektemann, bare for \u00e5 oppdage at han ikke kom hjem, var gift i utlandet, eller at han kom ned [&hellip;]\" \/>\n<meta property=\"og:url\" content=\"https:\/\/staging.forenteforlag.no\/pax\/produkt\/til-krigen-skiller-oss-ad\/\" \/>\n<meta property=\"og:site_name\" content=\"Pax\" \/>\n<meta property=\"article:modified_time\" content=\"2025-08-27T10:48:43+00:00\" \/>\n<meta property=\"og:image\" content=\"https:\/\/staging.forenteforlag.no\/pax\/wp-content\/uploads\/sites\/5\/2025\/08\/jpg-9596.jpg\" \/>\n\t<meta property=\"og:image:width\" content=\"805\" \/>\n\t<meta property=\"og:image:height\" content=\"1280\" \/>\n\t<meta property=\"og:image:type\" content=\"image\/jpeg\" \/>\n<meta name=\"twitter:card\" content=\"summary_large_image\" \/>\n<meta name=\"twitter:label1\" content=\"Ansl. lesetid\" \/>\n\t<meta name=\"twitter:data1\" content=\"1 minutt\" \/>\n<script type=\"application\/ld+json\" class=\"yoast-schema-graph\">{\"@context\":\"https:\/\/schema.org\",\"@graph\":[{\"@type\":\"WebPage\",\"@id\":\"https:\/\/staging.forenteforlag.no\/pax\/produkt\/til-krigen-skiller-oss-ad\/\",\"url\":\"https:\/\/staging.forenteforlag.no\/pax\/produkt\/til-krigen-skiller-oss-ad\/\",\"name\":\"Til krigen skiller oss ad - Pax\",\"isPartOf\":{\"@id\":\"https:\/\/staging.forenteforlag.no\/pax\/#website\"},\"primaryImageOfPage\":{\"@id\":\"https:\/\/staging.forenteforlag.no\/pax\/produkt\/til-krigen-skiller-oss-ad\/#primaryimage\"},\"image\":{\"@id\":\"https:\/\/staging.forenteforlag.no\/pax\/produkt\/til-krigen-skiller-oss-ad\/#primaryimage\"},\"thumbnailUrl\":\"https:\/\/staging.forenteforlag.no\/pax\/wp-content\/uploads\/sites\/5\/2025\/08\/jpg-9596.jpg\",\"datePublished\":\"2018-08-14T00:00:00+00:00\",\"dateModified\":\"2025-08-27T10:48:43+00:00\",\"breadcrumb\":{\"@id\":\"https:\/\/staging.forenteforlag.no\/pax\/produkt\/til-krigen-skiller-oss-ad\/#breadcrumb\"},\"inLanguage\":\"nb-NO\",\"potentialAction\":[{\"@type\":\"ReadAction\",\"target\":[\"https:\/\/staging.forenteforlag.no\/pax\/produkt\/til-krigen-skiller-oss-ad\/\"]}]},{\"@type\":\"ImageObject\",\"inLanguage\":\"nb-NO\",\"@id\":\"https:\/\/staging.forenteforlag.no\/pax\/produkt\/til-krigen-skiller-oss-ad\/#primaryimage\",\"url\":\"https:\/\/staging.forenteforlag.no\/pax\/wp-content\/uploads\/sites\/5\/2025\/08\/jpg-9596.jpg\",\"contentUrl\":\"https:\/\/staging.forenteforlag.no\/pax\/wp-content\/uploads\/sites\/5\/2025\/08\/jpg-9596.jpg\",\"width\":805,\"height\":1280},{\"@type\":\"BreadcrumbList\",\"@id\":\"https:\/\/staging.forenteforlag.no\/pax\/produkt\/til-krigen-skiller-oss-ad\/#breadcrumb\",\"itemListElement\":[{\"@type\":\"ListItem\",\"position\":1,\"name\":\"Hjem\",\"item\":\"https:\/\/staging.forenteforlag.no\/pax\/\"},{\"@type\":\"ListItem\",\"position\":2,\"name\":\"Alle b\u00f8ker\",\"item\":\"https:\/\/staging.forenteforlag.no\/pax\/butikk\/\"},{\"@type\":\"ListItem\",\"position\":3,\"name\":\"Til krigen skiller oss ad\"}]},{\"@type\":\"WebSite\",\"@id\":\"https:\/\/staging.forenteforlag.no\/pax\/#website\",\"url\":\"https:\/\/staging.forenteforlag.no\/pax\/\",\"name\":\"Pax\",\"description\":\"\",\"potentialAction\":[{\"@type\":\"SearchAction\",\"target\":{\"@type\":\"EntryPoint\",\"urlTemplate\":\"https:\/\/staging.forenteforlag.no\/pax\/?s={search_term_string}\"},\"query-input\":{\"@type\":\"PropertyValueSpecification\",\"valueRequired\":true,\"valueName\":\"search_term_string\"}}],\"inLanguage\":\"nb-NO\"}]}<\/script>\n<!-- \/ Yoast SEO plugin. -->","yoast_head_json":{"title":"Til krigen skiller oss ad - Pax","robots":{"index":"noindex","follow":"follow","max-snippet":"max-snippet:-1","max-image-preview":"max-image-preview:large","max-video-preview":"max-video-preview:-1"},"og_locale":"nb_NO","og_type":"article","og_title":"Til krigen skiller oss ad - Pax","og_description":"V\u00e5ren 1945: Mens adskilte par kastet seg jublende rundt halsen p\u00e5 hverandre da de ble gjenforent etter krigens slutt, fantes det kvinner som forgjeves gikk ned til havnen i h\u00e5p om \u00e5 ta imot en hjemvendt ektemann, bare for \u00e5 oppdage at han ikke kom hjem, var gift i utlandet, eller at han kom ned [&hellip;]","og_url":"https:\/\/staging.forenteforlag.no\/pax\/produkt\/til-krigen-skiller-oss-ad\/","og_site_name":"Pax","article_modified_time":"2025-08-27T10:48:43+00:00","og_image":[{"width":805,"height":1280,"url":"https:\/\/staging.forenteforlag.no\/pax\/wp-content\/uploads\/sites\/5\/2025\/08\/jpg-9596.jpg","type":"image\/jpeg"}],"twitter_card":"summary_large_image","twitter_misc":{"Ansl. lesetid":"1 minutt"},"schema":{"@context":"https:\/\/schema.org","@graph":[{"@type":"WebPage","@id":"https:\/\/staging.forenteforlag.no\/pax\/produkt\/til-krigen-skiller-oss-ad\/","url":"https:\/\/staging.forenteforlag.no\/pax\/produkt\/til-krigen-skiller-oss-ad\/","name":"Til krigen skiller oss ad - Pax","isPartOf":{"@id":"https:\/\/staging.forenteforlag.no\/pax\/#website"},"primaryImageOfPage":{"@id":"https:\/\/staging.forenteforlag.no\/pax\/produkt\/til-krigen-skiller-oss-ad\/#primaryimage"},"image":{"@id":"https:\/\/staging.forenteforlag.no\/pax\/produkt\/til-krigen-skiller-oss-ad\/#primaryimage"},"thumbnailUrl":"https:\/\/staging.forenteforlag.no\/pax\/wp-content\/uploads\/sites\/5\/2025\/08\/jpg-9596.jpg","datePublished":"2018-08-14T00:00:00+00:00","dateModified":"2025-08-27T10:48:43+00:00","breadcrumb":{"@id":"https:\/\/staging.forenteforlag.no\/pax\/produkt\/til-krigen-skiller-oss-ad\/#breadcrumb"},"inLanguage":"nb-NO","potentialAction":[{"@type":"ReadAction","target":["https:\/\/staging.forenteforlag.no\/pax\/produkt\/til-krigen-skiller-oss-ad\/"]}]},{"@type":"ImageObject","inLanguage":"nb-NO","@id":"https:\/\/staging.forenteforlag.no\/pax\/produkt\/til-krigen-skiller-oss-ad\/#primaryimage","url":"https:\/\/staging.forenteforlag.no\/pax\/wp-content\/uploads\/sites\/5\/2025\/08\/jpg-9596.jpg","contentUrl":"https:\/\/staging.forenteforlag.no\/pax\/wp-content\/uploads\/sites\/5\/2025\/08\/jpg-9596.jpg","width":805,"height":1280},{"@type":"BreadcrumbList","@id":"https:\/\/staging.forenteforlag.no\/pax\/produkt\/til-krigen-skiller-oss-ad\/#breadcrumb","itemListElement":[{"@type":"ListItem","position":1,"name":"Hjem","item":"https:\/\/staging.forenteforlag.no\/pax\/"},{"@type":"ListItem","position":2,"name":"Alle b\u00f8ker","item":"https:\/\/staging.forenteforlag.no\/pax\/butikk\/"},{"@type":"ListItem","position":3,"name":"Til krigen skiller oss ad"}]},{"@type":"WebSite","@id":"https:\/\/staging.forenteforlag.no\/pax\/#website","url":"https:\/\/staging.forenteforlag.no\/pax\/","name":"Pax","description":"","potentialAction":[{"@type":"SearchAction","target":{"@type":"EntryPoint","urlTemplate":"https:\/\/staging.forenteforlag.no\/pax\/?s={search_term_string}"},"query-input":{"@type":"PropertyValueSpecification","valueRequired":true,"valueName":"search_term_string"}}],"inLanguage":"nb-NO"}]}},"_links":{"self":[{"href":"https:\/\/staging.forenteforlag.no\/pax\/wp-json\/wp\/v2\/product\/21933","targetHints":{"allow":["GET"]}}],"collection":[{"href":"https:\/\/staging.forenteforlag.no\/pax\/wp-json\/wp\/v2\/product"}],"about":[{"href":"https:\/\/staging.forenteforlag.no\/pax\/wp-json\/wp\/v2\/types\/product"}],"wp:featuredmedia":[{"embeddable":true,"href":"https:\/\/staging.forenteforlag.no\/pax\/wp-json\/wp\/v2\/media\/29315"}],"wp:attachment":[{"href":"https:\/\/staging.forenteforlag.no\/pax\/wp-json\/wp\/v2\/media?parent=21933"}],"wp:term":[{"taxonomy":"product_brand","embeddable":true,"href":"https:\/\/staging.forenteforlag.no\/pax\/wp-json\/wp\/v2\/product_brand?post=21933"},{"taxonomy":"product_cat","embeddable":true,"href":"https:\/\/staging.forenteforlag.no\/pax\/wp-json\/wp\/v2\/product_cat?post=21933"},{"taxonomy":"product_tag","embeddable":true,"href":"https:\/\/staging.forenteforlag.no\/pax\/wp-json\/wp\/v2\/product_tag?post=21933"}],"curies":[{"name":"wp","href":"https:\/\/api.w.org\/{rel}","templated":true}]}}