{"id":21925,"date":"2016-01-15T01:00:00","date_gmt":"2016-01-15T00:00:00","guid":{"rendered":"https:\/\/pax.forenteforlag.no\/produkt\/forsoning\/"},"modified":"2025-08-27T08:27:58","modified_gmt":"2025-08-27T06:27:58","slug":"forsoning","status":"publish","type":"product","link":"https:\/\/staging.forenteforlag.no\/pax\/produkt\/forsoning\/","title":{"rendered":"Forsoning"},"content":{"rendered":"<p>Dagens verden er ridd av konflikter, som i Ukraina, Syria, Libya, Egypt, p\u00e5 Vest-Balkan og i Nord- og S\u00f8r-Kaukasus. Land st\u00e5r mot land, og folkegruppe mot folkegruppe. For \u00e5 f\u00e5 disse samfunnene til \u00e5 fungere igjen, vil det kreves arbeid med gjenoppbygging av relasjoner og tillit &#8211; det trengs forsoning.<br \/>\nMange nordmenn er involvert i freds- og forsoningsarbeid, andre underviser eller er under utdannelse i feltet. For dem finnes det lite annet enn teoretisk litteratur om hvordan forsoningsarbeid kan foreg\u00e5. Denne boken byr kunnskap som bygger p\u00e5 forfatterens direkte, konkrete erfaringer med forsoningsarbeidog er et resultat av konkret arbeid. Den gir en kunnskap nedenfra og opp som inkluderer metoder p\u00e5 tvers av akademiske grenser. Sli blir leseren bedre i stand til \u00e5 forst\u00e5 utfordringer og dilemmaer knyttet til forsoning, hvordan unng\u00e5 \u00e5 gj\u00f8re feil, og hvilken rolle en ekstern kan ha i fredsbyggingen.<\/p>\n","protected":false},"excerpt":{"rendered":"<p>Dagens verden er ridd av konflikter, som i Ukraina, Syria, Libya, Egypt, p\u00e5 Vest-Balkan og i Nord- og S\u00f8r-Kaukasus. Land st\u00e5r mot land, og folkegruppe mot folkegruppe. For \u00e5 f\u00e5 disse samfunnene til \u00e5 fungere igjen, vil det kreves arbeid med gjenoppbygging av relasjoner og tillit &#8211; det trengs forsoning. Mange nordmenn er involvert i [&hellip;]<\/p>\n","protected":false},"featured_media":28165,"template":"","meta":{"_acf_changed":false,"inline_featured_image":false},"product_brand":[],"product_cat":[32],"product_tag":[1681,362,880],"class_list":{"0":"post-21925","1":"product","2":"type-product","3":"status-publish","4":"has-post-thumbnail","6":"product_cat-samfunn-og-politikk","7":"product_tag-etniske-konflikter","8":"product_tag-faglitteratur","9":"product_tag-fredsarbeid","10":"pa_format-innbundet","12":"first","13":"outofstock","14":"shipping-taxable","15":"purchasable","16":"product-type-simple"},"acf":{"anmeldelse":null},"yoast_head":"<!-- This site is optimized with the Yoast SEO plugin v26.6 - https:\/\/yoast.com\/wordpress\/plugins\/seo\/ -->\n<title>Forsoning - Pax<\/title>\n<meta name=\"robots\" content=\"noindex, follow, max-snippet:-1, max-image-preview:large, max-video-preview:-1\" \/>\n<meta property=\"og:locale\" content=\"nb_NO\" \/>\n<meta property=\"og:type\" content=\"article\" \/>\n<meta property=\"og:title\" content=\"Forsoning - Pax\" \/>\n<meta property=\"og:description\" content=\"Dagens verden er ridd av konflikter, som i Ukraina, Syria, Libya, Egypt, p\u00e5 Vest-Balkan og i Nord- og S\u00f8r-Kaukasus. Land st\u00e5r mot land, og folkegruppe mot folkegruppe. For \u00e5 f\u00e5 disse samfunnene til \u00e5 fungere igjen, vil det kreves arbeid med gjenoppbygging av relasjoner og tillit &#8211; det trengs forsoning. Mange nordmenn er involvert i [&hellip;]\" \/>\n<meta property=\"og:url\" content=\"https:\/\/staging.forenteforlag.no\/pax\/produkt\/forsoning\/\" \/>\n<meta property=\"og:site_name\" content=\"Pax\" \/>\n<meta property=\"article:modified_time\" content=\"2025-08-27T06:27:58+00:00\" \/>\n<meta property=\"og:image\" content=\"https:\/\/staging.forenteforlag.no\/pax\/wp-content\/uploads\/sites\/5\/2025\/08\/jpg-6166-scaled-1-scaled.jpg\" \/>\n\t<meta property=\"og:image:width\" content=\"1363\" \/>\n\t<meta property=\"og:image:height\" content=\"1920\" \/>\n\t<meta property=\"og:image:type\" content=\"image\/jpeg\" \/>\n<meta name=\"twitter:card\" content=\"summary_large_image\" \/>\n<meta name=\"twitter:label1\" content=\"Ansl. lesetid\" \/>\n\t<meta name=\"twitter:data1\" content=\"1 minutt\" \/>\n<script type=\"application\/ld+json\" class=\"yoast-schema-graph\">{\"@context\":\"https:\/\/schema.org\",\"@graph\":[{\"@type\":\"WebPage\",\"@id\":\"https:\/\/staging.forenteforlag.no\/pax\/produkt\/forsoning\/\",\"url\":\"https:\/\/staging.forenteforlag.no\/pax\/produkt\/forsoning\/\",\"name\":\"Forsoning - Pax\",\"isPartOf\":{\"@id\":\"https:\/\/staging.forenteforlag.no\/pax\/#website\"},\"primaryImageOfPage\":{\"@id\":\"https:\/\/staging.forenteforlag.no\/pax\/produkt\/forsoning\/#primaryimage\"},\"image\":{\"@id\":\"https:\/\/staging.forenteforlag.no\/pax\/produkt\/forsoning\/#primaryimage\"},\"thumbnailUrl\":\"https:\/\/staging.forenteforlag.no\/pax\/wp-content\/uploads\/sites\/5\/2025\/08\/jpg-6166-scaled-1-scaled.jpg\",\"datePublished\":\"2016-01-15T00:00:00+00:00\",\"dateModified\":\"2025-08-27T06:27:58+00:00\",\"breadcrumb\":{\"@id\":\"https:\/\/staging.forenteforlag.no\/pax\/produkt\/forsoning\/#breadcrumb\"},\"inLanguage\":\"nb-NO\",\"potentialAction\":[{\"@type\":\"ReadAction\",\"target\":[\"https:\/\/staging.forenteforlag.no\/pax\/produkt\/forsoning\/\"]}]},{\"@type\":\"ImageObject\",\"inLanguage\":\"nb-NO\",\"@id\":\"https:\/\/staging.forenteforlag.no\/pax\/produkt\/forsoning\/#primaryimage\",\"url\":\"https:\/\/staging.forenteforlag.no\/pax\/wp-content\/uploads\/sites\/5\/2025\/08\/jpg-6166-scaled-1-scaled.jpg\",\"contentUrl\":\"https:\/\/staging.forenteforlag.no\/pax\/wp-content\/uploads\/sites\/5\/2025\/08\/jpg-6166-scaled-1-scaled.jpg\",\"width\":1363,\"height\":1920},{\"@type\":\"BreadcrumbList\",\"@id\":\"https:\/\/staging.forenteforlag.no\/pax\/produkt\/forsoning\/#breadcrumb\",\"itemListElement\":[{\"@type\":\"ListItem\",\"position\":1,\"name\":\"Hjem\",\"item\":\"https:\/\/staging.forenteforlag.no\/pax\/\"},{\"@type\":\"ListItem\",\"position\":2,\"name\":\"Alle b\u00f8ker\",\"item\":\"https:\/\/staging.forenteforlag.no\/pax\/butikk\/\"},{\"@type\":\"ListItem\",\"position\":3,\"name\":\"Forsoning\"}]},{\"@type\":\"WebSite\",\"@id\":\"https:\/\/staging.forenteforlag.no\/pax\/#website\",\"url\":\"https:\/\/staging.forenteforlag.no\/pax\/\",\"name\":\"Pax\",\"description\":\"\",\"potentialAction\":[{\"@type\":\"SearchAction\",\"target\":{\"@type\":\"EntryPoint\",\"urlTemplate\":\"https:\/\/staging.forenteforlag.no\/pax\/?s={search_term_string}\"},\"query-input\":{\"@type\":\"PropertyValueSpecification\",\"valueRequired\":true,\"valueName\":\"search_term_string\"}}],\"inLanguage\":\"nb-NO\"}]}<\/script>\n<!-- \/ Yoast SEO plugin. -->","yoast_head_json":{"title":"Forsoning - Pax","robots":{"index":"noindex","follow":"follow","max-snippet":"max-snippet:-1","max-image-preview":"max-image-preview:large","max-video-preview":"max-video-preview:-1"},"og_locale":"nb_NO","og_type":"article","og_title":"Forsoning - Pax","og_description":"Dagens verden er ridd av konflikter, som i Ukraina, Syria, Libya, Egypt, p\u00e5 Vest-Balkan og i Nord- og S\u00f8r-Kaukasus. Land st\u00e5r mot land, og folkegruppe mot folkegruppe. For \u00e5 f\u00e5 disse samfunnene til \u00e5 fungere igjen, vil det kreves arbeid med gjenoppbygging av relasjoner og tillit &#8211; det trengs forsoning. Mange nordmenn er involvert i [&hellip;]","og_url":"https:\/\/staging.forenteforlag.no\/pax\/produkt\/forsoning\/","og_site_name":"Pax","article_modified_time":"2025-08-27T06:27:58+00:00","og_image":[{"width":1363,"height":1920,"url":"https:\/\/staging.forenteforlag.no\/pax\/wp-content\/uploads\/sites\/5\/2025\/08\/jpg-6166-scaled-1-scaled.jpg","type":"image\/jpeg"}],"twitter_card":"summary_large_image","twitter_misc":{"Ansl. lesetid":"1 minutt"},"schema":{"@context":"https:\/\/schema.org","@graph":[{"@type":"WebPage","@id":"https:\/\/staging.forenteforlag.no\/pax\/produkt\/forsoning\/","url":"https:\/\/staging.forenteforlag.no\/pax\/produkt\/forsoning\/","name":"Forsoning - Pax","isPartOf":{"@id":"https:\/\/staging.forenteforlag.no\/pax\/#website"},"primaryImageOfPage":{"@id":"https:\/\/staging.forenteforlag.no\/pax\/produkt\/forsoning\/#primaryimage"},"image":{"@id":"https:\/\/staging.forenteforlag.no\/pax\/produkt\/forsoning\/#primaryimage"},"thumbnailUrl":"https:\/\/staging.forenteforlag.no\/pax\/wp-content\/uploads\/sites\/5\/2025\/08\/jpg-6166-scaled-1-scaled.jpg","datePublished":"2016-01-15T00:00:00+00:00","dateModified":"2025-08-27T06:27:58+00:00","breadcrumb":{"@id":"https:\/\/staging.forenteforlag.no\/pax\/produkt\/forsoning\/#breadcrumb"},"inLanguage":"nb-NO","potentialAction":[{"@type":"ReadAction","target":["https:\/\/staging.forenteforlag.no\/pax\/produkt\/forsoning\/"]}]},{"@type":"ImageObject","inLanguage":"nb-NO","@id":"https:\/\/staging.forenteforlag.no\/pax\/produkt\/forsoning\/#primaryimage","url":"https:\/\/staging.forenteforlag.no\/pax\/wp-content\/uploads\/sites\/5\/2025\/08\/jpg-6166-scaled-1-scaled.jpg","contentUrl":"https:\/\/staging.forenteforlag.no\/pax\/wp-content\/uploads\/sites\/5\/2025\/08\/jpg-6166-scaled-1-scaled.jpg","width":1363,"height":1920},{"@type":"BreadcrumbList","@id":"https:\/\/staging.forenteforlag.no\/pax\/produkt\/forsoning\/#breadcrumb","itemListElement":[{"@type":"ListItem","position":1,"name":"Hjem","item":"https:\/\/staging.forenteforlag.no\/pax\/"},{"@type":"ListItem","position":2,"name":"Alle b\u00f8ker","item":"https:\/\/staging.forenteforlag.no\/pax\/butikk\/"},{"@type":"ListItem","position":3,"name":"Forsoning"}]},{"@type":"WebSite","@id":"https:\/\/staging.forenteforlag.no\/pax\/#website","url":"https:\/\/staging.forenteforlag.no\/pax\/","name":"Pax","description":"","potentialAction":[{"@type":"SearchAction","target":{"@type":"EntryPoint","urlTemplate":"https:\/\/staging.forenteforlag.no\/pax\/?s={search_term_string}"},"query-input":{"@type":"PropertyValueSpecification","valueRequired":true,"valueName":"search_term_string"}}],"inLanguage":"nb-NO"}]}},"_links":{"self":[{"href":"https:\/\/staging.forenteforlag.no\/pax\/wp-json\/wp\/v2\/product\/21925","targetHints":{"allow":["GET"]}}],"collection":[{"href":"https:\/\/staging.forenteforlag.no\/pax\/wp-json\/wp\/v2\/product"}],"about":[{"href":"https:\/\/staging.forenteforlag.no\/pax\/wp-json\/wp\/v2\/types\/product"}],"wp:featuredmedia":[{"embeddable":true,"href":"https:\/\/staging.forenteforlag.no\/pax\/wp-json\/wp\/v2\/media\/28165"}],"wp:attachment":[{"href":"https:\/\/staging.forenteforlag.no\/pax\/wp-json\/wp\/v2\/media?parent=21925"}],"wp:term":[{"taxonomy":"product_brand","embeddable":true,"href":"https:\/\/staging.forenteforlag.no\/pax\/wp-json\/wp\/v2\/product_brand?post=21925"},{"taxonomy":"product_cat","embeddable":true,"href":"https:\/\/staging.forenteforlag.no\/pax\/wp-json\/wp\/v2\/product_cat?post=21925"},{"taxonomy":"product_tag","embeddable":true,"href":"https:\/\/staging.forenteforlag.no\/pax\/wp-json\/wp\/v2\/product_tag?post=21925"}],"curies":[{"name":"wp","href":"https:\/\/api.w.org\/{rel}","templated":true}]}}