{"id":21924,"date":"2017-04-19T02:00:00","date_gmt":"2017-04-19T00:00:00","guid":{"rendered":"https:\/\/pax.forenteforlag.no\/produkt\/piken-fra-europa\/"},"modified":"2025-08-27T08:45:07","modified_gmt":"2025-08-27T06:45:07","slug":"piken-fra-europa","status":"publish","type":"product","link":"https:\/\/staging.forenteforlag.no\/pax\/produkt\/piken-fra-europa\/","title":{"rendered":"Piken fra Europa"},"content":{"rendered":"<p>Piken fra Europa er en fascinerende generasjonsfortelling som beveger seg fra Prahas slott og restaurantliv sent p\u00e5 1800-tallet, via Gestapos fengsel i Berlin under andre verdenskrig, for til slutt \u00e5 ende i Norge. Familien Grafs historie er flettet inn i noen av de mest sentrale hendelsene fra 1900-tallet, der s\u00e6rlig motstandsarbeidet til den nasjonalsosialistiske utbrytergruppen Schwarze Front bringer familien inn i begivenhetenes sentrum.  <\/p>\n<p>Rett f\u00f8r jernteppet faller etter krigen, og skiller \u00f8st og vest i Europa, forlater den 18 \u00e5r gamle Handula Tsjekkoslovakia for \u00e5 studere. Hun velger \u00e5 bli i Norge, og etablerer seg med familie og karriere som lektor p\u00e5 Lillehammer gymnas. Ved \u00e5 n\u00f8ste opp historien hennes og familiens hemmeligheter, fortelles en historie om flukt og gjestfrihet og overlevelse &#8211; og gir et s\u00e6regent stemningsfullt bilde av Europas varme og kalde kriger.  <\/p>\n","protected":false},"excerpt":{"rendered":"<p>Piken fra Europa er en fascinerende generasjonsfortelling som beveger seg fra Prahas slott og restaurantliv sent p\u00e5 1800-tallet, via Gestapos fengsel i Berlin under andre verdenskrig, for til slutt \u00e5 ende i Norge. Familien Grafs historie er flettet inn i noen av de mest sentrale hendelsene fra 1900-tallet, der s\u00e6rlig motstandsarbeidet til den nasjonalsosialistiske utbrytergruppen [&hellip;]<\/p>\n","protected":false},"featured_media":28271,"template":"","meta":{"_acf_changed":false,"inline_featured_image":false},"product_brand":[],"product_cat":[23],"product_tag":[441,607,568,362,439,911,417,1153],"class_list":{"0":"post-21924","1":"product","2":"type-product","3":"status-publish","4":"has-post-thumbnail","6":"product_cat-historie","7":"product_tag-1900-tallet","8":"product_tag-bedriftshistorie","9":"product_tag-bonusfamilie","10":"product_tag-faglitteratur","11":"product_tag-nord-norge","12":"product_tag-ost-tyskland","13":"product_tag-selvbiografier","14":"product_tag-tsjekkoslovakia","15":"pa_format-innbundet","17":"first","18":"outofstock","19":"shipping-taxable","20":"purchasable","21":"product-type-simple"},"acf":{"anmeldelse":null},"yoast_head":"<!-- This site is optimized with the Yoast SEO plugin v26.6 - https:\/\/yoast.com\/wordpress\/plugins\/seo\/ -->\n<title>Piken fra Europa - Pax<\/title>\n<meta name=\"robots\" content=\"noindex, follow, max-snippet:-1, max-image-preview:large, max-video-preview:-1\" \/>\n<meta property=\"og:locale\" content=\"nb_NO\" \/>\n<meta property=\"og:type\" content=\"article\" \/>\n<meta property=\"og:title\" content=\"Piken fra Europa - Pax\" \/>\n<meta property=\"og:description\" content=\"Piken fra Europa er en fascinerende generasjonsfortelling som beveger seg fra Prahas slott og restaurantliv sent p\u00e5 1800-tallet, via Gestapos fengsel i Berlin under andre verdenskrig, for til slutt \u00e5 ende i Norge. Familien Grafs historie er flettet inn i noen av de mest sentrale hendelsene fra 1900-tallet, der s\u00e6rlig motstandsarbeidet til den nasjonalsosialistiske utbrytergruppen [&hellip;]\" \/>\n<meta property=\"og:url\" content=\"https:\/\/staging.forenteforlag.no\/pax\/produkt\/piken-fra-europa\/\" \/>\n<meta property=\"og:site_name\" content=\"Pax\" \/>\n<meta property=\"article:modified_time\" content=\"2025-08-27T06:45:07+00:00\" \/>\n<meta property=\"og:image\" content=\"https:\/\/staging.forenteforlag.no\/pax\/wp-content\/uploads\/sites\/5\/2025\/08\/jpg-6454-scaled-1-scaled.jpg\" \/>\n\t<meta property=\"og:image:width\" content=\"1359\" \/>\n\t<meta property=\"og:image:height\" content=\"1920\" \/>\n\t<meta property=\"og:image:type\" content=\"image\/jpeg\" \/>\n<meta name=\"twitter:card\" content=\"summary_large_image\" \/>\n<meta name=\"twitter:label1\" content=\"Ansl. lesetid\" \/>\n\t<meta name=\"twitter:data1\" content=\"1 minutt\" \/>\n<script type=\"application\/ld+json\" class=\"yoast-schema-graph\">{\"@context\":\"https:\/\/schema.org\",\"@graph\":[{\"@type\":\"WebPage\",\"@id\":\"https:\/\/staging.forenteforlag.no\/pax\/produkt\/piken-fra-europa\/\",\"url\":\"https:\/\/staging.forenteforlag.no\/pax\/produkt\/piken-fra-europa\/\",\"name\":\"Piken fra Europa - Pax\",\"isPartOf\":{\"@id\":\"https:\/\/staging.forenteforlag.no\/pax\/#website\"},\"primaryImageOfPage\":{\"@id\":\"https:\/\/staging.forenteforlag.no\/pax\/produkt\/piken-fra-europa\/#primaryimage\"},\"image\":{\"@id\":\"https:\/\/staging.forenteforlag.no\/pax\/produkt\/piken-fra-europa\/#primaryimage\"},\"thumbnailUrl\":\"https:\/\/staging.forenteforlag.no\/pax\/wp-content\/uploads\/sites\/5\/2025\/08\/jpg-6454-scaled-1-scaled.jpg\",\"datePublished\":\"2017-04-19T00:00:00+00:00\",\"dateModified\":\"2025-08-27T06:45:07+00:00\",\"breadcrumb\":{\"@id\":\"https:\/\/staging.forenteforlag.no\/pax\/produkt\/piken-fra-europa\/#breadcrumb\"},\"inLanguage\":\"nb-NO\",\"potentialAction\":[{\"@type\":\"ReadAction\",\"target\":[\"https:\/\/staging.forenteforlag.no\/pax\/produkt\/piken-fra-europa\/\"]}]},{\"@type\":\"ImageObject\",\"inLanguage\":\"nb-NO\",\"@id\":\"https:\/\/staging.forenteforlag.no\/pax\/produkt\/piken-fra-europa\/#primaryimage\",\"url\":\"https:\/\/staging.forenteforlag.no\/pax\/wp-content\/uploads\/sites\/5\/2025\/08\/jpg-6454-scaled-1-scaled.jpg\",\"contentUrl\":\"https:\/\/staging.forenteforlag.no\/pax\/wp-content\/uploads\/sites\/5\/2025\/08\/jpg-6454-scaled-1-scaled.jpg\",\"width\":1359,\"height\":1920},{\"@type\":\"BreadcrumbList\",\"@id\":\"https:\/\/staging.forenteforlag.no\/pax\/produkt\/piken-fra-europa\/#breadcrumb\",\"itemListElement\":[{\"@type\":\"ListItem\",\"position\":1,\"name\":\"Hjem\",\"item\":\"https:\/\/staging.forenteforlag.no\/pax\/\"},{\"@type\":\"ListItem\",\"position\":2,\"name\":\"Alle b\u00f8ker\",\"item\":\"https:\/\/staging.forenteforlag.no\/pax\/butikk\/\"},{\"@type\":\"ListItem\",\"position\":3,\"name\":\"Piken fra Europa\"}]},{\"@type\":\"WebSite\",\"@id\":\"https:\/\/staging.forenteforlag.no\/pax\/#website\",\"url\":\"https:\/\/staging.forenteforlag.no\/pax\/\",\"name\":\"Pax\",\"description\":\"\",\"potentialAction\":[{\"@type\":\"SearchAction\",\"target\":{\"@type\":\"EntryPoint\",\"urlTemplate\":\"https:\/\/staging.forenteforlag.no\/pax\/?s={search_term_string}\"},\"query-input\":{\"@type\":\"PropertyValueSpecification\",\"valueRequired\":true,\"valueName\":\"search_term_string\"}}],\"inLanguage\":\"nb-NO\"}]}<\/script>\n<!-- \/ Yoast SEO plugin. -->","yoast_head_json":{"title":"Piken fra Europa - Pax","robots":{"index":"noindex","follow":"follow","max-snippet":"max-snippet:-1","max-image-preview":"max-image-preview:large","max-video-preview":"max-video-preview:-1"},"og_locale":"nb_NO","og_type":"article","og_title":"Piken fra Europa - Pax","og_description":"Piken fra Europa er en fascinerende generasjonsfortelling som beveger seg fra Prahas slott og restaurantliv sent p\u00e5 1800-tallet, via Gestapos fengsel i Berlin under andre verdenskrig, for til slutt \u00e5 ende i Norge. Familien Grafs historie er flettet inn i noen av de mest sentrale hendelsene fra 1900-tallet, der s\u00e6rlig motstandsarbeidet til den nasjonalsosialistiske utbrytergruppen [&hellip;]","og_url":"https:\/\/staging.forenteforlag.no\/pax\/produkt\/piken-fra-europa\/","og_site_name":"Pax","article_modified_time":"2025-08-27T06:45:07+00:00","og_image":[{"width":1359,"height":1920,"url":"https:\/\/staging.forenteforlag.no\/pax\/wp-content\/uploads\/sites\/5\/2025\/08\/jpg-6454-scaled-1-scaled.jpg","type":"image\/jpeg"}],"twitter_card":"summary_large_image","twitter_misc":{"Ansl. lesetid":"1 minutt"},"schema":{"@context":"https:\/\/schema.org","@graph":[{"@type":"WebPage","@id":"https:\/\/staging.forenteforlag.no\/pax\/produkt\/piken-fra-europa\/","url":"https:\/\/staging.forenteforlag.no\/pax\/produkt\/piken-fra-europa\/","name":"Piken fra Europa - Pax","isPartOf":{"@id":"https:\/\/staging.forenteforlag.no\/pax\/#website"},"primaryImageOfPage":{"@id":"https:\/\/staging.forenteforlag.no\/pax\/produkt\/piken-fra-europa\/#primaryimage"},"image":{"@id":"https:\/\/staging.forenteforlag.no\/pax\/produkt\/piken-fra-europa\/#primaryimage"},"thumbnailUrl":"https:\/\/staging.forenteforlag.no\/pax\/wp-content\/uploads\/sites\/5\/2025\/08\/jpg-6454-scaled-1-scaled.jpg","datePublished":"2017-04-19T00:00:00+00:00","dateModified":"2025-08-27T06:45:07+00:00","breadcrumb":{"@id":"https:\/\/staging.forenteforlag.no\/pax\/produkt\/piken-fra-europa\/#breadcrumb"},"inLanguage":"nb-NO","potentialAction":[{"@type":"ReadAction","target":["https:\/\/staging.forenteforlag.no\/pax\/produkt\/piken-fra-europa\/"]}]},{"@type":"ImageObject","inLanguage":"nb-NO","@id":"https:\/\/staging.forenteforlag.no\/pax\/produkt\/piken-fra-europa\/#primaryimage","url":"https:\/\/staging.forenteforlag.no\/pax\/wp-content\/uploads\/sites\/5\/2025\/08\/jpg-6454-scaled-1-scaled.jpg","contentUrl":"https:\/\/staging.forenteforlag.no\/pax\/wp-content\/uploads\/sites\/5\/2025\/08\/jpg-6454-scaled-1-scaled.jpg","width":1359,"height":1920},{"@type":"BreadcrumbList","@id":"https:\/\/staging.forenteforlag.no\/pax\/produkt\/piken-fra-europa\/#breadcrumb","itemListElement":[{"@type":"ListItem","position":1,"name":"Hjem","item":"https:\/\/staging.forenteforlag.no\/pax\/"},{"@type":"ListItem","position":2,"name":"Alle b\u00f8ker","item":"https:\/\/staging.forenteforlag.no\/pax\/butikk\/"},{"@type":"ListItem","position":3,"name":"Piken fra Europa"}]},{"@type":"WebSite","@id":"https:\/\/staging.forenteforlag.no\/pax\/#website","url":"https:\/\/staging.forenteforlag.no\/pax\/","name":"Pax","description":"","potentialAction":[{"@type":"SearchAction","target":{"@type":"EntryPoint","urlTemplate":"https:\/\/staging.forenteforlag.no\/pax\/?s={search_term_string}"},"query-input":{"@type":"PropertyValueSpecification","valueRequired":true,"valueName":"search_term_string"}}],"inLanguage":"nb-NO"}]}},"_links":{"self":[{"href":"https:\/\/staging.forenteforlag.no\/pax\/wp-json\/wp\/v2\/product\/21924","targetHints":{"allow":["GET"]}}],"collection":[{"href":"https:\/\/staging.forenteforlag.no\/pax\/wp-json\/wp\/v2\/product"}],"about":[{"href":"https:\/\/staging.forenteforlag.no\/pax\/wp-json\/wp\/v2\/types\/product"}],"wp:featuredmedia":[{"embeddable":true,"href":"https:\/\/staging.forenteforlag.no\/pax\/wp-json\/wp\/v2\/media\/28271"}],"wp:attachment":[{"href":"https:\/\/staging.forenteforlag.no\/pax\/wp-json\/wp\/v2\/media?parent=21924"}],"wp:term":[{"taxonomy":"product_brand","embeddable":true,"href":"https:\/\/staging.forenteforlag.no\/pax\/wp-json\/wp\/v2\/product_brand?post=21924"},{"taxonomy":"product_cat","embeddable":true,"href":"https:\/\/staging.forenteforlag.no\/pax\/wp-json\/wp\/v2\/product_cat?post=21924"},{"taxonomy":"product_tag","embeddable":true,"href":"https:\/\/staging.forenteforlag.no\/pax\/wp-json\/wp\/v2\/product_tag?post=21924"}],"curies":[{"name":"wp","href":"https:\/\/api.w.org\/{rel}","templated":true}]}}