{"id":21882,"date":"2024-12-10T21:58:29","date_gmt":"2024-12-10T20:58:29","guid":{"rendered":"https:\/\/pax.forenteforlag.no\/produkt\/faengsel-og-fortvilelse\/"},"modified":"2026-03-04T21:15:41","modified_gmt":"2026-03-04T20:15:41","slug":"faengsel-og-fortvilelse","status":"publish","type":"product","link":"https:\/\/staging.forenteforlag.no\/pax\/produkt\/faengsel-og-fortvilelse\/","title":{"rendered":"F\u00e6ngsel og fortvilelse"},"content":{"rendered":"<p>Dette er tredje og siste bind i Hans J\u00e6gers selvbiografiske og selvutleverende trilogi om bohemenes erotiske bekjennelser, Syk Kj\u00e6rlihet, Bekjendelser og F\u00e6ngsel og Fortvilelse, som kretser om trekantforholdet mellom Hans J\u00e6ger, Christian Krogh og den tilbedte Oda Krogh. Da Syk Kj\u00e6rlihet kom ut i 1893 ble den \u00f8yeblikkelig forbudt over hele Skandinavia. For \u00e5 unng\u00e5 sensuren ble de neste to bindene, Bekjendelser og F\u00e6ngsel og Fortvilelse, trykket i 250 nummererte eksemplarer i Frankrike. Men ogs\u00e5 de ble beslaglagt da de kom ut i 1902 og 1903.     Hans J\u00e6ger (1854-1910) var forfatter, anarkist og bohemkonge. Han ble et forbilde for mange, blant annet Edvard Munch, August Strindberg og Jens Bj\u00f8rneboe.<\/p>\n","protected":false},"excerpt":{"rendered":"<p>Dette er tredje og siste bind i Hans J\u00e6gers selvbiografiske og selvutleverende trilogi om bohemenes erotiske bekjennelser, Syk Kj\u00e6rlihet, Bekjendelser og F\u00e6ngsel og Fortvilelse, som kretser om trekantforholdet mellom Hans J\u00e6ger, Christian Krogh og den tilbedte Oda Krogh. Da Syk Kj\u00e6rlihet kom ut i 1893 ble den \u00f8yeblikkelig forbudt over hele Skandinavia. For \u00e5 unng\u00e5 [&hellip;]<\/p>\n","protected":false},"featured_media":29317,"template":"","meta":{"_acf_changed":false,"inline_featured_image":false},"product_brand":[],"product_cat":[1782],"product_tag":[453,368,1148,1095,528,377,956,370],"class_list":{"0":"post-21882","1":"product","2":"type-product","3":"status-publish","4":"has-post-thumbnail","6":"product_cat-fripris","7":"product_tag-1850-1899","8":"product_tag-biografisk-litteratur","9":"product_tag-erotikk","10":"product_tag-grafiske-romaner","11":"product_tag-kunstnermiljoer","12":"product_tag-oslo","13":"product_tag-seksualitet","14":"product_tag-skjonnlitteratur","16":"first","17":"outofstock","18":"taxable","19":"shipping-taxable","20":"purchasable","21":"product-type-simple"},"acf":{"anmeldelse":null},"yoast_head":"<!-- This site is optimized with the Yoast SEO plugin v26.6 - https:\/\/yoast.com\/wordpress\/plugins\/seo\/ -->\n<title>F\u00e6ngsel og fortvilelse - Pax<\/title>\n<meta name=\"robots\" content=\"noindex, follow, max-snippet:-1, max-image-preview:large, max-video-preview:-1\" \/>\n<meta property=\"og:locale\" content=\"nb_NO\" \/>\n<meta property=\"og:type\" content=\"article\" \/>\n<meta property=\"og:title\" content=\"F\u00e6ngsel og fortvilelse - Pax\" \/>\n<meta property=\"og:description\" content=\"Dette er tredje og siste bind i Hans J\u00e6gers selvbiografiske og selvutleverende trilogi om bohemenes erotiske bekjennelser, Syk Kj\u00e6rlihet, Bekjendelser og F\u00e6ngsel og Fortvilelse, som kretser om trekantforholdet mellom Hans J\u00e6ger, Christian Krogh og den tilbedte Oda Krogh. Da Syk Kj\u00e6rlihet kom ut i 1893 ble den \u00f8yeblikkelig forbudt over hele Skandinavia. For \u00e5 unng\u00e5 [&hellip;]\" \/>\n<meta property=\"og:url\" content=\"https:\/\/staging.forenteforlag.no\/pax\/produkt\/faengsel-og-fortvilelse\/\" \/>\n<meta property=\"og:site_name\" content=\"Pax\" \/>\n<meta property=\"article:modified_time\" content=\"2026-03-04T20:15:41+00:00\" \/>\n<meta property=\"og:image\" content=\"https:\/\/staging.forenteforlag.no\/pax\/wp-content\/uploads\/sites\/5\/2025\/08\/jpg-9597.jpg\" \/>\n\t<meta property=\"og:image:width\" content=\"272\" \/>\n\t<meta property=\"og:image:height\" content=\"449\" \/>\n\t<meta property=\"og:image:type\" content=\"image\/jpeg\" \/>\n<meta name=\"twitter:card\" content=\"summary_large_image\" \/>\n<meta name=\"twitter:label1\" content=\"Ansl. lesetid\" \/>\n\t<meta name=\"twitter:data1\" content=\"1 minutt\" \/>\n<script type=\"application\/ld+json\" class=\"yoast-schema-graph\">{\"@context\":\"https:\/\/schema.org\",\"@graph\":[{\"@type\":\"WebPage\",\"@id\":\"https:\/\/staging.forenteforlag.no\/pax\/produkt\/faengsel-og-fortvilelse\/\",\"url\":\"https:\/\/staging.forenteforlag.no\/pax\/produkt\/faengsel-og-fortvilelse\/\",\"name\":\"F\u00e6ngsel og fortvilelse - Pax\",\"isPartOf\":{\"@id\":\"https:\/\/staging.forenteforlag.no\/pax\/#website\"},\"primaryImageOfPage\":{\"@id\":\"https:\/\/staging.forenteforlag.no\/pax\/produkt\/faengsel-og-fortvilelse\/#primaryimage\"},\"image\":{\"@id\":\"https:\/\/staging.forenteforlag.no\/pax\/produkt\/faengsel-og-fortvilelse\/#primaryimage\"},\"thumbnailUrl\":\"https:\/\/staging.forenteforlag.no\/pax\/wp-content\/uploads\/sites\/5\/2025\/08\/jpg-9597.jpg\",\"datePublished\":\"2024-12-10T20:58:29+00:00\",\"dateModified\":\"2026-03-04T20:15:41+00:00\",\"breadcrumb\":{\"@id\":\"https:\/\/staging.forenteforlag.no\/pax\/produkt\/faengsel-og-fortvilelse\/#breadcrumb\"},\"inLanguage\":\"nb-NO\",\"potentialAction\":[{\"@type\":\"ReadAction\",\"target\":[\"https:\/\/staging.forenteforlag.no\/pax\/produkt\/faengsel-og-fortvilelse\/\"]}]},{\"@type\":\"ImageObject\",\"inLanguage\":\"nb-NO\",\"@id\":\"https:\/\/staging.forenteforlag.no\/pax\/produkt\/faengsel-og-fortvilelse\/#primaryimage\",\"url\":\"https:\/\/staging.forenteforlag.no\/pax\/wp-content\/uploads\/sites\/5\/2025\/08\/jpg-9597.jpg\",\"contentUrl\":\"https:\/\/staging.forenteforlag.no\/pax\/wp-content\/uploads\/sites\/5\/2025\/08\/jpg-9597.jpg\",\"width\":272,\"height\":449},{\"@type\":\"BreadcrumbList\",\"@id\":\"https:\/\/staging.forenteforlag.no\/pax\/produkt\/faengsel-og-fortvilelse\/#breadcrumb\",\"itemListElement\":[{\"@type\":\"ListItem\",\"position\":1,\"name\":\"Hjem\",\"item\":\"https:\/\/staging.forenteforlag.no\/pax\/\"},{\"@type\":\"ListItem\",\"position\":2,\"name\":\"Alle b\u00f8ker\",\"item\":\"https:\/\/staging.forenteforlag.no\/pax\/butikk\/\"},{\"@type\":\"ListItem\",\"position\":3,\"name\":\"F\u00e6ngsel og fortvilelse\"}]},{\"@type\":\"WebSite\",\"@id\":\"https:\/\/staging.forenteforlag.no\/pax\/#website\",\"url\":\"https:\/\/staging.forenteforlag.no\/pax\/\",\"name\":\"Pax\",\"description\":\"\",\"potentialAction\":[{\"@type\":\"SearchAction\",\"target\":{\"@type\":\"EntryPoint\",\"urlTemplate\":\"https:\/\/staging.forenteforlag.no\/pax\/?s={search_term_string}\"},\"query-input\":{\"@type\":\"PropertyValueSpecification\",\"valueRequired\":true,\"valueName\":\"search_term_string\"}}],\"inLanguage\":\"nb-NO\"}]}<\/script>\n<!-- \/ Yoast SEO plugin. -->","yoast_head_json":{"title":"F\u00e6ngsel og fortvilelse - Pax","robots":{"index":"noindex","follow":"follow","max-snippet":"max-snippet:-1","max-image-preview":"max-image-preview:large","max-video-preview":"max-video-preview:-1"},"og_locale":"nb_NO","og_type":"article","og_title":"F\u00e6ngsel og fortvilelse - Pax","og_description":"Dette er tredje og siste bind i Hans J\u00e6gers selvbiografiske og selvutleverende trilogi om bohemenes erotiske bekjennelser, Syk Kj\u00e6rlihet, Bekjendelser og F\u00e6ngsel og Fortvilelse, som kretser om trekantforholdet mellom Hans J\u00e6ger, Christian Krogh og den tilbedte Oda Krogh. Da Syk Kj\u00e6rlihet kom ut i 1893 ble den \u00f8yeblikkelig forbudt over hele Skandinavia. For \u00e5 unng\u00e5 [&hellip;]","og_url":"https:\/\/staging.forenteforlag.no\/pax\/produkt\/faengsel-og-fortvilelse\/","og_site_name":"Pax","article_modified_time":"2026-03-04T20:15:41+00:00","og_image":[{"width":272,"height":449,"url":"https:\/\/staging.forenteforlag.no\/pax\/wp-content\/uploads\/sites\/5\/2025\/08\/jpg-9597.jpg","type":"image\/jpeg"}],"twitter_card":"summary_large_image","twitter_misc":{"Ansl. lesetid":"1 minutt"},"schema":{"@context":"https:\/\/schema.org","@graph":[{"@type":"WebPage","@id":"https:\/\/staging.forenteforlag.no\/pax\/produkt\/faengsel-og-fortvilelse\/","url":"https:\/\/staging.forenteforlag.no\/pax\/produkt\/faengsel-og-fortvilelse\/","name":"F\u00e6ngsel og fortvilelse - Pax","isPartOf":{"@id":"https:\/\/staging.forenteforlag.no\/pax\/#website"},"primaryImageOfPage":{"@id":"https:\/\/staging.forenteforlag.no\/pax\/produkt\/faengsel-og-fortvilelse\/#primaryimage"},"image":{"@id":"https:\/\/staging.forenteforlag.no\/pax\/produkt\/faengsel-og-fortvilelse\/#primaryimage"},"thumbnailUrl":"https:\/\/staging.forenteforlag.no\/pax\/wp-content\/uploads\/sites\/5\/2025\/08\/jpg-9597.jpg","datePublished":"2024-12-10T20:58:29+00:00","dateModified":"2026-03-04T20:15:41+00:00","breadcrumb":{"@id":"https:\/\/staging.forenteforlag.no\/pax\/produkt\/faengsel-og-fortvilelse\/#breadcrumb"},"inLanguage":"nb-NO","potentialAction":[{"@type":"ReadAction","target":["https:\/\/staging.forenteforlag.no\/pax\/produkt\/faengsel-og-fortvilelse\/"]}]},{"@type":"ImageObject","inLanguage":"nb-NO","@id":"https:\/\/staging.forenteforlag.no\/pax\/produkt\/faengsel-og-fortvilelse\/#primaryimage","url":"https:\/\/staging.forenteforlag.no\/pax\/wp-content\/uploads\/sites\/5\/2025\/08\/jpg-9597.jpg","contentUrl":"https:\/\/staging.forenteforlag.no\/pax\/wp-content\/uploads\/sites\/5\/2025\/08\/jpg-9597.jpg","width":272,"height":449},{"@type":"BreadcrumbList","@id":"https:\/\/staging.forenteforlag.no\/pax\/produkt\/faengsel-og-fortvilelse\/#breadcrumb","itemListElement":[{"@type":"ListItem","position":1,"name":"Hjem","item":"https:\/\/staging.forenteforlag.no\/pax\/"},{"@type":"ListItem","position":2,"name":"Alle b\u00f8ker","item":"https:\/\/staging.forenteforlag.no\/pax\/butikk\/"},{"@type":"ListItem","position":3,"name":"F\u00e6ngsel og fortvilelse"}]},{"@type":"WebSite","@id":"https:\/\/staging.forenteforlag.no\/pax\/#website","url":"https:\/\/staging.forenteforlag.no\/pax\/","name":"Pax","description":"","potentialAction":[{"@type":"SearchAction","target":{"@type":"EntryPoint","urlTemplate":"https:\/\/staging.forenteforlag.no\/pax\/?s={search_term_string}"},"query-input":{"@type":"PropertyValueSpecification","valueRequired":true,"valueName":"search_term_string"}}],"inLanguage":"nb-NO"}]}},"_links":{"self":[{"href":"https:\/\/staging.forenteforlag.no\/pax\/wp-json\/wp\/v2\/product\/21882","targetHints":{"allow":["GET"]}}],"collection":[{"href":"https:\/\/staging.forenteforlag.no\/pax\/wp-json\/wp\/v2\/product"}],"about":[{"href":"https:\/\/staging.forenteforlag.no\/pax\/wp-json\/wp\/v2\/types\/product"}],"wp:featuredmedia":[{"embeddable":true,"href":"https:\/\/staging.forenteforlag.no\/pax\/wp-json\/wp\/v2\/media\/29317"}],"wp:attachment":[{"href":"https:\/\/staging.forenteforlag.no\/pax\/wp-json\/wp\/v2\/media?parent=21882"}],"wp:term":[{"taxonomy":"product_brand","embeddable":true,"href":"https:\/\/staging.forenteforlag.no\/pax\/wp-json\/wp\/v2\/product_brand?post=21882"},{"taxonomy":"product_cat","embeddable":true,"href":"https:\/\/staging.forenteforlag.no\/pax\/wp-json\/wp\/v2\/product_cat?post=21882"},{"taxonomy":"product_tag","embeddable":true,"href":"https:\/\/staging.forenteforlag.no\/pax\/wp-json\/wp\/v2\/product_tag?post=21882"}],"curies":[{"name":"wp","href":"https:\/\/api.w.org\/{rel}","templated":true}]}}