{"id":21841,"date":"2015-10-30T01:00:00","date_gmt":"2015-10-30T00:00:00","guid":{"rendered":"https:\/\/pax.forenteforlag.no\/produkt\/agent-storm\/"},"modified":"2025-08-27T08:23:30","modified_gmt":"2025-08-27T06:23:30","slug":"agent-storm","status":"publish","type":"product","link":"https:\/\/staging.forenteforlag.no\/pax\/produkt\/agent-storm\/","title":{"rendered":"Agent Storm"},"content":{"rendered":"<p>Agent Storm er en historie med mange vendinger: Morten Storm var som ung en hardtsl\u00e5ende sm\u00e5forbryter og medlem av Bandidos. Det var f\u00f8r han han fant Allah, reiste til Jemen og engasjerte seg i Al-Qaida. Etter hvert fikk han betenkeligheter med jihadistenes villighet til \u00e5 ta uskyldige liv, og vervet seg som spion for vesten &#8211; f\u00f8rst Danmarks etterretning, deretter CIA og MI-6. Til sist vendte han ogs\u00e5 dem ryggen, for \u00e5 fortelle hele sin historie. Og for en historie han har \u00e5 fortelle.<br \/>\nVi f\u00e5r lese om terroristenes hverdagsliv og planlegging, og f\u00f8lger Storm skritt for skritt mens han posisjonerer seg i Al-Qaida for \u00e5 skaffe mest mulig informasjon til sine oppdragsgivere. Dette er en verden vi hittil har kjent best gjennom fiksjonen, som tv-serien Homeland.<br \/>\nMen dette er ogs\u00e5 historien om hvordan en relativt vanlig, dansk ungdom finner veien til jihadisme &#8211; og veien ut igjen.<br \/>\nSlik er den direkte relevant ogs\u00e5 for \u00e5 forst\u00e5 visse norske ungdomsmilj\u00f8er av i dag. <\/p>\n","protected":false},"excerpt":{"rendered":"<p>Agent Storm er en historie med mange vendinger: Morten Storm var som ung en hardtsl\u00e5ende sm\u00e5forbryter og medlem av Bandidos. Det var f\u00f8r han han fant Allah, reiste til Jemen og engasjerte seg i Al-Qaida. Etter hvert fikk han betenkeligheter med jihadistenes villighet til \u00e5 ta uskyldige liv, og vervet seg som spion for vesten [&hellip;]<\/p>\n","protected":false},"featured_media":28132,"template":"","meta":{"_acf_changed":false,"inline_featured_image":false},"product_brand":[],"product_cat":[32],"product_tag":[728,362,1740,889,383,1139,971,549],"class_list":{"0":"post-21841","1":"product","2":"type-product","3":"status-publish","4":"has-post-thumbnail","6":"product_cat-samfunn-og-politikk","7":"product_tag-etterretning","8":"product_tag-faglitteratur","9":"product_tag-hverdagsbetraktninger","10":"product_tag-islam","11":"product_tag-personlige-beretninger","12":"product_tag-religionsforfolgelse","13":"product_tag-religionskrig","14":"product_tag-terrorisme","15":"pa_format-innbundet","17":"first","18":"outofstock","19":"shipping-taxable","20":"purchasable","21":"product-type-simple"},"acf":{"anmeldelse":null},"yoast_head":"<!-- This site is optimized with the Yoast SEO plugin v26.6 - https:\/\/yoast.com\/wordpress\/plugins\/seo\/ -->\n<title>Agent Storm - Pax<\/title>\n<meta name=\"robots\" content=\"noindex, follow, max-snippet:-1, max-image-preview:large, max-video-preview:-1\" \/>\n<meta property=\"og:locale\" content=\"nb_NO\" \/>\n<meta property=\"og:type\" content=\"article\" \/>\n<meta property=\"og:title\" content=\"Agent Storm - Pax\" \/>\n<meta property=\"og:description\" content=\"Agent Storm er en historie med mange vendinger: Morten Storm var som ung en hardtsl\u00e5ende sm\u00e5forbryter og medlem av Bandidos. Det var f\u00f8r han han fant Allah, reiste til Jemen og engasjerte seg i Al-Qaida. Etter hvert fikk han betenkeligheter med jihadistenes villighet til \u00e5 ta uskyldige liv, og vervet seg som spion for vesten [&hellip;]\" \/>\n<meta property=\"og:url\" content=\"https:\/\/staging.forenteforlag.no\/pax\/produkt\/agent-storm\/\" \/>\n<meta property=\"og:site_name\" content=\"Pax\" \/>\n<meta property=\"article:modified_time\" content=\"2025-08-27T06:23:30+00:00\" \/>\n<meta property=\"og:image\" content=\"https:\/\/staging.forenteforlag.no\/pax\/wp-content\/uploads\/sites\/5\/2025\/08\/jpg-6080-scaled-1-scaled.jpg\" \/>\n\t<meta property=\"og:image:width\" content=\"1328\" \/>\n\t<meta property=\"og:image:height\" content=\"1920\" \/>\n\t<meta property=\"og:image:type\" content=\"image\/jpeg\" \/>\n<meta name=\"twitter:card\" content=\"summary_large_image\" \/>\n<meta name=\"twitter:label1\" content=\"Ansl. lesetid\" \/>\n\t<meta name=\"twitter:data1\" content=\"1 minutt\" \/>\n<script type=\"application\/ld+json\" class=\"yoast-schema-graph\">{\"@context\":\"https:\/\/schema.org\",\"@graph\":[{\"@type\":\"WebPage\",\"@id\":\"https:\/\/staging.forenteforlag.no\/pax\/produkt\/agent-storm\/\",\"url\":\"https:\/\/staging.forenteforlag.no\/pax\/produkt\/agent-storm\/\",\"name\":\"Agent Storm - Pax\",\"isPartOf\":{\"@id\":\"https:\/\/staging.forenteforlag.no\/pax\/#website\"},\"primaryImageOfPage\":{\"@id\":\"https:\/\/staging.forenteforlag.no\/pax\/produkt\/agent-storm\/#primaryimage\"},\"image\":{\"@id\":\"https:\/\/staging.forenteforlag.no\/pax\/produkt\/agent-storm\/#primaryimage\"},\"thumbnailUrl\":\"https:\/\/staging.forenteforlag.no\/pax\/wp-content\/uploads\/sites\/5\/2025\/08\/jpg-6080-scaled-1-scaled.jpg\",\"datePublished\":\"2015-10-30T00:00:00+00:00\",\"dateModified\":\"2025-08-27T06:23:30+00:00\",\"breadcrumb\":{\"@id\":\"https:\/\/staging.forenteforlag.no\/pax\/produkt\/agent-storm\/#breadcrumb\"},\"inLanguage\":\"nb-NO\",\"potentialAction\":[{\"@type\":\"ReadAction\",\"target\":[\"https:\/\/staging.forenteforlag.no\/pax\/produkt\/agent-storm\/\"]}]},{\"@type\":\"ImageObject\",\"inLanguage\":\"nb-NO\",\"@id\":\"https:\/\/staging.forenteforlag.no\/pax\/produkt\/agent-storm\/#primaryimage\",\"url\":\"https:\/\/staging.forenteforlag.no\/pax\/wp-content\/uploads\/sites\/5\/2025\/08\/jpg-6080-scaled-1-scaled.jpg\",\"contentUrl\":\"https:\/\/staging.forenteforlag.no\/pax\/wp-content\/uploads\/sites\/5\/2025\/08\/jpg-6080-scaled-1-scaled.jpg\",\"width\":1328,\"height\":1920},{\"@type\":\"BreadcrumbList\",\"@id\":\"https:\/\/staging.forenteforlag.no\/pax\/produkt\/agent-storm\/#breadcrumb\",\"itemListElement\":[{\"@type\":\"ListItem\",\"position\":1,\"name\":\"Hjem\",\"item\":\"https:\/\/staging.forenteforlag.no\/pax\/\"},{\"@type\":\"ListItem\",\"position\":2,\"name\":\"Alle b\u00f8ker\",\"item\":\"https:\/\/staging.forenteforlag.no\/pax\/butikk\/\"},{\"@type\":\"ListItem\",\"position\":3,\"name\":\"Agent Storm\"}]},{\"@type\":\"WebSite\",\"@id\":\"https:\/\/staging.forenteforlag.no\/pax\/#website\",\"url\":\"https:\/\/staging.forenteforlag.no\/pax\/\",\"name\":\"Pax\",\"description\":\"\",\"potentialAction\":[{\"@type\":\"SearchAction\",\"target\":{\"@type\":\"EntryPoint\",\"urlTemplate\":\"https:\/\/staging.forenteforlag.no\/pax\/?s={search_term_string}\"},\"query-input\":{\"@type\":\"PropertyValueSpecification\",\"valueRequired\":true,\"valueName\":\"search_term_string\"}}],\"inLanguage\":\"nb-NO\"}]}<\/script>\n<!-- \/ Yoast SEO plugin. -->","yoast_head_json":{"title":"Agent Storm - Pax","robots":{"index":"noindex","follow":"follow","max-snippet":"max-snippet:-1","max-image-preview":"max-image-preview:large","max-video-preview":"max-video-preview:-1"},"og_locale":"nb_NO","og_type":"article","og_title":"Agent Storm - Pax","og_description":"Agent Storm er en historie med mange vendinger: Morten Storm var som ung en hardtsl\u00e5ende sm\u00e5forbryter og medlem av Bandidos. Det var f\u00f8r han han fant Allah, reiste til Jemen og engasjerte seg i Al-Qaida. Etter hvert fikk han betenkeligheter med jihadistenes villighet til \u00e5 ta uskyldige liv, og vervet seg som spion for vesten [&hellip;]","og_url":"https:\/\/staging.forenteforlag.no\/pax\/produkt\/agent-storm\/","og_site_name":"Pax","article_modified_time":"2025-08-27T06:23:30+00:00","og_image":[{"width":1328,"height":1920,"url":"https:\/\/staging.forenteforlag.no\/pax\/wp-content\/uploads\/sites\/5\/2025\/08\/jpg-6080-scaled-1-scaled.jpg","type":"image\/jpeg"}],"twitter_card":"summary_large_image","twitter_misc":{"Ansl. lesetid":"1 minutt"},"schema":{"@context":"https:\/\/schema.org","@graph":[{"@type":"WebPage","@id":"https:\/\/staging.forenteforlag.no\/pax\/produkt\/agent-storm\/","url":"https:\/\/staging.forenteforlag.no\/pax\/produkt\/agent-storm\/","name":"Agent Storm - Pax","isPartOf":{"@id":"https:\/\/staging.forenteforlag.no\/pax\/#website"},"primaryImageOfPage":{"@id":"https:\/\/staging.forenteforlag.no\/pax\/produkt\/agent-storm\/#primaryimage"},"image":{"@id":"https:\/\/staging.forenteforlag.no\/pax\/produkt\/agent-storm\/#primaryimage"},"thumbnailUrl":"https:\/\/staging.forenteforlag.no\/pax\/wp-content\/uploads\/sites\/5\/2025\/08\/jpg-6080-scaled-1-scaled.jpg","datePublished":"2015-10-30T00:00:00+00:00","dateModified":"2025-08-27T06:23:30+00:00","breadcrumb":{"@id":"https:\/\/staging.forenteforlag.no\/pax\/produkt\/agent-storm\/#breadcrumb"},"inLanguage":"nb-NO","potentialAction":[{"@type":"ReadAction","target":["https:\/\/staging.forenteforlag.no\/pax\/produkt\/agent-storm\/"]}]},{"@type":"ImageObject","inLanguage":"nb-NO","@id":"https:\/\/staging.forenteforlag.no\/pax\/produkt\/agent-storm\/#primaryimage","url":"https:\/\/staging.forenteforlag.no\/pax\/wp-content\/uploads\/sites\/5\/2025\/08\/jpg-6080-scaled-1-scaled.jpg","contentUrl":"https:\/\/staging.forenteforlag.no\/pax\/wp-content\/uploads\/sites\/5\/2025\/08\/jpg-6080-scaled-1-scaled.jpg","width":1328,"height":1920},{"@type":"BreadcrumbList","@id":"https:\/\/staging.forenteforlag.no\/pax\/produkt\/agent-storm\/#breadcrumb","itemListElement":[{"@type":"ListItem","position":1,"name":"Hjem","item":"https:\/\/staging.forenteforlag.no\/pax\/"},{"@type":"ListItem","position":2,"name":"Alle b\u00f8ker","item":"https:\/\/staging.forenteforlag.no\/pax\/butikk\/"},{"@type":"ListItem","position":3,"name":"Agent Storm"}]},{"@type":"WebSite","@id":"https:\/\/staging.forenteforlag.no\/pax\/#website","url":"https:\/\/staging.forenteforlag.no\/pax\/","name":"Pax","description":"","potentialAction":[{"@type":"SearchAction","target":{"@type":"EntryPoint","urlTemplate":"https:\/\/staging.forenteforlag.no\/pax\/?s={search_term_string}"},"query-input":{"@type":"PropertyValueSpecification","valueRequired":true,"valueName":"search_term_string"}}],"inLanguage":"nb-NO"}]}},"_links":{"self":[{"href":"https:\/\/staging.forenteforlag.no\/pax\/wp-json\/wp\/v2\/product\/21841","targetHints":{"allow":["GET"]}}],"collection":[{"href":"https:\/\/staging.forenteforlag.no\/pax\/wp-json\/wp\/v2\/product"}],"about":[{"href":"https:\/\/staging.forenteforlag.no\/pax\/wp-json\/wp\/v2\/types\/product"}],"wp:featuredmedia":[{"embeddable":true,"href":"https:\/\/staging.forenteforlag.no\/pax\/wp-json\/wp\/v2\/media\/28132"}],"wp:attachment":[{"href":"https:\/\/staging.forenteforlag.no\/pax\/wp-json\/wp\/v2\/media?parent=21841"}],"wp:term":[{"taxonomy":"product_brand","embeddable":true,"href":"https:\/\/staging.forenteforlag.no\/pax\/wp-json\/wp\/v2\/product_brand?post=21841"},{"taxonomy":"product_cat","embeddable":true,"href":"https:\/\/staging.forenteforlag.no\/pax\/wp-json\/wp\/v2\/product_cat?post=21841"},{"taxonomy":"product_tag","embeddable":true,"href":"https:\/\/staging.forenteforlag.no\/pax\/wp-json\/wp\/v2\/product_tag?post=21841"}],"curies":[{"name":"wp","href":"https:\/\/api.w.org\/{rel}","templated":true}]}}