{"id":21813,"date":"2024-12-10T21:56:40","date_gmt":"2024-12-10T20:56:40","guid":{"rendered":"https:\/\/pax.forenteforlag.no\/produkt\/topografenes-verden\/"},"modified":"2026-03-03T21:40:29","modified_gmt":"2026-03-03T20:40:29","slug":"topografenes-verden","status":"publish","type":"product","link":"https:\/\/staging.forenteforlag.no\/pax\/produkt\/topografenes-verden\/","title":{"rendered":"Topografenes verden"},"content":{"rendered":"<p>Fra midten av 1700-tallet ble norske fornminner &#8211; blant annet gravhauger, bautasteiner og middelalderkirker &#8211; &laquo;oppdaget&raquo;, beskrevet og fortolket p\u00e5 en ny og systematisk m\u00e5te. Det var den topografiske litteraturens blomstringsperiode, da detaljerte beskrivelser av mange norske bygder og regioner ble publisert. Samtidig gjorde et nytt og mer observasjonsbasert kunnskapsideal seg gjeldende, og p\u00e5virket innsamlingsm\u00e5te og systematisering. Endelig begynte nyvinninger innen naturvitenskap, s\u00e6rlig geologi, \u00e5 rokke ved tradisjonelle forestillinger om verdens alder og tilblivelse. &laquo;Topografenes verden&raquo; er en unders\u00f8kelse av hvordan dette arbeidet foregikk, og en analyse av periodens kunnskapssyn og fortidsforst\u00e5else. Dette er en bok for kulturhistorikere, museumsansatte og kulturvernere, for antikvarer, arkeologer og arkivarer, men ogs\u00e5 for andre med interesse for fornminner og historieforst\u00e5else.<\/p>\n","protected":false},"excerpt":{"rendered":"<p>Fra midten av 1700-tallet ble norske fornminner &#8211; blant annet gravhauger, bautasteiner og middelalderkirker &#8211; &laquo;oppdaget&raquo;, beskrevet og fortolket p\u00e5 en ny og systematisk m\u00e5te. Det var den topografiske litteraturens blomstringsperiode, da detaljerte beskrivelser av mange norske bygder og regioner ble publisert. Samtidig gjorde et nytt og mer observasjonsbasert kunnskapsideal seg gjeldende, og p\u00e5virket innsamlingsm\u00e5te [&hellip;]<\/p>\n","protected":false},"featured_media":29314,"template":"","meta":{"_acf_changed":false,"inline_featured_image":false},"product_brand":[],"product_cat":[1782],"product_tag":[395,544,362,439],"class_list":{"0":"post-21813","1":"product","2":"type-product","3":"status-publish","4":"has-post-thumbnail","6":"product_cat-fripris","7":"product_tag-1700-tallet","8":"product_tag-arkeologi","9":"product_tag-faglitteratur","10":"product_tag-nord-norge","12":"first","13":"outofstock","14":"taxable","15":"shipping-taxable","16":"purchasable","17":"product-type-simple"},"acf":{"anmeldelse":null},"yoast_head":"<!-- This site is optimized with the Yoast SEO plugin v26.6 - https:\/\/yoast.com\/wordpress\/plugins\/seo\/ -->\n<title>Topografenes verden - Pax<\/title>\n<meta name=\"robots\" content=\"noindex, follow, max-snippet:-1, max-image-preview:large, max-video-preview:-1\" \/>\n<meta property=\"og:locale\" content=\"nb_NO\" \/>\n<meta property=\"og:type\" content=\"article\" \/>\n<meta property=\"og:title\" content=\"Topografenes verden - Pax\" \/>\n<meta property=\"og:description\" content=\"Fra midten av 1700-tallet ble norske fornminner &#8211; blant annet gravhauger, bautasteiner og middelalderkirker &#8211; &laquo;oppdaget&raquo;, beskrevet og fortolket p\u00e5 en ny og systematisk m\u00e5te. Det var den topografiske litteraturens blomstringsperiode, da detaljerte beskrivelser av mange norske bygder og regioner ble publisert. Samtidig gjorde et nytt og mer observasjonsbasert kunnskapsideal seg gjeldende, og p\u00e5virket innsamlingsm\u00e5te [&hellip;]\" \/>\n<meta property=\"og:url\" content=\"https:\/\/staging.forenteforlag.no\/pax\/produkt\/topografenes-verden\/\" \/>\n<meta property=\"og:site_name\" content=\"Pax\" \/>\n<meta property=\"article:modified_time\" content=\"2026-03-03T20:40:29+00:00\" \/>\n<meta property=\"og:image\" content=\"https:\/\/staging.forenteforlag.no\/pax\/wp-content\/uploads\/sites\/5\/2025\/08\/jpg-9594.jpg\" \/>\n\t<meta property=\"og:image:width\" content=\"323\" \/>\n\t<meta property=\"og:image:height\" content=\"450\" \/>\n\t<meta property=\"og:image:type\" content=\"image\/jpeg\" \/>\n<meta name=\"twitter:card\" content=\"summary_large_image\" \/>\n<meta name=\"twitter:label1\" content=\"Ansl. lesetid\" \/>\n\t<meta name=\"twitter:data1\" content=\"1 minutt\" \/>\n<script type=\"application\/ld+json\" class=\"yoast-schema-graph\">{\"@context\":\"https:\/\/schema.org\",\"@graph\":[{\"@type\":\"WebPage\",\"@id\":\"https:\/\/staging.forenteforlag.no\/pax\/produkt\/topografenes-verden\/\",\"url\":\"https:\/\/staging.forenteforlag.no\/pax\/produkt\/topografenes-verden\/\",\"name\":\"Topografenes verden - Pax\",\"isPartOf\":{\"@id\":\"https:\/\/staging.forenteforlag.no\/pax\/#website\"},\"primaryImageOfPage\":{\"@id\":\"https:\/\/staging.forenteforlag.no\/pax\/produkt\/topografenes-verden\/#primaryimage\"},\"image\":{\"@id\":\"https:\/\/staging.forenteforlag.no\/pax\/produkt\/topografenes-verden\/#primaryimage\"},\"thumbnailUrl\":\"https:\/\/staging.forenteforlag.no\/pax\/wp-content\/uploads\/sites\/5\/2025\/08\/jpg-9594.jpg\",\"datePublished\":\"2024-12-10T20:56:40+00:00\",\"dateModified\":\"2026-03-03T20:40:29+00:00\",\"breadcrumb\":{\"@id\":\"https:\/\/staging.forenteforlag.no\/pax\/produkt\/topografenes-verden\/#breadcrumb\"},\"inLanguage\":\"nb-NO\",\"potentialAction\":[{\"@type\":\"ReadAction\",\"target\":[\"https:\/\/staging.forenteforlag.no\/pax\/produkt\/topografenes-verden\/\"]}]},{\"@type\":\"ImageObject\",\"inLanguage\":\"nb-NO\",\"@id\":\"https:\/\/staging.forenteforlag.no\/pax\/produkt\/topografenes-verden\/#primaryimage\",\"url\":\"https:\/\/staging.forenteforlag.no\/pax\/wp-content\/uploads\/sites\/5\/2025\/08\/jpg-9594.jpg\",\"contentUrl\":\"https:\/\/staging.forenteforlag.no\/pax\/wp-content\/uploads\/sites\/5\/2025\/08\/jpg-9594.jpg\",\"width\":323,\"height\":450},{\"@type\":\"BreadcrumbList\",\"@id\":\"https:\/\/staging.forenteforlag.no\/pax\/produkt\/topografenes-verden\/#breadcrumb\",\"itemListElement\":[{\"@type\":\"ListItem\",\"position\":1,\"name\":\"Hjem\",\"item\":\"https:\/\/staging.forenteforlag.no\/pax\/\"},{\"@type\":\"ListItem\",\"position\":2,\"name\":\"Alle b\u00f8ker\",\"item\":\"https:\/\/staging.forenteforlag.no\/pax\/butikk\/\"},{\"@type\":\"ListItem\",\"position\":3,\"name\":\"Topografenes verden\"}]},{\"@type\":\"WebSite\",\"@id\":\"https:\/\/staging.forenteforlag.no\/pax\/#website\",\"url\":\"https:\/\/staging.forenteforlag.no\/pax\/\",\"name\":\"Pax\",\"description\":\"\",\"potentialAction\":[{\"@type\":\"SearchAction\",\"target\":{\"@type\":\"EntryPoint\",\"urlTemplate\":\"https:\/\/staging.forenteforlag.no\/pax\/?s={search_term_string}\"},\"query-input\":{\"@type\":\"PropertyValueSpecification\",\"valueRequired\":true,\"valueName\":\"search_term_string\"}}],\"inLanguage\":\"nb-NO\"}]}<\/script>\n<!-- \/ Yoast SEO plugin. -->","yoast_head_json":{"title":"Topografenes verden - Pax","robots":{"index":"noindex","follow":"follow","max-snippet":"max-snippet:-1","max-image-preview":"max-image-preview:large","max-video-preview":"max-video-preview:-1"},"og_locale":"nb_NO","og_type":"article","og_title":"Topografenes verden - Pax","og_description":"Fra midten av 1700-tallet ble norske fornminner &#8211; blant annet gravhauger, bautasteiner og middelalderkirker &#8211; &laquo;oppdaget&raquo;, beskrevet og fortolket p\u00e5 en ny og systematisk m\u00e5te. Det var den topografiske litteraturens blomstringsperiode, da detaljerte beskrivelser av mange norske bygder og regioner ble publisert. Samtidig gjorde et nytt og mer observasjonsbasert kunnskapsideal seg gjeldende, og p\u00e5virket innsamlingsm\u00e5te [&hellip;]","og_url":"https:\/\/staging.forenteforlag.no\/pax\/produkt\/topografenes-verden\/","og_site_name":"Pax","article_modified_time":"2026-03-03T20:40:29+00:00","og_image":[{"width":323,"height":450,"url":"https:\/\/staging.forenteforlag.no\/pax\/wp-content\/uploads\/sites\/5\/2025\/08\/jpg-9594.jpg","type":"image\/jpeg"}],"twitter_card":"summary_large_image","twitter_misc":{"Ansl. lesetid":"1 minutt"},"schema":{"@context":"https:\/\/schema.org","@graph":[{"@type":"WebPage","@id":"https:\/\/staging.forenteforlag.no\/pax\/produkt\/topografenes-verden\/","url":"https:\/\/staging.forenteforlag.no\/pax\/produkt\/topografenes-verden\/","name":"Topografenes verden - Pax","isPartOf":{"@id":"https:\/\/staging.forenteforlag.no\/pax\/#website"},"primaryImageOfPage":{"@id":"https:\/\/staging.forenteforlag.no\/pax\/produkt\/topografenes-verden\/#primaryimage"},"image":{"@id":"https:\/\/staging.forenteforlag.no\/pax\/produkt\/topografenes-verden\/#primaryimage"},"thumbnailUrl":"https:\/\/staging.forenteforlag.no\/pax\/wp-content\/uploads\/sites\/5\/2025\/08\/jpg-9594.jpg","datePublished":"2024-12-10T20:56:40+00:00","dateModified":"2026-03-03T20:40:29+00:00","breadcrumb":{"@id":"https:\/\/staging.forenteforlag.no\/pax\/produkt\/topografenes-verden\/#breadcrumb"},"inLanguage":"nb-NO","potentialAction":[{"@type":"ReadAction","target":["https:\/\/staging.forenteforlag.no\/pax\/produkt\/topografenes-verden\/"]}]},{"@type":"ImageObject","inLanguage":"nb-NO","@id":"https:\/\/staging.forenteforlag.no\/pax\/produkt\/topografenes-verden\/#primaryimage","url":"https:\/\/staging.forenteforlag.no\/pax\/wp-content\/uploads\/sites\/5\/2025\/08\/jpg-9594.jpg","contentUrl":"https:\/\/staging.forenteforlag.no\/pax\/wp-content\/uploads\/sites\/5\/2025\/08\/jpg-9594.jpg","width":323,"height":450},{"@type":"BreadcrumbList","@id":"https:\/\/staging.forenteforlag.no\/pax\/produkt\/topografenes-verden\/#breadcrumb","itemListElement":[{"@type":"ListItem","position":1,"name":"Hjem","item":"https:\/\/staging.forenteforlag.no\/pax\/"},{"@type":"ListItem","position":2,"name":"Alle b\u00f8ker","item":"https:\/\/staging.forenteforlag.no\/pax\/butikk\/"},{"@type":"ListItem","position":3,"name":"Topografenes verden"}]},{"@type":"WebSite","@id":"https:\/\/staging.forenteforlag.no\/pax\/#website","url":"https:\/\/staging.forenteforlag.no\/pax\/","name":"Pax","description":"","potentialAction":[{"@type":"SearchAction","target":{"@type":"EntryPoint","urlTemplate":"https:\/\/staging.forenteforlag.no\/pax\/?s={search_term_string}"},"query-input":{"@type":"PropertyValueSpecification","valueRequired":true,"valueName":"search_term_string"}}],"inLanguage":"nb-NO"}]}},"_links":{"self":[{"href":"https:\/\/staging.forenteforlag.no\/pax\/wp-json\/wp\/v2\/product\/21813","targetHints":{"allow":["GET"]}}],"collection":[{"href":"https:\/\/staging.forenteforlag.no\/pax\/wp-json\/wp\/v2\/product"}],"about":[{"href":"https:\/\/staging.forenteforlag.no\/pax\/wp-json\/wp\/v2\/types\/product"}],"wp:featuredmedia":[{"embeddable":true,"href":"https:\/\/staging.forenteforlag.no\/pax\/wp-json\/wp\/v2\/media\/29314"}],"wp:attachment":[{"href":"https:\/\/staging.forenteforlag.no\/pax\/wp-json\/wp\/v2\/media?parent=21813"}],"wp:term":[{"taxonomy":"product_brand","embeddable":true,"href":"https:\/\/staging.forenteforlag.no\/pax\/wp-json\/wp\/v2\/product_brand?post=21813"},{"taxonomy":"product_cat","embeddable":true,"href":"https:\/\/staging.forenteforlag.no\/pax\/wp-json\/wp\/v2\/product_cat?post=21813"},{"taxonomy":"product_tag","embeddable":true,"href":"https:\/\/staging.forenteforlag.no\/pax\/wp-json\/wp\/v2\/product_tag?post=21813"}],"curies":[{"name":"wp","href":"https:\/\/api.w.org\/{rel}","templated":true}]}}