{"id":21678,"date":"2024-12-10T22:22:44","date_gmt":"2024-12-10T21:22:44","guid":{"rendered":"https:\/\/pax.forenteforlag.no\/produkt\/abrahams-barn\/"},"modified":"2026-03-04T20:12:43","modified_gmt":"2026-03-04T19:12:43","slug":"abrahams-barn","status":"publish","type":"product","link":"https:\/\/staging.forenteforlag.no\/pax\/produkt\/abrahams-barn\/","title":{"rendered":"Abrahams barn"},"content":{"rendered":"<p>I \u00e5r 2000 lever j\u00f8dar, kristne og muslimar tett innp\u00e5 kvarandre b\u00e5de i Europa og i Midtausten. I Vest-Europa er det muslimske n\u00e6rveret nytt og sterkt. Oddbj\u00f8rn Leirvik viser korleis j\u00f8dedommen og islam historisk har vore ein del av det elles kristne Europa men ein sams stamfar, Abraham. Midtaustens historie er ein viktig del av ei felles religi\u00f8s referanse-ramme, og boka Abrahams barn syner korleis.<\/p>\n","protected":false},"excerpt":{"rendered":"<p>I \u00e5r 2000 lever j\u00f8dar, kristne og muslimar tett innp\u00e5 kvarandre b\u00e5de i Europa og i Midtausten. I Vest-Europa er det muslimske n\u00e6rveret nytt og sterkt. Oddbj\u00f8rn Leirvik viser korleis j\u00f8dedommen og islam historisk har vore ein del av det elles kristne Europa men ein sams stamfar, Abraham. Midtaustens historie er ein viktig del av [&hellip;]<\/p>\n","protected":false},"featured_media":30089,"template":"","meta":{"_acf_changed":false,"inline_featured_image":false},"product_brand":[],"product_cat":[1782],"product_tag":[362,889,1134,1026,1104],"class_list":{"0":"post-21678","1":"product","2":"type-product","3":"status-publish","4":"has-post-thumbnail","6":"product_cat-fripris","7":"product_tag-faglitteratur","8":"product_tag-islam","9":"product_tag-jodedommen","10":"product_tag-kristendom","11":"product_tag-religionsvitenskap","13":"first","14":"outofstock","15":"taxable","16":"shipping-taxable","17":"purchasable","18":"product-type-simple"},"acf":{"anmeldelse":null},"yoast_head":"<!-- This site is optimized with the Yoast SEO plugin v26.6 - https:\/\/yoast.com\/wordpress\/plugins\/seo\/ -->\n<title>Abrahams barn - Pax<\/title>\n<meta name=\"robots\" content=\"noindex, follow, max-snippet:-1, max-image-preview:large, max-video-preview:-1\" \/>\n<meta property=\"og:locale\" content=\"nb_NO\" \/>\n<meta property=\"og:type\" content=\"article\" \/>\n<meta property=\"og:title\" content=\"Abrahams barn - Pax\" \/>\n<meta property=\"og:description\" content=\"I \u00e5r 2000 lever j\u00f8dar, kristne og muslimar tett innp\u00e5 kvarandre b\u00e5de i Europa og i Midtausten. I Vest-Europa er det muslimske n\u00e6rveret nytt og sterkt. Oddbj\u00f8rn Leirvik viser korleis j\u00f8dedommen og islam historisk har vore ein del av det elles kristne Europa men ein sams stamfar, Abraham. Midtaustens historie er ein viktig del av [&hellip;]\" \/>\n<meta property=\"og:url\" content=\"https:\/\/staging.forenteforlag.no\/pax\/produkt\/abrahams-barn\/\" \/>\n<meta property=\"og:site_name\" content=\"Pax\" \/>\n<meta property=\"article:modified_time\" content=\"2026-03-04T19:12:43+00:00\" \/>\n<meta property=\"og:image\" content=\"https:\/\/staging.forenteforlag.no\/pax\/wp-content\/uploads\/sites\/5\/2026\/03\/9788253022130.jpg\" \/>\n\t<meta property=\"og:image:width\" content=\"720\" \/>\n\t<meta property=\"og:image:height\" content=\"1013\" \/>\n\t<meta property=\"og:image:type\" content=\"image\/jpeg\" \/>\n<meta name=\"twitter:card\" content=\"summary_large_image\" \/>\n<script type=\"application\/ld+json\" class=\"yoast-schema-graph\">{\"@context\":\"https:\/\/schema.org\",\"@graph\":[{\"@type\":\"WebPage\",\"@id\":\"https:\/\/staging.forenteforlag.no\/pax\/produkt\/abrahams-barn\/\",\"url\":\"https:\/\/staging.forenteforlag.no\/pax\/produkt\/abrahams-barn\/\",\"name\":\"Abrahams barn - Pax\",\"isPartOf\":{\"@id\":\"https:\/\/staging.forenteforlag.no\/pax\/#website\"},\"primaryImageOfPage\":{\"@id\":\"https:\/\/staging.forenteforlag.no\/pax\/produkt\/abrahams-barn\/#primaryimage\"},\"image\":{\"@id\":\"https:\/\/staging.forenteforlag.no\/pax\/produkt\/abrahams-barn\/#primaryimage\"},\"thumbnailUrl\":\"https:\/\/staging.forenteforlag.no\/pax\/wp-content\/uploads\/sites\/5\/2026\/03\/9788253022130.jpg\",\"datePublished\":\"2024-12-10T21:22:44+00:00\",\"dateModified\":\"2026-03-04T19:12:43+00:00\",\"breadcrumb\":{\"@id\":\"https:\/\/staging.forenteforlag.no\/pax\/produkt\/abrahams-barn\/#breadcrumb\"},\"inLanguage\":\"nb-NO\",\"potentialAction\":[{\"@type\":\"ReadAction\",\"target\":[\"https:\/\/staging.forenteforlag.no\/pax\/produkt\/abrahams-barn\/\"]}]},{\"@type\":\"ImageObject\",\"inLanguage\":\"nb-NO\",\"@id\":\"https:\/\/staging.forenteforlag.no\/pax\/produkt\/abrahams-barn\/#primaryimage\",\"url\":\"https:\/\/staging.forenteforlag.no\/pax\/wp-content\/uploads\/sites\/5\/2026\/03\/9788253022130.jpg\",\"contentUrl\":\"https:\/\/staging.forenteforlag.no\/pax\/wp-content\/uploads\/sites\/5\/2026\/03\/9788253022130.jpg\",\"width\":720,\"height\":1013},{\"@type\":\"BreadcrumbList\",\"@id\":\"https:\/\/staging.forenteforlag.no\/pax\/produkt\/abrahams-barn\/#breadcrumb\",\"itemListElement\":[{\"@type\":\"ListItem\",\"position\":1,\"name\":\"Hjem\",\"item\":\"https:\/\/staging.forenteforlag.no\/pax\/\"},{\"@type\":\"ListItem\",\"position\":2,\"name\":\"Alle b\u00f8ker\",\"item\":\"https:\/\/staging.forenteforlag.no\/pax\/butikk\/\"},{\"@type\":\"ListItem\",\"position\":3,\"name\":\"Abrahams barn\"}]},{\"@type\":\"WebSite\",\"@id\":\"https:\/\/staging.forenteforlag.no\/pax\/#website\",\"url\":\"https:\/\/staging.forenteforlag.no\/pax\/\",\"name\":\"Pax\",\"description\":\"\",\"potentialAction\":[{\"@type\":\"SearchAction\",\"target\":{\"@type\":\"EntryPoint\",\"urlTemplate\":\"https:\/\/staging.forenteforlag.no\/pax\/?s={search_term_string}\"},\"query-input\":{\"@type\":\"PropertyValueSpecification\",\"valueRequired\":true,\"valueName\":\"search_term_string\"}}],\"inLanguage\":\"nb-NO\"}]}<\/script>\n<!-- \/ Yoast SEO plugin. -->","yoast_head_json":{"title":"Abrahams barn - Pax","robots":{"index":"noindex","follow":"follow","max-snippet":"max-snippet:-1","max-image-preview":"max-image-preview:large","max-video-preview":"max-video-preview:-1"},"og_locale":"nb_NO","og_type":"article","og_title":"Abrahams barn - Pax","og_description":"I \u00e5r 2000 lever j\u00f8dar, kristne og muslimar tett innp\u00e5 kvarandre b\u00e5de i Europa og i Midtausten. I Vest-Europa er det muslimske n\u00e6rveret nytt og sterkt. Oddbj\u00f8rn Leirvik viser korleis j\u00f8dedommen og islam historisk har vore ein del av det elles kristne Europa men ein sams stamfar, Abraham. Midtaustens historie er ein viktig del av [&hellip;]","og_url":"https:\/\/staging.forenteforlag.no\/pax\/produkt\/abrahams-barn\/","og_site_name":"Pax","article_modified_time":"2026-03-04T19:12:43+00:00","og_image":[{"width":720,"height":1013,"url":"https:\/\/staging.forenteforlag.no\/pax\/wp-content\/uploads\/sites\/5\/2026\/03\/9788253022130.jpg","type":"image\/jpeg"}],"twitter_card":"summary_large_image","schema":{"@context":"https:\/\/schema.org","@graph":[{"@type":"WebPage","@id":"https:\/\/staging.forenteforlag.no\/pax\/produkt\/abrahams-barn\/","url":"https:\/\/staging.forenteforlag.no\/pax\/produkt\/abrahams-barn\/","name":"Abrahams barn - Pax","isPartOf":{"@id":"https:\/\/staging.forenteforlag.no\/pax\/#website"},"primaryImageOfPage":{"@id":"https:\/\/staging.forenteforlag.no\/pax\/produkt\/abrahams-barn\/#primaryimage"},"image":{"@id":"https:\/\/staging.forenteforlag.no\/pax\/produkt\/abrahams-barn\/#primaryimage"},"thumbnailUrl":"https:\/\/staging.forenteforlag.no\/pax\/wp-content\/uploads\/sites\/5\/2026\/03\/9788253022130.jpg","datePublished":"2024-12-10T21:22:44+00:00","dateModified":"2026-03-04T19:12:43+00:00","breadcrumb":{"@id":"https:\/\/staging.forenteforlag.no\/pax\/produkt\/abrahams-barn\/#breadcrumb"},"inLanguage":"nb-NO","potentialAction":[{"@type":"ReadAction","target":["https:\/\/staging.forenteforlag.no\/pax\/produkt\/abrahams-barn\/"]}]},{"@type":"ImageObject","inLanguage":"nb-NO","@id":"https:\/\/staging.forenteforlag.no\/pax\/produkt\/abrahams-barn\/#primaryimage","url":"https:\/\/staging.forenteforlag.no\/pax\/wp-content\/uploads\/sites\/5\/2026\/03\/9788253022130.jpg","contentUrl":"https:\/\/staging.forenteforlag.no\/pax\/wp-content\/uploads\/sites\/5\/2026\/03\/9788253022130.jpg","width":720,"height":1013},{"@type":"BreadcrumbList","@id":"https:\/\/staging.forenteforlag.no\/pax\/produkt\/abrahams-barn\/#breadcrumb","itemListElement":[{"@type":"ListItem","position":1,"name":"Hjem","item":"https:\/\/staging.forenteforlag.no\/pax\/"},{"@type":"ListItem","position":2,"name":"Alle b\u00f8ker","item":"https:\/\/staging.forenteforlag.no\/pax\/butikk\/"},{"@type":"ListItem","position":3,"name":"Abrahams barn"}]},{"@type":"WebSite","@id":"https:\/\/staging.forenteforlag.no\/pax\/#website","url":"https:\/\/staging.forenteforlag.no\/pax\/","name":"Pax","description":"","potentialAction":[{"@type":"SearchAction","target":{"@type":"EntryPoint","urlTemplate":"https:\/\/staging.forenteforlag.no\/pax\/?s={search_term_string}"},"query-input":{"@type":"PropertyValueSpecification","valueRequired":true,"valueName":"search_term_string"}}],"inLanguage":"nb-NO"}]}},"_links":{"self":[{"href":"https:\/\/staging.forenteforlag.no\/pax\/wp-json\/wp\/v2\/product\/21678","targetHints":{"allow":["GET"]}}],"collection":[{"href":"https:\/\/staging.forenteforlag.no\/pax\/wp-json\/wp\/v2\/product"}],"about":[{"href":"https:\/\/staging.forenteforlag.no\/pax\/wp-json\/wp\/v2\/types\/product"}],"wp:featuredmedia":[{"embeddable":true,"href":"https:\/\/staging.forenteforlag.no\/pax\/wp-json\/wp\/v2\/media\/30089"}],"wp:attachment":[{"href":"https:\/\/staging.forenteforlag.no\/pax\/wp-json\/wp\/v2\/media?parent=21678"}],"wp:term":[{"taxonomy":"product_brand","embeddable":true,"href":"https:\/\/staging.forenteforlag.no\/pax\/wp-json\/wp\/v2\/product_brand?post=21678"},{"taxonomy":"product_cat","embeddable":true,"href":"https:\/\/staging.forenteforlag.no\/pax\/wp-json\/wp\/v2\/product_cat?post=21678"},{"taxonomy":"product_tag","embeddable":true,"href":"https:\/\/staging.forenteforlag.no\/pax\/wp-json\/wp\/v2\/product_tag?post=21678"}],"curies":[{"name":"wp","href":"https:\/\/api.w.org\/{rel}","templated":true}]}}