{"id":21660,"date":"2017-11-15T01:00:00","date_gmt":"2017-11-15T00:00:00","guid":{"rendered":"https:\/\/pax.forenteforlag.no\/produkt\/litt-latin\/"},"modified":"2025-08-27T10:44:36","modified_gmt":"2025-08-27T08:44:36","slug":"litt-latin","status":"publish","type":"product","link":"https:\/\/staging.forenteforlag.no\/pax\/produkt\/litt-latin\/","title":{"rendered":"Litt latin"},"content":{"rendered":"<p>Visste du at ordene motor, mobil, m\u00f8bel, mosjon, motiv og mobbing alle kommer fra det latinske movere (bevege)? At en amat\u00f8r i bokstavelig forstand er en som elsker det hun holder p\u00e5 med? At testikkel betyr \u00ablite vitne\u00bb og at en diktator er en som dikterer? <\/p>\n<p>Latin har v\u00e6rt et d\u00f8dt spr\u00e5k i hundrevis av \u00e5r, likevel er interessen b\u00e5de for det latinske spr\u00e5ket og for de gamle romernes historie stor. I denne  boken f\u00e5r leseren en innf\u00f8ring i latin &#8211; blott til lyst eller som et grunnlag  for \u00e5 g\u00e5 videre med spr\u00e5ket. Samtidig vil man oppleve at bedr\u00f8velige hull i den klassiske dannelsen fylles opp &#8211; p\u00e5 en forn\u00f8yelig m\u00e5te. <\/p>\n<p>Hvert kapittel forteller litt om romersk historie, om kultur, mytologi, kunst, litteratur og om dagligliv i den antikke verden. S\u00e5 f\u00f8lger en liten spr\u00e5kleksjon med tilh\u00f8rende grammatikk og vokabular f\u00f8r kapitlet avsluttes med &laquo;latin for turister&raquo;, alts\u00e5 tips om hvordan man kan forbedre sin muntlige latin. Underveis ser vi n\u00e6rmere p\u00e5 en rekke kjente sitater og bevingede ord fra den rike latinske arven. Alt lyder glupere n\u00e5r man sier det p\u00e5 latin!<\/p>\n","protected":false},"excerpt":{"rendered":"<p>Visste du at ordene motor, mobil, m\u00f8bel, mosjon, motiv og mobbing alle kommer fra det latinske movere (bevege)? At en amat\u00f8r i bokstavelig forstand er en som elsker det hun holder p\u00e5 med? At testikkel betyr \u00ablite vitne\u00bb og at en diktator er en som dikterer? Latin har v\u00e6rt et d\u00f8dt spr\u00e5k i hundrevis av [&hellip;]<\/p>\n","protected":false},"featured_media":28706,"template":"","meta":{"_acf_changed":false,"inline_featured_image":false},"product_brand":[],"product_cat":[33],"product_tag":[362,361,1035,912,574],"class_list":{"0":"post-21660","1":"product","2":"type-product","3":"status-publish","4":"has-post-thumbnail","6":"product_cat-sprak","7":"product_tag-faglitteratur","8":"product_tag-kulturhistorie","9":"product_tag-latin","10":"product_tag-romerriket","11":"product_tag-sprakhistorie","12":"pa_format-innbundet","14":"first","15":"outofstock","16":"shipping-taxable","17":"purchasable","18":"product-type-simple"},"acf":{"anmeldelse":null},"yoast_head":"<!-- This site is optimized with the Yoast SEO plugin v26.6 - https:\/\/yoast.com\/wordpress\/plugins\/seo\/ -->\n<title>Litt latin - Pax<\/title>\n<meta name=\"robots\" content=\"noindex, follow, max-snippet:-1, max-image-preview:large, max-video-preview:-1\" \/>\n<meta property=\"og:locale\" content=\"nb_NO\" \/>\n<meta property=\"og:type\" content=\"article\" \/>\n<meta property=\"og:title\" content=\"Litt latin - Pax\" \/>\n<meta property=\"og:description\" content=\"Visste du at ordene motor, mobil, m\u00f8bel, mosjon, motiv og mobbing alle kommer fra det latinske movere (bevege)? At en amat\u00f8r i bokstavelig forstand er en som elsker det hun holder p\u00e5 med? At testikkel betyr \u00ablite vitne\u00bb og at en diktator er en som dikterer? Latin har v\u00e6rt et d\u00f8dt spr\u00e5k i hundrevis av [&hellip;]\" \/>\n<meta property=\"og:url\" content=\"https:\/\/staging.forenteforlag.no\/pax\/produkt\/litt-latin\/\" \/>\n<meta property=\"og:site_name\" content=\"Pax\" \/>\n<meta property=\"article:modified_time\" content=\"2025-08-27T08:44:36+00:00\" \/>\n<meta property=\"og:image\" content=\"https:\/\/staging.forenteforlag.no\/pax\/wp-content\/uploads\/sites\/5\/2025\/08\/jpg-7735-scaled-1-scaled.jpg\" \/>\n\t<meta property=\"og:image:width\" content=\"1347\" \/>\n\t<meta property=\"og:image:height\" content=\"1920\" \/>\n\t<meta property=\"og:image:type\" content=\"image\/jpeg\" \/>\n<meta name=\"twitter:card\" content=\"summary_large_image\" \/>\n<meta name=\"twitter:label1\" content=\"Ansl. lesetid\" \/>\n\t<meta name=\"twitter:data1\" content=\"1 minutt\" \/>\n<script type=\"application\/ld+json\" class=\"yoast-schema-graph\">{\"@context\":\"https:\/\/schema.org\",\"@graph\":[{\"@type\":\"WebPage\",\"@id\":\"https:\/\/staging.forenteforlag.no\/pax\/produkt\/litt-latin\/\",\"url\":\"https:\/\/staging.forenteforlag.no\/pax\/produkt\/litt-latin\/\",\"name\":\"Litt latin - Pax\",\"isPartOf\":{\"@id\":\"https:\/\/staging.forenteforlag.no\/pax\/#website\"},\"primaryImageOfPage\":{\"@id\":\"https:\/\/staging.forenteforlag.no\/pax\/produkt\/litt-latin\/#primaryimage\"},\"image\":{\"@id\":\"https:\/\/staging.forenteforlag.no\/pax\/produkt\/litt-latin\/#primaryimage\"},\"thumbnailUrl\":\"https:\/\/staging.forenteforlag.no\/pax\/wp-content\/uploads\/sites\/5\/2025\/08\/jpg-7735-scaled-1-scaled.jpg\",\"datePublished\":\"2017-11-15T00:00:00+00:00\",\"dateModified\":\"2025-08-27T08:44:36+00:00\",\"breadcrumb\":{\"@id\":\"https:\/\/staging.forenteforlag.no\/pax\/produkt\/litt-latin\/#breadcrumb\"},\"inLanguage\":\"nb-NO\",\"potentialAction\":[{\"@type\":\"ReadAction\",\"target\":[\"https:\/\/staging.forenteforlag.no\/pax\/produkt\/litt-latin\/\"]}]},{\"@type\":\"ImageObject\",\"inLanguage\":\"nb-NO\",\"@id\":\"https:\/\/staging.forenteforlag.no\/pax\/produkt\/litt-latin\/#primaryimage\",\"url\":\"https:\/\/staging.forenteforlag.no\/pax\/wp-content\/uploads\/sites\/5\/2025\/08\/jpg-7735-scaled-1-scaled.jpg\",\"contentUrl\":\"https:\/\/staging.forenteforlag.no\/pax\/wp-content\/uploads\/sites\/5\/2025\/08\/jpg-7735-scaled-1-scaled.jpg\",\"width\":1347,\"height\":1920},{\"@type\":\"BreadcrumbList\",\"@id\":\"https:\/\/staging.forenteforlag.no\/pax\/produkt\/litt-latin\/#breadcrumb\",\"itemListElement\":[{\"@type\":\"ListItem\",\"position\":1,\"name\":\"Hjem\",\"item\":\"https:\/\/staging.forenteforlag.no\/pax\/\"},{\"@type\":\"ListItem\",\"position\":2,\"name\":\"Alle b\u00f8ker\",\"item\":\"https:\/\/staging.forenteforlag.no\/pax\/butikk\/\"},{\"@type\":\"ListItem\",\"position\":3,\"name\":\"Litt latin\"}]},{\"@type\":\"WebSite\",\"@id\":\"https:\/\/staging.forenteforlag.no\/pax\/#website\",\"url\":\"https:\/\/staging.forenteforlag.no\/pax\/\",\"name\":\"Pax\",\"description\":\"\",\"potentialAction\":[{\"@type\":\"SearchAction\",\"target\":{\"@type\":\"EntryPoint\",\"urlTemplate\":\"https:\/\/staging.forenteforlag.no\/pax\/?s={search_term_string}\"},\"query-input\":{\"@type\":\"PropertyValueSpecification\",\"valueRequired\":true,\"valueName\":\"search_term_string\"}}],\"inLanguage\":\"nb-NO\"}]}<\/script>\n<!-- \/ Yoast SEO plugin. -->","yoast_head_json":{"title":"Litt latin - Pax","robots":{"index":"noindex","follow":"follow","max-snippet":"max-snippet:-1","max-image-preview":"max-image-preview:large","max-video-preview":"max-video-preview:-1"},"og_locale":"nb_NO","og_type":"article","og_title":"Litt latin - Pax","og_description":"Visste du at ordene motor, mobil, m\u00f8bel, mosjon, motiv og mobbing alle kommer fra det latinske movere (bevege)? At en amat\u00f8r i bokstavelig forstand er en som elsker det hun holder p\u00e5 med? At testikkel betyr \u00ablite vitne\u00bb og at en diktator er en som dikterer? Latin har v\u00e6rt et d\u00f8dt spr\u00e5k i hundrevis av [&hellip;]","og_url":"https:\/\/staging.forenteforlag.no\/pax\/produkt\/litt-latin\/","og_site_name":"Pax","article_modified_time":"2025-08-27T08:44:36+00:00","og_image":[{"width":1347,"height":1920,"url":"https:\/\/staging.forenteforlag.no\/pax\/wp-content\/uploads\/sites\/5\/2025\/08\/jpg-7735-scaled-1-scaled.jpg","type":"image\/jpeg"}],"twitter_card":"summary_large_image","twitter_misc":{"Ansl. lesetid":"1 minutt"},"schema":{"@context":"https:\/\/schema.org","@graph":[{"@type":"WebPage","@id":"https:\/\/staging.forenteforlag.no\/pax\/produkt\/litt-latin\/","url":"https:\/\/staging.forenteforlag.no\/pax\/produkt\/litt-latin\/","name":"Litt latin - Pax","isPartOf":{"@id":"https:\/\/staging.forenteforlag.no\/pax\/#website"},"primaryImageOfPage":{"@id":"https:\/\/staging.forenteforlag.no\/pax\/produkt\/litt-latin\/#primaryimage"},"image":{"@id":"https:\/\/staging.forenteforlag.no\/pax\/produkt\/litt-latin\/#primaryimage"},"thumbnailUrl":"https:\/\/staging.forenteforlag.no\/pax\/wp-content\/uploads\/sites\/5\/2025\/08\/jpg-7735-scaled-1-scaled.jpg","datePublished":"2017-11-15T00:00:00+00:00","dateModified":"2025-08-27T08:44:36+00:00","breadcrumb":{"@id":"https:\/\/staging.forenteforlag.no\/pax\/produkt\/litt-latin\/#breadcrumb"},"inLanguage":"nb-NO","potentialAction":[{"@type":"ReadAction","target":["https:\/\/staging.forenteforlag.no\/pax\/produkt\/litt-latin\/"]}]},{"@type":"ImageObject","inLanguage":"nb-NO","@id":"https:\/\/staging.forenteforlag.no\/pax\/produkt\/litt-latin\/#primaryimage","url":"https:\/\/staging.forenteforlag.no\/pax\/wp-content\/uploads\/sites\/5\/2025\/08\/jpg-7735-scaled-1-scaled.jpg","contentUrl":"https:\/\/staging.forenteforlag.no\/pax\/wp-content\/uploads\/sites\/5\/2025\/08\/jpg-7735-scaled-1-scaled.jpg","width":1347,"height":1920},{"@type":"BreadcrumbList","@id":"https:\/\/staging.forenteforlag.no\/pax\/produkt\/litt-latin\/#breadcrumb","itemListElement":[{"@type":"ListItem","position":1,"name":"Hjem","item":"https:\/\/staging.forenteforlag.no\/pax\/"},{"@type":"ListItem","position":2,"name":"Alle b\u00f8ker","item":"https:\/\/staging.forenteforlag.no\/pax\/butikk\/"},{"@type":"ListItem","position":3,"name":"Litt latin"}]},{"@type":"WebSite","@id":"https:\/\/staging.forenteforlag.no\/pax\/#website","url":"https:\/\/staging.forenteforlag.no\/pax\/","name":"Pax","description":"","potentialAction":[{"@type":"SearchAction","target":{"@type":"EntryPoint","urlTemplate":"https:\/\/staging.forenteforlag.no\/pax\/?s={search_term_string}"},"query-input":{"@type":"PropertyValueSpecification","valueRequired":true,"valueName":"search_term_string"}}],"inLanguage":"nb-NO"}]}},"_links":{"self":[{"href":"https:\/\/staging.forenteforlag.no\/pax\/wp-json\/wp\/v2\/product\/21660","targetHints":{"allow":["GET"]}}],"collection":[{"href":"https:\/\/staging.forenteforlag.no\/pax\/wp-json\/wp\/v2\/product"}],"about":[{"href":"https:\/\/staging.forenteforlag.no\/pax\/wp-json\/wp\/v2\/types\/product"}],"wp:featuredmedia":[{"embeddable":true,"href":"https:\/\/staging.forenteforlag.no\/pax\/wp-json\/wp\/v2\/media\/28706"}],"wp:attachment":[{"href":"https:\/\/staging.forenteforlag.no\/pax\/wp-json\/wp\/v2\/media?parent=21660"}],"wp:term":[{"taxonomy":"product_brand","embeddable":true,"href":"https:\/\/staging.forenteforlag.no\/pax\/wp-json\/wp\/v2\/product_brand?post=21660"},{"taxonomy":"product_cat","embeddable":true,"href":"https:\/\/staging.forenteforlag.no\/pax\/wp-json\/wp\/v2\/product_cat?post=21660"},{"taxonomy":"product_tag","embeddable":true,"href":"https:\/\/staging.forenteforlag.no\/pax\/wp-json\/wp\/v2\/product_tag?post=21660"}],"curies":[{"name":"wp","href":"https:\/\/api.w.org\/{rel}","templated":true}]}}