{"id":21634,"date":"2009-08-20T02:00:00","date_gmt":"2009-08-20T00:00:00","guid":{"rendered":"https:\/\/pax.forenteforlag.no\/produkt\/i-dode-spraks-selskap\/"},"modified":"2025-08-27T08:45:07","modified_gmt":"2025-08-27T06:45:07","slug":"i-dode-spraks-selskap","status":"publish","type":"product","link":"https:\/\/staging.forenteforlag.no\/pax\/produkt\/i-dode-spraks-selskap\/","title":{"rendered":"I d\u00f8de spr\u00e5ks selskap"},"content":{"rendered":"<p>Denne boka handler om veldig gamle spr\u00e5k. Spr\u00e5k som nesten garantert ikke gir nyttige forretningsforbindelser. Kuri\u00f8st? Mange synes ikke det. De opplever disse spr\u00e5kene som h\u00f8yst levende. Noen har tilbrakt livet med \u00e5 utforske dem. Her presenteres en rekke slike spr\u00e5k for en bred leserkrets. I selskap med den unge svenske spr\u00e5kforskeren Ola Wikander blir spr\u00e5kene n\u00f8kler til historien, til litteratur, filosofi og myteomspunne kulturer. Vi f\u00e5r vite hvordan det gikk til n\u00e5r man l\u00e6rte seg \u00e5 tyde den g\u00e5tefulle kileskriften. Vi m\u00f8ter forsvunne alfabeter, etruskiske gravskrifter og oskiske inskripsjoner fra Pompeii. Vi ser hvordan man gjenopplivet den d\u00f8de hebraisken. Og vi f\u00e5r vite hvordan man p\u00e5 sanskrit sier &laquo;lotus\u00f8yet&raquo; p\u00e5 sekstifire ulike m\u00e5ter &#8211; uten \u00e5 bli innp\u00e5sliten!<\/p>\n","protected":false},"excerpt":{"rendered":"<p>Denne boka handler om veldig gamle spr\u00e5k. Spr\u00e5k som nesten garantert ikke gir nyttige forretningsforbindelser. Kuri\u00f8st? Mange synes ikke det. De opplever disse spr\u00e5kene som h\u00f8yst levende. Noen har tilbrakt livet med \u00e5 utforske dem. Her presenteres en rekke slike spr\u00e5k for en bred leserkrets. I selskap med den unge svenske spr\u00e5kforskeren Ola Wikander blir [&hellip;]<\/p>\n","protected":false},"featured_media":28274,"template":"","meta":{"_acf_changed":false,"inline_featured_image":false},"product_brand":[],"product_cat":[33],"product_tag":[362,574],"class_list":{"0":"post-21634","1":"product","2":"type-product","3":"status-publish","4":"has-post-thumbnail","6":"product_cat-sprak","7":"product_tag-faglitteratur","8":"product_tag-sprakhistorie","9":"pa_format-innbundet","11":"first","12":"outofstock","13":"shipping-taxable","14":"purchasable","15":"product-type-simple"},"acf":{"anmeldelse":null},"yoast_head":"<!-- This site is optimized with the Yoast SEO plugin v26.6 - https:\/\/yoast.com\/wordpress\/plugins\/seo\/ -->\n<title>I d\u00f8de spr\u00e5ks selskap - Pax<\/title>\n<meta name=\"robots\" content=\"noindex, follow, max-snippet:-1, max-image-preview:large, max-video-preview:-1\" \/>\n<meta property=\"og:locale\" content=\"nb_NO\" \/>\n<meta property=\"og:type\" content=\"article\" \/>\n<meta property=\"og:title\" content=\"I d\u00f8de spr\u00e5ks selskap - Pax\" \/>\n<meta property=\"og:description\" content=\"Denne boka handler om veldig gamle spr\u00e5k. Spr\u00e5k som nesten garantert ikke gir nyttige forretningsforbindelser. Kuri\u00f8st? Mange synes ikke det. De opplever disse spr\u00e5kene som h\u00f8yst levende. Noen har tilbrakt livet med \u00e5 utforske dem. Her presenteres en rekke slike spr\u00e5k for en bred leserkrets. I selskap med den unge svenske spr\u00e5kforskeren Ola Wikander blir [&hellip;]\" \/>\n<meta property=\"og:url\" content=\"https:\/\/staging.forenteforlag.no\/pax\/produkt\/i-dode-spraks-selskap\/\" \/>\n<meta property=\"og:site_name\" content=\"Pax\" \/>\n<meta property=\"article:modified_time\" content=\"2025-08-27T06:45:07+00:00\" \/>\n<meta property=\"og:image\" content=\"https:\/\/staging.forenteforlag.no\/pax\/wp-content\/uploads\/sites\/5\/2025\/08\/jpg-6458.jpg\" \/>\n\t<meta property=\"og:image:width\" content=\"320\" \/>\n\t<meta property=\"og:image:height\" content=\"450\" \/>\n\t<meta property=\"og:image:type\" content=\"image\/jpeg\" \/>\n<meta name=\"twitter:card\" content=\"summary_large_image\" \/>\n<meta name=\"twitter:label1\" content=\"Ansl. lesetid\" \/>\n\t<meta name=\"twitter:data1\" content=\"1 minutt\" \/>\n<script type=\"application\/ld+json\" class=\"yoast-schema-graph\">{\"@context\":\"https:\/\/schema.org\",\"@graph\":[{\"@type\":\"WebPage\",\"@id\":\"https:\/\/staging.forenteforlag.no\/pax\/produkt\/i-dode-spraks-selskap\/\",\"url\":\"https:\/\/staging.forenteforlag.no\/pax\/produkt\/i-dode-spraks-selskap\/\",\"name\":\"I d\u00f8de spr\u00e5ks selskap - Pax\",\"isPartOf\":{\"@id\":\"https:\/\/staging.forenteforlag.no\/pax\/#website\"},\"primaryImageOfPage\":{\"@id\":\"https:\/\/staging.forenteforlag.no\/pax\/produkt\/i-dode-spraks-selskap\/#primaryimage\"},\"image\":{\"@id\":\"https:\/\/staging.forenteforlag.no\/pax\/produkt\/i-dode-spraks-selskap\/#primaryimage\"},\"thumbnailUrl\":\"https:\/\/staging.forenteforlag.no\/pax\/wp-content\/uploads\/sites\/5\/2025\/08\/jpg-6458.jpg\",\"datePublished\":\"2009-08-20T00:00:00+00:00\",\"dateModified\":\"2025-08-27T06:45:07+00:00\",\"breadcrumb\":{\"@id\":\"https:\/\/staging.forenteforlag.no\/pax\/produkt\/i-dode-spraks-selskap\/#breadcrumb\"},\"inLanguage\":\"nb-NO\",\"potentialAction\":[{\"@type\":\"ReadAction\",\"target\":[\"https:\/\/staging.forenteforlag.no\/pax\/produkt\/i-dode-spraks-selskap\/\"]}]},{\"@type\":\"ImageObject\",\"inLanguage\":\"nb-NO\",\"@id\":\"https:\/\/staging.forenteforlag.no\/pax\/produkt\/i-dode-spraks-selskap\/#primaryimage\",\"url\":\"https:\/\/staging.forenteforlag.no\/pax\/wp-content\/uploads\/sites\/5\/2025\/08\/jpg-6458.jpg\",\"contentUrl\":\"https:\/\/staging.forenteforlag.no\/pax\/wp-content\/uploads\/sites\/5\/2025\/08\/jpg-6458.jpg\",\"width\":320,\"height\":450},{\"@type\":\"BreadcrumbList\",\"@id\":\"https:\/\/staging.forenteforlag.no\/pax\/produkt\/i-dode-spraks-selskap\/#breadcrumb\",\"itemListElement\":[{\"@type\":\"ListItem\",\"position\":1,\"name\":\"Hjem\",\"item\":\"https:\/\/staging.forenteforlag.no\/pax\/\"},{\"@type\":\"ListItem\",\"position\":2,\"name\":\"Alle b\u00f8ker\",\"item\":\"https:\/\/staging.forenteforlag.no\/pax\/butikk\/\"},{\"@type\":\"ListItem\",\"position\":3,\"name\":\"I d\u00f8de spr\u00e5ks selskap\"}]},{\"@type\":\"WebSite\",\"@id\":\"https:\/\/staging.forenteforlag.no\/pax\/#website\",\"url\":\"https:\/\/staging.forenteforlag.no\/pax\/\",\"name\":\"Pax\",\"description\":\"\",\"potentialAction\":[{\"@type\":\"SearchAction\",\"target\":{\"@type\":\"EntryPoint\",\"urlTemplate\":\"https:\/\/staging.forenteforlag.no\/pax\/?s={search_term_string}\"},\"query-input\":{\"@type\":\"PropertyValueSpecification\",\"valueRequired\":true,\"valueName\":\"search_term_string\"}}],\"inLanguage\":\"nb-NO\"}]}<\/script>\n<!-- \/ Yoast SEO plugin. -->","yoast_head_json":{"title":"I d\u00f8de spr\u00e5ks selskap - Pax","robots":{"index":"noindex","follow":"follow","max-snippet":"max-snippet:-1","max-image-preview":"max-image-preview:large","max-video-preview":"max-video-preview:-1"},"og_locale":"nb_NO","og_type":"article","og_title":"I d\u00f8de spr\u00e5ks selskap - Pax","og_description":"Denne boka handler om veldig gamle spr\u00e5k. Spr\u00e5k som nesten garantert ikke gir nyttige forretningsforbindelser. Kuri\u00f8st? Mange synes ikke det. De opplever disse spr\u00e5kene som h\u00f8yst levende. Noen har tilbrakt livet med \u00e5 utforske dem. Her presenteres en rekke slike spr\u00e5k for en bred leserkrets. I selskap med den unge svenske spr\u00e5kforskeren Ola Wikander blir [&hellip;]","og_url":"https:\/\/staging.forenteforlag.no\/pax\/produkt\/i-dode-spraks-selskap\/","og_site_name":"Pax","article_modified_time":"2025-08-27T06:45:07+00:00","og_image":[{"width":320,"height":450,"url":"https:\/\/staging.forenteforlag.no\/pax\/wp-content\/uploads\/sites\/5\/2025\/08\/jpg-6458.jpg","type":"image\/jpeg"}],"twitter_card":"summary_large_image","twitter_misc":{"Ansl. lesetid":"1 minutt"},"schema":{"@context":"https:\/\/schema.org","@graph":[{"@type":"WebPage","@id":"https:\/\/staging.forenteforlag.no\/pax\/produkt\/i-dode-spraks-selskap\/","url":"https:\/\/staging.forenteforlag.no\/pax\/produkt\/i-dode-spraks-selskap\/","name":"I d\u00f8de spr\u00e5ks selskap - Pax","isPartOf":{"@id":"https:\/\/staging.forenteforlag.no\/pax\/#website"},"primaryImageOfPage":{"@id":"https:\/\/staging.forenteforlag.no\/pax\/produkt\/i-dode-spraks-selskap\/#primaryimage"},"image":{"@id":"https:\/\/staging.forenteforlag.no\/pax\/produkt\/i-dode-spraks-selskap\/#primaryimage"},"thumbnailUrl":"https:\/\/staging.forenteforlag.no\/pax\/wp-content\/uploads\/sites\/5\/2025\/08\/jpg-6458.jpg","datePublished":"2009-08-20T00:00:00+00:00","dateModified":"2025-08-27T06:45:07+00:00","breadcrumb":{"@id":"https:\/\/staging.forenteforlag.no\/pax\/produkt\/i-dode-spraks-selskap\/#breadcrumb"},"inLanguage":"nb-NO","potentialAction":[{"@type":"ReadAction","target":["https:\/\/staging.forenteforlag.no\/pax\/produkt\/i-dode-spraks-selskap\/"]}]},{"@type":"ImageObject","inLanguage":"nb-NO","@id":"https:\/\/staging.forenteforlag.no\/pax\/produkt\/i-dode-spraks-selskap\/#primaryimage","url":"https:\/\/staging.forenteforlag.no\/pax\/wp-content\/uploads\/sites\/5\/2025\/08\/jpg-6458.jpg","contentUrl":"https:\/\/staging.forenteforlag.no\/pax\/wp-content\/uploads\/sites\/5\/2025\/08\/jpg-6458.jpg","width":320,"height":450},{"@type":"BreadcrumbList","@id":"https:\/\/staging.forenteforlag.no\/pax\/produkt\/i-dode-spraks-selskap\/#breadcrumb","itemListElement":[{"@type":"ListItem","position":1,"name":"Hjem","item":"https:\/\/staging.forenteforlag.no\/pax\/"},{"@type":"ListItem","position":2,"name":"Alle b\u00f8ker","item":"https:\/\/staging.forenteforlag.no\/pax\/butikk\/"},{"@type":"ListItem","position":3,"name":"I d\u00f8de spr\u00e5ks selskap"}]},{"@type":"WebSite","@id":"https:\/\/staging.forenteforlag.no\/pax\/#website","url":"https:\/\/staging.forenteforlag.no\/pax\/","name":"Pax","description":"","potentialAction":[{"@type":"SearchAction","target":{"@type":"EntryPoint","urlTemplate":"https:\/\/staging.forenteforlag.no\/pax\/?s={search_term_string}"},"query-input":{"@type":"PropertyValueSpecification","valueRequired":true,"valueName":"search_term_string"}}],"inLanguage":"nb-NO"}]}},"_links":{"self":[{"href":"https:\/\/staging.forenteforlag.no\/pax\/wp-json\/wp\/v2\/product\/21634","targetHints":{"allow":["GET"]}}],"collection":[{"href":"https:\/\/staging.forenteforlag.no\/pax\/wp-json\/wp\/v2\/product"}],"about":[{"href":"https:\/\/staging.forenteforlag.no\/pax\/wp-json\/wp\/v2\/types\/product"}],"wp:featuredmedia":[{"embeddable":true,"href":"https:\/\/staging.forenteforlag.no\/pax\/wp-json\/wp\/v2\/media\/28274"}],"wp:attachment":[{"href":"https:\/\/staging.forenteforlag.no\/pax\/wp-json\/wp\/v2\/media?parent=21634"}],"wp:term":[{"taxonomy":"product_brand","embeddable":true,"href":"https:\/\/staging.forenteforlag.no\/pax\/wp-json\/wp\/v2\/product_brand?post=21634"},{"taxonomy":"product_cat","embeddable":true,"href":"https:\/\/staging.forenteforlag.no\/pax\/wp-json\/wp\/v2\/product_cat?post=21634"},{"taxonomy":"product_tag","embeddable":true,"href":"https:\/\/staging.forenteforlag.no\/pax\/wp-json\/wp\/v2\/product_tag?post=21634"}],"curies":[{"name":"wp","href":"https:\/\/api.w.org\/{rel}","templated":true}]}}