{"id":21574,"date":"2010-08-09T02:00:00","date_gmt":"2010-08-09T00:00:00","guid":{"rendered":"https:\/\/pax.forenteforlag.no\/produkt\/selvbedraget\/"},"modified":"2025-08-27T13:00:34","modified_gmt":"2025-08-27T11:00:34","slug":"selvbedraget","status":"publish","type":"product","link":"https:\/\/staging.forenteforlag.no\/pax\/produkt\/selvbedraget\/","title":{"rendered":"Selvbedraget"},"content":{"rendered":"<p>Hvorfor orker vi ikke \u00e5 se en katastrofe i emning? Hvorfor luller vi oss inn i en illusjon av trygghet, n\u00e5r virkeligheten gir stadig nye eksempler p\u00e5 at v\u00e5r tilv\u00e6relse er s\u00e5rbar og truet? Her blottstilles den handlingslammelse og ansvarsfraskrivelse vi opplever fra dem vi har valgt til \u00e5 lede oss, men ogs\u00e5 \u00e5rsakene til at vi s\u00e5 gjerne lar oss forlede. Underveis setter forfatteren et kritisk lys p\u00e5 realismen i de strategier Norge har valgt for \u00e5 m\u00f8te klimatrusselen: kvotehandel, teknologiske m\u00e5nelandinger og det \u00e5 redde andre lands regnskog. Er det tilfeldig at disse s\u00e5 godt lar seg kombinere med fortsatt utbygging av v\u00e5r petroleumsindustri? Og m\u00e5 vi endre p\u00e5 nettopp det? Forfatteren gir en lettfattelig innf\u00f8ring i det man faktisk b\u00f8r vite om p\u00e5g\u00e5ende klimaendringer, og han peker p\u00e5 alternative l\u00f8sninger som m\u00e5 frem i den offentlige debatten dersom hensikten er \u00e5 oppn\u00e5 resultater.<\/p>\n","protected":false},"excerpt":{"rendered":"<p>Hvorfor orker vi ikke \u00e5 se en katastrofe i emning? Hvorfor luller vi oss inn i en illusjon av trygghet, n\u00e5r virkeligheten gir stadig nye eksempler p\u00e5 at v\u00e5r tilv\u00e6relse er s\u00e5rbar og truet? Her blottstilles den handlingslammelse og ansvarsfraskrivelse vi opplever fra dem vi har valgt til \u00e5 lede oss, men ogs\u00e5 \u00e5rsakene til [&hellip;]<\/p>\n","protected":false},"featured_media":29363,"template":"","meta":{"_acf_changed":false,"inline_featured_image":false},"product_brand":[],"product_cat":[32],"product_tag":[362,676,934],"class_list":{"0":"post-21574","1":"product","2":"type-product","3":"status-publish","4":"has-post-thumbnail","6":"product_cat-samfunn-og-politikk","7":"product_tag-faglitteratur","8":"product_tag-klimaendringer","9":"product_tag-miljovern","10":"pa_format-innbundet","12":"first","13":"outofstock","14":"shipping-taxable","15":"purchasable","16":"product-type-simple"},"acf":{"anmeldelse":null},"yoast_head":"<!-- This site is optimized with the Yoast SEO plugin v26.6 - https:\/\/yoast.com\/wordpress\/plugins\/seo\/ -->\n<title>Selvbedraget - Pax<\/title>\n<meta name=\"robots\" content=\"noindex, follow, max-snippet:-1, max-image-preview:large, max-video-preview:-1\" \/>\n<meta property=\"og:locale\" content=\"nb_NO\" \/>\n<meta property=\"og:type\" content=\"article\" \/>\n<meta property=\"og:title\" content=\"Selvbedraget - Pax\" \/>\n<meta property=\"og:description\" content=\"Hvorfor orker vi ikke \u00e5 se en katastrofe i emning? Hvorfor luller vi oss inn i en illusjon av trygghet, n\u00e5r virkeligheten gir stadig nye eksempler p\u00e5 at v\u00e5r tilv\u00e6relse er s\u00e5rbar og truet? Her blottstilles den handlingslammelse og ansvarsfraskrivelse vi opplever fra dem vi har valgt til \u00e5 lede oss, men ogs\u00e5 \u00e5rsakene til [&hellip;]\" \/>\n<meta property=\"og:url\" content=\"https:\/\/staging.forenteforlag.no\/pax\/produkt\/selvbedraget\/\" \/>\n<meta property=\"og:site_name\" content=\"Pax\" \/>\n<meta property=\"article:modified_time\" content=\"2025-08-27T11:00:34+00:00\" \/>\n<meta property=\"og:image\" content=\"https:\/\/staging.forenteforlag.no\/pax\/wp-content\/uploads\/sites\/5\/2025\/08\/jpg-9727.jpg\" \/>\n\t<meta property=\"og:image:width\" content=\"307\" \/>\n\t<meta property=\"og:image:height\" content=\"450\" \/>\n\t<meta property=\"og:image:type\" content=\"image\/jpeg\" \/>\n<meta name=\"twitter:card\" content=\"summary_large_image\" \/>\n<meta name=\"twitter:label1\" content=\"Ansl. lesetid\" \/>\n\t<meta name=\"twitter:data1\" content=\"1 minutt\" \/>\n<script type=\"application\/ld+json\" class=\"yoast-schema-graph\">{\"@context\":\"https:\/\/schema.org\",\"@graph\":[{\"@type\":\"WebPage\",\"@id\":\"https:\/\/staging.forenteforlag.no\/pax\/produkt\/selvbedraget\/\",\"url\":\"https:\/\/staging.forenteforlag.no\/pax\/produkt\/selvbedraget\/\",\"name\":\"Selvbedraget - Pax\",\"isPartOf\":{\"@id\":\"https:\/\/staging.forenteforlag.no\/pax\/#website\"},\"primaryImageOfPage\":{\"@id\":\"https:\/\/staging.forenteforlag.no\/pax\/produkt\/selvbedraget\/#primaryimage\"},\"image\":{\"@id\":\"https:\/\/staging.forenteforlag.no\/pax\/produkt\/selvbedraget\/#primaryimage\"},\"thumbnailUrl\":\"https:\/\/staging.forenteforlag.no\/pax\/wp-content\/uploads\/sites\/5\/2025\/08\/jpg-9727.jpg\",\"datePublished\":\"2010-08-09T00:00:00+00:00\",\"dateModified\":\"2025-08-27T11:00:34+00:00\",\"breadcrumb\":{\"@id\":\"https:\/\/staging.forenteforlag.no\/pax\/produkt\/selvbedraget\/#breadcrumb\"},\"inLanguage\":\"nb-NO\",\"potentialAction\":[{\"@type\":\"ReadAction\",\"target\":[\"https:\/\/staging.forenteforlag.no\/pax\/produkt\/selvbedraget\/\"]}]},{\"@type\":\"ImageObject\",\"inLanguage\":\"nb-NO\",\"@id\":\"https:\/\/staging.forenteforlag.no\/pax\/produkt\/selvbedraget\/#primaryimage\",\"url\":\"https:\/\/staging.forenteforlag.no\/pax\/wp-content\/uploads\/sites\/5\/2025\/08\/jpg-9727.jpg\",\"contentUrl\":\"https:\/\/staging.forenteforlag.no\/pax\/wp-content\/uploads\/sites\/5\/2025\/08\/jpg-9727.jpg\",\"width\":307,\"height\":450},{\"@type\":\"BreadcrumbList\",\"@id\":\"https:\/\/staging.forenteforlag.no\/pax\/produkt\/selvbedraget\/#breadcrumb\",\"itemListElement\":[{\"@type\":\"ListItem\",\"position\":1,\"name\":\"Hjem\",\"item\":\"https:\/\/staging.forenteforlag.no\/pax\/\"},{\"@type\":\"ListItem\",\"position\":2,\"name\":\"Alle b\u00f8ker\",\"item\":\"https:\/\/staging.forenteforlag.no\/pax\/butikk\/\"},{\"@type\":\"ListItem\",\"position\":3,\"name\":\"Selvbedraget\"}]},{\"@type\":\"WebSite\",\"@id\":\"https:\/\/staging.forenteforlag.no\/pax\/#website\",\"url\":\"https:\/\/staging.forenteforlag.no\/pax\/\",\"name\":\"Pax\",\"description\":\"\",\"potentialAction\":[{\"@type\":\"SearchAction\",\"target\":{\"@type\":\"EntryPoint\",\"urlTemplate\":\"https:\/\/staging.forenteforlag.no\/pax\/?s={search_term_string}\"},\"query-input\":{\"@type\":\"PropertyValueSpecification\",\"valueRequired\":true,\"valueName\":\"search_term_string\"}}],\"inLanguage\":\"nb-NO\"}]}<\/script>\n<!-- \/ Yoast SEO plugin. -->","yoast_head_json":{"title":"Selvbedraget - Pax","robots":{"index":"noindex","follow":"follow","max-snippet":"max-snippet:-1","max-image-preview":"max-image-preview:large","max-video-preview":"max-video-preview:-1"},"og_locale":"nb_NO","og_type":"article","og_title":"Selvbedraget - Pax","og_description":"Hvorfor orker vi ikke \u00e5 se en katastrofe i emning? Hvorfor luller vi oss inn i en illusjon av trygghet, n\u00e5r virkeligheten gir stadig nye eksempler p\u00e5 at v\u00e5r tilv\u00e6relse er s\u00e5rbar og truet? Her blottstilles den handlingslammelse og ansvarsfraskrivelse vi opplever fra dem vi har valgt til \u00e5 lede oss, men ogs\u00e5 \u00e5rsakene til [&hellip;]","og_url":"https:\/\/staging.forenteforlag.no\/pax\/produkt\/selvbedraget\/","og_site_name":"Pax","article_modified_time":"2025-08-27T11:00:34+00:00","og_image":[{"width":307,"height":450,"url":"https:\/\/staging.forenteforlag.no\/pax\/wp-content\/uploads\/sites\/5\/2025\/08\/jpg-9727.jpg","type":"image\/jpeg"}],"twitter_card":"summary_large_image","twitter_misc":{"Ansl. lesetid":"1 minutt"},"schema":{"@context":"https:\/\/schema.org","@graph":[{"@type":"WebPage","@id":"https:\/\/staging.forenteforlag.no\/pax\/produkt\/selvbedraget\/","url":"https:\/\/staging.forenteforlag.no\/pax\/produkt\/selvbedraget\/","name":"Selvbedraget - Pax","isPartOf":{"@id":"https:\/\/staging.forenteforlag.no\/pax\/#website"},"primaryImageOfPage":{"@id":"https:\/\/staging.forenteforlag.no\/pax\/produkt\/selvbedraget\/#primaryimage"},"image":{"@id":"https:\/\/staging.forenteforlag.no\/pax\/produkt\/selvbedraget\/#primaryimage"},"thumbnailUrl":"https:\/\/staging.forenteforlag.no\/pax\/wp-content\/uploads\/sites\/5\/2025\/08\/jpg-9727.jpg","datePublished":"2010-08-09T00:00:00+00:00","dateModified":"2025-08-27T11:00:34+00:00","breadcrumb":{"@id":"https:\/\/staging.forenteforlag.no\/pax\/produkt\/selvbedraget\/#breadcrumb"},"inLanguage":"nb-NO","potentialAction":[{"@type":"ReadAction","target":["https:\/\/staging.forenteforlag.no\/pax\/produkt\/selvbedraget\/"]}]},{"@type":"ImageObject","inLanguage":"nb-NO","@id":"https:\/\/staging.forenteforlag.no\/pax\/produkt\/selvbedraget\/#primaryimage","url":"https:\/\/staging.forenteforlag.no\/pax\/wp-content\/uploads\/sites\/5\/2025\/08\/jpg-9727.jpg","contentUrl":"https:\/\/staging.forenteforlag.no\/pax\/wp-content\/uploads\/sites\/5\/2025\/08\/jpg-9727.jpg","width":307,"height":450},{"@type":"BreadcrumbList","@id":"https:\/\/staging.forenteforlag.no\/pax\/produkt\/selvbedraget\/#breadcrumb","itemListElement":[{"@type":"ListItem","position":1,"name":"Hjem","item":"https:\/\/staging.forenteforlag.no\/pax\/"},{"@type":"ListItem","position":2,"name":"Alle b\u00f8ker","item":"https:\/\/staging.forenteforlag.no\/pax\/butikk\/"},{"@type":"ListItem","position":3,"name":"Selvbedraget"}]},{"@type":"WebSite","@id":"https:\/\/staging.forenteforlag.no\/pax\/#website","url":"https:\/\/staging.forenteforlag.no\/pax\/","name":"Pax","description":"","potentialAction":[{"@type":"SearchAction","target":{"@type":"EntryPoint","urlTemplate":"https:\/\/staging.forenteforlag.no\/pax\/?s={search_term_string}"},"query-input":{"@type":"PropertyValueSpecification","valueRequired":true,"valueName":"search_term_string"}}],"inLanguage":"nb-NO"}]}},"_links":{"self":[{"href":"https:\/\/staging.forenteforlag.no\/pax\/wp-json\/wp\/v2\/product\/21574","targetHints":{"allow":["GET"]}}],"collection":[{"href":"https:\/\/staging.forenteforlag.no\/pax\/wp-json\/wp\/v2\/product"}],"about":[{"href":"https:\/\/staging.forenteforlag.no\/pax\/wp-json\/wp\/v2\/types\/product"}],"wp:featuredmedia":[{"embeddable":true,"href":"https:\/\/staging.forenteforlag.no\/pax\/wp-json\/wp\/v2\/media\/29363"}],"wp:attachment":[{"href":"https:\/\/staging.forenteforlag.no\/pax\/wp-json\/wp\/v2\/media?parent=21574"}],"wp:term":[{"taxonomy":"product_brand","embeddable":true,"href":"https:\/\/staging.forenteforlag.no\/pax\/wp-json\/wp\/v2\/product_brand?post=21574"},{"taxonomy":"product_cat","embeddable":true,"href":"https:\/\/staging.forenteforlag.no\/pax\/wp-json\/wp\/v2\/product_cat?post=21574"},{"taxonomy":"product_tag","embeddable":true,"href":"https:\/\/staging.forenteforlag.no\/pax\/wp-json\/wp\/v2\/product_tag?post=21574"}],"curies":[{"name":"wp","href":"https:\/\/api.w.org\/{rel}","templated":true}]}}