{"id":21566,"date":"2010-08-18T02:00:00","date_gmt":"2010-08-18T00:00:00","guid":{"rendered":"https:\/\/pax.forenteforlag.no\/produkt\/politikk-og-folelser\/"},"modified":"2026-03-03T22:02:30","modified_gmt":"2026-03-03T21:02:30","slug":"politikk-og-folelser","status":"publish","type":"product","link":"https:\/\/staging.forenteforlag.no\/pax\/produkt\/politikk-og-folelser\/","title":{"rendered":"Politikk og f\u00f8lelser"},"content":{"rendered":"<p>Denne boken kaster for f\u00f8rste gang lys over et uutforsket, men sentralt aspekt ved globaliseringen, nemlig dens f\u00f8lelsesmessige betydning. Vi kan bare forst\u00e5 den verden vi lever i, dersom vi tar inn over oss og forst\u00e5r dens f\u00f8lelser: frykt versus h\u00e5p, h\u00e5p versus ydmykelse, som p\u00e5 sin side f\u00f8rer til ren irrasjonalitet, for ikke \u00e5 si vold. Hvis vi i dagens verden skal kunne mestre de utfordringene vi st\u00e5r overfor, trenger vi h\u00e5p. Her ligger denne originale bokens grunnleggende overbevisning og budskap.<\/p>\n","protected":false},"excerpt":{"rendered":"<p>Denne boken kaster for f\u00f8rste gang lys over et uutforsket, men sentralt aspekt ved globaliseringen, nemlig dens f\u00f8lelsesmessige betydning. Vi kan bare forst\u00e5 den verden vi lever i, dersom vi tar inn over oss og forst\u00e5r dens f\u00f8lelser: frykt versus h\u00e5p, h\u00e5p versus ydmykelse, som p\u00e5 sin side f\u00f8rer til ren irrasjonalitet, for ikke \u00e5 [&hellip;]<\/p>\n","protected":false},"featured_media":29431,"template":"","meta":{"_acf_changed":false,"inline_featured_image":false},"product_brand":[],"product_cat":[1782],"product_tag":[362,1250,1002,555],"class_list":{"0":"post-21566","1":"product","2":"type-product","3":"status-publish","4":"has-post-thumbnail","6":"product_cat-fripris","7":"product_tag-faglitteratur","8":"product_tag-folelser","9":"product_tag-globalisering","10":"product_tag-internasjonal-politikk","12":"first","13":"outofstock","14":"shipping-taxable","15":"purchasable","16":"product-type-simple"},"acf":{"anmeldelse":null},"yoast_head":"<!-- This site is optimized with the Yoast SEO plugin v26.6 - https:\/\/yoast.com\/wordpress\/plugins\/seo\/ -->\n<title>Politikk og f\u00f8lelser - Pax<\/title>\n<meta name=\"robots\" content=\"noindex, follow, max-snippet:-1, max-image-preview:large, max-video-preview:-1\" \/>\n<meta property=\"og:locale\" content=\"nb_NO\" \/>\n<meta property=\"og:type\" content=\"article\" \/>\n<meta property=\"og:title\" content=\"Politikk og f\u00f8lelser - Pax\" \/>\n<meta property=\"og:description\" content=\"Denne boken kaster for f\u00f8rste gang lys over et uutforsket, men sentralt aspekt ved globaliseringen, nemlig dens f\u00f8lelsesmessige betydning. Vi kan bare forst\u00e5 den verden vi lever i, dersom vi tar inn over oss og forst\u00e5r dens f\u00f8lelser: frykt versus h\u00e5p, h\u00e5p versus ydmykelse, som p\u00e5 sin side f\u00f8rer til ren irrasjonalitet, for ikke \u00e5 [&hellip;]\" \/>\n<meta property=\"og:url\" content=\"https:\/\/staging.forenteforlag.no\/pax\/produkt\/politikk-og-folelser\/\" \/>\n<meta property=\"og:site_name\" content=\"Pax\" \/>\n<meta property=\"article:modified_time\" content=\"2026-03-03T21:02:30+00:00\" \/>\n<meta property=\"og:image\" content=\"https:\/\/staging.forenteforlag.no\/pax\/wp-content\/uploads\/sites\/5\/2025\/08\/jpg-9920.jpg\" \/>\n\t<meta property=\"og:image:width\" content=\"328\" \/>\n\t<meta property=\"og:image:height\" content=\"449\" \/>\n\t<meta property=\"og:image:type\" content=\"image\/jpeg\" \/>\n<meta name=\"twitter:card\" content=\"summary_large_image\" \/>\n<script type=\"application\/ld+json\" class=\"yoast-schema-graph\">{\"@context\":\"https:\/\/schema.org\",\"@graph\":[{\"@type\":\"WebPage\",\"@id\":\"https:\/\/staging.forenteforlag.no\/pax\/produkt\/politikk-og-folelser\/\",\"url\":\"https:\/\/staging.forenteforlag.no\/pax\/produkt\/politikk-og-folelser\/\",\"name\":\"Politikk og f\u00f8lelser - Pax\",\"isPartOf\":{\"@id\":\"https:\/\/staging.forenteforlag.no\/pax\/#website\"},\"primaryImageOfPage\":{\"@id\":\"https:\/\/staging.forenteforlag.no\/pax\/produkt\/politikk-og-folelser\/#primaryimage\"},\"image\":{\"@id\":\"https:\/\/staging.forenteforlag.no\/pax\/produkt\/politikk-og-folelser\/#primaryimage\"},\"thumbnailUrl\":\"https:\/\/staging.forenteforlag.no\/pax\/wp-content\/uploads\/sites\/5\/2025\/08\/jpg-9920.jpg\",\"datePublished\":\"2010-08-18T00:00:00+00:00\",\"dateModified\":\"2026-03-03T21:02:30+00:00\",\"breadcrumb\":{\"@id\":\"https:\/\/staging.forenteforlag.no\/pax\/produkt\/politikk-og-folelser\/#breadcrumb\"},\"inLanguage\":\"nb-NO\",\"potentialAction\":[{\"@type\":\"ReadAction\",\"target\":[\"https:\/\/staging.forenteforlag.no\/pax\/produkt\/politikk-og-folelser\/\"]}]},{\"@type\":\"ImageObject\",\"inLanguage\":\"nb-NO\",\"@id\":\"https:\/\/staging.forenteforlag.no\/pax\/produkt\/politikk-og-folelser\/#primaryimage\",\"url\":\"https:\/\/staging.forenteforlag.no\/pax\/wp-content\/uploads\/sites\/5\/2025\/08\/jpg-9920.jpg\",\"contentUrl\":\"https:\/\/staging.forenteforlag.no\/pax\/wp-content\/uploads\/sites\/5\/2025\/08\/jpg-9920.jpg\",\"width\":328,\"height\":449},{\"@type\":\"BreadcrumbList\",\"@id\":\"https:\/\/staging.forenteforlag.no\/pax\/produkt\/politikk-og-folelser\/#breadcrumb\",\"itemListElement\":[{\"@type\":\"ListItem\",\"position\":1,\"name\":\"Hjem\",\"item\":\"https:\/\/staging.forenteforlag.no\/pax\/\"},{\"@type\":\"ListItem\",\"position\":2,\"name\":\"Alle b\u00f8ker\",\"item\":\"https:\/\/staging.forenteforlag.no\/pax\/butikk\/\"},{\"@type\":\"ListItem\",\"position\":3,\"name\":\"Politikk og f\u00f8lelser\"}]},{\"@type\":\"WebSite\",\"@id\":\"https:\/\/staging.forenteforlag.no\/pax\/#website\",\"url\":\"https:\/\/staging.forenteforlag.no\/pax\/\",\"name\":\"Pax\",\"description\":\"\",\"potentialAction\":[{\"@type\":\"SearchAction\",\"target\":{\"@type\":\"EntryPoint\",\"urlTemplate\":\"https:\/\/staging.forenteforlag.no\/pax\/?s={search_term_string}\"},\"query-input\":{\"@type\":\"PropertyValueSpecification\",\"valueRequired\":true,\"valueName\":\"search_term_string\"}}],\"inLanguage\":\"nb-NO\"}]}<\/script>\n<!-- \/ Yoast SEO plugin. -->","yoast_head_json":{"title":"Politikk og f\u00f8lelser - Pax","robots":{"index":"noindex","follow":"follow","max-snippet":"max-snippet:-1","max-image-preview":"max-image-preview:large","max-video-preview":"max-video-preview:-1"},"og_locale":"nb_NO","og_type":"article","og_title":"Politikk og f\u00f8lelser - Pax","og_description":"Denne boken kaster for f\u00f8rste gang lys over et uutforsket, men sentralt aspekt ved globaliseringen, nemlig dens f\u00f8lelsesmessige betydning. Vi kan bare forst\u00e5 den verden vi lever i, dersom vi tar inn over oss og forst\u00e5r dens f\u00f8lelser: frykt versus h\u00e5p, h\u00e5p versus ydmykelse, som p\u00e5 sin side f\u00f8rer til ren irrasjonalitet, for ikke \u00e5 [&hellip;]","og_url":"https:\/\/staging.forenteforlag.no\/pax\/produkt\/politikk-og-folelser\/","og_site_name":"Pax","article_modified_time":"2026-03-03T21:02:30+00:00","og_image":[{"width":328,"height":449,"url":"https:\/\/staging.forenteforlag.no\/pax\/wp-content\/uploads\/sites\/5\/2025\/08\/jpg-9920.jpg","type":"image\/jpeg"}],"twitter_card":"summary_large_image","schema":{"@context":"https:\/\/schema.org","@graph":[{"@type":"WebPage","@id":"https:\/\/staging.forenteforlag.no\/pax\/produkt\/politikk-og-folelser\/","url":"https:\/\/staging.forenteforlag.no\/pax\/produkt\/politikk-og-folelser\/","name":"Politikk og f\u00f8lelser - Pax","isPartOf":{"@id":"https:\/\/staging.forenteforlag.no\/pax\/#website"},"primaryImageOfPage":{"@id":"https:\/\/staging.forenteforlag.no\/pax\/produkt\/politikk-og-folelser\/#primaryimage"},"image":{"@id":"https:\/\/staging.forenteforlag.no\/pax\/produkt\/politikk-og-folelser\/#primaryimage"},"thumbnailUrl":"https:\/\/staging.forenteforlag.no\/pax\/wp-content\/uploads\/sites\/5\/2025\/08\/jpg-9920.jpg","datePublished":"2010-08-18T00:00:00+00:00","dateModified":"2026-03-03T21:02:30+00:00","breadcrumb":{"@id":"https:\/\/staging.forenteforlag.no\/pax\/produkt\/politikk-og-folelser\/#breadcrumb"},"inLanguage":"nb-NO","potentialAction":[{"@type":"ReadAction","target":["https:\/\/staging.forenteforlag.no\/pax\/produkt\/politikk-og-folelser\/"]}]},{"@type":"ImageObject","inLanguage":"nb-NO","@id":"https:\/\/staging.forenteforlag.no\/pax\/produkt\/politikk-og-folelser\/#primaryimage","url":"https:\/\/staging.forenteforlag.no\/pax\/wp-content\/uploads\/sites\/5\/2025\/08\/jpg-9920.jpg","contentUrl":"https:\/\/staging.forenteforlag.no\/pax\/wp-content\/uploads\/sites\/5\/2025\/08\/jpg-9920.jpg","width":328,"height":449},{"@type":"BreadcrumbList","@id":"https:\/\/staging.forenteforlag.no\/pax\/produkt\/politikk-og-folelser\/#breadcrumb","itemListElement":[{"@type":"ListItem","position":1,"name":"Hjem","item":"https:\/\/staging.forenteforlag.no\/pax\/"},{"@type":"ListItem","position":2,"name":"Alle b\u00f8ker","item":"https:\/\/staging.forenteforlag.no\/pax\/butikk\/"},{"@type":"ListItem","position":3,"name":"Politikk og f\u00f8lelser"}]},{"@type":"WebSite","@id":"https:\/\/staging.forenteforlag.no\/pax\/#website","url":"https:\/\/staging.forenteforlag.no\/pax\/","name":"Pax","description":"","potentialAction":[{"@type":"SearchAction","target":{"@type":"EntryPoint","urlTemplate":"https:\/\/staging.forenteforlag.no\/pax\/?s={search_term_string}"},"query-input":{"@type":"PropertyValueSpecification","valueRequired":true,"valueName":"search_term_string"}}],"inLanguage":"nb-NO"}]}},"_links":{"self":[{"href":"https:\/\/staging.forenteforlag.no\/pax\/wp-json\/wp\/v2\/product\/21566","targetHints":{"allow":["GET"]}}],"collection":[{"href":"https:\/\/staging.forenteforlag.no\/pax\/wp-json\/wp\/v2\/product"}],"about":[{"href":"https:\/\/staging.forenteforlag.no\/pax\/wp-json\/wp\/v2\/types\/product"}],"wp:featuredmedia":[{"embeddable":true,"href":"https:\/\/staging.forenteforlag.no\/pax\/wp-json\/wp\/v2\/media\/29431"}],"wp:attachment":[{"href":"https:\/\/staging.forenteforlag.no\/pax\/wp-json\/wp\/v2\/media?parent=21566"}],"wp:term":[{"taxonomy":"product_brand","embeddable":true,"href":"https:\/\/staging.forenteforlag.no\/pax\/wp-json\/wp\/v2\/product_brand?post=21566"},{"taxonomy":"product_cat","embeddable":true,"href":"https:\/\/staging.forenteforlag.no\/pax\/wp-json\/wp\/v2\/product_cat?post=21566"},{"taxonomy":"product_tag","embeddable":true,"href":"https:\/\/staging.forenteforlag.no\/pax\/wp-json\/wp\/v2\/product_tag?post=21566"}],"curies":[{"name":"wp","href":"https:\/\/api.w.org\/{rel}","templated":true}]}}