{"id":21520,"date":"2024-12-10T22:29:21","date_gmt":"2024-12-10T21:29:21","guid":{"rendered":"https:\/\/pax.forenteforlag.no\/produkt\/viten-om-viten-og-refleksivitet\/"},"modified":"2026-03-04T21:55:21","modified_gmt":"2026-03-04T20:55:21","slug":"viten-om-viten-og-refleksivitet","status":"publish","type":"product","link":"https:\/\/staging.forenteforlag.no\/pax\/produkt\/viten-om-viten-og-refleksivitet\/","title":{"rendered":"Viten om viten og refleksivitet"},"content":{"rendered":"<p>Dette er Bourdieus avskjedsforelesninger p\u00e5 Coll\u00e8ge de France 2000-2001, lett bearbeidet. Bourdieu analyserer her begrepet objektivitet innen human- og samfunnsvitenskapene. Han advarer mot de \u00f8konomiske interessers \u00f8kende innflytelse, og forsvarer den vitenskapelige frihet og den frie forskning. Bourdieus prosjekt er \u00e5 finne en vei mellom ytterpunktene, mellom forestillingen om en ren vitenskap og den rene relativisme. Hans b\u00e6rende id\u00e9 er at viten produseres i et felt, som har oppn\u00e5dd en viss autonomi i forhold til religi\u00f8se, politiske og \u00f8konomiske makter. Men denne autonomien er truet. Siste del av boka handler om samfunnsvitenskapens refleksivitet eller selvanalyse hvor leseren for f\u00f8rste gang kommer systematisk inn p\u00e5 personen Bourdieu.<\/p>\n","protected":false},"excerpt":{"rendered":"<p>Dette er Bourdieus avskjedsforelesninger p\u00e5 Coll\u00e8ge de France 2000-2001, lett bearbeidet. Bourdieu analyserer her begrepet objektivitet innen human- og samfunnsvitenskapene. Han advarer mot de \u00f8konomiske interessers \u00f8kende innflytelse, og forsvarer den vitenskapelige frihet og den frie forskning. Bourdieus prosjekt er \u00e5 finne en vei mellom ytterpunktene, mellom forestillingen om en ren vitenskap og den rene [&hellip;]<\/p>\n","protected":false},"featured_media":27868,"template":"","meta":{"_acf_changed":false,"inline_featured_image":false},"product_brand":[],"product_cat":[1782],"product_tag":[565,362,602,1032,479],"class_list":{"0":"post-21520","1":"product","2":"type-product","3":"status-publish","4":"has-post-thumbnail","6":"product_cat-fripris","7":"product_tag-etterforskning","8":"product_tag-faglitteratur","9":"product_tag-kultursosiologi","10":"product_tag-samfunnsfag","11":"product_tag-vitenskapshistorie","13":"first","14":"instock","15":"taxable","16":"shipping-taxable","17":"purchasable","18":"product-type-simple"},"acf":{"anmeldelse":null},"yoast_head":"<!-- This site is optimized with the Yoast SEO plugin v26.6 - https:\/\/yoast.com\/wordpress\/plugins\/seo\/ -->\n<title>Viten om viten og refleksivitet - Pax<\/title>\n<meta name=\"robots\" content=\"noindex, follow, max-snippet:-1, max-image-preview:large, max-video-preview:-1\" \/>\n<meta property=\"og:locale\" content=\"nb_NO\" \/>\n<meta property=\"og:type\" content=\"article\" \/>\n<meta property=\"og:title\" content=\"Viten om viten og refleksivitet - Pax\" \/>\n<meta property=\"og:description\" content=\"Dette er Bourdieus avskjedsforelesninger p\u00e5 Coll\u00e8ge de France 2000-2001, lett bearbeidet. Bourdieu analyserer her begrepet objektivitet innen human- og samfunnsvitenskapene. Han advarer mot de \u00f8konomiske interessers \u00f8kende innflytelse, og forsvarer den vitenskapelige frihet og den frie forskning. Bourdieus prosjekt er \u00e5 finne en vei mellom ytterpunktene, mellom forestillingen om en ren vitenskap og den rene [&hellip;]\" \/>\n<meta property=\"og:url\" content=\"https:\/\/staging.forenteforlag.no\/pax\/produkt\/viten-om-viten-og-refleksivitet\/\" \/>\n<meta property=\"og:site_name\" content=\"Pax\" \/>\n<meta property=\"article:modified_time\" content=\"2026-03-04T20:55:21+00:00\" \/>\n<meta property=\"og:image\" content=\"https:\/\/staging.forenteforlag.no\/pax\/wp-content\/uploads\/sites\/5\/2025\/08\/jpg-5293.jpg\" \/>\n\t<meta property=\"og:image:width\" content=\"330\" \/>\n\t<meta property=\"og:image:height\" content=\"450\" \/>\n\t<meta property=\"og:image:type\" content=\"image\/jpeg\" \/>\n<meta name=\"twitter:card\" content=\"summary_large_image\" \/>\n<meta name=\"twitter:label1\" content=\"Ansl. lesetid\" \/>\n\t<meta name=\"twitter:data1\" content=\"1 minutt\" \/>\n<script type=\"application\/ld+json\" class=\"yoast-schema-graph\">{\"@context\":\"https:\/\/schema.org\",\"@graph\":[{\"@type\":\"WebPage\",\"@id\":\"https:\/\/staging.forenteforlag.no\/pax\/produkt\/viten-om-viten-og-refleksivitet\/\",\"url\":\"https:\/\/staging.forenteforlag.no\/pax\/produkt\/viten-om-viten-og-refleksivitet\/\",\"name\":\"Viten om viten og refleksivitet - Pax\",\"isPartOf\":{\"@id\":\"https:\/\/staging.forenteforlag.no\/pax\/#website\"},\"primaryImageOfPage\":{\"@id\":\"https:\/\/staging.forenteforlag.no\/pax\/produkt\/viten-om-viten-og-refleksivitet\/#primaryimage\"},\"image\":{\"@id\":\"https:\/\/staging.forenteforlag.no\/pax\/produkt\/viten-om-viten-og-refleksivitet\/#primaryimage\"},\"thumbnailUrl\":\"https:\/\/staging.forenteforlag.no\/pax\/wp-content\/uploads\/sites\/5\/2025\/08\/jpg-5293.jpg\",\"datePublished\":\"2024-12-10T21:29:21+00:00\",\"dateModified\":\"2026-03-04T20:55:21+00:00\",\"breadcrumb\":{\"@id\":\"https:\/\/staging.forenteforlag.no\/pax\/produkt\/viten-om-viten-og-refleksivitet\/#breadcrumb\"},\"inLanguage\":\"nb-NO\",\"potentialAction\":[{\"@type\":\"ReadAction\",\"target\":[\"https:\/\/staging.forenteforlag.no\/pax\/produkt\/viten-om-viten-og-refleksivitet\/\"]}]},{\"@type\":\"ImageObject\",\"inLanguage\":\"nb-NO\",\"@id\":\"https:\/\/staging.forenteforlag.no\/pax\/produkt\/viten-om-viten-og-refleksivitet\/#primaryimage\",\"url\":\"https:\/\/staging.forenteforlag.no\/pax\/wp-content\/uploads\/sites\/5\/2025\/08\/jpg-5293.jpg\",\"contentUrl\":\"https:\/\/staging.forenteforlag.no\/pax\/wp-content\/uploads\/sites\/5\/2025\/08\/jpg-5293.jpg\",\"width\":330,\"height\":450},{\"@type\":\"BreadcrumbList\",\"@id\":\"https:\/\/staging.forenteforlag.no\/pax\/produkt\/viten-om-viten-og-refleksivitet\/#breadcrumb\",\"itemListElement\":[{\"@type\":\"ListItem\",\"position\":1,\"name\":\"Hjem\",\"item\":\"https:\/\/staging.forenteforlag.no\/pax\/\"},{\"@type\":\"ListItem\",\"position\":2,\"name\":\"Alle b\u00f8ker\",\"item\":\"https:\/\/staging.forenteforlag.no\/pax\/butikk\/\"},{\"@type\":\"ListItem\",\"position\":3,\"name\":\"Viten om viten og refleksivitet\"}]},{\"@type\":\"WebSite\",\"@id\":\"https:\/\/staging.forenteforlag.no\/pax\/#website\",\"url\":\"https:\/\/staging.forenteforlag.no\/pax\/\",\"name\":\"Pax\",\"description\":\"\",\"potentialAction\":[{\"@type\":\"SearchAction\",\"target\":{\"@type\":\"EntryPoint\",\"urlTemplate\":\"https:\/\/staging.forenteforlag.no\/pax\/?s={search_term_string}\"},\"query-input\":{\"@type\":\"PropertyValueSpecification\",\"valueRequired\":true,\"valueName\":\"search_term_string\"}}],\"inLanguage\":\"nb-NO\"}]}<\/script>\n<!-- \/ Yoast SEO plugin. -->","yoast_head_json":{"title":"Viten om viten og refleksivitet - Pax","robots":{"index":"noindex","follow":"follow","max-snippet":"max-snippet:-1","max-image-preview":"max-image-preview:large","max-video-preview":"max-video-preview:-1"},"og_locale":"nb_NO","og_type":"article","og_title":"Viten om viten og refleksivitet - Pax","og_description":"Dette er Bourdieus avskjedsforelesninger p\u00e5 Coll\u00e8ge de France 2000-2001, lett bearbeidet. Bourdieu analyserer her begrepet objektivitet innen human- og samfunnsvitenskapene. Han advarer mot de \u00f8konomiske interessers \u00f8kende innflytelse, og forsvarer den vitenskapelige frihet og den frie forskning. Bourdieus prosjekt er \u00e5 finne en vei mellom ytterpunktene, mellom forestillingen om en ren vitenskap og den rene [&hellip;]","og_url":"https:\/\/staging.forenteforlag.no\/pax\/produkt\/viten-om-viten-og-refleksivitet\/","og_site_name":"Pax","article_modified_time":"2026-03-04T20:55:21+00:00","og_image":[{"width":330,"height":450,"url":"https:\/\/staging.forenteforlag.no\/pax\/wp-content\/uploads\/sites\/5\/2025\/08\/jpg-5293.jpg","type":"image\/jpeg"}],"twitter_card":"summary_large_image","twitter_misc":{"Ansl. lesetid":"1 minutt"},"schema":{"@context":"https:\/\/schema.org","@graph":[{"@type":"WebPage","@id":"https:\/\/staging.forenteforlag.no\/pax\/produkt\/viten-om-viten-og-refleksivitet\/","url":"https:\/\/staging.forenteforlag.no\/pax\/produkt\/viten-om-viten-og-refleksivitet\/","name":"Viten om viten og refleksivitet - Pax","isPartOf":{"@id":"https:\/\/staging.forenteforlag.no\/pax\/#website"},"primaryImageOfPage":{"@id":"https:\/\/staging.forenteforlag.no\/pax\/produkt\/viten-om-viten-og-refleksivitet\/#primaryimage"},"image":{"@id":"https:\/\/staging.forenteforlag.no\/pax\/produkt\/viten-om-viten-og-refleksivitet\/#primaryimage"},"thumbnailUrl":"https:\/\/staging.forenteforlag.no\/pax\/wp-content\/uploads\/sites\/5\/2025\/08\/jpg-5293.jpg","datePublished":"2024-12-10T21:29:21+00:00","dateModified":"2026-03-04T20:55:21+00:00","breadcrumb":{"@id":"https:\/\/staging.forenteforlag.no\/pax\/produkt\/viten-om-viten-og-refleksivitet\/#breadcrumb"},"inLanguage":"nb-NO","potentialAction":[{"@type":"ReadAction","target":["https:\/\/staging.forenteforlag.no\/pax\/produkt\/viten-om-viten-og-refleksivitet\/"]}]},{"@type":"ImageObject","inLanguage":"nb-NO","@id":"https:\/\/staging.forenteforlag.no\/pax\/produkt\/viten-om-viten-og-refleksivitet\/#primaryimage","url":"https:\/\/staging.forenteforlag.no\/pax\/wp-content\/uploads\/sites\/5\/2025\/08\/jpg-5293.jpg","contentUrl":"https:\/\/staging.forenteforlag.no\/pax\/wp-content\/uploads\/sites\/5\/2025\/08\/jpg-5293.jpg","width":330,"height":450},{"@type":"BreadcrumbList","@id":"https:\/\/staging.forenteforlag.no\/pax\/produkt\/viten-om-viten-og-refleksivitet\/#breadcrumb","itemListElement":[{"@type":"ListItem","position":1,"name":"Hjem","item":"https:\/\/staging.forenteforlag.no\/pax\/"},{"@type":"ListItem","position":2,"name":"Alle b\u00f8ker","item":"https:\/\/staging.forenteforlag.no\/pax\/butikk\/"},{"@type":"ListItem","position":3,"name":"Viten om viten og refleksivitet"}]},{"@type":"WebSite","@id":"https:\/\/staging.forenteforlag.no\/pax\/#website","url":"https:\/\/staging.forenteforlag.no\/pax\/","name":"Pax","description":"","potentialAction":[{"@type":"SearchAction","target":{"@type":"EntryPoint","urlTemplate":"https:\/\/staging.forenteforlag.no\/pax\/?s={search_term_string}"},"query-input":{"@type":"PropertyValueSpecification","valueRequired":true,"valueName":"search_term_string"}}],"inLanguage":"nb-NO"}]}},"_links":{"self":[{"href":"https:\/\/staging.forenteforlag.no\/pax\/wp-json\/wp\/v2\/product\/21520","targetHints":{"allow":["GET"]}}],"collection":[{"href":"https:\/\/staging.forenteforlag.no\/pax\/wp-json\/wp\/v2\/product"}],"about":[{"href":"https:\/\/staging.forenteforlag.no\/pax\/wp-json\/wp\/v2\/types\/product"}],"wp:featuredmedia":[{"embeddable":true,"href":"https:\/\/staging.forenteforlag.no\/pax\/wp-json\/wp\/v2\/media\/27868"}],"wp:attachment":[{"href":"https:\/\/staging.forenteforlag.no\/pax\/wp-json\/wp\/v2\/media?parent=21520"}],"wp:term":[{"taxonomy":"product_brand","embeddable":true,"href":"https:\/\/staging.forenteforlag.no\/pax\/wp-json\/wp\/v2\/product_brand?post=21520"},{"taxonomy":"product_cat","embeddable":true,"href":"https:\/\/staging.forenteforlag.no\/pax\/wp-json\/wp\/v2\/product_cat?post=21520"},{"taxonomy":"product_tag","embeddable":true,"href":"https:\/\/staging.forenteforlag.no\/pax\/wp-json\/wp\/v2\/product_tag?post=21520"}],"curies":[{"name":"wp","href":"https:\/\/api.w.org\/{rel}","templated":true}]}}