{"id":21475,"date":"2023-08-21T02:00:00","date_gmt":"2023-08-21T00:00:00","guid":{"rendered":"https:\/\/pax.forenteforlag.no\/produkt\/bittas-sokker\/"},"modified":"2026-03-03T23:13:38","modified_gmt":"2026-03-03T22:13:38","slug":"bittas-sokker","status":"publish","type":"product","link":"https:\/\/staging.forenteforlag.no\/pax\/produkt\/bittas-sokker\/","title":{"rendered":"Bittas sokker"},"content":{"rendered":"<p>En innholdsrik oppskriftsbok for deg som vil strikke sokker, enten du er en erfaren strikker eller nybegynner. Strikking er tradisjon, men en tradisjon som fornyes med m\u00f8nsterstrikk for v\u00e5r tid. Du kan velge mellom 30 unike oppskrifter &#8211; sokker for hele \u00e5ret. Sokkedesignene har hvert sitt karakteristiske navn som Espen Askepott, Fl\u00f8rtende f\u00f8tter og prematursokken Amandus. Her er sokker i ulike farger og fasonger for barn og unge &#8211; og for voksne i alle aldre. Bittas strikkeb\u00f8ker har tydelige oppskrifter, med m\u00f8nstre som er lette \u00e5 f\u00f8lge. Strikkem\u00f8nstrene er kvalitetssikret av faste teststrikkere, og Ellen Lande Gossner har tatt de vakre bildene.<\/p>\n","protected":false},"excerpt":{"rendered":"<p>En innholdsrik oppskriftsbok for deg som vil strikke sokker, enten du er en erfaren strikker eller nybegynner. Strikking er tradisjon, men en tradisjon som fornyes med m\u00f8nsterstrikk for v\u00e5r tid. Du kan velge mellom 30 unike oppskrifter &#8211; sokker for hele \u00e5ret. Sokkedesignene har hvert sitt karakteristiske navn som Espen Askepott, Fl\u00f8rtende f\u00f8tter og prematursokken [&hellip;]<\/p>\n","protected":false},"featured_media":29027,"template":"","meta":{"_acf_changed":false,"inline_featured_image":false},"product_brand":[],"product_cat":[1782],"product_tag":[362],"class_list":{"0":"post-21475","1":"product","2":"type-product","3":"status-publish","4":"has-post-thumbnail","6":"product_cat-fripris","7":"product_tag-faglitteratur","9":"first","10":"instock","11":"shipping-taxable","12":"purchasable","13":"product-type-simple"},"acf":{"anmeldelse":null},"yoast_head":"<!-- This site is optimized with the Yoast SEO plugin v26.6 - https:\/\/yoast.com\/wordpress\/plugins\/seo\/ -->\n<title>Bittas sokker - Pax<\/title>\n<meta name=\"robots\" content=\"noindex, follow, max-snippet:-1, max-image-preview:large, max-video-preview:-1\" \/>\n<meta property=\"og:locale\" content=\"nb_NO\" \/>\n<meta property=\"og:type\" content=\"article\" \/>\n<meta property=\"og:title\" content=\"Bittas sokker - Pax\" \/>\n<meta property=\"og:description\" content=\"En innholdsrik oppskriftsbok for deg som vil strikke sokker, enten du er en erfaren strikker eller nybegynner. Strikking er tradisjon, men en tradisjon som fornyes med m\u00f8nsterstrikk for v\u00e5r tid. Du kan velge mellom 30 unike oppskrifter &#8211; sokker for hele \u00e5ret. Sokkedesignene har hvert sitt karakteristiske navn som Espen Askepott, Fl\u00f8rtende f\u00f8tter og prematursokken [&hellip;]\" \/>\n<meta property=\"og:url\" content=\"https:\/\/staging.forenteforlag.no\/pax\/produkt\/bittas-sokker\/\" \/>\n<meta property=\"og:site_name\" content=\"Pax\" \/>\n<meta property=\"article:modified_time\" content=\"2026-03-03T22:13:38+00:00\" \/>\n<meta property=\"og:image\" content=\"https:\/\/staging.forenteforlag.no\/pax\/wp-content\/uploads\/sites\/5\/2025\/08\/jpg-8702-scaled-1-scaled.jpg\" \/>\n\t<meta property=\"og:image:width\" content=\"1407\" \/>\n\t<meta property=\"og:image:height\" content=\"1920\" \/>\n\t<meta property=\"og:image:type\" content=\"image\/jpeg\" \/>\n<meta name=\"twitter:card\" content=\"summary_large_image\" \/>\n<meta name=\"twitter:label1\" content=\"Ansl. lesetid\" \/>\n\t<meta name=\"twitter:data1\" content=\"1 minutt\" \/>\n<script type=\"application\/ld+json\" class=\"yoast-schema-graph\">{\"@context\":\"https:\/\/schema.org\",\"@graph\":[{\"@type\":\"WebPage\",\"@id\":\"https:\/\/staging.forenteforlag.no\/pax\/produkt\/bittas-sokker\/\",\"url\":\"https:\/\/staging.forenteforlag.no\/pax\/produkt\/bittas-sokker\/\",\"name\":\"Bittas sokker - Pax\",\"isPartOf\":{\"@id\":\"https:\/\/staging.forenteforlag.no\/pax\/#website\"},\"primaryImageOfPage\":{\"@id\":\"https:\/\/staging.forenteforlag.no\/pax\/produkt\/bittas-sokker\/#primaryimage\"},\"image\":{\"@id\":\"https:\/\/staging.forenteforlag.no\/pax\/produkt\/bittas-sokker\/#primaryimage\"},\"thumbnailUrl\":\"https:\/\/staging.forenteforlag.no\/pax\/wp-content\/uploads\/sites\/5\/2025\/08\/jpg-8702-scaled-1-scaled.jpg\",\"datePublished\":\"2023-08-21T00:00:00+00:00\",\"dateModified\":\"2026-03-03T22:13:38+00:00\",\"breadcrumb\":{\"@id\":\"https:\/\/staging.forenteforlag.no\/pax\/produkt\/bittas-sokker\/#breadcrumb\"},\"inLanguage\":\"nb-NO\",\"potentialAction\":[{\"@type\":\"ReadAction\",\"target\":[\"https:\/\/staging.forenteforlag.no\/pax\/produkt\/bittas-sokker\/\"]}]},{\"@type\":\"ImageObject\",\"inLanguage\":\"nb-NO\",\"@id\":\"https:\/\/staging.forenteforlag.no\/pax\/produkt\/bittas-sokker\/#primaryimage\",\"url\":\"https:\/\/staging.forenteforlag.no\/pax\/wp-content\/uploads\/sites\/5\/2025\/08\/jpg-8702-scaled-1-scaled.jpg\",\"contentUrl\":\"https:\/\/staging.forenteforlag.no\/pax\/wp-content\/uploads\/sites\/5\/2025\/08\/jpg-8702-scaled-1-scaled.jpg\",\"width\":1407,\"height\":1920},{\"@type\":\"BreadcrumbList\",\"@id\":\"https:\/\/staging.forenteforlag.no\/pax\/produkt\/bittas-sokker\/#breadcrumb\",\"itemListElement\":[{\"@type\":\"ListItem\",\"position\":1,\"name\":\"Hjem\",\"item\":\"https:\/\/staging.forenteforlag.no\/pax\/\"},{\"@type\":\"ListItem\",\"position\":2,\"name\":\"Alle b\u00f8ker\",\"item\":\"https:\/\/staging.forenteforlag.no\/pax\/butikk\/\"},{\"@type\":\"ListItem\",\"position\":3,\"name\":\"Bittas sokker\"}]},{\"@type\":\"WebSite\",\"@id\":\"https:\/\/staging.forenteforlag.no\/pax\/#website\",\"url\":\"https:\/\/staging.forenteforlag.no\/pax\/\",\"name\":\"Pax\",\"description\":\"\",\"potentialAction\":[{\"@type\":\"SearchAction\",\"target\":{\"@type\":\"EntryPoint\",\"urlTemplate\":\"https:\/\/staging.forenteforlag.no\/pax\/?s={search_term_string}\"},\"query-input\":{\"@type\":\"PropertyValueSpecification\",\"valueRequired\":true,\"valueName\":\"search_term_string\"}}],\"inLanguage\":\"nb-NO\"}]}<\/script>\n<!-- \/ Yoast SEO plugin. -->","yoast_head_json":{"title":"Bittas sokker - Pax","robots":{"index":"noindex","follow":"follow","max-snippet":"max-snippet:-1","max-image-preview":"max-image-preview:large","max-video-preview":"max-video-preview:-1"},"og_locale":"nb_NO","og_type":"article","og_title":"Bittas sokker - Pax","og_description":"En innholdsrik oppskriftsbok for deg som vil strikke sokker, enten du er en erfaren strikker eller nybegynner. Strikking er tradisjon, men en tradisjon som fornyes med m\u00f8nsterstrikk for v\u00e5r tid. Du kan velge mellom 30 unike oppskrifter &#8211; sokker for hele \u00e5ret. Sokkedesignene har hvert sitt karakteristiske navn som Espen Askepott, Fl\u00f8rtende f\u00f8tter og prematursokken [&hellip;]","og_url":"https:\/\/staging.forenteforlag.no\/pax\/produkt\/bittas-sokker\/","og_site_name":"Pax","article_modified_time":"2026-03-03T22:13:38+00:00","og_image":[{"width":1407,"height":1920,"url":"https:\/\/staging.forenteforlag.no\/pax\/wp-content\/uploads\/sites\/5\/2025\/08\/jpg-8702-scaled-1-scaled.jpg","type":"image\/jpeg"}],"twitter_card":"summary_large_image","twitter_misc":{"Ansl. lesetid":"1 minutt"},"schema":{"@context":"https:\/\/schema.org","@graph":[{"@type":"WebPage","@id":"https:\/\/staging.forenteforlag.no\/pax\/produkt\/bittas-sokker\/","url":"https:\/\/staging.forenteforlag.no\/pax\/produkt\/bittas-sokker\/","name":"Bittas sokker - Pax","isPartOf":{"@id":"https:\/\/staging.forenteforlag.no\/pax\/#website"},"primaryImageOfPage":{"@id":"https:\/\/staging.forenteforlag.no\/pax\/produkt\/bittas-sokker\/#primaryimage"},"image":{"@id":"https:\/\/staging.forenteforlag.no\/pax\/produkt\/bittas-sokker\/#primaryimage"},"thumbnailUrl":"https:\/\/staging.forenteforlag.no\/pax\/wp-content\/uploads\/sites\/5\/2025\/08\/jpg-8702-scaled-1-scaled.jpg","datePublished":"2023-08-21T00:00:00+00:00","dateModified":"2026-03-03T22:13:38+00:00","breadcrumb":{"@id":"https:\/\/staging.forenteforlag.no\/pax\/produkt\/bittas-sokker\/#breadcrumb"},"inLanguage":"nb-NO","potentialAction":[{"@type":"ReadAction","target":["https:\/\/staging.forenteforlag.no\/pax\/produkt\/bittas-sokker\/"]}]},{"@type":"ImageObject","inLanguage":"nb-NO","@id":"https:\/\/staging.forenteforlag.no\/pax\/produkt\/bittas-sokker\/#primaryimage","url":"https:\/\/staging.forenteforlag.no\/pax\/wp-content\/uploads\/sites\/5\/2025\/08\/jpg-8702-scaled-1-scaled.jpg","contentUrl":"https:\/\/staging.forenteforlag.no\/pax\/wp-content\/uploads\/sites\/5\/2025\/08\/jpg-8702-scaled-1-scaled.jpg","width":1407,"height":1920},{"@type":"BreadcrumbList","@id":"https:\/\/staging.forenteforlag.no\/pax\/produkt\/bittas-sokker\/#breadcrumb","itemListElement":[{"@type":"ListItem","position":1,"name":"Hjem","item":"https:\/\/staging.forenteforlag.no\/pax\/"},{"@type":"ListItem","position":2,"name":"Alle b\u00f8ker","item":"https:\/\/staging.forenteforlag.no\/pax\/butikk\/"},{"@type":"ListItem","position":3,"name":"Bittas sokker"}]},{"@type":"WebSite","@id":"https:\/\/staging.forenteforlag.no\/pax\/#website","url":"https:\/\/staging.forenteforlag.no\/pax\/","name":"Pax","description":"","potentialAction":[{"@type":"SearchAction","target":{"@type":"EntryPoint","urlTemplate":"https:\/\/staging.forenteforlag.no\/pax\/?s={search_term_string}"},"query-input":{"@type":"PropertyValueSpecification","valueRequired":true,"valueName":"search_term_string"}}],"inLanguage":"nb-NO"}]}},"_links":{"self":[{"href":"https:\/\/staging.forenteforlag.no\/pax\/wp-json\/wp\/v2\/product\/21475","targetHints":{"allow":["GET"]}}],"collection":[{"href":"https:\/\/staging.forenteforlag.no\/pax\/wp-json\/wp\/v2\/product"}],"about":[{"href":"https:\/\/staging.forenteforlag.no\/pax\/wp-json\/wp\/v2\/types\/product"}],"wp:featuredmedia":[{"embeddable":true,"href":"https:\/\/staging.forenteforlag.no\/pax\/wp-json\/wp\/v2\/media\/29027"}],"wp:attachment":[{"href":"https:\/\/staging.forenteforlag.no\/pax\/wp-json\/wp\/v2\/media?parent=21475"}],"wp:term":[{"taxonomy":"product_brand","embeddable":true,"href":"https:\/\/staging.forenteforlag.no\/pax\/wp-json\/wp\/v2\/product_brand?post=21475"},{"taxonomy":"product_cat","embeddable":true,"href":"https:\/\/staging.forenteforlag.no\/pax\/wp-json\/wp\/v2\/product_cat?post=21475"},{"taxonomy":"product_tag","embeddable":true,"href":"https:\/\/staging.forenteforlag.no\/pax\/wp-json\/wp\/v2\/product_tag?post=21475"}],"curies":[{"name":"wp","href":"https:\/\/api.w.org\/{rel}","templated":true}]}}