{"id":21445,"date":"2024-12-10T22:32:23","date_gmt":"2024-12-10T21:32:23","guid":{"rendered":"https:\/\/pax.forenteforlag.no\/produkt\/lysten-og-hemmeligheten\/"},"modified":"2026-03-04T21:22:16","modified_gmt":"2026-03-04T20:22:16","slug":"lysten-og-hemmeligheten","status":"publish","type":"product","link":"https:\/\/staging.forenteforlag.no\/pax\/produkt\/lysten-og-hemmeligheten\/","title":{"rendered":"Lysten og hemmeligheten"},"content":{"rendered":"<p>Boka er en katalog til utstillingen Lysten og hemmelighetene &#8211; kunstproduksjon og reproduksjon gjennom 500 \u00e5r, som vises p\u00e5 Norsk Folkemuseum 22. april-12. desember 2004. Den belyser reproduksjonskunst i tid og rom. Utvalget fokuserer p\u00e5 nyskapende, verker i bokens historie. Boken og den tilh\u00f8rende utstillingen er basert p\u00e5 bildekunstneren Guttorm Guttormsgaards samling. Har bilag med 10 originale grafiske blad.<\/p>\n","protected":false},"excerpt":{"rendered":"<p>Boka er en katalog til utstillingen Lysten og hemmelighetene &#8211; kunstproduksjon og reproduksjon gjennom 500 \u00e5r, som vises p\u00e5 Norsk Folkemuseum 22. april-12. desember 2004. Den belyser reproduksjonskunst i tid og rom. Utvalget fokuserer p\u00e5 nyskapende, verker i bokens historie. Boken og den tilh\u00f8rende utstillingen er basert p\u00e5 bildekunstneren Guttorm Guttormsgaards samling. Har bilag med [&hellip;]<\/p>\n","protected":false},"featured_media":27883,"template":"","meta":{"_acf_changed":false,"inline_featured_image":false},"product_brand":[],"product_cat":[1782],"product_tag":[1037,362,780,361],"class_list":{"0":"post-21445","1":"product","2":"type-product","3":"status-publish","4":"has-post-thumbnail","6":"product_cat-fripris","7":"product_tag-bokkunst","8":"product_tag-faglitteratur","9":"product_tag-kataloger","10":"product_tag-kulturhistorie","12":"first","13":"instock","14":"taxable","15":"shipping-taxable","16":"purchasable","17":"product-type-simple"},"acf":{"anmeldelse":null},"yoast_head":"<!-- This site is optimized with the Yoast SEO plugin v26.6 - https:\/\/yoast.com\/wordpress\/plugins\/seo\/ -->\n<title>Lysten og hemmeligheten - Pax<\/title>\n<meta name=\"robots\" content=\"noindex, follow, max-snippet:-1, max-image-preview:large, max-video-preview:-1\" \/>\n<meta property=\"og:locale\" content=\"nb_NO\" \/>\n<meta property=\"og:type\" content=\"article\" \/>\n<meta property=\"og:title\" content=\"Lysten og hemmeligheten - Pax\" \/>\n<meta property=\"og:description\" content=\"Boka er en katalog til utstillingen Lysten og hemmelighetene &#8211; kunstproduksjon og reproduksjon gjennom 500 \u00e5r, som vises p\u00e5 Norsk Folkemuseum 22. april-12. desember 2004. Den belyser reproduksjonskunst i tid og rom. Utvalget fokuserer p\u00e5 nyskapende, verker i bokens historie. Boken og den tilh\u00f8rende utstillingen er basert p\u00e5 bildekunstneren Guttorm Guttormsgaards samling. Har bilag med [&hellip;]\" \/>\n<meta property=\"og:url\" content=\"https:\/\/staging.forenteforlag.no\/pax\/produkt\/lysten-og-hemmeligheten\/\" \/>\n<meta property=\"og:site_name\" content=\"Pax\" \/>\n<meta property=\"article:modified_time\" content=\"2026-03-04T20:22:16+00:00\" \/>\n<meta property=\"og:image\" content=\"https:\/\/staging.forenteforlag.no\/pax\/wp-content\/uploads\/sites\/5\/2025\/08\/jpg-5338.jpg\" \/>\n\t<meta property=\"og:image:width\" content=\"341\" \/>\n\t<meta property=\"og:image:height\" content=\"450\" \/>\n\t<meta property=\"og:image:type\" content=\"image\/jpeg\" \/>\n<meta name=\"twitter:card\" content=\"summary_large_image\" \/>\n<script type=\"application\/ld+json\" class=\"yoast-schema-graph\">{\"@context\":\"https:\/\/schema.org\",\"@graph\":[{\"@type\":\"WebPage\",\"@id\":\"https:\/\/staging.forenteforlag.no\/pax\/produkt\/lysten-og-hemmeligheten\/\",\"url\":\"https:\/\/staging.forenteforlag.no\/pax\/produkt\/lysten-og-hemmeligheten\/\",\"name\":\"Lysten og hemmeligheten - Pax\",\"isPartOf\":{\"@id\":\"https:\/\/staging.forenteforlag.no\/pax\/#website\"},\"primaryImageOfPage\":{\"@id\":\"https:\/\/staging.forenteforlag.no\/pax\/produkt\/lysten-og-hemmeligheten\/#primaryimage\"},\"image\":{\"@id\":\"https:\/\/staging.forenteforlag.no\/pax\/produkt\/lysten-og-hemmeligheten\/#primaryimage\"},\"thumbnailUrl\":\"https:\/\/staging.forenteforlag.no\/pax\/wp-content\/uploads\/sites\/5\/2025\/08\/jpg-5338.jpg\",\"datePublished\":\"2024-12-10T21:32:23+00:00\",\"dateModified\":\"2026-03-04T20:22:16+00:00\",\"breadcrumb\":{\"@id\":\"https:\/\/staging.forenteforlag.no\/pax\/produkt\/lysten-og-hemmeligheten\/#breadcrumb\"},\"inLanguage\":\"nb-NO\",\"potentialAction\":[{\"@type\":\"ReadAction\",\"target\":[\"https:\/\/staging.forenteforlag.no\/pax\/produkt\/lysten-og-hemmeligheten\/\"]}]},{\"@type\":\"ImageObject\",\"inLanguage\":\"nb-NO\",\"@id\":\"https:\/\/staging.forenteforlag.no\/pax\/produkt\/lysten-og-hemmeligheten\/#primaryimage\",\"url\":\"https:\/\/staging.forenteforlag.no\/pax\/wp-content\/uploads\/sites\/5\/2025\/08\/jpg-5338.jpg\",\"contentUrl\":\"https:\/\/staging.forenteforlag.no\/pax\/wp-content\/uploads\/sites\/5\/2025\/08\/jpg-5338.jpg\",\"width\":341,\"height\":450},{\"@type\":\"BreadcrumbList\",\"@id\":\"https:\/\/staging.forenteforlag.no\/pax\/produkt\/lysten-og-hemmeligheten\/#breadcrumb\",\"itemListElement\":[{\"@type\":\"ListItem\",\"position\":1,\"name\":\"Hjem\",\"item\":\"https:\/\/staging.forenteforlag.no\/pax\/\"},{\"@type\":\"ListItem\",\"position\":2,\"name\":\"Alle b\u00f8ker\",\"item\":\"https:\/\/staging.forenteforlag.no\/pax\/butikk\/\"},{\"@type\":\"ListItem\",\"position\":3,\"name\":\"Lysten og hemmeligheten\"}]},{\"@type\":\"WebSite\",\"@id\":\"https:\/\/staging.forenteforlag.no\/pax\/#website\",\"url\":\"https:\/\/staging.forenteforlag.no\/pax\/\",\"name\":\"Pax\",\"description\":\"\",\"potentialAction\":[{\"@type\":\"SearchAction\",\"target\":{\"@type\":\"EntryPoint\",\"urlTemplate\":\"https:\/\/staging.forenteforlag.no\/pax\/?s={search_term_string}\"},\"query-input\":{\"@type\":\"PropertyValueSpecification\",\"valueRequired\":true,\"valueName\":\"search_term_string\"}}],\"inLanguage\":\"nb-NO\"}]}<\/script>\n<!-- \/ Yoast SEO plugin. -->","yoast_head_json":{"title":"Lysten og hemmeligheten - Pax","robots":{"index":"noindex","follow":"follow","max-snippet":"max-snippet:-1","max-image-preview":"max-image-preview:large","max-video-preview":"max-video-preview:-1"},"og_locale":"nb_NO","og_type":"article","og_title":"Lysten og hemmeligheten - Pax","og_description":"Boka er en katalog til utstillingen Lysten og hemmelighetene &#8211; kunstproduksjon og reproduksjon gjennom 500 \u00e5r, som vises p\u00e5 Norsk Folkemuseum 22. april-12. desember 2004. Den belyser reproduksjonskunst i tid og rom. Utvalget fokuserer p\u00e5 nyskapende, verker i bokens historie. Boken og den tilh\u00f8rende utstillingen er basert p\u00e5 bildekunstneren Guttorm Guttormsgaards samling. Har bilag med [&hellip;]","og_url":"https:\/\/staging.forenteforlag.no\/pax\/produkt\/lysten-og-hemmeligheten\/","og_site_name":"Pax","article_modified_time":"2026-03-04T20:22:16+00:00","og_image":[{"width":341,"height":450,"url":"https:\/\/staging.forenteforlag.no\/pax\/wp-content\/uploads\/sites\/5\/2025\/08\/jpg-5338.jpg","type":"image\/jpeg"}],"twitter_card":"summary_large_image","schema":{"@context":"https:\/\/schema.org","@graph":[{"@type":"WebPage","@id":"https:\/\/staging.forenteforlag.no\/pax\/produkt\/lysten-og-hemmeligheten\/","url":"https:\/\/staging.forenteforlag.no\/pax\/produkt\/lysten-og-hemmeligheten\/","name":"Lysten og hemmeligheten - Pax","isPartOf":{"@id":"https:\/\/staging.forenteforlag.no\/pax\/#website"},"primaryImageOfPage":{"@id":"https:\/\/staging.forenteforlag.no\/pax\/produkt\/lysten-og-hemmeligheten\/#primaryimage"},"image":{"@id":"https:\/\/staging.forenteforlag.no\/pax\/produkt\/lysten-og-hemmeligheten\/#primaryimage"},"thumbnailUrl":"https:\/\/staging.forenteforlag.no\/pax\/wp-content\/uploads\/sites\/5\/2025\/08\/jpg-5338.jpg","datePublished":"2024-12-10T21:32:23+00:00","dateModified":"2026-03-04T20:22:16+00:00","breadcrumb":{"@id":"https:\/\/staging.forenteforlag.no\/pax\/produkt\/lysten-og-hemmeligheten\/#breadcrumb"},"inLanguage":"nb-NO","potentialAction":[{"@type":"ReadAction","target":["https:\/\/staging.forenteforlag.no\/pax\/produkt\/lysten-og-hemmeligheten\/"]}]},{"@type":"ImageObject","inLanguage":"nb-NO","@id":"https:\/\/staging.forenteforlag.no\/pax\/produkt\/lysten-og-hemmeligheten\/#primaryimage","url":"https:\/\/staging.forenteforlag.no\/pax\/wp-content\/uploads\/sites\/5\/2025\/08\/jpg-5338.jpg","contentUrl":"https:\/\/staging.forenteforlag.no\/pax\/wp-content\/uploads\/sites\/5\/2025\/08\/jpg-5338.jpg","width":341,"height":450},{"@type":"BreadcrumbList","@id":"https:\/\/staging.forenteforlag.no\/pax\/produkt\/lysten-og-hemmeligheten\/#breadcrumb","itemListElement":[{"@type":"ListItem","position":1,"name":"Hjem","item":"https:\/\/staging.forenteforlag.no\/pax\/"},{"@type":"ListItem","position":2,"name":"Alle b\u00f8ker","item":"https:\/\/staging.forenteforlag.no\/pax\/butikk\/"},{"@type":"ListItem","position":3,"name":"Lysten og hemmeligheten"}]},{"@type":"WebSite","@id":"https:\/\/staging.forenteforlag.no\/pax\/#website","url":"https:\/\/staging.forenteforlag.no\/pax\/","name":"Pax","description":"","potentialAction":[{"@type":"SearchAction","target":{"@type":"EntryPoint","urlTemplate":"https:\/\/staging.forenteforlag.no\/pax\/?s={search_term_string}"},"query-input":{"@type":"PropertyValueSpecification","valueRequired":true,"valueName":"search_term_string"}}],"inLanguage":"nb-NO"}]}},"_links":{"self":[{"href":"https:\/\/staging.forenteforlag.no\/pax\/wp-json\/wp\/v2\/product\/21445","targetHints":{"allow":["GET"]}}],"collection":[{"href":"https:\/\/staging.forenteforlag.no\/pax\/wp-json\/wp\/v2\/product"}],"about":[{"href":"https:\/\/staging.forenteforlag.no\/pax\/wp-json\/wp\/v2\/types\/product"}],"wp:featuredmedia":[{"embeddable":true,"href":"https:\/\/staging.forenteforlag.no\/pax\/wp-json\/wp\/v2\/media\/27883"}],"wp:attachment":[{"href":"https:\/\/staging.forenteforlag.no\/pax\/wp-json\/wp\/v2\/media?parent=21445"}],"wp:term":[{"taxonomy":"product_brand","embeddable":true,"href":"https:\/\/staging.forenteforlag.no\/pax\/wp-json\/wp\/v2\/product_brand?post=21445"},{"taxonomy":"product_cat","embeddable":true,"href":"https:\/\/staging.forenteforlag.no\/pax\/wp-json\/wp\/v2\/product_cat?post=21445"},{"taxonomy":"product_tag","embeddable":true,"href":"https:\/\/staging.forenteforlag.no\/pax\/wp-json\/wp\/v2\/product_tag?post=21445"}],"curies":[{"name":"wp","href":"https:\/\/api.w.org\/{rel}","templated":true}]}}