{"id":21435,"date":"2009-10-26T01:00:00","date_gmt":"2009-10-26T00:00:00","guid":{"rendered":"https:\/\/pax.forenteforlag.no\/produkt\/terapiens-gave\/"},"modified":"2026-03-03T21:52:01","modified_gmt":"2026-03-03T20:52:01","slug":"terapiens-gave","status":"publish","type":"product","link":"https:\/\/staging.forenteforlag.no\/pax\/produkt\/terapiens-gave\/","title":{"rendered":"Terapiens gave"},"content":{"rendered":"<p>Forfatteren g\u00e5r til felts mot mye av den klassiske psykoterapien i denne boken. Han kritiserer psykologers redsel for \u00e5 involvere seg selv i terapisituasjonen. Han mener den tradisjonelle vektleggingen av distanse til pasienten er gal. Terapeuten b\u00f8r ikke v\u00e6re redd for \u00e5 gi sin st\u00f8tte, og skal fors\u00f8ke \u00e5 skape en trygghetsf\u00f8lelse som gj\u00f8r at pasienten kan utforske seg selv. Verkt\u00f8yet i terapien er ikke bare ordene, men ogs\u00e5 den affektive erfaringen. Pasienten m\u00e5 f\u00f8le at han kan stole p\u00e5 terapeuten.<\/p>\n","protected":false},"excerpt":{"rendered":"<p>Forfatteren g\u00e5r til felts mot mye av den klassiske psykoterapien i denne boken. Han kritiserer psykologers redsel for \u00e5 involvere seg selv i terapisituasjonen. Han mener den tradisjonelle vektleggingen av distanse til pasienten er gal. Terapeuten b\u00f8r ikke v\u00e6re redd for \u00e5 gi sin st\u00f8tte, og skal fors\u00f8ke \u00e5 skape en trygghetsf\u00f8lelse som gj\u00f8r at [&hellip;]<\/p>\n","protected":false},"featured_media":28853,"template":"","meta":{"_acf_changed":false,"inline_featured_image":false},"product_brand":[],"product_cat":[1782],"product_tag":[362,502],"class_list":{"0":"post-21435","1":"product","2":"type-product","3":"status-publish","4":"has-post-thumbnail","6":"product_cat-fripris","7":"product_tag-faglitteratur","8":"product_tag-laereboker-hoyere-utd","10":"first","11":"outofstock","12":"shipping-taxable","13":"purchasable","14":"product-type-simple"},"acf":{"anmeldelse":null},"yoast_head":"<!-- This site is optimized with the Yoast SEO plugin v26.6 - https:\/\/yoast.com\/wordpress\/plugins\/seo\/ -->\n<title>Terapiens gave - Pax<\/title>\n<meta name=\"robots\" content=\"noindex, follow, max-snippet:-1, max-image-preview:large, max-video-preview:-1\" \/>\n<meta property=\"og:locale\" content=\"nb_NO\" \/>\n<meta property=\"og:type\" content=\"article\" \/>\n<meta property=\"og:title\" content=\"Terapiens gave - Pax\" \/>\n<meta property=\"og:description\" content=\"Forfatteren g\u00e5r til felts mot mye av den klassiske psykoterapien i denne boken. Han kritiserer psykologers redsel for \u00e5 involvere seg selv i terapisituasjonen. Han mener den tradisjonelle vektleggingen av distanse til pasienten er gal. Terapeuten b\u00f8r ikke v\u00e6re redd for \u00e5 gi sin st\u00f8tte, og skal fors\u00f8ke \u00e5 skape en trygghetsf\u00f8lelse som gj\u00f8r at [&hellip;]\" \/>\n<meta property=\"og:url\" content=\"https:\/\/staging.forenteforlag.no\/pax\/produkt\/terapiens-gave\/\" \/>\n<meta property=\"og:site_name\" content=\"Pax\" \/>\n<meta property=\"article:modified_time\" content=\"2026-03-03T20:52:01+00:00\" \/>\n<meta property=\"og:image\" content=\"https:\/\/staging.forenteforlag.no\/pax\/wp-content\/uploads\/sites\/5\/2025\/08\/jpg-8166.jpg\" \/>\n\t<meta property=\"og:image:width\" content=\"279\" \/>\n\t<meta property=\"og:image:height\" content=\"450\" \/>\n\t<meta property=\"og:image:type\" content=\"image\/jpeg\" \/>\n<meta name=\"twitter:card\" content=\"summary_large_image\" \/>\n<meta name=\"twitter:label1\" content=\"Ansl. lesetid\" \/>\n\t<meta name=\"twitter:data1\" content=\"1 minutt\" \/>\n<script type=\"application\/ld+json\" class=\"yoast-schema-graph\">{\"@context\":\"https:\/\/schema.org\",\"@graph\":[{\"@type\":\"WebPage\",\"@id\":\"https:\/\/staging.forenteforlag.no\/pax\/produkt\/terapiens-gave\/\",\"url\":\"https:\/\/staging.forenteforlag.no\/pax\/produkt\/terapiens-gave\/\",\"name\":\"Terapiens gave - Pax\",\"isPartOf\":{\"@id\":\"https:\/\/staging.forenteforlag.no\/pax\/#website\"},\"primaryImageOfPage\":{\"@id\":\"https:\/\/staging.forenteforlag.no\/pax\/produkt\/terapiens-gave\/#primaryimage\"},\"image\":{\"@id\":\"https:\/\/staging.forenteforlag.no\/pax\/produkt\/terapiens-gave\/#primaryimage\"},\"thumbnailUrl\":\"https:\/\/staging.forenteforlag.no\/pax\/wp-content\/uploads\/sites\/5\/2025\/08\/jpg-8166.jpg\",\"datePublished\":\"2009-10-26T00:00:00+00:00\",\"dateModified\":\"2026-03-03T20:52:01+00:00\",\"breadcrumb\":{\"@id\":\"https:\/\/staging.forenteforlag.no\/pax\/produkt\/terapiens-gave\/#breadcrumb\"},\"inLanguage\":\"nb-NO\",\"potentialAction\":[{\"@type\":\"ReadAction\",\"target\":[\"https:\/\/staging.forenteforlag.no\/pax\/produkt\/terapiens-gave\/\"]}]},{\"@type\":\"ImageObject\",\"inLanguage\":\"nb-NO\",\"@id\":\"https:\/\/staging.forenteforlag.no\/pax\/produkt\/terapiens-gave\/#primaryimage\",\"url\":\"https:\/\/staging.forenteforlag.no\/pax\/wp-content\/uploads\/sites\/5\/2025\/08\/jpg-8166.jpg\",\"contentUrl\":\"https:\/\/staging.forenteforlag.no\/pax\/wp-content\/uploads\/sites\/5\/2025\/08\/jpg-8166.jpg\",\"width\":279,\"height\":450},{\"@type\":\"BreadcrumbList\",\"@id\":\"https:\/\/staging.forenteforlag.no\/pax\/produkt\/terapiens-gave\/#breadcrumb\",\"itemListElement\":[{\"@type\":\"ListItem\",\"position\":1,\"name\":\"Hjem\",\"item\":\"https:\/\/staging.forenteforlag.no\/pax\/\"},{\"@type\":\"ListItem\",\"position\":2,\"name\":\"Alle b\u00f8ker\",\"item\":\"https:\/\/staging.forenteforlag.no\/pax\/butikk\/\"},{\"@type\":\"ListItem\",\"position\":3,\"name\":\"Terapiens gave\"}]},{\"@type\":\"WebSite\",\"@id\":\"https:\/\/staging.forenteforlag.no\/pax\/#website\",\"url\":\"https:\/\/staging.forenteforlag.no\/pax\/\",\"name\":\"Pax\",\"description\":\"\",\"potentialAction\":[{\"@type\":\"SearchAction\",\"target\":{\"@type\":\"EntryPoint\",\"urlTemplate\":\"https:\/\/staging.forenteforlag.no\/pax\/?s={search_term_string}\"},\"query-input\":{\"@type\":\"PropertyValueSpecification\",\"valueRequired\":true,\"valueName\":\"search_term_string\"}}],\"inLanguage\":\"nb-NO\"}]}<\/script>\n<!-- \/ Yoast SEO plugin. -->","yoast_head_json":{"title":"Terapiens gave - Pax","robots":{"index":"noindex","follow":"follow","max-snippet":"max-snippet:-1","max-image-preview":"max-image-preview:large","max-video-preview":"max-video-preview:-1"},"og_locale":"nb_NO","og_type":"article","og_title":"Terapiens gave - Pax","og_description":"Forfatteren g\u00e5r til felts mot mye av den klassiske psykoterapien i denne boken. Han kritiserer psykologers redsel for \u00e5 involvere seg selv i terapisituasjonen. Han mener den tradisjonelle vektleggingen av distanse til pasienten er gal. Terapeuten b\u00f8r ikke v\u00e6re redd for \u00e5 gi sin st\u00f8tte, og skal fors\u00f8ke \u00e5 skape en trygghetsf\u00f8lelse som gj\u00f8r at [&hellip;]","og_url":"https:\/\/staging.forenteforlag.no\/pax\/produkt\/terapiens-gave\/","og_site_name":"Pax","article_modified_time":"2026-03-03T20:52:01+00:00","og_image":[{"width":279,"height":450,"url":"https:\/\/staging.forenteforlag.no\/pax\/wp-content\/uploads\/sites\/5\/2025\/08\/jpg-8166.jpg","type":"image\/jpeg"}],"twitter_card":"summary_large_image","twitter_misc":{"Ansl. lesetid":"1 minutt"},"schema":{"@context":"https:\/\/schema.org","@graph":[{"@type":"WebPage","@id":"https:\/\/staging.forenteforlag.no\/pax\/produkt\/terapiens-gave\/","url":"https:\/\/staging.forenteforlag.no\/pax\/produkt\/terapiens-gave\/","name":"Terapiens gave - Pax","isPartOf":{"@id":"https:\/\/staging.forenteforlag.no\/pax\/#website"},"primaryImageOfPage":{"@id":"https:\/\/staging.forenteforlag.no\/pax\/produkt\/terapiens-gave\/#primaryimage"},"image":{"@id":"https:\/\/staging.forenteforlag.no\/pax\/produkt\/terapiens-gave\/#primaryimage"},"thumbnailUrl":"https:\/\/staging.forenteforlag.no\/pax\/wp-content\/uploads\/sites\/5\/2025\/08\/jpg-8166.jpg","datePublished":"2009-10-26T00:00:00+00:00","dateModified":"2026-03-03T20:52:01+00:00","breadcrumb":{"@id":"https:\/\/staging.forenteforlag.no\/pax\/produkt\/terapiens-gave\/#breadcrumb"},"inLanguage":"nb-NO","potentialAction":[{"@type":"ReadAction","target":["https:\/\/staging.forenteforlag.no\/pax\/produkt\/terapiens-gave\/"]}]},{"@type":"ImageObject","inLanguage":"nb-NO","@id":"https:\/\/staging.forenteforlag.no\/pax\/produkt\/terapiens-gave\/#primaryimage","url":"https:\/\/staging.forenteforlag.no\/pax\/wp-content\/uploads\/sites\/5\/2025\/08\/jpg-8166.jpg","contentUrl":"https:\/\/staging.forenteforlag.no\/pax\/wp-content\/uploads\/sites\/5\/2025\/08\/jpg-8166.jpg","width":279,"height":450},{"@type":"BreadcrumbList","@id":"https:\/\/staging.forenteforlag.no\/pax\/produkt\/terapiens-gave\/#breadcrumb","itemListElement":[{"@type":"ListItem","position":1,"name":"Hjem","item":"https:\/\/staging.forenteforlag.no\/pax\/"},{"@type":"ListItem","position":2,"name":"Alle b\u00f8ker","item":"https:\/\/staging.forenteforlag.no\/pax\/butikk\/"},{"@type":"ListItem","position":3,"name":"Terapiens gave"}]},{"@type":"WebSite","@id":"https:\/\/staging.forenteforlag.no\/pax\/#website","url":"https:\/\/staging.forenteforlag.no\/pax\/","name":"Pax","description":"","potentialAction":[{"@type":"SearchAction","target":{"@type":"EntryPoint","urlTemplate":"https:\/\/staging.forenteforlag.no\/pax\/?s={search_term_string}"},"query-input":{"@type":"PropertyValueSpecification","valueRequired":true,"valueName":"search_term_string"}}],"inLanguage":"nb-NO"}]}},"_links":{"self":[{"href":"https:\/\/staging.forenteforlag.no\/pax\/wp-json\/wp\/v2\/product\/21435","targetHints":{"allow":["GET"]}}],"collection":[{"href":"https:\/\/staging.forenteforlag.no\/pax\/wp-json\/wp\/v2\/product"}],"about":[{"href":"https:\/\/staging.forenteforlag.no\/pax\/wp-json\/wp\/v2\/types\/product"}],"wp:featuredmedia":[{"embeddable":true,"href":"https:\/\/staging.forenteforlag.no\/pax\/wp-json\/wp\/v2\/media\/28853"}],"wp:attachment":[{"href":"https:\/\/staging.forenteforlag.no\/pax\/wp-json\/wp\/v2\/media?parent=21435"}],"wp:term":[{"taxonomy":"product_brand","embeddable":true,"href":"https:\/\/staging.forenteforlag.no\/pax\/wp-json\/wp\/v2\/product_brand?post=21435"},{"taxonomy":"product_cat","embeddable":true,"href":"https:\/\/staging.forenteforlag.no\/pax\/wp-json\/wp\/v2\/product_cat?post=21435"},{"taxonomy":"product_tag","embeddable":true,"href":"https:\/\/staging.forenteforlag.no\/pax\/wp-json\/wp\/v2\/product_tag?post=21435"}],"curies":[{"name":"wp","href":"https:\/\/api.w.org\/{rel}","templated":true}]}}