{"id":21414,"date":"2022-04-19T02:00:00","date_gmt":"2022-04-19T00:00:00","guid":{"rendered":"https:\/\/pax.forenteforlag.no\/produkt\/strikk-votter-med-knitting-lotta\/"},"modified":"2025-11-06T09:20:49","modified_gmt":"2025-11-06T08:20:49","slug":"strikk-votter-med-knitting-lotta","status":"publish","type":"product","link":"https:\/\/staging.forenteforlag.no\/pax\/produkt\/strikk-votter-med-knitting-lotta\/","title":{"rendered":"Strikk votter med Knitting Lotta"},"content":{"rendered":"<p>Strikk votter du ikke trodde fantes! Hva sier du til m\u00f8nstre med Elvis Presley, Astrid Lindgren, Virginia Woolf og Bruce Springsteen? Eller hvorfor ikke la mer klassiske motiver som skj\u00f8re sn\u00f8flak, s\u00f8te katter, spretne ekorn, rosa flamingoer, surrende bier eller gr\u00f8nne jungelplanter varme hendene dine? Strikke-Lotta er formgiveren som begynte \u00e5 strikke, og hennes unike og lekne m\u00f8nstre har spredt seg over landegrensene. Pedagogiske beskrivelser og muntre bilder gj\u00f8r det enkelt og inspirerende ogs\u00e5 for nybegynnere som vil begynne \u00e5 strikke. Boken inneholder 18 originale m\u00f8nstre.<\/p>\n","protected":false},"excerpt":{"rendered":"<p>Strikk votter du ikke trodde fantes! Hva sier du til m\u00f8nstre med Elvis Presley, Astrid Lindgren, Virginia Woolf og Bruce Springsteen? Eller hvorfor ikke la mer klassiske motiver som skj\u00f8re sn\u00f8flak, s\u00f8te katter, spretne ekorn, rosa flamingoer, surrende bier eller gr\u00f8nne jungelplanter varme hendene dine? Strikke-Lotta er formgiveren som begynte \u00e5 strikke, og hennes unike [&hellip;]<\/p>\n","protected":false},"featured_media":28936,"template":"","meta":{"_acf_changed":false,"inline_featured_image":false},"product_brand":[],"product_cat":[24],"product_tag":[362],"class_list":{"0":"post-21414","1":"product","2":"type-product","3":"status-publish","4":"has-post-thumbnail","6":"product_cat-hobby","7":"product_tag-faglitteratur","8":"pa_format-innbundet","10":"first","11":"outofstock","12":"shipping-taxable","13":"purchasable","14":"product-type-simple"},"acf":{"anmeldelse":null},"yoast_head":"<!-- This site is optimized with the Yoast SEO plugin v26.6 - https:\/\/yoast.com\/wordpress\/plugins\/seo\/ -->\n<title>Strikk votter med Knitting Lotta - Pax<\/title>\n<meta name=\"robots\" content=\"noindex, follow, max-snippet:-1, max-image-preview:large, max-video-preview:-1\" \/>\n<meta property=\"og:locale\" content=\"nb_NO\" \/>\n<meta property=\"og:type\" content=\"article\" \/>\n<meta property=\"og:title\" content=\"Strikk votter med Knitting Lotta - Pax\" \/>\n<meta property=\"og:description\" content=\"Strikk votter du ikke trodde fantes! Hva sier du til m\u00f8nstre med Elvis Presley, Astrid Lindgren, Virginia Woolf og Bruce Springsteen? Eller hvorfor ikke la mer klassiske motiver som skj\u00f8re sn\u00f8flak, s\u00f8te katter, spretne ekorn, rosa flamingoer, surrende bier eller gr\u00f8nne jungelplanter varme hendene dine? Strikke-Lotta er formgiveren som begynte \u00e5 strikke, og hennes unike [&hellip;]\" \/>\n<meta property=\"og:url\" content=\"https:\/\/staging.forenteforlag.no\/pax\/produkt\/strikk-votter-med-knitting-lotta\/\" \/>\n<meta property=\"og:site_name\" content=\"Pax\" \/>\n<meta property=\"article:modified_time\" content=\"2025-11-06T08:20:49+00:00\" \/>\n<meta property=\"og:image\" content=\"https:\/\/staging.forenteforlag.no\/pax\/wp-content\/uploads\/sites\/5\/2025\/08\/jpg-8399-scaled-1-scaled.jpg\" \/>\n\t<meta property=\"og:image:width\" content=\"1577\" \/>\n\t<meta property=\"og:image:height\" content=\"1920\" \/>\n\t<meta property=\"og:image:type\" content=\"image\/jpeg\" \/>\n<meta name=\"twitter:card\" content=\"summary_large_image\" \/>\n<script type=\"application\/ld+json\" class=\"yoast-schema-graph\">{\"@context\":\"https:\/\/schema.org\",\"@graph\":[{\"@type\":\"WebPage\",\"@id\":\"https:\/\/staging.forenteforlag.no\/pax\/produkt\/strikk-votter-med-knitting-lotta\/\",\"url\":\"https:\/\/staging.forenteforlag.no\/pax\/produkt\/strikk-votter-med-knitting-lotta\/\",\"name\":\"Strikk votter med Knitting Lotta - Pax\",\"isPartOf\":{\"@id\":\"https:\/\/staging.forenteforlag.no\/pax\/#website\"},\"primaryImageOfPage\":{\"@id\":\"https:\/\/staging.forenteforlag.no\/pax\/produkt\/strikk-votter-med-knitting-lotta\/#primaryimage\"},\"image\":{\"@id\":\"https:\/\/staging.forenteforlag.no\/pax\/produkt\/strikk-votter-med-knitting-lotta\/#primaryimage\"},\"thumbnailUrl\":\"https:\/\/staging.forenteforlag.no\/pax\/wp-content\/uploads\/sites\/5\/2025\/08\/jpg-8399-scaled-1-scaled.jpg\",\"datePublished\":\"2022-04-19T00:00:00+00:00\",\"dateModified\":\"2025-11-06T08:20:49+00:00\",\"breadcrumb\":{\"@id\":\"https:\/\/staging.forenteforlag.no\/pax\/produkt\/strikk-votter-med-knitting-lotta\/#breadcrumb\"},\"inLanguage\":\"nb-NO\",\"potentialAction\":[{\"@type\":\"ReadAction\",\"target\":[\"https:\/\/staging.forenteforlag.no\/pax\/produkt\/strikk-votter-med-knitting-lotta\/\"]}]},{\"@type\":\"ImageObject\",\"inLanguage\":\"nb-NO\",\"@id\":\"https:\/\/staging.forenteforlag.no\/pax\/produkt\/strikk-votter-med-knitting-lotta\/#primaryimage\",\"url\":\"https:\/\/staging.forenteforlag.no\/pax\/wp-content\/uploads\/sites\/5\/2025\/08\/jpg-8399-scaled-1-scaled.jpg\",\"contentUrl\":\"https:\/\/staging.forenteforlag.no\/pax\/wp-content\/uploads\/sites\/5\/2025\/08\/jpg-8399-scaled-1-scaled.jpg\",\"width\":1577,\"height\":1920},{\"@type\":\"BreadcrumbList\",\"@id\":\"https:\/\/staging.forenteforlag.no\/pax\/produkt\/strikk-votter-med-knitting-lotta\/#breadcrumb\",\"itemListElement\":[{\"@type\":\"ListItem\",\"position\":1,\"name\":\"Hjem\",\"item\":\"https:\/\/staging.forenteforlag.no\/pax\/\"},{\"@type\":\"ListItem\",\"position\":2,\"name\":\"Alle b\u00f8ker\",\"item\":\"https:\/\/staging.forenteforlag.no\/pax\/butikk\/\"},{\"@type\":\"ListItem\",\"position\":3,\"name\":\"Strikk votter med Knitting Lotta\"}]},{\"@type\":\"WebSite\",\"@id\":\"https:\/\/staging.forenteforlag.no\/pax\/#website\",\"url\":\"https:\/\/staging.forenteforlag.no\/pax\/\",\"name\":\"Pax\",\"description\":\"\",\"potentialAction\":[{\"@type\":\"SearchAction\",\"target\":{\"@type\":\"EntryPoint\",\"urlTemplate\":\"https:\/\/staging.forenteforlag.no\/pax\/?s={search_term_string}\"},\"query-input\":{\"@type\":\"PropertyValueSpecification\",\"valueRequired\":true,\"valueName\":\"search_term_string\"}}],\"inLanguage\":\"nb-NO\"}]}<\/script>\n<!-- \/ Yoast SEO plugin. -->","yoast_head_json":{"title":"Strikk votter med Knitting Lotta - Pax","robots":{"index":"noindex","follow":"follow","max-snippet":"max-snippet:-1","max-image-preview":"max-image-preview:large","max-video-preview":"max-video-preview:-1"},"og_locale":"nb_NO","og_type":"article","og_title":"Strikk votter med Knitting Lotta - Pax","og_description":"Strikk votter du ikke trodde fantes! Hva sier du til m\u00f8nstre med Elvis Presley, Astrid Lindgren, Virginia Woolf og Bruce Springsteen? Eller hvorfor ikke la mer klassiske motiver som skj\u00f8re sn\u00f8flak, s\u00f8te katter, spretne ekorn, rosa flamingoer, surrende bier eller gr\u00f8nne jungelplanter varme hendene dine? Strikke-Lotta er formgiveren som begynte \u00e5 strikke, og hennes unike [&hellip;]","og_url":"https:\/\/staging.forenteforlag.no\/pax\/produkt\/strikk-votter-med-knitting-lotta\/","og_site_name":"Pax","article_modified_time":"2025-11-06T08:20:49+00:00","og_image":[{"width":1577,"height":1920,"url":"https:\/\/staging.forenteforlag.no\/pax\/wp-content\/uploads\/sites\/5\/2025\/08\/jpg-8399-scaled-1-scaled.jpg","type":"image\/jpeg"}],"twitter_card":"summary_large_image","schema":{"@context":"https:\/\/schema.org","@graph":[{"@type":"WebPage","@id":"https:\/\/staging.forenteforlag.no\/pax\/produkt\/strikk-votter-med-knitting-lotta\/","url":"https:\/\/staging.forenteforlag.no\/pax\/produkt\/strikk-votter-med-knitting-lotta\/","name":"Strikk votter med Knitting Lotta - Pax","isPartOf":{"@id":"https:\/\/staging.forenteforlag.no\/pax\/#website"},"primaryImageOfPage":{"@id":"https:\/\/staging.forenteforlag.no\/pax\/produkt\/strikk-votter-med-knitting-lotta\/#primaryimage"},"image":{"@id":"https:\/\/staging.forenteforlag.no\/pax\/produkt\/strikk-votter-med-knitting-lotta\/#primaryimage"},"thumbnailUrl":"https:\/\/staging.forenteforlag.no\/pax\/wp-content\/uploads\/sites\/5\/2025\/08\/jpg-8399-scaled-1-scaled.jpg","datePublished":"2022-04-19T00:00:00+00:00","dateModified":"2025-11-06T08:20:49+00:00","breadcrumb":{"@id":"https:\/\/staging.forenteforlag.no\/pax\/produkt\/strikk-votter-med-knitting-lotta\/#breadcrumb"},"inLanguage":"nb-NO","potentialAction":[{"@type":"ReadAction","target":["https:\/\/staging.forenteforlag.no\/pax\/produkt\/strikk-votter-med-knitting-lotta\/"]}]},{"@type":"ImageObject","inLanguage":"nb-NO","@id":"https:\/\/staging.forenteforlag.no\/pax\/produkt\/strikk-votter-med-knitting-lotta\/#primaryimage","url":"https:\/\/staging.forenteforlag.no\/pax\/wp-content\/uploads\/sites\/5\/2025\/08\/jpg-8399-scaled-1-scaled.jpg","contentUrl":"https:\/\/staging.forenteforlag.no\/pax\/wp-content\/uploads\/sites\/5\/2025\/08\/jpg-8399-scaled-1-scaled.jpg","width":1577,"height":1920},{"@type":"BreadcrumbList","@id":"https:\/\/staging.forenteforlag.no\/pax\/produkt\/strikk-votter-med-knitting-lotta\/#breadcrumb","itemListElement":[{"@type":"ListItem","position":1,"name":"Hjem","item":"https:\/\/staging.forenteforlag.no\/pax\/"},{"@type":"ListItem","position":2,"name":"Alle b\u00f8ker","item":"https:\/\/staging.forenteforlag.no\/pax\/butikk\/"},{"@type":"ListItem","position":3,"name":"Strikk votter med Knitting Lotta"}]},{"@type":"WebSite","@id":"https:\/\/staging.forenteforlag.no\/pax\/#website","url":"https:\/\/staging.forenteforlag.no\/pax\/","name":"Pax","description":"","potentialAction":[{"@type":"SearchAction","target":{"@type":"EntryPoint","urlTemplate":"https:\/\/staging.forenteforlag.no\/pax\/?s={search_term_string}"},"query-input":{"@type":"PropertyValueSpecification","valueRequired":true,"valueName":"search_term_string"}}],"inLanguage":"nb-NO"}]}},"_links":{"self":[{"href":"https:\/\/staging.forenteforlag.no\/pax\/wp-json\/wp\/v2\/product\/21414","targetHints":{"allow":["GET"]}}],"collection":[{"href":"https:\/\/staging.forenteforlag.no\/pax\/wp-json\/wp\/v2\/product"}],"about":[{"href":"https:\/\/staging.forenteforlag.no\/pax\/wp-json\/wp\/v2\/types\/product"}],"wp:featuredmedia":[{"embeddable":true,"href":"https:\/\/staging.forenteforlag.no\/pax\/wp-json\/wp\/v2\/media\/28936"}],"wp:attachment":[{"href":"https:\/\/staging.forenteforlag.no\/pax\/wp-json\/wp\/v2\/media?parent=21414"}],"wp:term":[{"taxonomy":"product_brand","embeddable":true,"href":"https:\/\/staging.forenteforlag.no\/pax\/wp-json\/wp\/v2\/product_brand?post=21414"},{"taxonomy":"product_cat","embeddable":true,"href":"https:\/\/staging.forenteforlag.no\/pax\/wp-json\/wp\/v2\/product_cat?post=21414"},{"taxonomy":"product_tag","embeddable":true,"href":"https:\/\/staging.forenteforlag.no\/pax\/wp-json\/wp\/v2\/product_tag?post=21414"}],"curies":[{"name":"wp","href":"https:\/\/api.w.org\/{rel}","templated":true}]}}