{"id":21408,"date":"2011-10-18T02:00:00","date_gmt":"2011-10-18T00:00:00","guid":{"rendered":"https:\/\/pax.forenteforlag.no\/produkt\/de-glemte-agentene\/"},"modified":"2025-08-27T08:00:52","modified_gmt":"2025-08-27T06:00:52","slug":"de-glemte-agentene","status":"publish","type":"product","link":"https:\/\/staging.forenteforlag.no\/pax\/produkt\/de-glemte-agentene\/","title":{"rendered":"De glemte agentene"},"content":{"rendered":"<p>&laquo;Dere svensker s\u00f8rger alltid for \u00e5 v\u00e6re n\u00f8ytrale p\u00e5 vinnersiden,&raquo; fikk forfatteren h\u00f8re av en britisk journalistkollega. Med denne boken vil Johansson dokumentere at d\u00e9t er en sannhet med modifikasjoner. Selv om Sverige var n\u00f8ytralt tyskvennlig til vinden snudde, var det tusenvis av svensker &#8211; milit\u00e6re, sm\u00e5b\u00f8nder, tollere, politimenn og andre &#8211; som hjalp den norske motstandsbevegelsen, og om lag 60 000 nordmenn r\u00f8mte til Sverige i l\u00f8pet av krigen. Historien strekker seg fra aprildagene i 1940, da svenske frivillige kjempet og falt sammen med norske styrker, til de norske polititroppene i mai 1945 kunne rykke inn over grensen fra Sverige. I sum mener Johansson at n\u00e6rheten til Sverige ga Milorg de beste betingelsene blant de anti.nazistiske motstandsbevegelsene i Europa. Johansson lar oss m\u00f8te de mest spektakul\u00e6re og viktige eksemplene p\u00e5 norsk.svensk samarbeid i krigs\u00e5rene. Gjennom disse enkelthistoriene trer de st\u00f8rre linjene frem &#8211; av et broderfolk som lot seg vekke.<\/p>\n","protected":false},"excerpt":{"rendered":"<p>&laquo;Dere svensker s\u00f8rger alltid for \u00e5 v\u00e6re n\u00f8ytrale p\u00e5 vinnersiden,&raquo; fikk forfatteren h\u00f8re av en britisk journalistkollega. Med denne boken vil Johansson dokumentere at d\u00e9t er en sannhet med modifikasjoner. Selv om Sverige var n\u00f8ytralt tyskvennlig til vinden snudde, var det tusenvis av svensker &#8211; milit\u00e6re, sm\u00e5b\u00f8nder, tollere, politimenn og andre &#8211; som hjalp den [&hellip;]<\/p>\n","protected":false},"featured_media":27983,"template":"","meta":{"_acf_changed":false,"inline_featured_image":false},"product_brand":[],"product_cat":[23],"product_tag":[407,405,362,439,547],"class_list":{"0":"post-21408","1":"product","2":"type-product","3":"status-publish","4":"has-post-thumbnail","6":"product_cat-historie","7":"product_tag-1939-1945","8":"product_tag-andre-verdenskrig","9":"product_tag-faglitteratur","10":"product_tag-nord-norge","11":"product_tag-sverige","12":"pa_format-innbundet","14":"first","15":"outofstock","16":"shipping-taxable","17":"purchasable","18":"product-type-simple"},"acf":{"anmeldelse":null},"yoast_head":"<!-- This site is optimized with the Yoast SEO plugin v26.6 - https:\/\/yoast.com\/wordpress\/plugins\/seo\/ -->\n<title>De glemte agentene - Pax<\/title>\n<meta name=\"robots\" content=\"noindex, follow, max-snippet:-1, max-image-preview:large, max-video-preview:-1\" \/>\n<meta property=\"og:locale\" content=\"nb_NO\" \/>\n<meta property=\"og:type\" content=\"article\" \/>\n<meta property=\"og:title\" content=\"De glemte agentene - Pax\" \/>\n<meta property=\"og:description\" content=\"&laquo;Dere svensker s\u00f8rger alltid for \u00e5 v\u00e6re n\u00f8ytrale p\u00e5 vinnersiden,&raquo; fikk forfatteren h\u00f8re av en britisk journalistkollega. Med denne boken vil Johansson dokumentere at d\u00e9t er en sannhet med modifikasjoner. Selv om Sverige var n\u00f8ytralt tyskvennlig til vinden snudde, var det tusenvis av svensker &#8211; milit\u00e6re, sm\u00e5b\u00f8nder, tollere, politimenn og andre &#8211; som hjalp den [&hellip;]\" \/>\n<meta property=\"og:url\" content=\"https:\/\/staging.forenteforlag.no\/pax\/produkt\/de-glemte-agentene\/\" \/>\n<meta property=\"og:site_name\" content=\"Pax\" \/>\n<meta property=\"article:modified_time\" content=\"2025-08-27T06:00:52+00:00\" \/>\n<meta property=\"og:image\" content=\"https:\/\/staging.forenteforlag.no\/pax\/wp-content\/uploads\/sites\/5\/2025\/08\/jpg-5654.jpg\" \/>\n\t<meta property=\"og:image:width\" content=\"314\" \/>\n\t<meta property=\"og:image:height\" content=\"449\" \/>\n\t<meta property=\"og:image:type\" content=\"image\/jpeg\" \/>\n<meta name=\"twitter:card\" content=\"summary_large_image\" \/>\n<meta name=\"twitter:label1\" content=\"Ansl. lesetid\" \/>\n\t<meta name=\"twitter:data1\" content=\"1 minutt\" \/>\n<script type=\"application\/ld+json\" class=\"yoast-schema-graph\">{\"@context\":\"https:\/\/schema.org\",\"@graph\":[{\"@type\":\"WebPage\",\"@id\":\"https:\/\/staging.forenteforlag.no\/pax\/produkt\/de-glemte-agentene\/\",\"url\":\"https:\/\/staging.forenteforlag.no\/pax\/produkt\/de-glemte-agentene\/\",\"name\":\"De glemte agentene - Pax\",\"isPartOf\":{\"@id\":\"https:\/\/staging.forenteforlag.no\/pax\/#website\"},\"primaryImageOfPage\":{\"@id\":\"https:\/\/staging.forenteforlag.no\/pax\/produkt\/de-glemte-agentene\/#primaryimage\"},\"image\":{\"@id\":\"https:\/\/staging.forenteforlag.no\/pax\/produkt\/de-glemte-agentene\/#primaryimage\"},\"thumbnailUrl\":\"https:\/\/staging.forenteforlag.no\/pax\/wp-content\/uploads\/sites\/5\/2025\/08\/jpg-5654.jpg\",\"datePublished\":\"2011-10-18T00:00:00+00:00\",\"dateModified\":\"2025-08-27T06:00:52+00:00\",\"breadcrumb\":{\"@id\":\"https:\/\/staging.forenteforlag.no\/pax\/produkt\/de-glemte-agentene\/#breadcrumb\"},\"inLanguage\":\"nb-NO\",\"potentialAction\":[{\"@type\":\"ReadAction\",\"target\":[\"https:\/\/staging.forenteforlag.no\/pax\/produkt\/de-glemte-agentene\/\"]}]},{\"@type\":\"ImageObject\",\"inLanguage\":\"nb-NO\",\"@id\":\"https:\/\/staging.forenteforlag.no\/pax\/produkt\/de-glemte-agentene\/#primaryimage\",\"url\":\"https:\/\/staging.forenteforlag.no\/pax\/wp-content\/uploads\/sites\/5\/2025\/08\/jpg-5654.jpg\",\"contentUrl\":\"https:\/\/staging.forenteforlag.no\/pax\/wp-content\/uploads\/sites\/5\/2025\/08\/jpg-5654.jpg\",\"width\":314,\"height\":449},{\"@type\":\"BreadcrumbList\",\"@id\":\"https:\/\/staging.forenteforlag.no\/pax\/produkt\/de-glemte-agentene\/#breadcrumb\",\"itemListElement\":[{\"@type\":\"ListItem\",\"position\":1,\"name\":\"Hjem\",\"item\":\"https:\/\/staging.forenteforlag.no\/pax\/\"},{\"@type\":\"ListItem\",\"position\":2,\"name\":\"Alle b\u00f8ker\",\"item\":\"https:\/\/staging.forenteforlag.no\/pax\/butikk\/\"},{\"@type\":\"ListItem\",\"position\":3,\"name\":\"De glemte agentene\"}]},{\"@type\":\"WebSite\",\"@id\":\"https:\/\/staging.forenteforlag.no\/pax\/#website\",\"url\":\"https:\/\/staging.forenteforlag.no\/pax\/\",\"name\":\"Pax\",\"description\":\"\",\"potentialAction\":[{\"@type\":\"SearchAction\",\"target\":{\"@type\":\"EntryPoint\",\"urlTemplate\":\"https:\/\/staging.forenteforlag.no\/pax\/?s={search_term_string}\"},\"query-input\":{\"@type\":\"PropertyValueSpecification\",\"valueRequired\":true,\"valueName\":\"search_term_string\"}}],\"inLanguage\":\"nb-NO\"}]}<\/script>\n<!-- \/ Yoast SEO plugin. -->","yoast_head_json":{"title":"De glemte agentene - Pax","robots":{"index":"noindex","follow":"follow","max-snippet":"max-snippet:-1","max-image-preview":"max-image-preview:large","max-video-preview":"max-video-preview:-1"},"og_locale":"nb_NO","og_type":"article","og_title":"De glemte agentene - Pax","og_description":"&laquo;Dere svensker s\u00f8rger alltid for \u00e5 v\u00e6re n\u00f8ytrale p\u00e5 vinnersiden,&raquo; fikk forfatteren h\u00f8re av en britisk journalistkollega. Med denne boken vil Johansson dokumentere at d\u00e9t er en sannhet med modifikasjoner. Selv om Sverige var n\u00f8ytralt tyskvennlig til vinden snudde, var det tusenvis av svensker &#8211; milit\u00e6re, sm\u00e5b\u00f8nder, tollere, politimenn og andre &#8211; som hjalp den [&hellip;]","og_url":"https:\/\/staging.forenteforlag.no\/pax\/produkt\/de-glemte-agentene\/","og_site_name":"Pax","article_modified_time":"2025-08-27T06:00:52+00:00","og_image":[{"width":314,"height":449,"url":"https:\/\/staging.forenteforlag.no\/pax\/wp-content\/uploads\/sites\/5\/2025\/08\/jpg-5654.jpg","type":"image\/jpeg"}],"twitter_card":"summary_large_image","twitter_misc":{"Ansl. lesetid":"1 minutt"},"schema":{"@context":"https:\/\/schema.org","@graph":[{"@type":"WebPage","@id":"https:\/\/staging.forenteforlag.no\/pax\/produkt\/de-glemte-agentene\/","url":"https:\/\/staging.forenteforlag.no\/pax\/produkt\/de-glemte-agentene\/","name":"De glemte agentene - Pax","isPartOf":{"@id":"https:\/\/staging.forenteforlag.no\/pax\/#website"},"primaryImageOfPage":{"@id":"https:\/\/staging.forenteforlag.no\/pax\/produkt\/de-glemte-agentene\/#primaryimage"},"image":{"@id":"https:\/\/staging.forenteforlag.no\/pax\/produkt\/de-glemte-agentene\/#primaryimage"},"thumbnailUrl":"https:\/\/staging.forenteforlag.no\/pax\/wp-content\/uploads\/sites\/5\/2025\/08\/jpg-5654.jpg","datePublished":"2011-10-18T00:00:00+00:00","dateModified":"2025-08-27T06:00:52+00:00","breadcrumb":{"@id":"https:\/\/staging.forenteforlag.no\/pax\/produkt\/de-glemte-agentene\/#breadcrumb"},"inLanguage":"nb-NO","potentialAction":[{"@type":"ReadAction","target":["https:\/\/staging.forenteforlag.no\/pax\/produkt\/de-glemte-agentene\/"]}]},{"@type":"ImageObject","inLanguage":"nb-NO","@id":"https:\/\/staging.forenteforlag.no\/pax\/produkt\/de-glemte-agentene\/#primaryimage","url":"https:\/\/staging.forenteforlag.no\/pax\/wp-content\/uploads\/sites\/5\/2025\/08\/jpg-5654.jpg","contentUrl":"https:\/\/staging.forenteforlag.no\/pax\/wp-content\/uploads\/sites\/5\/2025\/08\/jpg-5654.jpg","width":314,"height":449},{"@type":"BreadcrumbList","@id":"https:\/\/staging.forenteforlag.no\/pax\/produkt\/de-glemte-agentene\/#breadcrumb","itemListElement":[{"@type":"ListItem","position":1,"name":"Hjem","item":"https:\/\/staging.forenteforlag.no\/pax\/"},{"@type":"ListItem","position":2,"name":"Alle b\u00f8ker","item":"https:\/\/staging.forenteforlag.no\/pax\/butikk\/"},{"@type":"ListItem","position":3,"name":"De glemte agentene"}]},{"@type":"WebSite","@id":"https:\/\/staging.forenteforlag.no\/pax\/#website","url":"https:\/\/staging.forenteforlag.no\/pax\/","name":"Pax","description":"","potentialAction":[{"@type":"SearchAction","target":{"@type":"EntryPoint","urlTemplate":"https:\/\/staging.forenteforlag.no\/pax\/?s={search_term_string}"},"query-input":{"@type":"PropertyValueSpecification","valueRequired":true,"valueName":"search_term_string"}}],"inLanguage":"nb-NO"}]}},"_links":{"self":[{"href":"https:\/\/staging.forenteforlag.no\/pax\/wp-json\/wp\/v2\/product\/21408","targetHints":{"allow":["GET"]}}],"collection":[{"href":"https:\/\/staging.forenteforlag.no\/pax\/wp-json\/wp\/v2\/product"}],"about":[{"href":"https:\/\/staging.forenteforlag.no\/pax\/wp-json\/wp\/v2\/types\/product"}],"wp:featuredmedia":[{"embeddable":true,"href":"https:\/\/staging.forenteforlag.no\/pax\/wp-json\/wp\/v2\/media\/27983"}],"wp:attachment":[{"href":"https:\/\/staging.forenteforlag.no\/pax\/wp-json\/wp\/v2\/media?parent=21408"}],"wp:term":[{"taxonomy":"product_brand","embeddable":true,"href":"https:\/\/staging.forenteforlag.no\/pax\/wp-json\/wp\/v2\/product_brand?post=21408"},{"taxonomy":"product_cat","embeddable":true,"href":"https:\/\/staging.forenteforlag.no\/pax\/wp-json\/wp\/v2\/product_cat?post=21408"},{"taxonomy":"product_tag","embeddable":true,"href":"https:\/\/staging.forenteforlag.no\/pax\/wp-json\/wp\/v2\/product_tag?post=21408"}],"curies":[{"name":"wp","href":"https:\/\/api.w.org\/{rel}","templated":true}]}}