{"id":21391,"date":"2012-08-07T02:00:00","date_gmt":"2012-08-07T00:00:00","guid":{"rendered":"https:\/\/pax.forenteforlag.no\/produkt\/dodens-seilas\/"},"modified":"2026-01-05T05:16:31","modified_gmt":"2026-01-05T04:16:31","slug":"dodens-seilas","status":"publish","type":"product","link":"https:\/\/staging.forenteforlag.no\/pax\/produkt\/dodens-seilas\/","title":{"rendered":"D\u00f8dens seilas"},"content":{"rendered":"<p>Henrik Johansen overtok Scandinavian Star fra amerikanske SeaEscape 30. mars 1990, men uten \u00e5 betale for det. Selgeren utsatte betalingsfristen til fredag 6. april, og deretter, for siste gang, til mandag 9. april. Natt til 7.ble skipet p\u00e5tent, og 159 mennesker d\u00f8de i brannen. Johansen ble d\u00f8mt som ansvarlig reder, og alle s\u00f8ksm\u00e5l havnet dermed i dansk jurisdiksjon. Men SeaEscape fikk forsikringsoppgj\u00f8ret.  Norsk politi skulle etterforske mordbrannen, men ikke forsikringssaken, og brydde seg derfor bare om forl\u00f8pet fram til tidspunktet da alle de omkomne allerede var d\u00f8de. Flere timer etter dette, og lenge etter at politiets antatte gjerningsmann selv var d\u00f8d, m\u00e5 noen med n\u00f8kler og stor kjennskap til skipet ha s\u00f8rget for \u00e5 holde brannen g\u00e5ende.  Kjell Ola Dahl g\u00e5r l\u00f8s p\u00e5 en kriminalg\u00e5te fra virkeligheten: Han n\u00f8ster i hendelsesforl\u00f8p, tekniske rapporter, pengestr\u00f8mmer og eierforhold, og peker p\u00e5 spor som aldri har v\u00e6rt etterforsket, profit\u00f8rer som aldri har blitt avh\u00f8rt &#8211; og en mulig l\u00f8sning p\u00e5 g\u00e5tene i saken.<\/p>\n","protected":false},"excerpt":{"rendered":"<p>Henrik Johansen overtok Scandinavian Star fra amerikanske SeaEscape 30. mars 1990, men uten \u00e5 betale for det. Selgeren utsatte betalingsfristen til fredag 6. april, og deretter, for siste gang, til mandag 9. april. Natt til 7.ble skipet p\u00e5tent, og 159 mennesker d\u00f8de i brannen. Johansen ble d\u00f8mt som ansvarlig reder, og alle s\u00f8ksm\u00e5l havnet dermed [&hellip;]<\/p>\n","protected":false},"featured_media":27938,"template":"","meta":{"_acf_changed":false,"inline_featured_image":false},"product_brand":[],"product_cat":[23],"product_tag":[362],"class_list":{"0":"post-21391","1":"product","2":"type-product","3":"status-publish","4":"has-post-thumbnail","6":"product_cat-historie","7":"product_tag-faglitteratur","8":"pa_format-innbundet","10":"first","11":"outofstock","12":"shipping-taxable","13":"purchasable","14":"product-type-simple"},"acf":{"anmeldelse":null},"yoast_head":"<!-- This site is optimized with the Yoast SEO plugin v26.6 - https:\/\/yoast.com\/wordpress\/plugins\/seo\/ -->\n<title>D\u00f8dens seilas - Pax<\/title>\n<meta name=\"robots\" content=\"noindex, follow, max-snippet:-1, max-image-preview:large, max-video-preview:-1\" \/>\n<meta property=\"og:locale\" content=\"nb_NO\" \/>\n<meta property=\"og:type\" content=\"article\" \/>\n<meta property=\"og:title\" content=\"D\u00f8dens seilas - Pax\" \/>\n<meta property=\"og:description\" content=\"Henrik Johansen overtok Scandinavian Star fra amerikanske SeaEscape 30. mars 1990, men uten \u00e5 betale for det. Selgeren utsatte betalingsfristen til fredag 6. april, og deretter, for siste gang, til mandag 9. april. Natt til 7.ble skipet p\u00e5tent, og 159 mennesker d\u00f8de i brannen. Johansen ble d\u00f8mt som ansvarlig reder, og alle s\u00f8ksm\u00e5l havnet dermed [&hellip;]\" \/>\n<meta property=\"og:url\" content=\"https:\/\/staging.forenteforlag.no\/pax\/produkt\/dodens-seilas\/\" \/>\n<meta property=\"og:site_name\" content=\"Pax\" \/>\n<meta property=\"article:modified_time\" content=\"2026-01-05T04:16:31+00:00\" \/>\n<meta property=\"og:image\" content=\"https:\/\/staging.forenteforlag.no\/pax\/wp-content\/uploads\/sites\/5\/2025\/08\/jpg-5538.jpg\" \/>\n\t<meta property=\"og:image:width\" content=\"318\" \/>\n\t<meta property=\"og:image:height\" content=\"449\" \/>\n\t<meta property=\"og:image:type\" content=\"image\/jpeg\" \/>\n<meta name=\"twitter:card\" content=\"summary_large_image\" \/>\n<meta name=\"twitter:label1\" content=\"Ansl. lesetid\" \/>\n\t<meta name=\"twitter:data1\" content=\"1 minutt\" \/>\n<script type=\"application\/ld+json\" class=\"yoast-schema-graph\">{\"@context\":\"https:\/\/schema.org\",\"@graph\":[{\"@type\":\"WebPage\",\"@id\":\"https:\/\/staging.forenteforlag.no\/pax\/produkt\/dodens-seilas\/\",\"url\":\"https:\/\/staging.forenteforlag.no\/pax\/produkt\/dodens-seilas\/\",\"name\":\"D\u00f8dens seilas - Pax\",\"isPartOf\":{\"@id\":\"https:\/\/staging.forenteforlag.no\/pax\/#website\"},\"primaryImageOfPage\":{\"@id\":\"https:\/\/staging.forenteforlag.no\/pax\/produkt\/dodens-seilas\/#primaryimage\"},\"image\":{\"@id\":\"https:\/\/staging.forenteforlag.no\/pax\/produkt\/dodens-seilas\/#primaryimage\"},\"thumbnailUrl\":\"https:\/\/staging.forenteforlag.no\/pax\/wp-content\/uploads\/sites\/5\/2025\/08\/jpg-5538.jpg\",\"datePublished\":\"2012-08-07T00:00:00+00:00\",\"dateModified\":\"2026-01-05T04:16:31+00:00\",\"breadcrumb\":{\"@id\":\"https:\/\/staging.forenteforlag.no\/pax\/produkt\/dodens-seilas\/#breadcrumb\"},\"inLanguage\":\"nb-NO\",\"potentialAction\":[{\"@type\":\"ReadAction\",\"target\":[\"https:\/\/staging.forenteforlag.no\/pax\/produkt\/dodens-seilas\/\"]}]},{\"@type\":\"ImageObject\",\"inLanguage\":\"nb-NO\",\"@id\":\"https:\/\/staging.forenteforlag.no\/pax\/produkt\/dodens-seilas\/#primaryimage\",\"url\":\"https:\/\/staging.forenteforlag.no\/pax\/wp-content\/uploads\/sites\/5\/2025\/08\/jpg-5538.jpg\",\"contentUrl\":\"https:\/\/staging.forenteforlag.no\/pax\/wp-content\/uploads\/sites\/5\/2025\/08\/jpg-5538.jpg\",\"width\":318,\"height\":449},{\"@type\":\"BreadcrumbList\",\"@id\":\"https:\/\/staging.forenteforlag.no\/pax\/produkt\/dodens-seilas\/#breadcrumb\",\"itemListElement\":[{\"@type\":\"ListItem\",\"position\":1,\"name\":\"Hjem\",\"item\":\"https:\/\/staging.forenteforlag.no\/pax\/\"},{\"@type\":\"ListItem\",\"position\":2,\"name\":\"Alle b\u00f8ker\",\"item\":\"https:\/\/staging.forenteforlag.no\/pax\/butikk\/\"},{\"@type\":\"ListItem\",\"position\":3,\"name\":\"D\u00f8dens seilas\"}]},{\"@type\":\"WebSite\",\"@id\":\"https:\/\/staging.forenteforlag.no\/pax\/#website\",\"url\":\"https:\/\/staging.forenteforlag.no\/pax\/\",\"name\":\"Pax\",\"description\":\"\",\"potentialAction\":[{\"@type\":\"SearchAction\",\"target\":{\"@type\":\"EntryPoint\",\"urlTemplate\":\"https:\/\/staging.forenteforlag.no\/pax\/?s={search_term_string}\"},\"query-input\":{\"@type\":\"PropertyValueSpecification\",\"valueRequired\":true,\"valueName\":\"search_term_string\"}}],\"inLanguage\":\"nb-NO\"}]}<\/script>\n<!-- \/ Yoast SEO plugin. -->","yoast_head_json":{"title":"D\u00f8dens seilas - Pax","robots":{"index":"noindex","follow":"follow","max-snippet":"max-snippet:-1","max-image-preview":"max-image-preview:large","max-video-preview":"max-video-preview:-1"},"og_locale":"nb_NO","og_type":"article","og_title":"D\u00f8dens seilas - Pax","og_description":"Henrik Johansen overtok Scandinavian Star fra amerikanske SeaEscape 30. mars 1990, men uten \u00e5 betale for det. Selgeren utsatte betalingsfristen til fredag 6. april, og deretter, for siste gang, til mandag 9. april. Natt til 7.ble skipet p\u00e5tent, og 159 mennesker d\u00f8de i brannen. Johansen ble d\u00f8mt som ansvarlig reder, og alle s\u00f8ksm\u00e5l havnet dermed [&hellip;]","og_url":"https:\/\/staging.forenteforlag.no\/pax\/produkt\/dodens-seilas\/","og_site_name":"Pax","article_modified_time":"2026-01-05T04:16:31+00:00","og_image":[{"width":318,"height":449,"url":"https:\/\/staging.forenteforlag.no\/pax\/wp-content\/uploads\/sites\/5\/2025\/08\/jpg-5538.jpg","type":"image\/jpeg"}],"twitter_card":"summary_large_image","twitter_misc":{"Ansl. lesetid":"1 minutt"},"schema":{"@context":"https:\/\/schema.org","@graph":[{"@type":"WebPage","@id":"https:\/\/staging.forenteforlag.no\/pax\/produkt\/dodens-seilas\/","url":"https:\/\/staging.forenteforlag.no\/pax\/produkt\/dodens-seilas\/","name":"D\u00f8dens seilas - Pax","isPartOf":{"@id":"https:\/\/staging.forenteforlag.no\/pax\/#website"},"primaryImageOfPage":{"@id":"https:\/\/staging.forenteforlag.no\/pax\/produkt\/dodens-seilas\/#primaryimage"},"image":{"@id":"https:\/\/staging.forenteforlag.no\/pax\/produkt\/dodens-seilas\/#primaryimage"},"thumbnailUrl":"https:\/\/staging.forenteforlag.no\/pax\/wp-content\/uploads\/sites\/5\/2025\/08\/jpg-5538.jpg","datePublished":"2012-08-07T00:00:00+00:00","dateModified":"2026-01-05T04:16:31+00:00","breadcrumb":{"@id":"https:\/\/staging.forenteforlag.no\/pax\/produkt\/dodens-seilas\/#breadcrumb"},"inLanguage":"nb-NO","potentialAction":[{"@type":"ReadAction","target":["https:\/\/staging.forenteforlag.no\/pax\/produkt\/dodens-seilas\/"]}]},{"@type":"ImageObject","inLanguage":"nb-NO","@id":"https:\/\/staging.forenteforlag.no\/pax\/produkt\/dodens-seilas\/#primaryimage","url":"https:\/\/staging.forenteforlag.no\/pax\/wp-content\/uploads\/sites\/5\/2025\/08\/jpg-5538.jpg","contentUrl":"https:\/\/staging.forenteforlag.no\/pax\/wp-content\/uploads\/sites\/5\/2025\/08\/jpg-5538.jpg","width":318,"height":449},{"@type":"BreadcrumbList","@id":"https:\/\/staging.forenteforlag.no\/pax\/produkt\/dodens-seilas\/#breadcrumb","itemListElement":[{"@type":"ListItem","position":1,"name":"Hjem","item":"https:\/\/staging.forenteforlag.no\/pax\/"},{"@type":"ListItem","position":2,"name":"Alle b\u00f8ker","item":"https:\/\/staging.forenteforlag.no\/pax\/butikk\/"},{"@type":"ListItem","position":3,"name":"D\u00f8dens seilas"}]},{"@type":"WebSite","@id":"https:\/\/staging.forenteforlag.no\/pax\/#website","url":"https:\/\/staging.forenteforlag.no\/pax\/","name":"Pax","description":"","potentialAction":[{"@type":"SearchAction","target":{"@type":"EntryPoint","urlTemplate":"https:\/\/staging.forenteforlag.no\/pax\/?s={search_term_string}"},"query-input":{"@type":"PropertyValueSpecification","valueRequired":true,"valueName":"search_term_string"}}],"inLanguage":"nb-NO"}]}},"_links":{"self":[{"href":"https:\/\/staging.forenteforlag.no\/pax\/wp-json\/wp\/v2\/product\/21391","targetHints":{"allow":["GET"]}}],"collection":[{"href":"https:\/\/staging.forenteforlag.no\/pax\/wp-json\/wp\/v2\/product"}],"about":[{"href":"https:\/\/staging.forenteforlag.no\/pax\/wp-json\/wp\/v2\/types\/product"}],"wp:featuredmedia":[{"embeddable":true,"href":"https:\/\/staging.forenteforlag.no\/pax\/wp-json\/wp\/v2\/media\/27938"}],"wp:attachment":[{"href":"https:\/\/staging.forenteforlag.no\/pax\/wp-json\/wp\/v2\/media?parent=21391"}],"wp:term":[{"taxonomy":"product_brand","embeddable":true,"href":"https:\/\/staging.forenteforlag.no\/pax\/wp-json\/wp\/v2\/product_brand?post=21391"},{"taxonomy":"product_cat","embeddable":true,"href":"https:\/\/staging.forenteforlag.no\/pax\/wp-json\/wp\/v2\/product_cat?post=21391"},{"taxonomy":"product_tag","embeddable":true,"href":"https:\/\/staging.forenteforlag.no\/pax\/wp-json\/wp\/v2\/product_tag?post=21391"}],"curies":[{"name":"wp","href":"https:\/\/api.w.org\/{rel}","templated":true}]}}