{"id":21345,"date":"2015-09-04T02:00:00","date_gmt":"2015-09-04T00:00:00","guid":{"rendered":"https:\/\/pax.forenteforlag.no\/produkt\/strikkekalender-2016-2\/"},"modified":"2025-11-06T09:20:14","modified_gmt":"2025-11-06T08:20:14","slug":"strikkekalender-2016-2","status":"publish","type":"product","link":"https:\/\/staging.forenteforlag.no\/pax\/produkt\/strikkekalender-2016-2\/","title":{"rendered":"Strikkekalender 2016"},"content":{"rendered":"<p>Bitta Mikkelborg har skapt sin egen strikkekalender i bokform:<br \/>\nEn pen og praktisk almanakk med strikkeoppskrifter, r\u00e5d og tips. Mottoet er som f\u00f8r: &laquo;Strikking hele \u00e5ret.&raquo; Her er i alt tolv \u00e5rstidsbaserte oppskrifter til blant annet sjal og teppe, sokker og str\u00f8mper, klut, lue og barnegenser. Mange av dem er matchende sett. Hver av dem knytter seg til \u00e5rstiden, som &laquo;M\u00e5nedens oppskrift&raquo;.  <\/p>\n<p>I kalenderdelen kan du selv notere avtaler og f\u00f8dselsdager. Her er god plass til huskelister, gavelister og handlelister. Du kan ogs\u00e5 merke av datoen for n\u00e5r du begynte p\u00e5 et h\u00e5ndarbeid, og n\u00e5r det ble ferdig. Eller feste andre hverdagslige betraktninger til papiret.  <\/p>\n<p>Oppskriftene i almanakken er blitt kvalitetssikret av Mikkelborgs faste teststrikkere. Ellen Lande Gossners vakre fotografier illustrerer almanakken.<\/p>\n","protected":false},"excerpt":{"rendered":"<p>Bitta Mikkelborg har skapt sin egen strikkekalender i bokform: En pen og praktisk almanakk med strikkeoppskrifter, r\u00e5d og tips. Mottoet er som f\u00f8r: &laquo;Strikking hele \u00e5ret.&raquo; Her er i alt tolv \u00e5rstidsbaserte oppskrifter til blant annet sjal og teppe, sokker og str\u00f8mper, klut, lue og barnegenser. Mange av dem er matchende sett. Hver av dem [&hellip;]<\/p>\n","protected":false},"featured_media":28143,"template":"","meta":{"_acf_changed":false,"inline_featured_image":false},"product_brand":[],"product_cat":[24],"product_tag":[362],"class_list":{"0":"post-21345","1":"product","2":"type-product","3":"status-publish","4":"has-post-thumbnail","6":"product_cat-hobby","7":"product_tag-faglitteratur","8":"pa_format-innbundet","10":"first","11":"outofstock","12":"shipping-taxable","13":"purchasable","14":"product-type-simple"},"acf":{"anmeldelse":null},"yoast_head":"<!-- This site is optimized with the Yoast SEO plugin v26.6 - https:\/\/yoast.com\/wordpress\/plugins\/seo\/ -->\n<title>Strikkekalender 2016 - Pax<\/title>\n<meta name=\"robots\" content=\"noindex, follow, max-snippet:-1, max-image-preview:large, max-video-preview:-1\" \/>\n<meta property=\"og:locale\" content=\"nb_NO\" \/>\n<meta property=\"og:type\" content=\"article\" \/>\n<meta property=\"og:title\" content=\"Strikkekalender 2016 - Pax\" \/>\n<meta property=\"og:description\" content=\"Bitta Mikkelborg har skapt sin egen strikkekalender i bokform: En pen og praktisk almanakk med strikkeoppskrifter, r\u00e5d og tips. Mottoet er som f\u00f8r: &laquo;Strikking hele \u00e5ret.&raquo; Her er i alt tolv \u00e5rstidsbaserte oppskrifter til blant annet sjal og teppe, sokker og str\u00f8mper, klut, lue og barnegenser. Mange av dem er matchende sett. Hver av dem [&hellip;]\" \/>\n<meta property=\"og:url\" content=\"https:\/\/staging.forenteforlag.no\/pax\/produkt\/strikkekalender-2016-2\/\" \/>\n<meta property=\"og:site_name\" content=\"Pax\" \/>\n<meta property=\"article:modified_time\" content=\"2025-11-06T08:20:14+00:00\" \/>\n<meta property=\"og:image\" content=\"https:\/\/staging.forenteforlag.no\/pax\/wp-content\/uploads\/sites\/5\/2025\/08\/jpg-6107.jpg\" \/>\n\t<meta property=\"og:image:width\" content=\"1181\" \/>\n\t<meta property=\"og:image:height\" content=\"1320\" \/>\n\t<meta property=\"og:image:type\" content=\"image\/jpeg\" \/>\n<meta name=\"twitter:card\" content=\"summary_large_image\" \/>\n<meta name=\"twitter:label1\" content=\"Ansl. lesetid\" \/>\n\t<meta name=\"twitter:data1\" content=\"1 minutt\" \/>\n<script type=\"application\/ld+json\" class=\"yoast-schema-graph\">{\"@context\":\"https:\/\/schema.org\",\"@graph\":[{\"@type\":\"WebPage\",\"@id\":\"https:\/\/staging.forenteforlag.no\/pax\/produkt\/strikkekalender-2016-2\/\",\"url\":\"https:\/\/staging.forenteforlag.no\/pax\/produkt\/strikkekalender-2016-2\/\",\"name\":\"Strikkekalender 2016 - Pax\",\"isPartOf\":{\"@id\":\"https:\/\/staging.forenteforlag.no\/pax\/#website\"},\"primaryImageOfPage\":{\"@id\":\"https:\/\/staging.forenteforlag.no\/pax\/produkt\/strikkekalender-2016-2\/#primaryimage\"},\"image\":{\"@id\":\"https:\/\/staging.forenteforlag.no\/pax\/produkt\/strikkekalender-2016-2\/#primaryimage\"},\"thumbnailUrl\":\"https:\/\/staging.forenteforlag.no\/pax\/wp-content\/uploads\/sites\/5\/2025\/08\/jpg-6107.jpg\",\"datePublished\":\"2015-09-04T00:00:00+00:00\",\"dateModified\":\"2025-11-06T08:20:14+00:00\",\"breadcrumb\":{\"@id\":\"https:\/\/staging.forenteforlag.no\/pax\/produkt\/strikkekalender-2016-2\/#breadcrumb\"},\"inLanguage\":\"nb-NO\",\"potentialAction\":[{\"@type\":\"ReadAction\",\"target\":[\"https:\/\/staging.forenteforlag.no\/pax\/produkt\/strikkekalender-2016-2\/\"]}]},{\"@type\":\"ImageObject\",\"inLanguage\":\"nb-NO\",\"@id\":\"https:\/\/staging.forenteforlag.no\/pax\/produkt\/strikkekalender-2016-2\/#primaryimage\",\"url\":\"https:\/\/staging.forenteforlag.no\/pax\/wp-content\/uploads\/sites\/5\/2025\/08\/jpg-6107.jpg\",\"contentUrl\":\"https:\/\/staging.forenteforlag.no\/pax\/wp-content\/uploads\/sites\/5\/2025\/08\/jpg-6107.jpg\",\"width\":1181,\"height\":1320},{\"@type\":\"BreadcrumbList\",\"@id\":\"https:\/\/staging.forenteforlag.no\/pax\/produkt\/strikkekalender-2016-2\/#breadcrumb\",\"itemListElement\":[{\"@type\":\"ListItem\",\"position\":1,\"name\":\"Hjem\",\"item\":\"https:\/\/staging.forenteforlag.no\/pax\/\"},{\"@type\":\"ListItem\",\"position\":2,\"name\":\"Alle b\u00f8ker\",\"item\":\"https:\/\/staging.forenteforlag.no\/pax\/butikk\/\"},{\"@type\":\"ListItem\",\"position\":3,\"name\":\"Strikkekalender 2016\"}]},{\"@type\":\"WebSite\",\"@id\":\"https:\/\/staging.forenteforlag.no\/pax\/#website\",\"url\":\"https:\/\/staging.forenteforlag.no\/pax\/\",\"name\":\"Pax\",\"description\":\"\",\"potentialAction\":[{\"@type\":\"SearchAction\",\"target\":{\"@type\":\"EntryPoint\",\"urlTemplate\":\"https:\/\/staging.forenteforlag.no\/pax\/?s={search_term_string}\"},\"query-input\":{\"@type\":\"PropertyValueSpecification\",\"valueRequired\":true,\"valueName\":\"search_term_string\"}}],\"inLanguage\":\"nb-NO\"}]}<\/script>\n<!-- \/ Yoast SEO plugin. -->","yoast_head_json":{"title":"Strikkekalender 2016 - Pax","robots":{"index":"noindex","follow":"follow","max-snippet":"max-snippet:-1","max-image-preview":"max-image-preview:large","max-video-preview":"max-video-preview:-1"},"og_locale":"nb_NO","og_type":"article","og_title":"Strikkekalender 2016 - Pax","og_description":"Bitta Mikkelborg har skapt sin egen strikkekalender i bokform: En pen og praktisk almanakk med strikkeoppskrifter, r\u00e5d og tips. Mottoet er som f\u00f8r: &laquo;Strikking hele \u00e5ret.&raquo; Her er i alt tolv \u00e5rstidsbaserte oppskrifter til blant annet sjal og teppe, sokker og str\u00f8mper, klut, lue og barnegenser. Mange av dem er matchende sett. Hver av dem [&hellip;]","og_url":"https:\/\/staging.forenteforlag.no\/pax\/produkt\/strikkekalender-2016-2\/","og_site_name":"Pax","article_modified_time":"2025-11-06T08:20:14+00:00","og_image":[{"width":1181,"height":1320,"url":"https:\/\/staging.forenteforlag.no\/pax\/wp-content\/uploads\/sites\/5\/2025\/08\/jpg-6107.jpg","type":"image\/jpeg"}],"twitter_card":"summary_large_image","twitter_misc":{"Ansl. lesetid":"1 minutt"},"schema":{"@context":"https:\/\/schema.org","@graph":[{"@type":"WebPage","@id":"https:\/\/staging.forenteforlag.no\/pax\/produkt\/strikkekalender-2016-2\/","url":"https:\/\/staging.forenteforlag.no\/pax\/produkt\/strikkekalender-2016-2\/","name":"Strikkekalender 2016 - Pax","isPartOf":{"@id":"https:\/\/staging.forenteforlag.no\/pax\/#website"},"primaryImageOfPage":{"@id":"https:\/\/staging.forenteforlag.no\/pax\/produkt\/strikkekalender-2016-2\/#primaryimage"},"image":{"@id":"https:\/\/staging.forenteforlag.no\/pax\/produkt\/strikkekalender-2016-2\/#primaryimage"},"thumbnailUrl":"https:\/\/staging.forenteforlag.no\/pax\/wp-content\/uploads\/sites\/5\/2025\/08\/jpg-6107.jpg","datePublished":"2015-09-04T00:00:00+00:00","dateModified":"2025-11-06T08:20:14+00:00","breadcrumb":{"@id":"https:\/\/staging.forenteforlag.no\/pax\/produkt\/strikkekalender-2016-2\/#breadcrumb"},"inLanguage":"nb-NO","potentialAction":[{"@type":"ReadAction","target":["https:\/\/staging.forenteforlag.no\/pax\/produkt\/strikkekalender-2016-2\/"]}]},{"@type":"ImageObject","inLanguage":"nb-NO","@id":"https:\/\/staging.forenteforlag.no\/pax\/produkt\/strikkekalender-2016-2\/#primaryimage","url":"https:\/\/staging.forenteforlag.no\/pax\/wp-content\/uploads\/sites\/5\/2025\/08\/jpg-6107.jpg","contentUrl":"https:\/\/staging.forenteforlag.no\/pax\/wp-content\/uploads\/sites\/5\/2025\/08\/jpg-6107.jpg","width":1181,"height":1320},{"@type":"BreadcrumbList","@id":"https:\/\/staging.forenteforlag.no\/pax\/produkt\/strikkekalender-2016-2\/#breadcrumb","itemListElement":[{"@type":"ListItem","position":1,"name":"Hjem","item":"https:\/\/staging.forenteforlag.no\/pax\/"},{"@type":"ListItem","position":2,"name":"Alle b\u00f8ker","item":"https:\/\/staging.forenteforlag.no\/pax\/butikk\/"},{"@type":"ListItem","position":3,"name":"Strikkekalender 2016"}]},{"@type":"WebSite","@id":"https:\/\/staging.forenteforlag.no\/pax\/#website","url":"https:\/\/staging.forenteforlag.no\/pax\/","name":"Pax","description":"","potentialAction":[{"@type":"SearchAction","target":{"@type":"EntryPoint","urlTemplate":"https:\/\/staging.forenteforlag.no\/pax\/?s={search_term_string}"},"query-input":{"@type":"PropertyValueSpecification","valueRequired":true,"valueName":"search_term_string"}}],"inLanguage":"nb-NO"}]}},"_links":{"self":[{"href":"https:\/\/staging.forenteforlag.no\/pax\/wp-json\/wp\/v2\/product\/21345","targetHints":{"allow":["GET"]}}],"collection":[{"href":"https:\/\/staging.forenteforlag.no\/pax\/wp-json\/wp\/v2\/product"}],"about":[{"href":"https:\/\/staging.forenteforlag.no\/pax\/wp-json\/wp\/v2\/types\/product"}],"wp:featuredmedia":[{"embeddable":true,"href":"https:\/\/staging.forenteforlag.no\/pax\/wp-json\/wp\/v2\/media\/28143"}],"wp:attachment":[{"href":"https:\/\/staging.forenteforlag.no\/pax\/wp-json\/wp\/v2\/media?parent=21345"}],"wp:term":[{"taxonomy":"product_brand","embeddable":true,"href":"https:\/\/staging.forenteforlag.no\/pax\/wp-json\/wp\/v2\/product_brand?post=21345"},{"taxonomy":"product_cat","embeddable":true,"href":"https:\/\/staging.forenteforlag.no\/pax\/wp-json\/wp\/v2\/product_cat?post=21345"},{"taxonomy":"product_tag","embeddable":true,"href":"https:\/\/staging.forenteforlag.no\/pax\/wp-json\/wp\/v2\/product_tag?post=21345"}],"curies":[{"name":"wp","href":"https:\/\/api.w.org\/{rel}","templated":true}]}}