{"id":21325,"date":"2015-11-26T01:00:00","date_gmt":"2015-11-26T00:00:00","guid":{"rendered":"https:\/\/pax.forenteforlag.no\/produkt\/kilder-og-arstall-i-forfatningshistorien\/"},"modified":"2025-08-27T08:21:12","modified_gmt":"2025-08-27T06:21:12","slug":"kilder-og-arstall-i-forfatningshistorien","status":"publish","type":"product","link":"https:\/\/staging.forenteforlag.no\/pax\/produkt\/kilder-og-arstall-i-forfatningshistorien\/","title":{"rendered":"Kilder og \u00e5rstall i forfatningshistorien"},"content":{"rendered":"<p>&laquo;Kilder og \u00e5rstall i forfatningshistorien&raquo; gjengir de sentrale nasjonale og internasjonale forfatningstekstene fra rundt 1800 samt en del annet kildemateriale. Boka har ogs\u00e5 en systematisk oversikt over de viktigste \u00e5rstall i forfatningshistorien.  <\/p>\n<p>Boka er et tilleggshefte til &laquo;L\u00e6rebok i forfatningshistorie&raquo;.  <\/p>\n","protected":false},"excerpt":{"rendered":"<p>&laquo;Kilder og \u00e5rstall i forfatningshistorien&raquo; gjengir de sentrale nasjonale og internasjonale forfatningstekstene fra rundt 1800 samt en del annet kildemateriale. Boka har ogs\u00e5 en systematisk oversikt over de viktigste \u00e5rstall i forfatningshistorien. Boka er et tilleggshefte til &laquo;L\u00e6rebok i forfatningshistorie&raquo;.<\/p>\n","protected":false},"featured_media":28116,"template":"","meta":{"_acf_changed":false,"inline_featured_image":false},"product_brand":[],"product_cat":[1782,23],"product_tag":[362,502,599,1359],"class_list":{"0":"post-21325","1":"product","2":"type-product","3":"status-publish","4":"has-post-thumbnail","6":"product_cat-fripris","7":"product_cat-historie","8":"product_tag-faglitteratur","9":"product_tag-laereboker-hoyere-utd","10":"product_tag-rettshistorie","11":"product_tag-statsforfatningsrett","12":"pa_format-innbundet","14":"first","15":"instock","16":"shipping-taxable","17":"purchasable","18":"product-type-simple"},"acf":{"anmeldelse":null},"yoast_head":"<!-- This site is optimized with the Yoast SEO plugin v26.6 - https:\/\/yoast.com\/wordpress\/plugins\/seo\/ -->\n<title>Kilder og \u00e5rstall i forfatningshistorien - Pax<\/title>\n<meta name=\"robots\" content=\"noindex, follow, max-snippet:-1, max-image-preview:large, max-video-preview:-1\" \/>\n<meta property=\"og:locale\" content=\"nb_NO\" \/>\n<meta property=\"og:type\" content=\"article\" \/>\n<meta property=\"og:title\" content=\"Kilder og \u00e5rstall i forfatningshistorien - Pax\" \/>\n<meta property=\"og:description\" content=\"&laquo;Kilder og \u00e5rstall i forfatningshistorien&raquo; gjengir de sentrale nasjonale og internasjonale forfatningstekstene fra rundt 1800 samt en del annet kildemateriale. Boka har ogs\u00e5 en systematisk oversikt over de viktigste \u00e5rstall i forfatningshistorien. Boka er et tilleggshefte til &laquo;L\u00e6rebok i forfatningshistorie&raquo;.\" \/>\n<meta property=\"og:url\" content=\"https:\/\/staging.forenteforlag.no\/pax\/produkt\/kilder-og-arstall-i-forfatningshistorien\/\" \/>\n<meta property=\"og:site_name\" content=\"Pax\" \/>\n<meta property=\"article:modified_time\" content=\"2025-08-27T06:21:12+00:00\" \/>\n<meta property=\"og:image\" content=\"https:\/\/staging.forenteforlag.no\/pax\/wp-content\/uploads\/sites\/5\/2025\/08\/jpg-6048-scaled-1-scaled.jpg\" \/>\n\t<meta property=\"og:image:width\" content=\"1334\" \/>\n\t<meta property=\"og:image:height\" content=\"1920\" \/>\n\t<meta property=\"og:image:type\" content=\"image\/jpeg\" \/>\n<meta name=\"twitter:card\" content=\"summary_large_image\" \/>\n<script type=\"application\/ld+json\" class=\"yoast-schema-graph\">{\"@context\":\"https:\/\/schema.org\",\"@graph\":[{\"@type\":\"WebPage\",\"@id\":\"https:\/\/staging.forenteforlag.no\/pax\/produkt\/kilder-og-arstall-i-forfatningshistorien\/\",\"url\":\"https:\/\/staging.forenteforlag.no\/pax\/produkt\/kilder-og-arstall-i-forfatningshistorien\/\",\"name\":\"Kilder og \u00e5rstall i forfatningshistorien - Pax\",\"isPartOf\":{\"@id\":\"https:\/\/staging.forenteforlag.no\/pax\/#website\"},\"primaryImageOfPage\":{\"@id\":\"https:\/\/staging.forenteforlag.no\/pax\/produkt\/kilder-og-arstall-i-forfatningshistorien\/#primaryimage\"},\"image\":{\"@id\":\"https:\/\/staging.forenteforlag.no\/pax\/produkt\/kilder-og-arstall-i-forfatningshistorien\/#primaryimage\"},\"thumbnailUrl\":\"https:\/\/staging.forenteforlag.no\/pax\/wp-content\/uploads\/sites\/5\/2025\/08\/jpg-6048-scaled-1-scaled.jpg\",\"datePublished\":\"2015-11-26T00:00:00+00:00\",\"dateModified\":\"2025-08-27T06:21:12+00:00\",\"breadcrumb\":{\"@id\":\"https:\/\/staging.forenteforlag.no\/pax\/produkt\/kilder-og-arstall-i-forfatningshistorien\/#breadcrumb\"},\"inLanguage\":\"nb-NO\",\"potentialAction\":[{\"@type\":\"ReadAction\",\"target\":[\"https:\/\/staging.forenteforlag.no\/pax\/produkt\/kilder-og-arstall-i-forfatningshistorien\/\"]}]},{\"@type\":\"ImageObject\",\"inLanguage\":\"nb-NO\",\"@id\":\"https:\/\/staging.forenteforlag.no\/pax\/produkt\/kilder-og-arstall-i-forfatningshistorien\/#primaryimage\",\"url\":\"https:\/\/staging.forenteforlag.no\/pax\/wp-content\/uploads\/sites\/5\/2025\/08\/jpg-6048-scaled-1-scaled.jpg\",\"contentUrl\":\"https:\/\/staging.forenteforlag.no\/pax\/wp-content\/uploads\/sites\/5\/2025\/08\/jpg-6048-scaled-1-scaled.jpg\",\"width\":1334,\"height\":1920},{\"@type\":\"BreadcrumbList\",\"@id\":\"https:\/\/staging.forenteforlag.no\/pax\/produkt\/kilder-og-arstall-i-forfatningshistorien\/#breadcrumb\",\"itemListElement\":[{\"@type\":\"ListItem\",\"position\":1,\"name\":\"Hjem\",\"item\":\"https:\/\/staging.forenteforlag.no\/pax\/\"},{\"@type\":\"ListItem\",\"position\":2,\"name\":\"Alle b\u00f8ker\",\"item\":\"https:\/\/staging.forenteforlag.no\/pax\/butikk\/\"},{\"@type\":\"ListItem\",\"position\":3,\"name\":\"Kilder og \u00e5rstall i forfatningshistorien\"}]},{\"@type\":\"WebSite\",\"@id\":\"https:\/\/staging.forenteforlag.no\/pax\/#website\",\"url\":\"https:\/\/staging.forenteforlag.no\/pax\/\",\"name\":\"Pax\",\"description\":\"\",\"potentialAction\":[{\"@type\":\"SearchAction\",\"target\":{\"@type\":\"EntryPoint\",\"urlTemplate\":\"https:\/\/staging.forenteforlag.no\/pax\/?s={search_term_string}\"},\"query-input\":{\"@type\":\"PropertyValueSpecification\",\"valueRequired\":true,\"valueName\":\"search_term_string\"}}],\"inLanguage\":\"nb-NO\"}]}<\/script>\n<!-- \/ Yoast SEO plugin. -->","yoast_head_json":{"title":"Kilder og \u00e5rstall i forfatningshistorien - Pax","robots":{"index":"noindex","follow":"follow","max-snippet":"max-snippet:-1","max-image-preview":"max-image-preview:large","max-video-preview":"max-video-preview:-1"},"og_locale":"nb_NO","og_type":"article","og_title":"Kilder og \u00e5rstall i forfatningshistorien - Pax","og_description":"&laquo;Kilder og \u00e5rstall i forfatningshistorien&raquo; gjengir de sentrale nasjonale og internasjonale forfatningstekstene fra rundt 1800 samt en del annet kildemateriale. Boka har ogs\u00e5 en systematisk oversikt over de viktigste \u00e5rstall i forfatningshistorien. Boka er et tilleggshefte til &laquo;L\u00e6rebok i forfatningshistorie&raquo;.","og_url":"https:\/\/staging.forenteforlag.no\/pax\/produkt\/kilder-og-arstall-i-forfatningshistorien\/","og_site_name":"Pax","article_modified_time":"2025-08-27T06:21:12+00:00","og_image":[{"width":1334,"height":1920,"url":"https:\/\/staging.forenteforlag.no\/pax\/wp-content\/uploads\/sites\/5\/2025\/08\/jpg-6048-scaled-1-scaled.jpg","type":"image\/jpeg"}],"twitter_card":"summary_large_image","schema":{"@context":"https:\/\/schema.org","@graph":[{"@type":"WebPage","@id":"https:\/\/staging.forenteforlag.no\/pax\/produkt\/kilder-og-arstall-i-forfatningshistorien\/","url":"https:\/\/staging.forenteforlag.no\/pax\/produkt\/kilder-og-arstall-i-forfatningshistorien\/","name":"Kilder og \u00e5rstall i forfatningshistorien - Pax","isPartOf":{"@id":"https:\/\/staging.forenteforlag.no\/pax\/#website"},"primaryImageOfPage":{"@id":"https:\/\/staging.forenteforlag.no\/pax\/produkt\/kilder-og-arstall-i-forfatningshistorien\/#primaryimage"},"image":{"@id":"https:\/\/staging.forenteforlag.no\/pax\/produkt\/kilder-og-arstall-i-forfatningshistorien\/#primaryimage"},"thumbnailUrl":"https:\/\/staging.forenteforlag.no\/pax\/wp-content\/uploads\/sites\/5\/2025\/08\/jpg-6048-scaled-1-scaled.jpg","datePublished":"2015-11-26T00:00:00+00:00","dateModified":"2025-08-27T06:21:12+00:00","breadcrumb":{"@id":"https:\/\/staging.forenteforlag.no\/pax\/produkt\/kilder-og-arstall-i-forfatningshistorien\/#breadcrumb"},"inLanguage":"nb-NO","potentialAction":[{"@type":"ReadAction","target":["https:\/\/staging.forenteforlag.no\/pax\/produkt\/kilder-og-arstall-i-forfatningshistorien\/"]}]},{"@type":"ImageObject","inLanguage":"nb-NO","@id":"https:\/\/staging.forenteforlag.no\/pax\/produkt\/kilder-og-arstall-i-forfatningshistorien\/#primaryimage","url":"https:\/\/staging.forenteforlag.no\/pax\/wp-content\/uploads\/sites\/5\/2025\/08\/jpg-6048-scaled-1-scaled.jpg","contentUrl":"https:\/\/staging.forenteforlag.no\/pax\/wp-content\/uploads\/sites\/5\/2025\/08\/jpg-6048-scaled-1-scaled.jpg","width":1334,"height":1920},{"@type":"BreadcrumbList","@id":"https:\/\/staging.forenteforlag.no\/pax\/produkt\/kilder-og-arstall-i-forfatningshistorien\/#breadcrumb","itemListElement":[{"@type":"ListItem","position":1,"name":"Hjem","item":"https:\/\/staging.forenteforlag.no\/pax\/"},{"@type":"ListItem","position":2,"name":"Alle b\u00f8ker","item":"https:\/\/staging.forenteforlag.no\/pax\/butikk\/"},{"@type":"ListItem","position":3,"name":"Kilder og \u00e5rstall i forfatningshistorien"}]},{"@type":"WebSite","@id":"https:\/\/staging.forenteforlag.no\/pax\/#website","url":"https:\/\/staging.forenteforlag.no\/pax\/","name":"Pax","description":"","potentialAction":[{"@type":"SearchAction","target":{"@type":"EntryPoint","urlTemplate":"https:\/\/staging.forenteforlag.no\/pax\/?s={search_term_string}"},"query-input":{"@type":"PropertyValueSpecification","valueRequired":true,"valueName":"search_term_string"}}],"inLanguage":"nb-NO"}]}},"_links":{"self":[{"href":"https:\/\/staging.forenteforlag.no\/pax\/wp-json\/wp\/v2\/product\/21325","targetHints":{"allow":["GET"]}}],"collection":[{"href":"https:\/\/staging.forenteforlag.no\/pax\/wp-json\/wp\/v2\/product"}],"about":[{"href":"https:\/\/staging.forenteforlag.no\/pax\/wp-json\/wp\/v2\/types\/product"}],"wp:featuredmedia":[{"embeddable":true,"href":"https:\/\/staging.forenteforlag.no\/pax\/wp-json\/wp\/v2\/media\/28116"}],"wp:attachment":[{"href":"https:\/\/staging.forenteforlag.no\/pax\/wp-json\/wp\/v2\/media?parent=21325"}],"wp:term":[{"taxonomy":"product_brand","embeddable":true,"href":"https:\/\/staging.forenteforlag.no\/pax\/wp-json\/wp\/v2\/product_brand?post=21325"},{"taxonomy":"product_cat","embeddable":true,"href":"https:\/\/staging.forenteforlag.no\/pax\/wp-json\/wp\/v2\/product_cat?post=21325"},{"taxonomy":"product_tag","embeddable":true,"href":"https:\/\/staging.forenteforlag.no\/pax\/wp-json\/wp\/v2\/product_tag?post=21325"}],"curies":[{"name":"wp","href":"https:\/\/api.w.org\/{rel}","templated":true}]}}