{"id":21313,"date":"2019-01-15T01:00:00","date_gmt":"2019-01-15T00:00:00","guid":{"rendered":"https:\/\/pax.forenteforlag.no\/produkt\/hatet-som-vant\/"},"modified":"2025-08-27T12:11:47","modified_gmt":"2025-08-27T10:11:47","slug":"hatet-som-vant","status":"publish","type":"product","link":"https:\/\/staging.forenteforlag.no\/pax\/produkt\/hatet-som-vant\/","title":{"rendered":"Hatet som vant"},"content":{"rendered":"<p>11. november stilnet skuddene p\u00e5 vestfronten og en fire \u00e5r lang sivilisasjonskollaps var over. De som overlevde verdenskrigen, hadde v\u00e6rt \u00f8yenvitner til en altomfattende og blodig krig ingen trodde var mulig. Da seierherrene m\u00f8ttes i Paris i 1919, var det med ett m\u00e5l for \u00f8ye: \u00e5 sikre at noe slikt aldri skulle skje igjen. Tjue \u00e5r senere skulle det vise seg at de hadde mislyktes. Gjennom to av verdenshistoriens mest hendelsesrike ti\u00e5r ble fremtidstro, frihandel, samarbeid og internasjonal rett byttet ut med rivalisering og nasjonalisme, og Folkeforbundet kollapset. Mellomkrigs\u00e5rene brakte med seg progressive ideer, internasjonale institusjoner og forestillinger om folkerett og nasjonal selvbestemmelse som fortsatt lever i dag &#8211; men de brakte ogs\u00e5 med seg et hat verden ikke hadde sett maken til verken f\u00f8r eller siden. I &laquo;Hatet som vant&raquo; f\u00e5r vi en skremmende, utf\u00f8rlig og tankevekkende historisk fremstilling av disse \u00e5renes forvandling: fra sjokk og optimisme til katastrofe. Var det p\u00e5 noe tidspunkt mulig \u00e5 endre kursen? Hvordan f\u00e5r hatet grobunn i et samfunn? Kan vi l\u00e6re av historien?<\/p>\n","protected":false},"excerpt":{"rendered":"<p>11. november stilnet skuddene p\u00e5 vestfronten og en fire \u00e5r lang sivilisasjonskollaps var over. De som overlevde verdenskrigen, hadde v\u00e6rt \u00f8yenvitner til en altomfattende og blodig krig ingen trodde var mulig. Da seierherrene m\u00f8ttes i Paris i 1919, var det med ett m\u00e5l for \u00f8ye: \u00e5 sikre at noe slikt aldri skulle skje igjen. Tjue [&hellip;]<\/p>\n","protected":false},"featured_media":29146,"template":"","meta":{"_acf_changed":false,"inline_featured_image":false},"product_brand":[],"product_cat":[23],"product_tag":[517,482,362],"class_list":{"0":"post-21313","1":"product","2":"type-product","3":"status-publish","4":"has-post-thumbnail","6":"product_cat-historie","7":"product_tag-1918-1939","8":"product_tag-europa","9":"product_tag-faglitteratur","10":"pa_format-innbundet","12":"first","13":"outofstock","14":"shipping-taxable","15":"purchasable","16":"product-type-simple"},"acf":{"anmeldelse":null},"yoast_head":"<!-- This site is optimized with the Yoast SEO plugin v26.6 - https:\/\/yoast.com\/wordpress\/plugins\/seo\/ -->\n<title>Hatet som vant - Pax<\/title>\n<meta name=\"robots\" content=\"noindex, follow, max-snippet:-1, max-image-preview:large, max-video-preview:-1\" \/>\n<meta property=\"og:locale\" content=\"nb_NO\" \/>\n<meta property=\"og:type\" content=\"article\" \/>\n<meta property=\"og:title\" content=\"Hatet som vant - Pax\" \/>\n<meta property=\"og:description\" content=\"11. november stilnet skuddene p\u00e5 vestfronten og en fire \u00e5r lang sivilisasjonskollaps var over. De som overlevde verdenskrigen, hadde v\u00e6rt \u00f8yenvitner til en altomfattende og blodig krig ingen trodde var mulig. Da seierherrene m\u00f8ttes i Paris i 1919, var det med ett m\u00e5l for \u00f8ye: \u00e5 sikre at noe slikt aldri skulle skje igjen. Tjue [&hellip;]\" \/>\n<meta property=\"og:url\" content=\"https:\/\/staging.forenteforlag.no\/pax\/produkt\/hatet-som-vant\/\" \/>\n<meta property=\"og:site_name\" content=\"Pax\" \/>\n<meta property=\"article:modified_time\" content=\"2025-08-27T10:11:47+00:00\" \/>\n<meta property=\"og:image\" content=\"https:\/\/staging.forenteforlag.no\/pax\/wp-content\/uploads\/sites\/5\/2025\/08\/jpg-9029-scaled.jpg\" \/>\n\t<meta property=\"og:image:width\" content=\"1340\" \/>\n\t<meta property=\"og:image:height\" content=\"1920\" \/>\n\t<meta property=\"og:image:type\" content=\"image\/jpeg\" \/>\n<meta name=\"twitter:card\" content=\"summary_large_image\" \/>\n<meta name=\"twitter:label1\" content=\"Ansl. lesetid\" \/>\n\t<meta name=\"twitter:data1\" content=\"1 minutt\" \/>\n<script type=\"application\/ld+json\" class=\"yoast-schema-graph\">{\"@context\":\"https:\/\/schema.org\",\"@graph\":[{\"@type\":\"WebPage\",\"@id\":\"https:\/\/staging.forenteforlag.no\/pax\/produkt\/hatet-som-vant\/\",\"url\":\"https:\/\/staging.forenteforlag.no\/pax\/produkt\/hatet-som-vant\/\",\"name\":\"Hatet som vant - Pax\",\"isPartOf\":{\"@id\":\"https:\/\/staging.forenteforlag.no\/pax\/#website\"},\"primaryImageOfPage\":{\"@id\":\"https:\/\/staging.forenteforlag.no\/pax\/produkt\/hatet-som-vant\/#primaryimage\"},\"image\":{\"@id\":\"https:\/\/staging.forenteforlag.no\/pax\/produkt\/hatet-som-vant\/#primaryimage\"},\"thumbnailUrl\":\"https:\/\/staging.forenteforlag.no\/pax\/wp-content\/uploads\/sites\/5\/2025\/08\/jpg-9029-scaled.jpg\",\"datePublished\":\"2019-01-15T00:00:00+00:00\",\"dateModified\":\"2025-08-27T10:11:47+00:00\",\"breadcrumb\":{\"@id\":\"https:\/\/staging.forenteforlag.no\/pax\/produkt\/hatet-som-vant\/#breadcrumb\"},\"inLanguage\":\"nb-NO\",\"potentialAction\":[{\"@type\":\"ReadAction\",\"target\":[\"https:\/\/staging.forenteforlag.no\/pax\/produkt\/hatet-som-vant\/\"]}]},{\"@type\":\"ImageObject\",\"inLanguage\":\"nb-NO\",\"@id\":\"https:\/\/staging.forenteforlag.no\/pax\/produkt\/hatet-som-vant\/#primaryimage\",\"url\":\"https:\/\/staging.forenteforlag.no\/pax\/wp-content\/uploads\/sites\/5\/2025\/08\/jpg-9029-scaled.jpg\",\"contentUrl\":\"https:\/\/staging.forenteforlag.no\/pax\/wp-content\/uploads\/sites\/5\/2025\/08\/jpg-9029-scaled.jpg\",\"width\":1340,\"height\":1920},{\"@type\":\"BreadcrumbList\",\"@id\":\"https:\/\/staging.forenteforlag.no\/pax\/produkt\/hatet-som-vant\/#breadcrumb\",\"itemListElement\":[{\"@type\":\"ListItem\",\"position\":1,\"name\":\"Hjem\",\"item\":\"https:\/\/staging.forenteforlag.no\/pax\/\"},{\"@type\":\"ListItem\",\"position\":2,\"name\":\"Alle b\u00f8ker\",\"item\":\"https:\/\/staging.forenteforlag.no\/pax\/butikk\/\"},{\"@type\":\"ListItem\",\"position\":3,\"name\":\"Hatet som vant\"}]},{\"@type\":\"WebSite\",\"@id\":\"https:\/\/staging.forenteforlag.no\/pax\/#website\",\"url\":\"https:\/\/staging.forenteforlag.no\/pax\/\",\"name\":\"Pax\",\"description\":\"\",\"potentialAction\":[{\"@type\":\"SearchAction\",\"target\":{\"@type\":\"EntryPoint\",\"urlTemplate\":\"https:\/\/staging.forenteforlag.no\/pax\/?s={search_term_string}\"},\"query-input\":{\"@type\":\"PropertyValueSpecification\",\"valueRequired\":true,\"valueName\":\"search_term_string\"}}],\"inLanguage\":\"nb-NO\"}]}<\/script>\n<!-- \/ Yoast SEO plugin. -->","yoast_head_json":{"title":"Hatet som vant - Pax","robots":{"index":"noindex","follow":"follow","max-snippet":"max-snippet:-1","max-image-preview":"max-image-preview:large","max-video-preview":"max-video-preview:-1"},"og_locale":"nb_NO","og_type":"article","og_title":"Hatet som vant - Pax","og_description":"11. november stilnet skuddene p\u00e5 vestfronten og en fire \u00e5r lang sivilisasjonskollaps var over. De som overlevde verdenskrigen, hadde v\u00e6rt \u00f8yenvitner til en altomfattende og blodig krig ingen trodde var mulig. Da seierherrene m\u00f8ttes i Paris i 1919, var det med ett m\u00e5l for \u00f8ye: \u00e5 sikre at noe slikt aldri skulle skje igjen. Tjue [&hellip;]","og_url":"https:\/\/staging.forenteforlag.no\/pax\/produkt\/hatet-som-vant\/","og_site_name":"Pax","article_modified_time":"2025-08-27T10:11:47+00:00","og_image":[{"width":1340,"height":1920,"url":"https:\/\/staging.forenteforlag.no\/pax\/wp-content\/uploads\/sites\/5\/2025\/08\/jpg-9029-scaled.jpg","type":"image\/jpeg"}],"twitter_card":"summary_large_image","twitter_misc":{"Ansl. lesetid":"1 minutt"},"schema":{"@context":"https:\/\/schema.org","@graph":[{"@type":"WebPage","@id":"https:\/\/staging.forenteforlag.no\/pax\/produkt\/hatet-som-vant\/","url":"https:\/\/staging.forenteforlag.no\/pax\/produkt\/hatet-som-vant\/","name":"Hatet som vant - Pax","isPartOf":{"@id":"https:\/\/staging.forenteforlag.no\/pax\/#website"},"primaryImageOfPage":{"@id":"https:\/\/staging.forenteforlag.no\/pax\/produkt\/hatet-som-vant\/#primaryimage"},"image":{"@id":"https:\/\/staging.forenteforlag.no\/pax\/produkt\/hatet-som-vant\/#primaryimage"},"thumbnailUrl":"https:\/\/staging.forenteforlag.no\/pax\/wp-content\/uploads\/sites\/5\/2025\/08\/jpg-9029-scaled.jpg","datePublished":"2019-01-15T00:00:00+00:00","dateModified":"2025-08-27T10:11:47+00:00","breadcrumb":{"@id":"https:\/\/staging.forenteforlag.no\/pax\/produkt\/hatet-som-vant\/#breadcrumb"},"inLanguage":"nb-NO","potentialAction":[{"@type":"ReadAction","target":["https:\/\/staging.forenteforlag.no\/pax\/produkt\/hatet-som-vant\/"]}]},{"@type":"ImageObject","inLanguage":"nb-NO","@id":"https:\/\/staging.forenteforlag.no\/pax\/produkt\/hatet-som-vant\/#primaryimage","url":"https:\/\/staging.forenteforlag.no\/pax\/wp-content\/uploads\/sites\/5\/2025\/08\/jpg-9029-scaled.jpg","contentUrl":"https:\/\/staging.forenteforlag.no\/pax\/wp-content\/uploads\/sites\/5\/2025\/08\/jpg-9029-scaled.jpg","width":1340,"height":1920},{"@type":"BreadcrumbList","@id":"https:\/\/staging.forenteforlag.no\/pax\/produkt\/hatet-som-vant\/#breadcrumb","itemListElement":[{"@type":"ListItem","position":1,"name":"Hjem","item":"https:\/\/staging.forenteforlag.no\/pax\/"},{"@type":"ListItem","position":2,"name":"Alle b\u00f8ker","item":"https:\/\/staging.forenteforlag.no\/pax\/butikk\/"},{"@type":"ListItem","position":3,"name":"Hatet som vant"}]},{"@type":"WebSite","@id":"https:\/\/staging.forenteforlag.no\/pax\/#website","url":"https:\/\/staging.forenteforlag.no\/pax\/","name":"Pax","description":"","potentialAction":[{"@type":"SearchAction","target":{"@type":"EntryPoint","urlTemplate":"https:\/\/staging.forenteforlag.no\/pax\/?s={search_term_string}"},"query-input":{"@type":"PropertyValueSpecification","valueRequired":true,"valueName":"search_term_string"}}],"inLanguage":"nb-NO"}]}},"_links":{"self":[{"href":"https:\/\/staging.forenteforlag.no\/pax\/wp-json\/wp\/v2\/product\/21313","targetHints":{"allow":["GET"]}}],"collection":[{"href":"https:\/\/staging.forenteforlag.no\/pax\/wp-json\/wp\/v2\/product"}],"about":[{"href":"https:\/\/staging.forenteforlag.no\/pax\/wp-json\/wp\/v2\/types\/product"}],"wp:featuredmedia":[{"embeddable":true,"href":"https:\/\/staging.forenteforlag.no\/pax\/wp-json\/wp\/v2\/media\/29146"}],"wp:attachment":[{"href":"https:\/\/staging.forenteforlag.no\/pax\/wp-json\/wp\/v2\/media?parent=21313"}],"wp:term":[{"taxonomy":"product_brand","embeddable":true,"href":"https:\/\/staging.forenteforlag.no\/pax\/wp-json\/wp\/v2\/product_brand?post=21313"},{"taxonomy":"product_cat","embeddable":true,"href":"https:\/\/staging.forenteforlag.no\/pax\/wp-json\/wp\/v2\/product_cat?post=21313"},{"taxonomy":"product_tag","embeddable":true,"href":"https:\/\/staging.forenteforlag.no\/pax\/wp-json\/wp\/v2\/product_tag?post=21313"}],"curies":[{"name":"wp","href":"https:\/\/api.w.org\/{rel}","templated":true}]}}