{"id":21302,"date":"2011-11-08T01:00:00","date_gmt":"2011-11-08T00:00:00","guid":{"rendered":"https:\/\/pax.forenteforlag.no\/produkt\/satellittkrigen\/"},"modified":"2025-08-27T12:40:06","modified_gmt":"2025-08-27T10:40:06","slug":"satellittkrigen","status":"publish","type":"product","link":"https:\/\/staging.forenteforlag.no\/pax\/produkt\/satellittkrigen\/","title":{"rendered":"Satellittkrigen"},"content":{"rendered":"<p>Moderne krigf\u00f8ring er i stadig voksende grad avhengig av satellitter &#8211; til etterretning, v\u00e5penstyring, kommunikasjon etc. Gjennom sin plassering n\u00e6r polene har de norske satellittstasjonene p\u00e5 Svalbard og i Antarktis en unik styrke &#8211; bare de kan n\u00e5 satellitter i polar bane p\u00e5 hver runde de gj\u00f8r rundt jorden. Samtidig har Norge bundet seg til \u00e5 bruke Svalbard og Antarktis bare i fredelig \u00f8yemed. Og tilsynet som skal s\u00f8rge for at traktatene overholdes, har ikke innblikk i hva slags data som lastes ned. Journalist B\u00e5rd Wormdal unders\u00f8ker forholdene &#8211; han snakker med akt\u00f8rene p\u00e5 alle sider av bordet, han sporer opp hva slags satellitter det dreier seg om og hva slags informasjon de gir, og han viser hvor sentral informasjonen er i moderne krigf\u00f8ring i dag, s\u00e6rlig amerikansk. Linjen til Norge er lett \u00e5 trekke: Daglig tas det bilder av Afghanistan som er s\u00e5 detaljerte at de kan brukes til \u00e5 spore Taliban i fjellomr\u00e5der man ellers mangler enhver oversikt over, bilder som lastes ned p\u00e5 Svalbard. Er det rimelig \u00e5 tro at det norske Forsvaret ikke utnytter dette? Eller utnytter Forsvaret disse dataene bevisst i krigf\u00f8ringen?<\/p>\n","protected":false},"excerpt":{"rendered":"<p>Moderne krigf\u00f8ring er i stadig voksende grad avhengig av satellitter &#8211; til etterretning, v\u00e5penstyring, kommunikasjon etc. Gjennom sin plassering n\u00e6r polene har de norske satellittstasjonene p\u00e5 Svalbard og i Antarktis en unik styrke &#8211; bare de kan n\u00e5 satellitter i polar bane p\u00e5 hver runde de gj\u00f8r rundt jorden. Samtidig har Norge bundet seg til [&hellip;]<\/p>\n","protected":false},"featured_media":29287,"template":"","meta":{"_acf_changed":false,"inline_featured_image":false},"product_brand":[],"product_cat":[23,32],"product_tag":[731,728,362,439,788],"class_list":{"0":"post-21302","1":"product","2":"type-product","3":"status-publish","4":"has-post-thumbnail","6":"product_cat-historie","7":"product_cat-samfunn-og-politikk","8":"product_tag-antarktis","9":"product_tag-etterretning","10":"product_tag-faglitteratur","11":"product_tag-nord-norge","12":"product_tag-svalbard","13":"pa_format-innbundet","15":"first","16":"outofstock","17":"shipping-taxable","18":"purchasable","19":"product-type-simple"},"acf":{"anmeldelse":null},"yoast_head":"<!-- This site is optimized with the Yoast SEO plugin v26.6 - https:\/\/yoast.com\/wordpress\/plugins\/seo\/ -->\n<title>Satellittkrigen - Pax<\/title>\n<meta name=\"robots\" content=\"noindex, follow, max-snippet:-1, max-image-preview:large, max-video-preview:-1\" \/>\n<meta property=\"og:locale\" content=\"nb_NO\" \/>\n<meta property=\"og:type\" content=\"article\" \/>\n<meta property=\"og:title\" content=\"Satellittkrigen - Pax\" \/>\n<meta property=\"og:description\" content=\"Moderne krigf\u00f8ring er i stadig voksende grad avhengig av satellitter &#8211; til etterretning, v\u00e5penstyring, kommunikasjon etc. Gjennom sin plassering n\u00e6r polene har de norske satellittstasjonene p\u00e5 Svalbard og i Antarktis en unik styrke &#8211; bare de kan n\u00e5 satellitter i polar bane p\u00e5 hver runde de gj\u00f8r rundt jorden. Samtidig har Norge bundet seg til [&hellip;]\" \/>\n<meta property=\"og:url\" content=\"https:\/\/staging.forenteforlag.no\/pax\/produkt\/satellittkrigen\/\" \/>\n<meta property=\"og:site_name\" content=\"Pax\" \/>\n<meta property=\"article:modified_time\" content=\"2025-08-27T10:40:06+00:00\" \/>\n<meta property=\"og:image\" content=\"https:\/\/staging.forenteforlag.no\/pax\/wp-content\/uploads\/sites\/5\/2025\/08\/jpg-9489.jpg\" \/>\n\t<meta property=\"og:image:width\" content=\"291\" \/>\n\t<meta property=\"og:image:height\" content=\"449\" \/>\n\t<meta property=\"og:image:type\" content=\"image\/jpeg\" \/>\n<meta name=\"twitter:card\" content=\"summary_large_image\" \/>\n<meta name=\"twitter:label1\" content=\"Ansl. lesetid\" \/>\n\t<meta name=\"twitter:data1\" content=\"1 minutt\" \/>\n<script type=\"application\/ld+json\" class=\"yoast-schema-graph\">{\"@context\":\"https:\/\/schema.org\",\"@graph\":[{\"@type\":\"WebPage\",\"@id\":\"https:\/\/staging.forenteforlag.no\/pax\/produkt\/satellittkrigen\/\",\"url\":\"https:\/\/staging.forenteforlag.no\/pax\/produkt\/satellittkrigen\/\",\"name\":\"Satellittkrigen - Pax\",\"isPartOf\":{\"@id\":\"https:\/\/staging.forenteforlag.no\/pax\/#website\"},\"primaryImageOfPage\":{\"@id\":\"https:\/\/staging.forenteforlag.no\/pax\/produkt\/satellittkrigen\/#primaryimage\"},\"image\":{\"@id\":\"https:\/\/staging.forenteforlag.no\/pax\/produkt\/satellittkrigen\/#primaryimage\"},\"thumbnailUrl\":\"https:\/\/staging.forenteforlag.no\/pax\/wp-content\/uploads\/sites\/5\/2025\/08\/jpg-9489.jpg\",\"datePublished\":\"2011-11-08T00:00:00+00:00\",\"dateModified\":\"2025-08-27T10:40:06+00:00\",\"breadcrumb\":{\"@id\":\"https:\/\/staging.forenteforlag.no\/pax\/produkt\/satellittkrigen\/#breadcrumb\"},\"inLanguage\":\"nb-NO\",\"potentialAction\":[{\"@type\":\"ReadAction\",\"target\":[\"https:\/\/staging.forenteforlag.no\/pax\/produkt\/satellittkrigen\/\"]}]},{\"@type\":\"ImageObject\",\"inLanguage\":\"nb-NO\",\"@id\":\"https:\/\/staging.forenteforlag.no\/pax\/produkt\/satellittkrigen\/#primaryimage\",\"url\":\"https:\/\/staging.forenteforlag.no\/pax\/wp-content\/uploads\/sites\/5\/2025\/08\/jpg-9489.jpg\",\"contentUrl\":\"https:\/\/staging.forenteforlag.no\/pax\/wp-content\/uploads\/sites\/5\/2025\/08\/jpg-9489.jpg\",\"width\":291,\"height\":449},{\"@type\":\"BreadcrumbList\",\"@id\":\"https:\/\/staging.forenteforlag.no\/pax\/produkt\/satellittkrigen\/#breadcrumb\",\"itemListElement\":[{\"@type\":\"ListItem\",\"position\":1,\"name\":\"Hjem\",\"item\":\"https:\/\/staging.forenteforlag.no\/pax\/\"},{\"@type\":\"ListItem\",\"position\":2,\"name\":\"Alle b\u00f8ker\",\"item\":\"https:\/\/staging.forenteforlag.no\/pax\/butikk\/\"},{\"@type\":\"ListItem\",\"position\":3,\"name\":\"Satellittkrigen\"}]},{\"@type\":\"WebSite\",\"@id\":\"https:\/\/staging.forenteforlag.no\/pax\/#website\",\"url\":\"https:\/\/staging.forenteforlag.no\/pax\/\",\"name\":\"Pax\",\"description\":\"\",\"potentialAction\":[{\"@type\":\"SearchAction\",\"target\":{\"@type\":\"EntryPoint\",\"urlTemplate\":\"https:\/\/staging.forenteforlag.no\/pax\/?s={search_term_string}\"},\"query-input\":{\"@type\":\"PropertyValueSpecification\",\"valueRequired\":true,\"valueName\":\"search_term_string\"}}],\"inLanguage\":\"nb-NO\"}]}<\/script>\n<!-- \/ Yoast SEO plugin. -->","yoast_head_json":{"title":"Satellittkrigen - Pax","robots":{"index":"noindex","follow":"follow","max-snippet":"max-snippet:-1","max-image-preview":"max-image-preview:large","max-video-preview":"max-video-preview:-1"},"og_locale":"nb_NO","og_type":"article","og_title":"Satellittkrigen - Pax","og_description":"Moderne krigf\u00f8ring er i stadig voksende grad avhengig av satellitter &#8211; til etterretning, v\u00e5penstyring, kommunikasjon etc. Gjennom sin plassering n\u00e6r polene har de norske satellittstasjonene p\u00e5 Svalbard og i Antarktis en unik styrke &#8211; bare de kan n\u00e5 satellitter i polar bane p\u00e5 hver runde de gj\u00f8r rundt jorden. Samtidig har Norge bundet seg til [&hellip;]","og_url":"https:\/\/staging.forenteforlag.no\/pax\/produkt\/satellittkrigen\/","og_site_name":"Pax","article_modified_time":"2025-08-27T10:40:06+00:00","og_image":[{"width":291,"height":449,"url":"https:\/\/staging.forenteforlag.no\/pax\/wp-content\/uploads\/sites\/5\/2025\/08\/jpg-9489.jpg","type":"image\/jpeg"}],"twitter_card":"summary_large_image","twitter_misc":{"Ansl. lesetid":"1 minutt"},"schema":{"@context":"https:\/\/schema.org","@graph":[{"@type":"WebPage","@id":"https:\/\/staging.forenteforlag.no\/pax\/produkt\/satellittkrigen\/","url":"https:\/\/staging.forenteforlag.no\/pax\/produkt\/satellittkrigen\/","name":"Satellittkrigen - Pax","isPartOf":{"@id":"https:\/\/staging.forenteforlag.no\/pax\/#website"},"primaryImageOfPage":{"@id":"https:\/\/staging.forenteforlag.no\/pax\/produkt\/satellittkrigen\/#primaryimage"},"image":{"@id":"https:\/\/staging.forenteforlag.no\/pax\/produkt\/satellittkrigen\/#primaryimage"},"thumbnailUrl":"https:\/\/staging.forenteforlag.no\/pax\/wp-content\/uploads\/sites\/5\/2025\/08\/jpg-9489.jpg","datePublished":"2011-11-08T00:00:00+00:00","dateModified":"2025-08-27T10:40:06+00:00","breadcrumb":{"@id":"https:\/\/staging.forenteforlag.no\/pax\/produkt\/satellittkrigen\/#breadcrumb"},"inLanguage":"nb-NO","potentialAction":[{"@type":"ReadAction","target":["https:\/\/staging.forenteforlag.no\/pax\/produkt\/satellittkrigen\/"]}]},{"@type":"ImageObject","inLanguage":"nb-NO","@id":"https:\/\/staging.forenteforlag.no\/pax\/produkt\/satellittkrigen\/#primaryimage","url":"https:\/\/staging.forenteforlag.no\/pax\/wp-content\/uploads\/sites\/5\/2025\/08\/jpg-9489.jpg","contentUrl":"https:\/\/staging.forenteforlag.no\/pax\/wp-content\/uploads\/sites\/5\/2025\/08\/jpg-9489.jpg","width":291,"height":449},{"@type":"BreadcrumbList","@id":"https:\/\/staging.forenteforlag.no\/pax\/produkt\/satellittkrigen\/#breadcrumb","itemListElement":[{"@type":"ListItem","position":1,"name":"Hjem","item":"https:\/\/staging.forenteforlag.no\/pax\/"},{"@type":"ListItem","position":2,"name":"Alle b\u00f8ker","item":"https:\/\/staging.forenteforlag.no\/pax\/butikk\/"},{"@type":"ListItem","position":3,"name":"Satellittkrigen"}]},{"@type":"WebSite","@id":"https:\/\/staging.forenteforlag.no\/pax\/#website","url":"https:\/\/staging.forenteforlag.no\/pax\/","name":"Pax","description":"","potentialAction":[{"@type":"SearchAction","target":{"@type":"EntryPoint","urlTemplate":"https:\/\/staging.forenteforlag.no\/pax\/?s={search_term_string}"},"query-input":{"@type":"PropertyValueSpecification","valueRequired":true,"valueName":"search_term_string"}}],"inLanguage":"nb-NO"}]}},"_links":{"self":[{"href":"https:\/\/staging.forenteforlag.no\/pax\/wp-json\/wp\/v2\/product\/21302","targetHints":{"allow":["GET"]}}],"collection":[{"href":"https:\/\/staging.forenteforlag.no\/pax\/wp-json\/wp\/v2\/product"}],"about":[{"href":"https:\/\/staging.forenteforlag.no\/pax\/wp-json\/wp\/v2\/types\/product"}],"wp:featuredmedia":[{"embeddable":true,"href":"https:\/\/staging.forenteforlag.no\/pax\/wp-json\/wp\/v2\/media\/29287"}],"wp:attachment":[{"href":"https:\/\/staging.forenteforlag.no\/pax\/wp-json\/wp\/v2\/media?parent=21302"}],"wp:term":[{"taxonomy":"product_brand","embeddable":true,"href":"https:\/\/staging.forenteforlag.no\/pax\/wp-json\/wp\/v2\/product_brand?post=21302"},{"taxonomy":"product_cat","embeddable":true,"href":"https:\/\/staging.forenteforlag.no\/pax\/wp-json\/wp\/v2\/product_cat?post=21302"},{"taxonomy":"product_tag","embeddable":true,"href":"https:\/\/staging.forenteforlag.no\/pax\/wp-json\/wp\/v2\/product_tag?post=21302"}],"curies":[{"name":"wp","href":"https:\/\/api.w.org\/{rel}","templated":true}]}}