{"id":21300,"date":"2010-01-19T01:00:00","date_gmt":"2010-01-19T00:00:00","guid":{"rendered":"https:\/\/pax.forenteforlag.no\/produkt\/livsmestring\/"},"modified":"2025-08-27T11:54:22","modified_gmt":"2025-08-27T09:54:22","slug":"livsmestring","status":"publish","type":"product","link":"https:\/\/staging.forenteforlag.no\/pax\/produkt\/livsmestring\/","title":{"rendered":"Livsmestring"},"content":{"rendered":"<p>Hvordan takle hverdagens utfordringer? Hvordan mobilisere krefter n\u00e5r sorg, sinne, nedtrykthet og andre m\u00f8rke f\u00f8lelser truer med \u00e5 bryte oss ned? Hvordan se nye muligheter n\u00e5r vi m\u00f8ter motstand?  &laquo;Livsmestring&raquo; er en bok om \u00e5 hjelpe seg selv. Forfatteren gir konkrete r\u00e5d som styrker deg i m\u00f8tet med livskriser &#8211; og hverdagens sm\u00e5 og store p\u00e5kjenninger. Han viser blant annet hvordan det \u00e5 arbeide med f\u00f8lelsene sine kan v\u00e6re en n\u00f8kkel til bedre balanse i livet. Og hvordan du slik kan bli en bedre livmestrer. En utbredt forestilling i v\u00e5r kultur er at f\u00f8lelsene er blinde, irrasjonelle naturkrefter som st\u00e5r i opposisjon til fornuften. I denne boka argumenteres det for at f\u00f8lelsene er gjennomsyret av fornuft og at f\u00f8lelsene alltid har et budskap som det er verdt \u00e5 lytte til. Om du lytter til dette budskapet, og l\u00e6rer \u00e5 &laquo;spille p\u00e5 lag&raquo; med dine egne f\u00f8lelser, \u00f8ker sjansene for at du finner deg bedre til rette i verden.<\/p>\n","protected":false},"excerpt":{"rendered":"<p>Hvordan takle hverdagens utfordringer? Hvordan mobilisere krefter n\u00e5r sorg, sinne, nedtrykthet og andre m\u00f8rke f\u00f8lelser truer med \u00e5 bryte oss ned? Hvordan se nye muligheter n\u00e5r vi m\u00f8ter motstand? &laquo;Livsmestring&raquo; er en bok om \u00e5 hjelpe seg selv. Forfatteren gir konkrete r\u00e5d som styrker deg i m\u00f8tet med livskriser &#8211; og hverdagens sm\u00e5 og store [&hellip;]<\/p>\n","protected":false},"featured_media":29051,"template":"","meta":{"_acf_changed":false,"inline_featured_image":false},"product_brand":[],"product_cat":[25],"product_tag":[362,644],"class_list":{"0":"post-21300","1":"product","2":"type-product","3":"status-publish","4":"has-post-thumbnail","6":"product_cat-kropp-og-sinn","7":"product_tag-faglitteratur","8":"product_tag-selvutvikling","9":"pa_format-innbundet","11":"first","12":"outofstock","13":"shipping-taxable","14":"purchasable","15":"product-type-simple"},"acf":{"anmeldelse":null},"yoast_head":"<!-- This site is optimized with the Yoast SEO plugin v26.6 - https:\/\/yoast.com\/wordpress\/plugins\/seo\/ -->\n<title>Livsmestring - Pax<\/title>\n<meta name=\"robots\" content=\"noindex, follow, max-snippet:-1, max-image-preview:large, max-video-preview:-1\" \/>\n<meta property=\"og:locale\" content=\"nb_NO\" \/>\n<meta property=\"og:type\" content=\"article\" \/>\n<meta property=\"og:title\" content=\"Livsmestring - Pax\" \/>\n<meta property=\"og:description\" content=\"Hvordan takle hverdagens utfordringer? Hvordan mobilisere krefter n\u00e5r sorg, sinne, nedtrykthet og andre m\u00f8rke f\u00f8lelser truer med \u00e5 bryte oss ned? Hvordan se nye muligheter n\u00e5r vi m\u00f8ter motstand? &laquo;Livsmestring&raquo; er en bok om \u00e5 hjelpe seg selv. Forfatteren gir konkrete r\u00e5d som styrker deg i m\u00f8tet med livskriser &#8211; og hverdagens sm\u00e5 og store [&hellip;]\" \/>\n<meta property=\"og:url\" content=\"https:\/\/staging.forenteforlag.no\/pax\/produkt\/livsmestring\/\" \/>\n<meta property=\"og:site_name\" content=\"Pax\" \/>\n<meta property=\"article:modified_time\" content=\"2025-08-27T09:54:22+00:00\" \/>\n<meta property=\"og:image\" content=\"https:\/\/staging.forenteforlag.no\/pax\/wp-content\/uploads\/sites\/5\/2025\/08\/jpg-8770.jpg\" \/>\n\t<meta property=\"og:image:width\" content=\"283\" \/>\n\t<meta property=\"og:image:height\" content=\"449\" \/>\n\t<meta property=\"og:image:type\" content=\"image\/jpeg\" \/>\n<meta name=\"twitter:card\" content=\"summary_large_image\" \/>\n<meta name=\"twitter:label1\" content=\"Ansl. lesetid\" \/>\n\t<meta name=\"twitter:data1\" content=\"1 minutt\" \/>\n<script type=\"application\/ld+json\" class=\"yoast-schema-graph\">{\"@context\":\"https:\/\/schema.org\",\"@graph\":[{\"@type\":\"WebPage\",\"@id\":\"https:\/\/staging.forenteforlag.no\/pax\/produkt\/livsmestring\/\",\"url\":\"https:\/\/staging.forenteforlag.no\/pax\/produkt\/livsmestring\/\",\"name\":\"Livsmestring - Pax\",\"isPartOf\":{\"@id\":\"https:\/\/staging.forenteforlag.no\/pax\/#website\"},\"primaryImageOfPage\":{\"@id\":\"https:\/\/staging.forenteforlag.no\/pax\/produkt\/livsmestring\/#primaryimage\"},\"image\":{\"@id\":\"https:\/\/staging.forenteforlag.no\/pax\/produkt\/livsmestring\/#primaryimage\"},\"thumbnailUrl\":\"https:\/\/staging.forenteforlag.no\/pax\/wp-content\/uploads\/sites\/5\/2025\/08\/jpg-8770.jpg\",\"datePublished\":\"2010-01-19T00:00:00+00:00\",\"dateModified\":\"2025-08-27T09:54:22+00:00\",\"breadcrumb\":{\"@id\":\"https:\/\/staging.forenteforlag.no\/pax\/produkt\/livsmestring\/#breadcrumb\"},\"inLanguage\":\"nb-NO\",\"potentialAction\":[{\"@type\":\"ReadAction\",\"target\":[\"https:\/\/staging.forenteforlag.no\/pax\/produkt\/livsmestring\/\"]}]},{\"@type\":\"ImageObject\",\"inLanguage\":\"nb-NO\",\"@id\":\"https:\/\/staging.forenteforlag.no\/pax\/produkt\/livsmestring\/#primaryimage\",\"url\":\"https:\/\/staging.forenteforlag.no\/pax\/wp-content\/uploads\/sites\/5\/2025\/08\/jpg-8770.jpg\",\"contentUrl\":\"https:\/\/staging.forenteforlag.no\/pax\/wp-content\/uploads\/sites\/5\/2025\/08\/jpg-8770.jpg\",\"width\":283,\"height\":449},{\"@type\":\"BreadcrumbList\",\"@id\":\"https:\/\/staging.forenteforlag.no\/pax\/produkt\/livsmestring\/#breadcrumb\",\"itemListElement\":[{\"@type\":\"ListItem\",\"position\":1,\"name\":\"Hjem\",\"item\":\"https:\/\/staging.forenteforlag.no\/pax\/\"},{\"@type\":\"ListItem\",\"position\":2,\"name\":\"Alle b\u00f8ker\",\"item\":\"https:\/\/staging.forenteforlag.no\/pax\/butikk\/\"},{\"@type\":\"ListItem\",\"position\":3,\"name\":\"Livsmestring\"}]},{\"@type\":\"WebSite\",\"@id\":\"https:\/\/staging.forenteforlag.no\/pax\/#website\",\"url\":\"https:\/\/staging.forenteforlag.no\/pax\/\",\"name\":\"Pax\",\"description\":\"\",\"potentialAction\":[{\"@type\":\"SearchAction\",\"target\":{\"@type\":\"EntryPoint\",\"urlTemplate\":\"https:\/\/staging.forenteforlag.no\/pax\/?s={search_term_string}\"},\"query-input\":{\"@type\":\"PropertyValueSpecification\",\"valueRequired\":true,\"valueName\":\"search_term_string\"}}],\"inLanguage\":\"nb-NO\"}]}<\/script>\n<!-- \/ Yoast SEO plugin. -->","yoast_head_json":{"title":"Livsmestring - Pax","robots":{"index":"noindex","follow":"follow","max-snippet":"max-snippet:-1","max-image-preview":"max-image-preview:large","max-video-preview":"max-video-preview:-1"},"og_locale":"nb_NO","og_type":"article","og_title":"Livsmestring - Pax","og_description":"Hvordan takle hverdagens utfordringer? Hvordan mobilisere krefter n\u00e5r sorg, sinne, nedtrykthet og andre m\u00f8rke f\u00f8lelser truer med \u00e5 bryte oss ned? Hvordan se nye muligheter n\u00e5r vi m\u00f8ter motstand? &laquo;Livsmestring&raquo; er en bok om \u00e5 hjelpe seg selv. Forfatteren gir konkrete r\u00e5d som styrker deg i m\u00f8tet med livskriser &#8211; og hverdagens sm\u00e5 og store [&hellip;]","og_url":"https:\/\/staging.forenteforlag.no\/pax\/produkt\/livsmestring\/","og_site_name":"Pax","article_modified_time":"2025-08-27T09:54:22+00:00","og_image":[{"width":283,"height":449,"url":"https:\/\/staging.forenteforlag.no\/pax\/wp-content\/uploads\/sites\/5\/2025\/08\/jpg-8770.jpg","type":"image\/jpeg"}],"twitter_card":"summary_large_image","twitter_misc":{"Ansl. lesetid":"1 minutt"},"schema":{"@context":"https:\/\/schema.org","@graph":[{"@type":"WebPage","@id":"https:\/\/staging.forenteforlag.no\/pax\/produkt\/livsmestring\/","url":"https:\/\/staging.forenteforlag.no\/pax\/produkt\/livsmestring\/","name":"Livsmestring - Pax","isPartOf":{"@id":"https:\/\/staging.forenteforlag.no\/pax\/#website"},"primaryImageOfPage":{"@id":"https:\/\/staging.forenteforlag.no\/pax\/produkt\/livsmestring\/#primaryimage"},"image":{"@id":"https:\/\/staging.forenteforlag.no\/pax\/produkt\/livsmestring\/#primaryimage"},"thumbnailUrl":"https:\/\/staging.forenteforlag.no\/pax\/wp-content\/uploads\/sites\/5\/2025\/08\/jpg-8770.jpg","datePublished":"2010-01-19T00:00:00+00:00","dateModified":"2025-08-27T09:54:22+00:00","breadcrumb":{"@id":"https:\/\/staging.forenteforlag.no\/pax\/produkt\/livsmestring\/#breadcrumb"},"inLanguage":"nb-NO","potentialAction":[{"@type":"ReadAction","target":["https:\/\/staging.forenteforlag.no\/pax\/produkt\/livsmestring\/"]}]},{"@type":"ImageObject","inLanguage":"nb-NO","@id":"https:\/\/staging.forenteforlag.no\/pax\/produkt\/livsmestring\/#primaryimage","url":"https:\/\/staging.forenteforlag.no\/pax\/wp-content\/uploads\/sites\/5\/2025\/08\/jpg-8770.jpg","contentUrl":"https:\/\/staging.forenteforlag.no\/pax\/wp-content\/uploads\/sites\/5\/2025\/08\/jpg-8770.jpg","width":283,"height":449},{"@type":"BreadcrumbList","@id":"https:\/\/staging.forenteforlag.no\/pax\/produkt\/livsmestring\/#breadcrumb","itemListElement":[{"@type":"ListItem","position":1,"name":"Hjem","item":"https:\/\/staging.forenteforlag.no\/pax\/"},{"@type":"ListItem","position":2,"name":"Alle b\u00f8ker","item":"https:\/\/staging.forenteforlag.no\/pax\/butikk\/"},{"@type":"ListItem","position":3,"name":"Livsmestring"}]},{"@type":"WebSite","@id":"https:\/\/staging.forenteforlag.no\/pax\/#website","url":"https:\/\/staging.forenteforlag.no\/pax\/","name":"Pax","description":"","potentialAction":[{"@type":"SearchAction","target":{"@type":"EntryPoint","urlTemplate":"https:\/\/staging.forenteforlag.no\/pax\/?s={search_term_string}"},"query-input":{"@type":"PropertyValueSpecification","valueRequired":true,"valueName":"search_term_string"}}],"inLanguage":"nb-NO"}]}},"_links":{"self":[{"href":"https:\/\/staging.forenteforlag.no\/pax\/wp-json\/wp\/v2\/product\/21300","targetHints":{"allow":["GET"]}}],"collection":[{"href":"https:\/\/staging.forenteforlag.no\/pax\/wp-json\/wp\/v2\/product"}],"about":[{"href":"https:\/\/staging.forenteforlag.no\/pax\/wp-json\/wp\/v2\/types\/product"}],"wp:featuredmedia":[{"embeddable":true,"href":"https:\/\/staging.forenteforlag.no\/pax\/wp-json\/wp\/v2\/media\/29051"}],"wp:attachment":[{"href":"https:\/\/staging.forenteforlag.no\/pax\/wp-json\/wp\/v2\/media?parent=21300"}],"wp:term":[{"taxonomy":"product_brand","embeddable":true,"href":"https:\/\/staging.forenteforlag.no\/pax\/wp-json\/wp\/v2\/product_brand?post=21300"},{"taxonomy":"product_cat","embeddable":true,"href":"https:\/\/staging.forenteforlag.no\/pax\/wp-json\/wp\/v2\/product_cat?post=21300"},{"taxonomy":"product_tag","embeddable":true,"href":"https:\/\/staging.forenteforlag.no\/pax\/wp-json\/wp\/v2\/product_tag?post=21300"}],"curies":[{"name":"wp","href":"https:\/\/api.w.org\/{rel}","templated":true}]}}