{"id":21287,"date":"2016-10-06T02:00:00","date_gmt":"2016-10-06T00:00:00","guid":{"rendered":"https:\/\/pax.forenteforlag.no\/produkt\/kald-krig-hemmelig-haer\/"},"modified":"2025-08-27T11:00:42","modified_gmt":"2025-08-27T09:00:42","slug":"kald-krig-hemmelig-haer","status":"publish","type":"product","link":"https:\/\/staging.forenteforlag.no\/pax\/produkt\/kald-krig-hemmelig-haer\/","title":{"rendered":"Kald krig, hemmelig h\u00e6r"},"content":{"rendered":"<p>Hvor mye kontroll kan demokratiet gi slipp p\u00e5 f\u00f8r det mister seg selv? <\/p>\n<p>Under trusselen om et sovjetisk angrep planla Forsvaret for livet under okkupasjon: Hemmelige krigere ble rekruttert blant sivilister og trent opp, depoter med v\u00e5pen og sprengstoff lagt over hele landet, og planer ble lagt for spionasje, sabotasje og redning bak fiendens linjer. I hemmelighet ikke bare for allmennheten, men ogs\u00e5 langt p\u00e5 vei for politisk og milit\u00e6r ledelse &#8211; s\u00e5 f\u00e5 som overhodet mulig skulle kjenne til planene. Og man n\u00f8yde seg ikke med \u00e5 planlegge for en en fortsatt motstand etter at landet var okkupert: Norske Stay Behind-agenter tok seg ogs\u00e5 inn i Sovjetunionen for \u00e5 spionere, og bidro til \u00e5 kartlegge og overv\u00e5ke norske kommunister i fredstid.<br \/>\n.<br \/>\nForfatteren n\u00f8ster opp historien gjennom kjente og ukjente skriftlige kilder, og finner frem til muntlige kilder p\u00e5 innsiden av organisasjonen. N\u00e5r vi n\u00e5 kan v\u00e6re p\u00e5 vei inn i en ny kald krig, melder sp\u00f8rsm\u00e5let seg: Hvordan ser Forsvarets okkupasjonsberedskap ut i dag? Er Stay Behind helt avviklet?<\/p>\n","protected":false},"excerpt":{"rendered":"<p>Hvor mye kontroll kan demokratiet gi slipp p\u00e5 f\u00f8r det mister seg selv? Under trusselen om et sovjetisk angrep planla Forsvaret for livet under okkupasjon: Hemmelige krigere ble rekruttert blant sivilister og trent opp, depoter med v\u00e5pen og sprengstoff lagt over hele landet, og planer ble lagt for spionasje, sabotasje og redning bak fiendens linjer. [&hellip;]<\/p>\n","protected":false},"featured_media":28782,"template":"","meta":{"_acf_changed":false,"inline_featured_image":false},"product_brand":[],"product_cat":[23],"product_tag":[365,1371,728,362,439],"class_list":{"0":"post-21287","1":"product","2":"type-product","3":"status-publish","4":"has-post-thumbnail","6":"product_cat-historie","7":"product_tag-1945-1999","8":"product_tag-den-kalde-krigen","9":"product_tag-etterretning","10":"product_tag-faglitteratur","11":"product_tag-nord-norge","12":"pa_format-innbundet","14":"first","15":"outofstock","16":"shipping-taxable","17":"purchasable","18":"product-type-simple"},"acf":{"anmeldelse":null},"yoast_head":"<!-- This site is optimized with the Yoast SEO plugin v26.6 - https:\/\/yoast.com\/wordpress\/plugins\/seo\/ -->\n<title>Kald krig, hemmelig h\u00e6r - Pax<\/title>\n<meta name=\"robots\" content=\"noindex, follow, max-snippet:-1, max-image-preview:large, max-video-preview:-1\" \/>\n<meta property=\"og:locale\" content=\"nb_NO\" \/>\n<meta property=\"og:type\" content=\"article\" \/>\n<meta property=\"og:title\" content=\"Kald krig, hemmelig h\u00e6r - Pax\" \/>\n<meta property=\"og:description\" content=\"Hvor mye kontroll kan demokratiet gi slipp p\u00e5 f\u00f8r det mister seg selv? Under trusselen om et sovjetisk angrep planla Forsvaret for livet under okkupasjon: Hemmelige krigere ble rekruttert blant sivilister og trent opp, depoter med v\u00e5pen og sprengstoff lagt over hele landet, og planer ble lagt for spionasje, sabotasje og redning bak fiendens linjer. [&hellip;]\" \/>\n<meta property=\"og:url\" content=\"https:\/\/staging.forenteforlag.no\/pax\/produkt\/kald-krig-hemmelig-haer\/\" \/>\n<meta property=\"og:site_name\" content=\"Pax\" \/>\n<meta property=\"article:modified_time\" content=\"2025-08-27T09:00:42+00:00\" \/>\n<meta property=\"og:image\" content=\"https:\/\/staging.forenteforlag.no\/pax\/wp-content\/uploads\/sites\/5\/2025\/08\/jpg-7963.jpg\" \/>\n\t<meta property=\"og:image:width\" content=\"1254\" \/>\n\t<meta property=\"og:image:height\" content=\"1794\" \/>\n\t<meta property=\"og:image:type\" content=\"image\/jpeg\" \/>\n<meta name=\"twitter:card\" content=\"summary_large_image\" \/>\n<meta name=\"twitter:label1\" content=\"Ansl. lesetid\" \/>\n\t<meta name=\"twitter:data1\" content=\"1 minutt\" \/>\n<script type=\"application\/ld+json\" class=\"yoast-schema-graph\">{\"@context\":\"https:\/\/schema.org\",\"@graph\":[{\"@type\":\"WebPage\",\"@id\":\"https:\/\/staging.forenteforlag.no\/pax\/produkt\/kald-krig-hemmelig-haer\/\",\"url\":\"https:\/\/staging.forenteforlag.no\/pax\/produkt\/kald-krig-hemmelig-haer\/\",\"name\":\"Kald krig, hemmelig h\u00e6r - Pax\",\"isPartOf\":{\"@id\":\"https:\/\/staging.forenteforlag.no\/pax\/#website\"},\"primaryImageOfPage\":{\"@id\":\"https:\/\/staging.forenteforlag.no\/pax\/produkt\/kald-krig-hemmelig-haer\/#primaryimage\"},\"image\":{\"@id\":\"https:\/\/staging.forenteforlag.no\/pax\/produkt\/kald-krig-hemmelig-haer\/#primaryimage\"},\"thumbnailUrl\":\"https:\/\/staging.forenteforlag.no\/pax\/wp-content\/uploads\/sites\/5\/2025\/08\/jpg-7963.jpg\",\"datePublished\":\"2016-10-06T00:00:00+00:00\",\"dateModified\":\"2025-08-27T09:00:42+00:00\",\"breadcrumb\":{\"@id\":\"https:\/\/staging.forenteforlag.no\/pax\/produkt\/kald-krig-hemmelig-haer\/#breadcrumb\"},\"inLanguage\":\"nb-NO\",\"potentialAction\":[{\"@type\":\"ReadAction\",\"target\":[\"https:\/\/staging.forenteforlag.no\/pax\/produkt\/kald-krig-hemmelig-haer\/\"]}]},{\"@type\":\"ImageObject\",\"inLanguage\":\"nb-NO\",\"@id\":\"https:\/\/staging.forenteforlag.no\/pax\/produkt\/kald-krig-hemmelig-haer\/#primaryimage\",\"url\":\"https:\/\/staging.forenteforlag.no\/pax\/wp-content\/uploads\/sites\/5\/2025\/08\/jpg-7963.jpg\",\"contentUrl\":\"https:\/\/staging.forenteforlag.no\/pax\/wp-content\/uploads\/sites\/5\/2025\/08\/jpg-7963.jpg\",\"width\":1254,\"height\":1794},{\"@type\":\"BreadcrumbList\",\"@id\":\"https:\/\/staging.forenteforlag.no\/pax\/produkt\/kald-krig-hemmelig-haer\/#breadcrumb\",\"itemListElement\":[{\"@type\":\"ListItem\",\"position\":1,\"name\":\"Hjem\",\"item\":\"https:\/\/staging.forenteforlag.no\/pax\/\"},{\"@type\":\"ListItem\",\"position\":2,\"name\":\"Alle b\u00f8ker\",\"item\":\"https:\/\/staging.forenteforlag.no\/pax\/butikk\/\"},{\"@type\":\"ListItem\",\"position\":3,\"name\":\"Kald krig, hemmelig h\u00e6r\"}]},{\"@type\":\"WebSite\",\"@id\":\"https:\/\/staging.forenteforlag.no\/pax\/#website\",\"url\":\"https:\/\/staging.forenteforlag.no\/pax\/\",\"name\":\"Pax\",\"description\":\"\",\"potentialAction\":[{\"@type\":\"SearchAction\",\"target\":{\"@type\":\"EntryPoint\",\"urlTemplate\":\"https:\/\/staging.forenteforlag.no\/pax\/?s={search_term_string}\"},\"query-input\":{\"@type\":\"PropertyValueSpecification\",\"valueRequired\":true,\"valueName\":\"search_term_string\"}}],\"inLanguage\":\"nb-NO\"}]}<\/script>\n<!-- \/ Yoast SEO plugin. -->","yoast_head_json":{"title":"Kald krig, hemmelig h\u00e6r - Pax","robots":{"index":"noindex","follow":"follow","max-snippet":"max-snippet:-1","max-image-preview":"max-image-preview:large","max-video-preview":"max-video-preview:-1"},"og_locale":"nb_NO","og_type":"article","og_title":"Kald krig, hemmelig h\u00e6r - Pax","og_description":"Hvor mye kontroll kan demokratiet gi slipp p\u00e5 f\u00f8r det mister seg selv? Under trusselen om et sovjetisk angrep planla Forsvaret for livet under okkupasjon: Hemmelige krigere ble rekruttert blant sivilister og trent opp, depoter med v\u00e5pen og sprengstoff lagt over hele landet, og planer ble lagt for spionasje, sabotasje og redning bak fiendens linjer. [&hellip;]","og_url":"https:\/\/staging.forenteforlag.no\/pax\/produkt\/kald-krig-hemmelig-haer\/","og_site_name":"Pax","article_modified_time":"2025-08-27T09:00:42+00:00","og_image":[{"width":1254,"height":1794,"url":"https:\/\/staging.forenteforlag.no\/pax\/wp-content\/uploads\/sites\/5\/2025\/08\/jpg-7963.jpg","type":"image\/jpeg"}],"twitter_card":"summary_large_image","twitter_misc":{"Ansl. lesetid":"1 minutt"},"schema":{"@context":"https:\/\/schema.org","@graph":[{"@type":"WebPage","@id":"https:\/\/staging.forenteforlag.no\/pax\/produkt\/kald-krig-hemmelig-haer\/","url":"https:\/\/staging.forenteforlag.no\/pax\/produkt\/kald-krig-hemmelig-haer\/","name":"Kald krig, hemmelig h\u00e6r - Pax","isPartOf":{"@id":"https:\/\/staging.forenteforlag.no\/pax\/#website"},"primaryImageOfPage":{"@id":"https:\/\/staging.forenteforlag.no\/pax\/produkt\/kald-krig-hemmelig-haer\/#primaryimage"},"image":{"@id":"https:\/\/staging.forenteforlag.no\/pax\/produkt\/kald-krig-hemmelig-haer\/#primaryimage"},"thumbnailUrl":"https:\/\/staging.forenteforlag.no\/pax\/wp-content\/uploads\/sites\/5\/2025\/08\/jpg-7963.jpg","datePublished":"2016-10-06T00:00:00+00:00","dateModified":"2025-08-27T09:00:42+00:00","breadcrumb":{"@id":"https:\/\/staging.forenteforlag.no\/pax\/produkt\/kald-krig-hemmelig-haer\/#breadcrumb"},"inLanguage":"nb-NO","potentialAction":[{"@type":"ReadAction","target":["https:\/\/staging.forenteforlag.no\/pax\/produkt\/kald-krig-hemmelig-haer\/"]}]},{"@type":"ImageObject","inLanguage":"nb-NO","@id":"https:\/\/staging.forenteforlag.no\/pax\/produkt\/kald-krig-hemmelig-haer\/#primaryimage","url":"https:\/\/staging.forenteforlag.no\/pax\/wp-content\/uploads\/sites\/5\/2025\/08\/jpg-7963.jpg","contentUrl":"https:\/\/staging.forenteforlag.no\/pax\/wp-content\/uploads\/sites\/5\/2025\/08\/jpg-7963.jpg","width":1254,"height":1794},{"@type":"BreadcrumbList","@id":"https:\/\/staging.forenteforlag.no\/pax\/produkt\/kald-krig-hemmelig-haer\/#breadcrumb","itemListElement":[{"@type":"ListItem","position":1,"name":"Hjem","item":"https:\/\/staging.forenteforlag.no\/pax\/"},{"@type":"ListItem","position":2,"name":"Alle b\u00f8ker","item":"https:\/\/staging.forenteforlag.no\/pax\/butikk\/"},{"@type":"ListItem","position":3,"name":"Kald krig, hemmelig h\u00e6r"}]},{"@type":"WebSite","@id":"https:\/\/staging.forenteforlag.no\/pax\/#website","url":"https:\/\/staging.forenteforlag.no\/pax\/","name":"Pax","description":"","potentialAction":[{"@type":"SearchAction","target":{"@type":"EntryPoint","urlTemplate":"https:\/\/staging.forenteforlag.no\/pax\/?s={search_term_string}"},"query-input":{"@type":"PropertyValueSpecification","valueRequired":true,"valueName":"search_term_string"}}],"inLanguage":"nb-NO"}]}},"_links":{"self":[{"href":"https:\/\/staging.forenteforlag.no\/pax\/wp-json\/wp\/v2\/product\/21287","targetHints":{"allow":["GET"]}}],"collection":[{"href":"https:\/\/staging.forenteforlag.no\/pax\/wp-json\/wp\/v2\/product"}],"about":[{"href":"https:\/\/staging.forenteforlag.no\/pax\/wp-json\/wp\/v2\/types\/product"}],"wp:featuredmedia":[{"embeddable":true,"href":"https:\/\/staging.forenteforlag.no\/pax\/wp-json\/wp\/v2\/media\/28782"}],"wp:attachment":[{"href":"https:\/\/staging.forenteforlag.no\/pax\/wp-json\/wp\/v2\/media?parent=21287"}],"wp:term":[{"taxonomy":"product_brand","embeddable":true,"href":"https:\/\/staging.forenteforlag.no\/pax\/wp-json\/wp\/v2\/product_brand?post=21287"},{"taxonomy":"product_cat","embeddable":true,"href":"https:\/\/staging.forenteforlag.no\/pax\/wp-json\/wp\/v2\/product_cat?post=21287"},{"taxonomy":"product_tag","embeddable":true,"href":"https:\/\/staging.forenteforlag.no\/pax\/wp-json\/wp\/v2\/product_tag?post=21287"}],"curies":[{"name":"wp","href":"https:\/\/api.w.org\/{rel}","templated":true}]}}