{"id":21283,"date":"2015-02-02T01:00:00","date_gmt":"2015-02-02T00:00:00","guid":{"rendered":"https:\/\/pax.forenteforlag.no\/produkt\/guttorm-guttormsgaard-kjent-ukjent\/"},"modified":"2026-03-03T22:37:55","modified_gmt":"2026-03-03T21:37:55","slug":"guttorm-guttormsgaard-kjent-ukjent","status":"publish","type":"product","link":"https:\/\/staging.forenteforlag.no\/pax\/produkt\/guttorm-guttormsgaard-kjent-ukjent\/","title":{"rendered":"Guttorm Guttormsgaard: kjent ukjent"},"content":{"rendered":"<p>Guttorm Guttormsgaard har siden 1960-\u00e5rene v\u00e6rt en sentral skikkelse i norsk kunstliv. Kunstnerskap spenner over flere faser, medier og uttrykksm\u00e5ter. Han startet som en av v\u00e5re fremste grafikere og tegnere, var l\u00e6rer p\u00e5 Arkitekth\u00f8gskolen og Statens kunstakademi i Oslo, har gjort store utsmykkingsprosjekter til Byhallen i Oslo (Oslo Spektrum) og ved Universitetet i Troms\u00f8. P\u00e5 Blaker gamle meieri har han skapt en sv\u00e6rt egenartet samling. V\u00e5ren 2015 presenteres dette rike og vesentlige kunstnerskapet i dets fulle bredde p\u00e5 Stenersenmuseet. <br \/>\tBokas fem tekster gir en variert inngang til Guttorm Guttormsgaards kunstnerskap. Forfatterne er ved siden av Jon-Ove Steihaug, Ellef Prests\u00e6ter, Johanna Drucker, Lars M\u00f8rch Finborud og Espen S\u00f8bye. Boka er gjennomillustrert.<\/p>\n","protected":false},"excerpt":{"rendered":"<p>Guttorm Guttormsgaard har siden 1960-\u00e5rene v\u00e6rt en sentral skikkelse i norsk kunstliv. Kunstnerskap spenner over flere faser, medier og uttrykksm\u00e5ter. Han startet som en av v\u00e5re fremste grafikere og tegnere, var l\u00e6rer p\u00e5 Arkitekth\u00f8gskolen og Statens kunstakademi i Oslo, har gjort store utsmykkingsprosjekter til Byhallen i Oslo (Oslo Spektrum) og ved Universitetet i Troms\u00f8. P\u00e5 [&hellip;]<\/p>\n","protected":false},"featured_media":27820,"template":"","meta":{"_acf_changed":false,"inline_featured_image":false},"product_brand":[],"product_cat":[1782],"product_tag":[459,496,362,780],"class_list":{"0":"post-21283","1":"product","2":"type-product","3":"status-publish","4":"has-post-thumbnail","6":"product_cat-fripris","7":"product_tag-bildende-kunst","8":"product_tag-billedkunstnere","9":"product_tag-faglitteratur","10":"product_tag-kataloger","12":"first","13":"outofstock","14":"shipping-taxable","15":"purchasable","16":"product-type-simple"},"acf":{"anmeldelse":null},"yoast_head":"<!-- This site is optimized with the Yoast SEO plugin v26.6 - https:\/\/yoast.com\/wordpress\/plugins\/seo\/ -->\n<title>Guttorm Guttormsgaard: kjent ukjent - Pax<\/title>\n<meta name=\"robots\" content=\"noindex, follow, max-snippet:-1, max-image-preview:large, max-video-preview:-1\" \/>\n<meta property=\"og:locale\" content=\"nb_NO\" \/>\n<meta property=\"og:type\" content=\"article\" \/>\n<meta property=\"og:title\" content=\"Guttorm Guttormsgaard: kjent ukjent - Pax\" \/>\n<meta property=\"og:description\" content=\"Guttorm Guttormsgaard har siden 1960-\u00e5rene v\u00e6rt en sentral skikkelse i norsk kunstliv. Kunstnerskap spenner over flere faser, medier og uttrykksm\u00e5ter. Han startet som en av v\u00e5re fremste grafikere og tegnere, var l\u00e6rer p\u00e5 Arkitekth\u00f8gskolen og Statens kunstakademi i Oslo, har gjort store utsmykkingsprosjekter til Byhallen i Oslo (Oslo Spektrum) og ved Universitetet i Troms\u00f8. P\u00e5 [&hellip;]\" \/>\n<meta property=\"og:url\" content=\"https:\/\/staging.forenteforlag.no\/pax\/produkt\/guttorm-guttormsgaard-kjent-ukjent\/\" \/>\n<meta property=\"og:site_name\" content=\"Pax\" \/>\n<meta property=\"article:modified_time\" content=\"2026-03-03T21:37:55+00:00\" \/>\n<meta property=\"og:image\" content=\"https:\/\/staging.forenteforlag.no\/pax\/wp-content\/uploads\/sites\/5\/2025\/08\/jpg-5170.jpg\" \/>\n\t<meta property=\"og:image:width\" content=\"992\" \/>\n\t<meta property=\"og:image:height\" content=\"703\" \/>\n\t<meta property=\"og:image:type\" content=\"image\/jpeg\" \/>\n<meta name=\"twitter:card\" content=\"summary_large_image\" \/>\n<meta name=\"twitter:label1\" content=\"Ansl. lesetid\" \/>\n\t<meta name=\"twitter:data1\" content=\"1 minutt\" \/>\n<script type=\"application\/ld+json\" class=\"yoast-schema-graph\">{\"@context\":\"https:\/\/schema.org\",\"@graph\":[{\"@type\":\"WebPage\",\"@id\":\"https:\/\/staging.forenteforlag.no\/pax\/produkt\/guttorm-guttormsgaard-kjent-ukjent\/\",\"url\":\"https:\/\/staging.forenteforlag.no\/pax\/produkt\/guttorm-guttormsgaard-kjent-ukjent\/\",\"name\":\"Guttorm Guttormsgaard: kjent ukjent - Pax\",\"isPartOf\":{\"@id\":\"https:\/\/staging.forenteforlag.no\/pax\/#website\"},\"primaryImageOfPage\":{\"@id\":\"https:\/\/staging.forenteforlag.no\/pax\/produkt\/guttorm-guttormsgaard-kjent-ukjent\/#primaryimage\"},\"image\":{\"@id\":\"https:\/\/staging.forenteforlag.no\/pax\/produkt\/guttorm-guttormsgaard-kjent-ukjent\/#primaryimage\"},\"thumbnailUrl\":\"https:\/\/staging.forenteforlag.no\/pax\/wp-content\/uploads\/sites\/5\/2025\/08\/jpg-5170.jpg\",\"datePublished\":\"2015-02-02T00:00:00+00:00\",\"dateModified\":\"2026-03-03T21:37:55+00:00\",\"breadcrumb\":{\"@id\":\"https:\/\/staging.forenteforlag.no\/pax\/produkt\/guttorm-guttormsgaard-kjent-ukjent\/#breadcrumb\"},\"inLanguage\":\"nb-NO\",\"potentialAction\":[{\"@type\":\"ReadAction\",\"target\":[\"https:\/\/staging.forenteforlag.no\/pax\/produkt\/guttorm-guttormsgaard-kjent-ukjent\/\"]}]},{\"@type\":\"ImageObject\",\"inLanguage\":\"nb-NO\",\"@id\":\"https:\/\/staging.forenteforlag.no\/pax\/produkt\/guttorm-guttormsgaard-kjent-ukjent\/#primaryimage\",\"url\":\"https:\/\/staging.forenteforlag.no\/pax\/wp-content\/uploads\/sites\/5\/2025\/08\/jpg-5170.jpg\",\"contentUrl\":\"https:\/\/staging.forenteforlag.no\/pax\/wp-content\/uploads\/sites\/5\/2025\/08\/jpg-5170.jpg\",\"width\":992,\"height\":703},{\"@type\":\"BreadcrumbList\",\"@id\":\"https:\/\/staging.forenteforlag.no\/pax\/produkt\/guttorm-guttormsgaard-kjent-ukjent\/#breadcrumb\",\"itemListElement\":[{\"@type\":\"ListItem\",\"position\":1,\"name\":\"Hjem\",\"item\":\"https:\/\/staging.forenteforlag.no\/pax\/\"},{\"@type\":\"ListItem\",\"position\":2,\"name\":\"Alle b\u00f8ker\",\"item\":\"https:\/\/staging.forenteforlag.no\/pax\/butikk\/\"},{\"@type\":\"ListItem\",\"position\":3,\"name\":\"Guttorm Guttormsgaard: kjent ukjent\"}]},{\"@type\":\"WebSite\",\"@id\":\"https:\/\/staging.forenteforlag.no\/pax\/#website\",\"url\":\"https:\/\/staging.forenteforlag.no\/pax\/\",\"name\":\"Pax\",\"description\":\"\",\"potentialAction\":[{\"@type\":\"SearchAction\",\"target\":{\"@type\":\"EntryPoint\",\"urlTemplate\":\"https:\/\/staging.forenteforlag.no\/pax\/?s={search_term_string}\"},\"query-input\":{\"@type\":\"PropertyValueSpecification\",\"valueRequired\":true,\"valueName\":\"search_term_string\"}}],\"inLanguage\":\"nb-NO\"}]}<\/script>\n<!-- \/ Yoast SEO plugin. -->","yoast_head_json":{"title":"Guttorm Guttormsgaard: kjent ukjent - Pax","robots":{"index":"noindex","follow":"follow","max-snippet":"max-snippet:-1","max-image-preview":"max-image-preview:large","max-video-preview":"max-video-preview:-1"},"og_locale":"nb_NO","og_type":"article","og_title":"Guttorm Guttormsgaard: kjent ukjent - Pax","og_description":"Guttorm Guttormsgaard har siden 1960-\u00e5rene v\u00e6rt en sentral skikkelse i norsk kunstliv. Kunstnerskap spenner over flere faser, medier og uttrykksm\u00e5ter. Han startet som en av v\u00e5re fremste grafikere og tegnere, var l\u00e6rer p\u00e5 Arkitekth\u00f8gskolen og Statens kunstakademi i Oslo, har gjort store utsmykkingsprosjekter til Byhallen i Oslo (Oslo Spektrum) og ved Universitetet i Troms\u00f8. P\u00e5 [&hellip;]","og_url":"https:\/\/staging.forenteforlag.no\/pax\/produkt\/guttorm-guttormsgaard-kjent-ukjent\/","og_site_name":"Pax","article_modified_time":"2026-03-03T21:37:55+00:00","og_image":[{"width":992,"height":703,"url":"https:\/\/staging.forenteforlag.no\/pax\/wp-content\/uploads\/sites\/5\/2025\/08\/jpg-5170.jpg","type":"image\/jpeg"}],"twitter_card":"summary_large_image","twitter_misc":{"Ansl. lesetid":"1 minutt"},"schema":{"@context":"https:\/\/schema.org","@graph":[{"@type":"WebPage","@id":"https:\/\/staging.forenteforlag.no\/pax\/produkt\/guttorm-guttormsgaard-kjent-ukjent\/","url":"https:\/\/staging.forenteforlag.no\/pax\/produkt\/guttorm-guttormsgaard-kjent-ukjent\/","name":"Guttorm Guttormsgaard: kjent ukjent - Pax","isPartOf":{"@id":"https:\/\/staging.forenteforlag.no\/pax\/#website"},"primaryImageOfPage":{"@id":"https:\/\/staging.forenteforlag.no\/pax\/produkt\/guttorm-guttormsgaard-kjent-ukjent\/#primaryimage"},"image":{"@id":"https:\/\/staging.forenteforlag.no\/pax\/produkt\/guttorm-guttormsgaard-kjent-ukjent\/#primaryimage"},"thumbnailUrl":"https:\/\/staging.forenteforlag.no\/pax\/wp-content\/uploads\/sites\/5\/2025\/08\/jpg-5170.jpg","datePublished":"2015-02-02T00:00:00+00:00","dateModified":"2026-03-03T21:37:55+00:00","breadcrumb":{"@id":"https:\/\/staging.forenteforlag.no\/pax\/produkt\/guttorm-guttormsgaard-kjent-ukjent\/#breadcrumb"},"inLanguage":"nb-NO","potentialAction":[{"@type":"ReadAction","target":["https:\/\/staging.forenteforlag.no\/pax\/produkt\/guttorm-guttormsgaard-kjent-ukjent\/"]}]},{"@type":"ImageObject","inLanguage":"nb-NO","@id":"https:\/\/staging.forenteforlag.no\/pax\/produkt\/guttorm-guttormsgaard-kjent-ukjent\/#primaryimage","url":"https:\/\/staging.forenteforlag.no\/pax\/wp-content\/uploads\/sites\/5\/2025\/08\/jpg-5170.jpg","contentUrl":"https:\/\/staging.forenteforlag.no\/pax\/wp-content\/uploads\/sites\/5\/2025\/08\/jpg-5170.jpg","width":992,"height":703},{"@type":"BreadcrumbList","@id":"https:\/\/staging.forenteforlag.no\/pax\/produkt\/guttorm-guttormsgaard-kjent-ukjent\/#breadcrumb","itemListElement":[{"@type":"ListItem","position":1,"name":"Hjem","item":"https:\/\/staging.forenteforlag.no\/pax\/"},{"@type":"ListItem","position":2,"name":"Alle b\u00f8ker","item":"https:\/\/staging.forenteforlag.no\/pax\/butikk\/"},{"@type":"ListItem","position":3,"name":"Guttorm Guttormsgaard: kjent ukjent"}]},{"@type":"WebSite","@id":"https:\/\/staging.forenteforlag.no\/pax\/#website","url":"https:\/\/staging.forenteforlag.no\/pax\/","name":"Pax","description":"","potentialAction":[{"@type":"SearchAction","target":{"@type":"EntryPoint","urlTemplate":"https:\/\/staging.forenteforlag.no\/pax\/?s={search_term_string}"},"query-input":{"@type":"PropertyValueSpecification","valueRequired":true,"valueName":"search_term_string"}}],"inLanguage":"nb-NO"}]}},"_links":{"self":[{"href":"https:\/\/staging.forenteforlag.no\/pax\/wp-json\/wp\/v2\/product\/21283","targetHints":{"allow":["GET"]}}],"collection":[{"href":"https:\/\/staging.forenteforlag.no\/pax\/wp-json\/wp\/v2\/product"}],"about":[{"href":"https:\/\/staging.forenteforlag.no\/pax\/wp-json\/wp\/v2\/types\/product"}],"wp:featuredmedia":[{"embeddable":true,"href":"https:\/\/staging.forenteforlag.no\/pax\/wp-json\/wp\/v2\/media\/27820"}],"wp:attachment":[{"href":"https:\/\/staging.forenteforlag.no\/pax\/wp-json\/wp\/v2\/media?parent=21283"}],"wp:term":[{"taxonomy":"product_brand","embeddable":true,"href":"https:\/\/staging.forenteforlag.no\/pax\/wp-json\/wp\/v2\/product_brand?post=21283"},{"taxonomy":"product_cat","embeddable":true,"href":"https:\/\/staging.forenteforlag.no\/pax\/wp-json\/wp\/v2\/product_cat?post=21283"},{"taxonomy":"product_tag","embeddable":true,"href":"https:\/\/staging.forenteforlag.no\/pax\/wp-json\/wp\/v2\/product_tag?post=21283"}],"curies":[{"name":"wp","href":"https:\/\/api.w.org\/{rel}","templated":true}]}}