{"id":21227,"date":"2014-09-09T02:00:00","date_gmt":"2014-09-09T00:00:00","guid":{"rendered":"https:\/\/pax.forenteforlag.no\/produkt\/singelmammas-guide-til-a-ha-det-ganske-fint\/"},"modified":"2026-03-03T22:34:27","modified_gmt":"2026-03-03T21:34:27","slug":"singelmammas-guide-til-a-ha-det-ganske-fint","status":"publish","type":"product","link":"https:\/\/staging.forenteforlag.no\/pax\/produkt\/singelmammas-guide-til-a-ha-det-ganske-fint\/","title":{"rendered":"Singelmammas guide &#8211; til \u00e5 ha det ganske fint"},"content":{"rendered":"<p>Hva skjer med egne dr\u00f8mmer og karriere n\u00e5r du er singel med barn? Hva gj\u00f8r du n\u00e5r feberen herjer i barna og deg? Eller n\u00e5r du selv helst bare vil sitte p\u00e5 gulvet og gr\u00e5te? Og hvor i all verden blir det av din egen kronprins Haakon? <br \/>Sp\u00f8rsm\u00e5l som disse f\u00e5r du ikke n\u00f8dvendigvis fullstendige svar p\u00e5 i denne boka, selv om temaene blir ber\u00f8rt. Singelmammas guide har heller ikke oppskriften p\u00e5 et fullstendig lykkelig liv. Men den gir noen snarveier til \u00e5 ha det ganske fint. I helger og ferier &#8211; og ikke minst i hverdagen. Med humor og selvironi skildrer Tuva Jorfald sin tilv\u00e6relse med en liten datter. Og hun kommer med tips og r\u00e5d til den som skal fikse livet som singel mamma (eller pappa). Hovedbudskapet er ganske enkelt: Det f\u00e5r v\u00e6re greit!  <br \/>Boka er rikt illustrert med tegninger av Monica Hilsen. <br \/>Forfatteren (f. 1978), er journalist og ansatt i NRKs dokumentaravdeling.<\/p>\n","protected":false},"excerpt":{"rendered":"<p>Hva skjer med egne dr\u00f8mmer og karriere n\u00e5r du er singel med barn? Hva gj\u00f8r du n\u00e5r feberen herjer i barna og deg? Eller n\u00e5r du selv helst bare vil sitte p\u00e5 gulvet og gr\u00e5te? Og hvor i all verden blir det av din egen kronprins Haakon? Sp\u00f8rsm\u00e5l som disse f\u00e5r du ikke n\u00f8dvendigvis fullstendige [&hellip;]<\/p>\n","protected":false},"featured_media":27963,"template":"","meta":{"_acf_changed":false,"inline_featured_image":false},"product_brand":[],"product_cat":[1782],"product_tag":[1703,362],"class_list":{"0":"post-21227","1":"product","2":"type-product","3":"status-publish","4":"has-post-thumbnail","6":"product_cat-fripris","7":"product_tag-aleneforeldre","8":"product_tag-faglitteratur","10":"first","11":"outofstock","12":"shipping-taxable","13":"purchasable","14":"product-type-simple"},"acf":{"anmeldelse":null},"yoast_head":"<!-- This site is optimized with the Yoast SEO plugin v26.6 - https:\/\/yoast.com\/wordpress\/plugins\/seo\/ -->\n<title>Singelmammas guide - til \u00e5 ha det ganske fint - Pax<\/title>\n<meta name=\"robots\" content=\"noindex, follow, max-snippet:-1, max-image-preview:large, max-video-preview:-1\" \/>\n<meta property=\"og:locale\" content=\"nb_NO\" \/>\n<meta property=\"og:type\" content=\"article\" \/>\n<meta property=\"og:title\" content=\"Singelmammas guide - til \u00e5 ha det ganske fint - Pax\" \/>\n<meta property=\"og:description\" content=\"Hva skjer med egne dr\u00f8mmer og karriere n\u00e5r du er singel med barn? Hva gj\u00f8r du n\u00e5r feberen herjer i barna og deg? Eller n\u00e5r du selv helst bare vil sitte p\u00e5 gulvet og gr\u00e5te? Og hvor i all verden blir det av din egen kronprins Haakon? Sp\u00f8rsm\u00e5l som disse f\u00e5r du ikke n\u00f8dvendigvis fullstendige [&hellip;]\" \/>\n<meta property=\"og:url\" content=\"https:\/\/staging.forenteforlag.no\/pax\/produkt\/singelmammas-guide-til-a-ha-det-ganske-fint\/\" \/>\n<meta property=\"og:site_name\" content=\"Pax\" \/>\n<meta property=\"article:modified_time\" content=\"2026-03-03T21:34:27+00:00\" \/>\n<meta property=\"og:image\" content=\"https:\/\/staging.forenteforlag.no\/pax\/wp-content\/uploads\/sites\/5\/2025\/08\/jpg-5595.jpg\" \/>\n\t<meta property=\"og:image:width\" content=\"449\" \/>\n\t<meta property=\"og:image:height\" content=\"450\" \/>\n\t<meta property=\"og:image:type\" content=\"image\/jpeg\" \/>\n<meta name=\"twitter:card\" content=\"summary_large_image\" \/>\n<meta name=\"twitter:label1\" content=\"Ansl. lesetid\" \/>\n\t<meta name=\"twitter:data1\" content=\"1 minutt\" \/>\n<script type=\"application\/ld+json\" class=\"yoast-schema-graph\">{\"@context\":\"https:\/\/schema.org\",\"@graph\":[{\"@type\":\"WebPage\",\"@id\":\"https:\/\/staging.forenteforlag.no\/pax\/produkt\/singelmammas-guide-til-a-ha-det-ganske-fint\/\",\"url\":\"https:\/\/staging.forenteforlag.no\/pax\/produkt\/singelmammas-guide-til-a-ha-det-ganske-fint\/\",\"name\":\"Singelmammas guide - til \u00e5 ha det ganske fint - Pax\",\"isPartOf\":{\"@id\":\"https:\/\/staging.forenteforlag.no\/pax\/#website\"},\"primaryImageOfPage\":{\"@id\":\"https:\/\/staging.forenteforlag.no\/pax\/produkt\/singelmammas-guide-til-a-ha-det-ganske-fint\/#primaryimage\"},\"image\":{\"@id\":\"https:\/\/staging.forenteforlag.no\/pax\/produkt\/singelmammas-guide-til-a-ha-det-ganske-fint\/#primaryimage\"},\"thumbnailUrl\":\"https:\/\/staging.forenteforlag.no\/pax\/wp-content\/uploads\/sites\/5\/2025\/08\/jpg-5595.jpg\",\"datePublished\":\"2014-09-09T00:00:00+00:00\",\"dateModified\":\"2026-03-03T21:34:27+00:00\",\"breadcrumb\":{\"@id\":\"https:\/\/staging.forenteforlag.no\/pax\/produkt\/singelmammas-guide-til-a-ha-det-ganske-fint\/#breadcrumb\"},\"inLanguage\":\"nb-NO\",\"potentialAction\":[{\"@type\":\"ReadAction\",\"target\":[\"https:\/\/staging.forenteforlag.no\/pax\/produkt\/singelmammas-guide-til-a-ha-det-ganske-fint\/\"]}]},{\"@type\":\"ImageObject\",\"inLanguage\":\"nb-NO\",\"@id\":\"https:\/\/staging.forenteforlag.no\/pax\/produkt\/singelmammas-guide-til-a-ha-det-ganske-fint\/#primaryimage\",\"url\":\"https:\/\/staging.forenteforlag.no\/pax\/wp-content\/uploads\/sites\/5\/2025\/08\/jpg-5595.jpg\",\"contentUrl\":\"https:\/\/staging.forenteforlag.no\/pax\/wp-content\/uploads\/sites\/5\/2025\/08\/jpg-5595.jpg\",\"width\":449,\"height\":450},{\"@type\":\"BreadcrumbList\",\"@id\":\"https:\/\/staging.forenteforlag.no\/pax\/produkt\/singelmammas-guide-til-a-ha-det-ganske-fint\/#breadcrumb\",\"itemListElement\":[{\"@type\":\"ListItem\",\"position\":1,\"name\":\"Hjem\",\"item\":\"https:\/\/staging.forenteforlag.no\/pax\/\"},{\"@type\":\"ListItem\",\"position\":2,\"name\":\"Alle b\u00f8ker\",\"item\":\"https:\/\/staging.forenteforlag.no\/pax\/butikk\/\"},{\"@type\":\"ListItem\",\"position\":3,\"name\":\"Singelmammas guide &#8211; til \u00e5 ha det ganske fint\"}]},{\"@type\":\"WebSite\",\"@id\":\"https:\/\/staging.forenteforlag.no\/pax\/#website\",\"url\":\"https:\/\/staging.forenteforlag.no\/pax\/\",\"name\":\"Pax\",\"description\":\"\",\"potentialAction\":[{\"@type\":\"SearchAction\",\"target\":{\"@type\":\"EntryPoint\",\"urlTemplate\":\"https:\/\/staging.forenteforlag.no\/pax\/?s={search_term_string}\"},\"query-input\":{\"@type\":\"PropertyValueSpecification\",\"valueRequired\":true,\"valueName\":\"search_term_string\"}}],\"inLanguage\":\"nb-NO\"}]}<\/script>\n<!-- \/ Yoast SEO plugin. -->","yoast_head_json":{"title":"Singelmammas guide - til \u00e5 ha det ganske fint - Pax","robots":{"index":"noindex","follow":"follow","max-snippet":"max-snippet:-1","max-image-preview":"max-image-preview:large","max-video-preview":"max-video-preview:-1"},"og_locale":"nb_NO","og_type":"article","og_title":"Singelmammas guide - til \u00e5 ha det ganske fint - Pax","og_description":"Hva skjer med egne dr\u00f8mmer og karriere n\u00e5r du er singel med barn? Hva gj\u00f8r du n\u00e5r feberen herjer i barna og deg? Eller n\u00e5r du selv helst bare vil sitte p\u00e5 gulvet og gr\u00e5te? Og hvor i all verden blir det av din egen kronprins Haakon? Sp\u00f8rsm\u00e5l som disse f\u00e5r du ikke n\u00f8dvendigvis fullstendige [&hellip;]","og_url":"https:\/\/staging.forenteforlag.no\/pax\/produkt\/singelmammas-guide-til-a-ha-det-ganske-fint\/","og_site_name":"Pax","article_modified_time":"2026-03-03T21:34:27+00:00","og_image":[{"width":449,"height":450,"url":"https:\/\/staging.forenteforlag.no\/pax\/wp-content\/uploads\/sites\/5\/2025\/08\/jpg-5595.jpg","type":"image\/jpeg"}],"twitter_card":"summary_large_image","twitter_misc":{"Ansl. lesetid":"1 minutt"},"schema":{"@context":"https:\/\/schema.org","@graph":[{"@type":"WebPage","@id":"https:\/\/staging.forenteforlag.no\/pax\/produkt\/singelmammas-guide-til-a-ha-det-ganske-fint\/","url":"https:\/\/staging.forenteforlag.no\/pax\/produkt\/singelmammas-guide-til-a-ha-det-ganske-fint\/","name":"Singelmammas guide - til \u00e5 ha det ganske fint - Pax","isPartOf":{"@id":"https:\/\/staging.forenteforlag.no\/pax\/#website"},"primaryImageOfPage":{"@id":"https:\/\/staging.forenteforlag.no\/pax\/produkt\/singelmammas-guide-til-a-ha-det-ganske-fint\/#primaryimage"},"image":{"@id":"https:\/\/staging.forenteforlag.no\/pax\/produkt\/singelmammas-guide-til-a-ha-det-ganske-fint\/#primaryimage"},"thumbnailUrl":"https:\/\/staging.forenteforlag.no\/pax\/wp-content\/uploads\/sites\/5\/2025\/08\/jpg-5595.jpg","datePublished":"2014-09-09T00:00:00+00:00","dateModified":"2026-03-03T21:34:27+00:00","breadcrumb":{"@id":"https:\/\/staging.forenteforlag.no\/pax\/produkt\/singelmammas-guide-til-a-ha-det-ganske-fint\/#breadcrumb"},"inLanguage":"nb-NO","potentialAction":[{"@type":"ReadAction","target":["https:\/\/staging.forenteforlag.no\/pax\/produkt\/singelmammas-guide-til-a-ha-det-ganske-fint\/"]}]},{"@type":"ImageObject","inLanguage":"nb-NO","@id":"https:\/\/staging.forenteforlag.no\/pax\/produkt\/singelmammas-guide-til-a-ha-det-ganske-fint\/#primaryimage","url":"https:\/\/staging.forenteforlag.no\/pax\/wp-content\/uploads\/sites\/5\/2025\/08\/jpg-5595.jpg","contentUrl":"https:\/\/staging.forenteforlag.no\/pax\/wp-content\/uploads\/sites\/5\/2025\/08\/jpg-5595.jpg","width":449,"height":450},{"@type":"BreadcrumbList","@id":"https:\/\/staging.forenteforlag.no\/pax\/produkt\/singelmammas-guide-til-a-ha-det-ganske-fint\/#breadcrumb","itemListElement":[{"@type":"ListItem","position":1,"name":"Hjem","item":"https:\/\/staging.forenteforlag.no\/pax\/"},{"@type":"ListItem","position":2,"name":"Alle b\u00f8ker","item":"https:\/\/staging.forenteforlag.no\/pax\/butikk\/"},{"@type":"ListItem","position":3,"name":"Singelmammas guide &#8211; til \u00e5 ha det ganske fint"}]},{"@type":"WebSite","@id":"https:\/\/staging.forenteforlag.no\/pax\/#website","url":"https:\/\/staging.forenteforlag.no\/pax\/","name":"Pax","description":"","potentialAction":[{"@type":"SearchAction","target":{"@type":"EntryPoint","urlTemplate":"https:\/\/staging.forenteforlag.no\/pax\/?s={search_term_string}"},"query-input":{"@type":"PropertyValueSpecification","valueRequired":true,"valueName":"search_term_string"}}],"inLanguage":"nb-NO"}]}},"_links":{"self":[{"href":"https:\/\/staging.forenteforlag.no\/pax\/wp-json\/wp\/v2\/product\/21227","targetHints":{"allow":["GET"]}}],"collection":[{"href":"https:\/\/staging.forenteforlag.no\/pax\/wp-json\/wp\/v2\/product"}],"about":[{"href":"https:\/\/staging.forenteforlag.no\/pax\/wp-json\/wp\/v2\/types\/product"}],"wp:featuredmedia":[{"embeddable":true,"href":"https:\/\/staging.forenteforlag.no\/pax\/wp-json\/wp\/v2\/media\/27963"}],"wp:attachment":[{"href":"https:\/\/staging.forenteforlag.no\/pax\/wp-json\/wp\/v2\/media?parent=21227"}],"wp:term":[{"taxonomy":"product_brand","embeddable":true,"href":"https:\/\/staging.forenteforlag.no\/pax\/wp-json\/wp\/v2\/product_brand?post=21227"},{"taxonomy":"product_cat","embeddable":true,"href":"https:\/\/staging.forenteforlag.no\/pax\/wp-json\/wp\/v2\/product_cat?post=21227"},{"taxonomy":"product_tag","embeddable":true,"href":"https:\/\/staging.forenteforlag.no\/pax\/wp-json\/wp\/v2\/product_tag?post=21227"}],"curies":[{"name":"wp","href":"https:\/\/api.w.org\/{rel}","templated":true}]}}