{"id":21212,"date":"2017-03-13T01:00:00","date_gmt":"2017-03-13T00:00:00","guid":{"rendered":"https:\/\/pax.forenteforlag.no\/produkt\/ett-skritt-foran\/"},"modified":"2025-08-27T12:22:47","modified_gmt":"2025-08-27T10:22:47","slug":"ett-skritt-foran","status":"publish","type":"product","link":"https:\/\/staging.forenteforlag.no\/pax\/produkt\/ett-skritt-foran\/","title":{"rendered":"Ett skritt foran"},"content":{"rendered":"<p>Urologien er opphav til myter, misforst\u00e5elser, vitser &#8211; og bekymringer. Urolog Volker Wittkamp gj\u00f8r sitt beste for \u00e5 forklare hva det hele dreier seg om &#8211; hvordan systemene fungerer, og hva man skal gj\u00f8re hvis de slutter \u00e5 fungere. Det hele krydret med anekdoter og episoder fra hans egen arbeidshverdag &#8211; som den om chihuahuaen som forsynte seg av feil p\u00f8lse. <\/p>\n<p>Boken kombinerer det underholdende med det l\u00e6rerike om et felt de fleste kjenner d\u00e5rlig, enten man er kvinne eller mann. Samtidig er temaet fortsatt s\u00e5 tabubelagt at dette ogs\u00e5 er en viktig bok &#8211; menn g\u00e5r sjelden til legen, og enda sjeldnere hvis problemene sitter nedentil. Men har man lest denne boken, blir det lettere \u00e5 holde seg ett skritt foran plagene. R\u00f8ropplegget og mekanikken er kanskje mer komplisert enn man skulle tro &#8211; men ogs\u00e5 mindre skummelt. <\/p>\n","protected":false},"excerpt":{"rendered":"<p>Urologien er opphav til myter, misforst\u00e5elser, vitser &#8211; og bekymringer. Urolog Volker Wittkamp gj\u00f8r sitt beste for \u00e5 forklare hva det hele dreier seg om &#8211; hvordan systemene fungerer, og hva man skal gj\u00f8re hvis de slutter \u00e5 fungere. Det hele krydret med anekdoter og episoder fra hans egen arbeidshverdag &#8211; som den om chihuahuaen [&hellip;]<\/p>\n","protected":false},"featured_media":29205,"template":"","meta":{"_acf_changed":false,"inline_featured_image":false},"product_brand":[],"product_cat":[25],"product_tag":[1388,362,1389],"class_list":{"0":"post-21212","1":"product","2":"type-product","3":"status-publish","4":"has-post-thumbnail","6":"product_cat-kropp-og-sinn","7":"product_tag-andrologi","8":"product_tag-faglitteratur","9":"product_tag-urinveissykdommer","10":"pa_format-innbundet","12":"first","13":"outofstock","14":"shipping-taxable","15":"purchasable","16":"product-type-simple"},"acf":{"anmeldelse":null},"yoast_head":"<!-- This site is optimized with the Yoast SEO plugin v26.6 - https:\/\/yoast.com\/wordpress\/plugins\/seo\/ -->\n<title>Ett skritt foran - Pax<\/title>\n<meta name=\"robots\" content=\"noindex, follow, max-snippet:-1, max-image-preview:large, max-video-preview:-1\" \/>\n<meta property=\"og:locale\" content=\"nb_NO\" \/>\n<meta property=\"og:type\" content=\"article\" \/>\n<meta property=\"og:title\" content=\"Ett skritt foran - Pax\" \/>\n<meta property=\"og:description\" content=\"Urologien er opphav til myter, misforst\u00e5elser, vitser &#8211; og bekymringer. Urolog Volker Wittkamp gj\u00f8r sitt beste for \u00e5 forklare hva det hele dreier seg om &#8211; hvordan systemene fungerer, og hva man skal gj\u00f8re hvis de slutter \u00e5 fungere. Det hele krydret med anekdoter og episoder fra hans egen arbeidshverdag &#8211; som den om chihuahuaen [&hellip;]\" \/>\n<meta property=\"og:url\" content=\"https:\/\/staging.forenteforlag.no\/pax\/produkt\/ett-skritt-foran\/\" \/>\n<meta property=\"og:site_name\" content=\"Pax\" \/>\n<meta property=\"article:modified_time\" content=\"2025-08-27T10:22:47+00:00\" \/>\n<meta property=\"og:image\" content=\"https:\/\/staging.forenteforlag.no\/pax\/wp-content\/uploads\/sites\/5\/2025\/08\/jpg-9230.jpg\" \/>\n\t<meta property=\"og:image:width\" content=\"1129\" \/>\n\t<meta property=\"og:image:height\" content=\"1772\" \/>\n\t<meta property=\"og:image:type\" content=\"image\/jpeg\" \/>\n<meta name=\"twitter:card\" content=\"summary_large_image\" \/>\n<meta name=\"twitter:label1\" content=\"Ansl. lesetid\" \/>\n\t<meta name=\"twitter:data1\" content=\"1 minutt\" \/>\n<script type=\"application\/ld+json\" class=\"yoast-schema-graph\">{\"@context\":\"https:\/\/schema.org\",\"@graph\":[{\"@type\":\"WebPage\",\"@id\":\"https:\/\/staging.forenteforlag.no\/pax\/produkt\/ett-skritt-foran\/\",\"url\":\"https:\/\/staging.forenteforlag.no\/pax\/produkt\/ett-skritt-foran\/\",\"name\":\"Ett skritt foran - Pax\",\"isPartOf\":{\"@id\":\"https:\/\/staging.forenteforlag.no\/pax\/#website\"},\"primaryImageOfPage\":{\"@id\":\"https:\/\/staging.forenteforlag.no\/pax\/produkt\/ett-skritt-foran\/#primaryimage\"},\"image\":{\"@id\":\"https:\/\/staging.forenteforlag.no\/pax\/produkt\/ett-skritt-foran\/#primaryimage\"},\"thumbnailUrl\":\"https:\/\/staging.forenteforlag.no\/pax\/wp-content\/uploads\/sites\/5\/2025\/08\/jpg-9230.jpg\",\"datePublished\":\"2017-03-13T00:00:00+00:00\",\"dateModified\":\"2025-08-27T10:22:47+00:00\",\"breadcrumb\":{\"@id\":\"https:\/\/staging.forenteforlag.no\/pax\/produkt\/ett-skritt-foran\/#breadcrumb\"},\"inLanguage\":\"nb-NO\",\"potentialAction\":[{\"@type\":\"ReadAction\",\"target\":[\"https:\/\/staging.forenteforlag.no\/pax\/produkt\/ett-skritt-foran\/\"]}]},{\"@type\":\"ImageObject\",\"inLanguage\":\"nb-NO\",\"@id\":\"https:\/\/staging.forenteforlag.no\/pax\/produkt\/ett-skritt-foran\/#primaryimage\",\"url\":\"https:\/\/staging.forenteforlag.no\/pax\/wp-content\/uploads\/sites\/5\/2025\/08\/jpg-9230.jpg\",\"contentUrl\":\"https:\/\/staging.forenteforlag.no\/pax\/wp-content\/uploads\/sites\/5\/2025\/08\/jpg-9230.jpg\",\"width\":1129,\"height\":1772},{\"@type\":\"BreadcrumbList\",\"@id\":\"https:\/\/staging.forenteforlag.no\/pax\/produkt\/ett-skritt-foran\/#breadcrumb\",\"itemListElement\":[{\"@type\":\"ListItem\",\"position\":1,\"name\":\"Hjem\",\"item\":\"https:\/\/staging.forenteforlag.no\/pax\/\"},{\"@type\":\"ListItem\",\"position\":2,\"name\":\"Alle b\u00f8ker\",\"item\":\"https:\/\/staging.forenteforlag.no\/pax\/butikk\/\"},{\"@type\":\"ListItem\",\"position\":3,\"name\":\"Ett skritt foran\"}]},{\"@type\":\"WebSite\",\"@id\":\"https:\/\/staging.forenteforlag.no\/pax\/#website\",\"url\":\"https:\/\/staging.forenteforlag.no\/pax\/\",\"name\":\"Pax\",\"description\":\"\",\"potentialAction\":[{\"@type\":\"SearchAction\",\"target\":{\"@type\":\"EntryPoint\",\"urlTemplate\":\"https:\/\/staging.forenteforlag.no\/pax\/?s={search_term_string}\"},\"query-input\":{\"@type\":\"PropertyValueSpecification\",\"valueRequired\":true,\"valueName\":\"search_term_string\"}}],\"inLanguage\":\"nb-NO\"}]}<\/script>\n<!-- \/ Yoast SEO plugin. -->","yoast_head_json":{"title":"Ett skritt foran - Pax","robots":{"index":"noindex","follow":"follow","max-snippet":"max-snippet:-1","max-image-preview":"max-image-preview:large","max-video-preview":"max-video-preview:-1"},"og_locale":"nb_NO","og_type":"article","og_title":"Ett skritt foran - Pax","og_description":"Urologien er opphav til myter, misforst\u00e5elser, vitser &#8211; og bekymringer. Urolog Volker Wittkamp gj\u00f8r sitt beste for \u00e5 forklare hva det hele dreier seg om &#8211; hvordan systemene fungerer, og hva man skal gj\u00f8re hvis de slutter \u00e5 fungere. Det hele krydret med anekdoter og episoder fra hans egen arbeidshverdag &#8211; som den om chihuahuaen [&hellip;]","og_url":"https:\/\/staging.forenteforlag.no\/pax\/produkt\/ett-skritt-foran\/","og_site_name":"Pax","article_modified_time":"2025-08-27T10:22:47+00:00","og_image":[{"width":1129,"height":1772,"url":"https:\/\/staging.forenteforlag.no\/pax\/wp-content\/uploads\/sites\/5\/2025\/08\/jpg-9230.jpg","type":"image\/jpeg"}],"twitter_card":"summary_large_image","twitter_misc":{"Ansl. lesetid":"1 minutt"},"schema":{"@context":"https:\/\/schema.org","@graph":[{"@type":"WebPage","@id":"https:\/\/staging.forenteforlag.no\/pax\/produkt\/ett-skritt-foran\/","url":"https:\/\/staging.forenteforlag.no\/pax\/produkt\/ett-skritt-foran\/","name":"Ett skritt foran - Pax","isPartOf":{"@id":"https:\/\/staging.forenteforlag.no\/pax\/#website"},"primaryImageOfPage":{"@id":"https:\/\/staging.forenteforlag.no\/pax\/produkt\/ett-skritt-foran\/#primaryimage"},"image":{"@id":"https:\/\/staging.forenteforlag.no\/pax\/produkt\/ett-skritt-foran\/#primaryimage"},"thumbnailUrl":"https:\/\/staging.forenteforlag.no\/pax\/wp-content\/uploads\/sites\/5\/2025\/08\/jpg-9230.jpg","datePublished":"2017-03-13T00:00:00+00:00","dateModified":"2025-08-27T10:22:47+00:00","breadcrumb":{"@id":"https:\/\/staging.forenteforlag.no\/pax\/produkt\/ett-skritt-foran\/#breadcrumb"},"inLanguage":"nb-NO","potentialAction":[{"@type":"ReadAction","target":["https:\/\/staging.forenteforlag.no\/pax\/produkt\/ett-skritt-foran\/"]}]},{"@type":"ImageObject","inLanguage":"nb-NO","@id":"https:\/\/staging.forenteforlag.no\/pax\/produkt\/ett-skritt-foran\/#primaryimage","url":"https:\/\/staging.forenteforlag.no\/pax\/wp-content\/uploads\/sites\/5\/2025\/08\/jpg-9230.jpg","contentUrl":"https:\/\/staging.forenteforlag.no\/pax\/wp-content\/uploads\/sites\/5\/2025\/08\/jpg-9230.jpg","width":1129,"height":1772},{"@type":"BreadcrumbList","@id":"https:\/\/staging.forenteforlag.no\/pax\/produkt\/ett-skritt-foran\/#breadcrumb","itemListElement":[{"@type":"ListItem","position":1,"name":"Hjem","item":"https:\/\/staging.forenteforlag.no\/pax\/"},{"@type":"ListItem","position":2,"name":"Alle b\u00f8ker","item":"https:\/\/staging.forenteforlag.no\/pax\/butikk\/"},{"@type":"ListItem","position":3,"name":"Ett skritt foran"}]},{"@type":"WebSite","@id":"https:\/\/staging.forenteforlag.no\/pax\/#website","url":"https:\/\/staging.forenteforlag.no\/pax\/","name":"Pax","description":"","potentialAction":[{"@type":"SearchAction","target":{"@type":"EntryPoint","urlTemplate":"https:\/\/staging.forenteforlag.no\/pax\/?s={search_term_string}"},"query-input":{"@type":"PropertyValueSpecification","valueRequired":true,"valueName":"search_term_string"}}],"inLanguage":"nb-NO"}]}},"_links":{"self":[{"href":"https:\/\/staging.forenteforlag.no\/pax\/wp-json\/wp\/v2\/product\/21212","targetHints":{"allow":["GET"]}}],"collection":[{"href":"https:\/\/staging.forenteforlag.no\/pax\/wp-json\/wp\/v2\/product"}],"about":[{"href":"https:\/\/staging.forenteforlag.no\/pax\/wp-json\/wp\/v2\/types\/product"}],"wp:featuredmedia":[{"embeddable":true,"href":"https:\/\/staging.forenteforlag.no\/pax\/wp-json\/wp\/v2\/media\/29205"}],"wp:attachment":[{"href":"https:\/\/staging.forenteforlag.no\/pax\/wp-json\/wp\/v2\/media?parent=21212"}],"wp:term":[{"taxonomy":"product_brand","embeddable":true,"href":"https:\/\/staging.forenteforlag.no\/pax\/wp-json\/wp\/v2\/product_brand?post=21212"},{"taxonomy":"product_cat","embeddable":true,"href":"https:\/\/staging.forenteforlag.no\/pax\/wp-json\/wp\/v2\/product_cat?post=21212"},{"taxonomy":"product_tag","embeddable":true,"href":"https:\/\/staging.forenteforlag.no\/pax\/wp-json\/wp\/v2\/product_tag?post=21212"}],"curies":[{"name":"wp","href":"https:\/\/api.w.org\/{rel}","templated":true}]}}