{"id":21207,"date":"2017-03-16T01:00:00","date_gmt":"2017-03-16T00:00:00","guid":{"rendered":"https:\/\/pax.forenteforlag.no\/produkt\/pa-flukt-med-mobiltelefon\/"},"modified":"2025-08-27T07:57:51","modified_gmt":"2025-08-27T05:57:51","slug":"pa-flukt-med-mobiltelefon","status":"publish","type":"product","link":"https:\/\/staging.forenteforlag.no\/pax\/produkt\/pa-flukt-med-mobiltelefon\/","title":{"rendered":"P\u00e5 flukt med mobiltelefon"},"content":{"rendered":"<p>P\u00e5 flukt med mobiltelefon presenterer historier om flukt, basert p\u00e5 intervjuer med atten nykommere til Norge. De er fra Afghanistan, Irak, Iran og Syria, og veien til Norge har ikke v\u00e6rt enkel for noen av dem.<br \/>\nEn stadig viktigere reisefelle for folk p\u00e5 flukt er mobiltelefonen. Den er en venn som yter mange slags service under lange og farlige reiser fra krig og forf\u00f8lgelse. Derfor danner mobiltelefoni kjernen, vevd inn i st\u00f8rre fortellinger fra de atten. Boken viser hvor betydningsfull moderne teknologi kan v\u00e6re i prek\u00e6re situasjoner, der folk er prisgitt smuglere, politi, grensevakter og vekslende v\u00e6rforhold. Men den gir ogs\u00e5 rom for fortellingene om selve flukten, tilv\u00e6relsen i \u00abingenmannsland\u00bb mellom absolutt utrygghet og relativ trygghet. To av forfatterne ser tilbake p\u00e5 egen flukt for rundt ti \u00e5r siden da teknologien spilte en noe mindre rolle, men situasjonene som oppsto var minst like barske.<\/p>\n","protected":false},"excerpt":{"rendered":"<p>P\u00e5 flukt med mobiltelefon presenterer historier om flukt, basert p\u00e5 intervjuer med atten nykommere til Norge. De er fra Afghanistan, Irak, Iran og Syria, og veien til Norge har ikke v\u00e6rt enkel for noen av dem. En stadig viktigere reisefelle for folk p\u00e5 flukt er mobiltelefonen. Den er en venn som yter mange slags service [&hellip;]<\/p>\n","protected":false},"featured_media":27967,"template":"","meta":{"_acf_changed":false,"inline_featured_image":false},"product_brand":[],"product_cat":[32],"product_tag":[362,584,1740,906,383],"class_list":{"0":"post-21207","1":"product","2":"type-product","3":"status-publish","4":"has-post-thumbnail","6":"product_cat-samfunn-og-politikk","7":"product_tag-faglitteratur","8":"product_tag-flyktninger","9":"product_tag-hverdagsbetraktninger","10":"product_tag-mobiltelefoner","11":"product_tag-personlige-beretninger","12":"pa_format-innbundet","14":"first","15":"outofstock","16":"shipping-taxable","17":"purchasable","18":"product-type-simple"},"acf":{"anmeldelse":null},"yoast_head":"<!-- This site is optimized with the Yoast SEO plugin v26.6 - https:\/\/yoast.com\/wordpress\/plugins\/seo\/ -->\n<title>P\u00e5 flukt med mobiltelefon - Pax<\/title>\n<meta name=\"robots\" content=\"noindex, follow, max-snippet:-1, max-image-preview:large, max-video-preview:-1\" \/>\n<meta property=\"og:locale\" content=\"nb_NO\" \/>\n<meta property=\"og:type\" content=\"article\" \/>\n<meta property=\"og:title\" content=\"P\u00e5 flukt med mobiltelefon - Pax\" \/>\n<meta property=\"og:description\" content=\"P\u00e5 flukt med mobiltelefon presenterer historier om flukt, basert p\u00e5 intervjuer med atten nykommere til Norge. De er fra Afghanistan, Irak, Iran og Syria, og veien til Norge har ikke v\u00e6rt enkel for noen av dem. En stadig viktigere reisefelle for folk p\u00e5 flukt er mobiltelefonen. Den er en venn som yter mange slags service [&hellip;]\" \/>\n<meta property=\"og:url\" content=\"https:\/\/staging.forenteforlag.no\/pax\/produkt\/pa-flukt-med-mobiltelefon\/\" \/>\n<meta property=\"og:site_name\" content=\"Pax\" \/>\n<meta property=\"article:modified_time\" content=\"2025-08-27T05:57:51+00:00\" \/>\n<meta property=\"og:image\" content=\"https:\/\/staging.forenteforlag.no\/pax\/wp-content\/uploads\/sites\/5\/2025\/08\/jpg-5601-scaled.jpg\" \/>\n\t<meta property=\"og:image:width\" content=\"1342\" \/>\n\t<meta property=\"og:image:height\" content=\"1920\" \/>\n\t<meta property=\"og:image:type\" content=\"image\/jpeg\" \/>\n<meta name=\"twitter:card\" content=\"summary_large_image\" \/>\n<meta name=\"twitter:label1\" content=\"Ansl. lesetid\" \/>\n\t<meta name=\"twitter:data1\" content=\"1 minutt\" \/>\n<script type=\"application\/ld+json\" class=\"yoast-schema-graph\">{\"@context\":\"https:\/\/schema.org\",\"@graph\":[{\"@type\":\"WebPage\",\"@id\":\"https:\/\/staging.forenteforlag.no\/pax\/produkt\/pa-flukt-med-mobiltelefon\/\",\"url\":\"https:\/\/staging.forenteforlag.no\/pax\/produkt\/pa-flukt-med-mobiltelefon\/\",\"name\":\"P\u00e5 flukt med mobiltelefon - Pax\",\"isPartOf\":{\"@id\":\"https:\/\/staging.forenteforlag.no\/pax\/#website\"},\"primaryImageOfPage\":{\"@id\":\"https:\/\/staging.forenteforlag.no\/pax\/produkt\/pa-flukt-med-mobiltelefon\/#primaryimage\"},\"image\":{\"@id\":\"https:\/\/staging.forenteforlag.no\/pax\/produkt\/pa-flukt-med-mobiltelefon\/#primaryimage\"},\"thumbnailUrl\":\"https:\/\/staging.forenteforlag.no\/pax\/wp-content\/uploads\/sites\/5\/2025\/08\/jpg-5601-scaled.jpg\",\"datePublished\":\"2017-03-16T00:00:00+00:00\",\"dateModified\":\"2025-08-27T05:57:51+00:00\",\"breadcrumb\":{\"@id\":\"https:\/\/staging.forenteforlag.no\/pax\/produkt\/pa-flukt-med-mobiltelefon\/#breadcrumb\"},\"inLanguage\":\"nb-NO\",\"potentialAction\":[{\"@type\":\"ReadAction\",\"target\":[\"https:\/\/staging.forenteforlag.no\/pax\/produkt\/pa-flukt-med-mobiltelefon\/\"]}]},{\"@type\":\"ImageObject\",\"inLanguage\":\"nb-NO\",\"@id\":\"https:\/\/staging.forenteforlag.no\/pax\/produkt\/pa-flukt-med-mobiltelefon\/#primaryimage\",\"url\":\"https:\/\/staging.forenteforlag.no\/pax\/wp-content\/uploads\/sites\/5\/2025\/08\/jpg-5601-scaled.jpg\",\"contentUrl\":\"https:\/\/staging.forenteforlag.no\/pax\/wp-content\/uploads\/sites\/5\/2025\/08\/jpg-5601-scaled.jpg\",\"width\":1342,\"height\":1920},{\"@type\":\"BreadcrumbList\",\"@id\":\"https:\/\/staging.forenteforlag.no\/pax\/produkt\/pa-flukt-med-mobiltelefon\/#breadcrumb\",\"itemListElement\":[{\"@type\":\"ListItem\",\"position\":1,\"name\":\"Hjem\",\"item\":\"https:\/\/staging.forenteforlag.no\/pax\/\"},{\"@type\":\"ListItem\",\"position\":2,\"name\":\"Alle b\u00f8ker\",\"item\":\"https:\/\/staging.forenteforlag.no\/pax\/butikk\/\"},{\"@type\":\"ListItem\",\"position\":3,\"name\":\"P\u00e5 flukt med mobiltelefon\"}]},{\"@type\":\"WebSite\",\"@id\":\"https:\/\/staging.forenteforlag.no\/pax\/#website\",\"url\":\"https:\/\/staging.forenteforlag.no\/pax\/\",\"name\":\"Pax\",\"description\":\"\",\"potentialAction\":[{\"@type\":\"SearchAction\",\"target\":{\"@type\":\"EntryPoint\",\"urlTemplate\":\"https:\/\/staging.forenteforlag.no\/pax\/?s={search_term_string}\"},\"query-input\":{\"@type\":\"PropertyValueSpecification\",\"valueRequired\":true,\"valueName\":\"search_term_string\"}}],\"inLanguage\":\"nb-NO\"}]}<\/script>\n<!-- \/ Yoast SEO plugin. -->","yoast_head_json":{"title":"P\u00e5 flukt med mobiltelefon - Pax","robots":{"index":"noindex","follow":"follow","max-snippet":"max-snippet:-1","max-image-preview":"max-image-preview:large","max-video-preview":"max-video-preview:-1"},"og_locale":"nb_NO","og_type":"article","og_title":"P\u00e5 flukt med mobiltelefon - Pax","og_description":"P\u00e5 flukt med mobiltelefon presenterer historier om flukt, basert p\u00e5 intervjuer med atten nykommere til Norge. De er fra Afghanistan, Irak, Iran og Syria, og veien til Norge har ikke v\u00e6rt enkel for noen av dem. En stadig viktigere reisefelle for folk p\u00e5 flukt er mobiltelefonen. Den er en venn som yter mange slags service [&hellip;]","og_url":"https:\/\/staging.forenteforlag.no\/pax\/produkt\/pa-flukt-med-mobiltelefon\/","og_site_name":"Pax","article_modified_time":"2025-08-27T05:57:51+00:00","og_image":[{"width":1342,"height":1920,"url":"https:\/\/staging.forenteforlag.no\/pax\/wp-content\/uploads\/sites\/5\/2025\/08\/jpg-5601-scaled.jpg","type":"image\/jpeg"}],"twitter_card":"summary_large_image","twitter_misc":{"Ansl. lesetid":"1 minutt"},"schema":{"@context":"https:\/\/schema.org","@graph":[{"@type":"WebPage","@id":"https:\/\/staging.forenteforlag.no\/pax\/produkt\/pa-flukt-med-mobiltelefon\/","url":"https:\/\/staging.forenteforlag.no\/pax\/produkt\/pa-flukt-med-mobiltelefon\/","name":"P\u00e5 flukt med mobiltelefon - Pax","isPartOf":{"@id":"https:\/\/staging.forenteforlag.no\/pax\/#website"},"primaryImageOfPage":{"@id":"https:\/\/staging.forenteforlag.no\/pax\/produkt\/pa-flukt-med-mobiltelefon\/#primaryimage"},"image":{"@id":"https:\/\/staging.forenteforlag.no\/pax\/produkt\/pa-flukt-med-mobiltelefon\/#primaryimage"},"thumbnailUrl":"https:\/\/staging.forenteforlag.no\/pax\/wp-content\/uploads\/sites\/5\/2025\/08\/jpg-5601-scaled.jpg","datePublished":"2017-03-16T00:00:00+00:00","dateModified":"2025-08-27T05:57:51+00:00","breadcrumb":{"@id":"https:\/\/staging.forenteforlag.no\/pax\/produkt\/pa-flukt-med-mobiltelefon\/#breadcrumb"},"inLanguage":"nb-NO","potentialAction":[{"@type":"ReadAction","target":["https:\/\/staging.forenteforlag.no\/pax\/produkt\/pa-flukt-med-mobiltelefon\/"]}]},{"@type":"ImageObject","inLanguage":"nb-NO","@id":"https:\/\/staging.forenteforlag.no\/pax\/produkt\/pa-flukt-med-mobiltelefon\/#primaryimage","url":"https:\/\/staging.forenteforlag.no\/pax\/wp-content\/uploads\/sites\/5\/2025\/08\/jpg-5601-scaled.jpg","contentUrl":"https:\/\/staging.forenteforlag.no\/pax\/wp-content\/uploads\/sites\/5\/2025\/08\/jpg-5601-scaled.jpg","width":1342,"height":1920},{"@type":"BreadcrumbList","@id":"https:\/\/staging.forenteforlag.no\/pax\/produkt\/pa-flukt-med-mobiltelefon\/#breadcrumb","itemListElement":[{"@type":"ListItem","position":1,"name":"Hjem","item":"https:\/\/staging.forenteforlag.no\/pax\/"},{"@type":"ListItem","position":2,"name":"Alle b\u00f8ker","item":"https:\/\/staging.forenteforlag.no\/pax\/butikk\/"},{"@type":"ListItem","position":3,"name":"P\u00e5 flukt med mobiltelefon"}]},{"@type":"WebSite","@id":"https:\/\/staging.forenteforlag.no\/pax\/#website","url":"https:\/\/staging.forenteforlag.no\/pax\/","name":"Pax","description":"","potentialAction":[{"@type":"SearchAction","target":{"@type":"EntryPoint","urlTemplate":"https:\/\/staging.forenteforlag.no\/pax\/?s={search_term_string}"},"query-input":{"@type":"PropertyValueSpecification","valueRequired":true,"valueName":"search_term_string"}}],"inLanguage":"nb-NO"}]}},"_links":{"self":[{"href":"https:\/\/staging.forenteforlag.no\/pax\/wp-json\/wp\/v2\/product\/21207","targetHints":{"allow":["GET"]}}],"collection":[{"href":"https:\/\/staging.forenteforlag.no\/pax\/wp-json\/wp\/v2\/product"}],"about":[{"href":"https:\/\/staging.forenteforlag.no\/pax\/wp-json\/wp\/v2\/types\/product"}],"wp:featuredmedia":[{"embeddable":true,"href":"https:\/\/staging.forenteforlag.no\/pax\/wp-json\/wp\/v2\/media\/27967"}],"wp:attachment":[{"href":"https:\/\/staging.forenteforlag.no\/pax\/wp-json\/wp\/v2\/media?parent=21207"}],"wp:term":[{"taxonomy":"product_brand","embeddable":true,"href":"https:\/\/staging.forenteforlag.no\/pax\/wp-json\/wp\/v2\/product_brand?post=21207"},{"taxonomy":"product_cat","embeddable":true,"href":"https:\/\/staging.forenteforlag.no\/pax\/wp-json\/wp\/v2\/product_cat?post=21207"},{"taxonomy":"product_tag","embeddable":true,"href":"https:\/\/staging.forenteforlag.no\/pax\/wp-json\/wp\/v2\/product_tag?post=21207"}],"curies":[{"name":"wp","href":"https:\/\/api.w.org\/{rel}","templated":true}]}}