{"id":21203,"date":"2017-08-08T02:00:00","date_gmt":"2017-08-08T00:00:00","guid":{"rendered":"https:\/\/pax.forenteforlag.no\/produkt\/alkoholfri\/"},"modified":"2025-08-27T09:48:42","modified_gmt":"2025-08-27T07:48:42","slug":"alkoholfri","status":"publish","type":"product","link":"https:\/\/staging.forenteforlag.no\/pax\/produkt\/alkoholfri\/","title":{"rendered":"Alkoholfri"},"content":{"rendered":"<p>I 2014 sluttet Irina Lee \u00e5 drikke alkohol. Ikke fordi hun m\u00e5tte, eller fordi hun hadde drukket for mye. Tvert i mot. I en alder av 38 \u00e5r var hun voksen nok til \u00e5 ta sine egne valg. Hun valgte \u00e5 ta seg fri fra alkoholen. Det skulle vise seg \u00e5 v\u00e6re et omstridt valg, noe hun m\u00e5tte forsvare og forklare overfor venner, bekjente og fremmede. Hvilken uskreven lov hadde hun brutt, siden det skapte s\u00e5 kraftige reaksjoner? <\/p>\n<p>I denne boken gj\u00f8r forfatteren et dypdykk i den norske alkoholkulturen, uten \u00e5 fokusere p\u00e5 debutalder, skadevirkninger eller inntoget av kontinentale drikkevaner. Denne gangen rettes oppmerksomheten mot det lille mindretallet som ikke drikker. Lee har intervjuet mennesker som av ulike grunner, og med h\u00f8yst forskjellige forhistorier, har valgt \u00e5 leve alkoholfritt. Gjennom deres historier skildrer hun hvordan et alkoholisert samfunn oppleves uten promille. Det er en oppsiktsvekkende fortelling som rokker ved v\u00e5r forestilling om nordmenn som et tolerant og raust folkeslag. Men det er ogs\u00e5 en fortelling som viser at det alkoholfrie livet kan v\u00e6re givende og gjennomf\u00f8rbart.<\/p>\n","protected":false},"excerpt":{"rendered":"<p>I 2014 sluttet Irina Lee \u00e5 drikke alkohol. Ikke fordi hun m\u00e5tte, eller fordi hun hadde drukket for mye. Tvert i mot. I en alder av 38 \u00e5r var hun voksen nok til \u00e5 ta sine egne valg. Hun valgte \u00e5 ta seg fri fra alkoholen. Det skulle vise seg \u00e5 v\u00e6re et omstridt valg, [&hellip;]<\/p>\n","protected":false},"featured_media":28557,"template":"","meta":{"_acf_changed":false,"inline_featured_image":false},"product_brand":[],"product_cat":[25],"product_tag":[738,619,362],"class_list":{"0":"post-21203","1":"product","2":"type-product","3":"status-publish","4":"has-post-thumbnail","6":"product_cat-kropp-og-sinn","7":"product_tag-alkoholmisbruk","8":"product_tag-atferd","9":"product_tag-faglitteratur","10":"pa_format-innbundet","12":"first","13":"outofstock","14":"shipping-taxable","15":"purchasable","16":"product-type-simple"},"acf":{"anmeldelse":null},"yoast_head":"<!-- This site is optimized with the Yoast SEO plugin v26.6 - https:\/\/yoast.com\/wordpress\/plugins\/seo\/ -->\n<title>Alkoholfri - Pax<\/title>\n<meta name=\"robots\" content=\"noindex, follow, max-snippet:-1, max-image-preview:large, max-video-preview:-1\" \/>\n<meta property=\"og:locale\" content=\"nb_NO\" \/>\n<meta property=\"og:type\" content=\"article\" \/>\n<meta property=\"og:title\" content=\"Alkoholfri - Pax\" \/>\n<meta property=\"og:description\" content=\"I 2014 sluttet Irina Lee \u00e5 drikke alkohol. Ikke fordi hun m\u00e5tte, eller fordi hun hadde drukket for mye. Tvert i mot. I en alder av 38 \u00e5r var hun voksen nok til \u00e5 ta sine egne valg. Hun valgte \u00e5 ta seg fri fra alkoholen. Det skulle vise seg \u00e5 v\u00e6re et omstridt valg, [&hellip;]\" \/>\n<meta property=\"og:url\" content=\"https:\/\/staging.forenteforlag.no\/pax\/produkt\/alkoholfri\/\" \/>\n<meta property=\"og:site_name\" content=\"Pax\" \/>\n<meta property=\"article:modified_time\" content=\"2025-08-27T07:48:42+00:00\" \/>\n<meta property=\"og:image\" content=\"https:\/\/staging.forenteforlag.no\/pax\/wp-content\/uploads\/sites\/5\/2025\/08\/jpg-7292-scaled.jpg\" \/>\n\t<meta property=\"og:image:width\" content=\"1215\" \/>\n\t<meta property=\"og:image:height\" content=\"1920\" \/>\n\t<meta property=\"og:image:type\" content=\"image\/jpeg\" \/>\n<meta name=\"twitter:card\" content=\"summary_large_image\" \/>\n<meta name=\"twitter:label1\" content=\"Ansl. lesetid\" \/>\n\t<meta name=\"twitter:data1\" content=\"1 minutt\" \/>\n<script type=\"application\/ld+json\" class=\"yoast-schema-graph\">{\"@context\":\"https:\/\/schema.org\",\"@graph\":[{\"@type\":\"WebPage\",\"@id\":\"https:\/\/staging.forenteforlag.no\/pax\/produkt\/alkoholfri\/\",\"url\":\"https:\/\/staging.forenteforlag.no\/pax\/produkt\/alkoholfri\/\",\"name\":\"Alkoholfri - Pax\",\"isPartOf\":{\"@id\":\"https:\/\/staging.forenteforlag.no\/pax\/#website\"},\"primaryImageOfPage\":{\"@id\":\"https:\/\/staging.forenteforlag.no\/pax\/produkt\/alkoholfri\/#primaryimage\"},\"image\":{\"@id\":\"https:\/\/staging.forenteforlag.no\/pax\/produkt\/alkoholfri\/#primaryimage\"},\"thumbnailUrl\":\"https:\/\/staging.forenteforlag.no\/pax\/wp-content\/uploads\/sites\/5\/2025\/08\/jpg-7292-scaled.jpg\",\"datePublished\":\"2017-08-08T00:00:00+00:00\",\"dateModified\":\"2025-08-27T07:48:42+00:00\",\"breadcrumb\":{\"@id\":\"https:\/\/staging.forenteforlag.no\/pax\/produkt\/alkoholfri\/#breadcrumb\"},\"inLanguage\":\"nb-NO\",\"potentialAction\":[{\"@type\":\"ReadAction\",\"target\":[\"https:\/\/staging.forenteforlag.no\/pax\/produkt\/alkoholfri\/\"]}]},{\"@type\":\"ImageObject\",\"inLanguage\":\"nb-NO\",\"@id\":\"https:\/\/staging.forenteforlag.no\/pax\/produkt\/alkoholfri\/#primaryimage\",\"url\":\"https:\/\/staging.forenteforlag.no\/pax\/wp-content\/uploads\/sites\/5\/2025\/08\/jpg-7292-scaled.jpg\",\"contentUrl\":\"https:\/\/staging.forenteforlag.no\/pax\/wp-content\/uploads\/sites\/5\/2025\/08\/jpg-7292-scaled.jpg\",\"width\":1215,\"height\":1920},{\"@type\":\"BreadcrumbList\",\"@id\":\"https:\/\/staging.forenteforlag.no\/pax\/produkt\/alkoholfri\/#breadcrumb\",\"itemListElement\":[{\"@type\":\"ListItem\",\"position\":1,\"name\":\"Hjem\",\"item\":\"https:\/\/staging.forenteforlag.no\/pax\/\"},{\"@type\":\"ListItem\",\"position\":2,\"name\":\"Alle b\u00f8ker\",\"item\":\"https:\/\/staging.forenteforlag.no\/pax\/butikk\/\"},{\"@type\":\"ListItem\",\"position\":3,\"name\":\"Alkoholfri\"}]},{\"@type\":\"WebSite\",\"@id\":\"https:\/\/staging.forenteforlag.no\/pax\/#website\",\"url\":\"https:\/\/staging.forenteforlag.no\/pax\/\",\"name\":\"Pax\",\"description\":\"\",\"potentialAction\":[{\"@type\":\"SearchAction\",\"target\":{\"@type\":\"EntryPoint\",\"urlTemplate\":\"https:\/\/staging.forenteforlag.no\/pax\/?s={search_term_string}\"},\"query-input\":{\"@type\":\"PropertyValueSpecification\",\"valueRequired\":true,\"valueName\":\"search_term_string\"}}],\"inLanguage\":\"nb-NO\"}]}<\/script>\n<!-- \/ Yoast SEO plugin. -->","yoast_head_json":{"title":"Alkoholfri - Pax","robots":{"index":"noindex","follow":"follow","max-snippet":"max-snippet:-1","max-image-preview":"max-image-preview:large","max-video-preview":"max-video-preview:-1"},"og_locale":"nb_NO","og_type":"article","og_title":"Alkoholfri - Pax","og_description":"I 2014 sluttet Irina Lee \u00e5 drikke alkohol. Ikke fordi hun m\u00e5tte, eller fordi hun hadde drukket for mye. Tvert i mot. I en alder av 38 \u00e5r var hun voksen nok til \u00e5 ta sine egne valg. Hun valgte \u00e5 ta seg fri fra alkoholen. Det skulle vise seg \u00e5 v\u00e6re et omstridt valg, [&hellip;]","og_url":"https:\/\/staging.forenteforlag.no\/pax\/produkt\/alkoholfri\/","og_site_name":"Pax","article_modified_time":"2025-08-27T07:48:42+00:00","og_image":[{"width":1215,"height":1920,"url":"https:\/\/staging.forenteforlag.no\/pax\/wp-content\/uploads\/sites\/5\/2025\/08\/jpg-7292-scaled.jpg","type":"image\/jpeg"}],"twitter_card":"summary_large_image","twitter_misc":{"Ansl. lesetid":"1 minutt"},"schema":{"@context":"https:\/\/schema.org","@graph":[{"@type":"WebPage","@id":"https:\/\/staging.forenteforlag.no\/pax\/produkt\/alkoholfri\/","url":"https:\/\/staging.forenteforlag.no\/pax\/produkt\/alkoholfri\/","name":"Alkoholfri - Pax","isPartOf":{"@id":"https:\/\/staging.forenteforlag.no\/pax\/#website"},"primaryImageOfPage":{"@id":"https:\/\/staging.forenteforlag.no\/pax\/produkt\/alkoholfri\/#primaryimage"},"image":{"@id":"https:\/\/staging.forenteforlag.no\/pax\/produkt\/alkoholfri\/#primaryimage"},"thumbnailUrl":"https:\/\/staging.forenteforlag.no\/pax\/wp-content\/uploads\/sites\/5\/2025\/08\/jpg-7292-scaled.jpg","datePublished":"2017-08-08T00:00:00+00:00","dateModified":"2025-08-27T07:48:42+00:00","breadcrumb":{"@id":"https:\/\/staging.forenteforlag.no\/pax\/produkt\/alkoholfri\/#breadcrumb"},"inLanguage":"nb-NO","potentialAction":[{"@type":"ReadAction","target":["https:\/\/staging.forenteforlag.no\/pax\/produkt\/alkoholfri\/"]}]},{"@type":"ImageObject","inLanguage":"nb-NO","@id":"https:\/\/staging.forenteforlag.no\/pax\/produkt\/alkoholfri\/#primaryimage","url":"https:\/\/staging.forenteforlag.no\/pax\/wp-content\/uploads\/sites\/5\/2025\/08\/jpg-7292-scaled.jpg","contentUrl":"https:\/\/staging.forenteforlag.no\/pax\/wp-content\/uploads\/sites\/5\/2025\/08\/jpg-7292-scaled.jpg","width":1215,"height":1920},{"@type":"BreadcrumbList","@id":"https:\/\/staging.forenteforlag.no\/pax\/produkt\/alkoholfri\/#breadcrumb","itemListElement":[{"@type":"ListItem","position":1,"name":"Hjem","item":"https:\/\/staging.forenteforlag.no\/pax\/"},{"@type":"ListItem","position":2,"name":"Alle b\u00f8ker","item":"https:\/\/staging.forenteforlag.no\/pax\/butikk\/"},{"@type":"ListItem","position":3,"name":"Alkoholfri"}]},{"@type":"WebSite","@id":"https:\/\/staging.forenteforlag.no\/pax\/#website","url":"https:\/\/staging.forenteforlag.no\/pax\/","name":"Pax","description":"","potentialAction":[{"@type":"SearchAction","target":{"@type":"EntryPoint","urlTemplate":"https:\/\/staging.forenteforlag.no\/pax\/?s={search_term_string}"},"query-input":{"@type":"PropertyValueSpecification","valueRequired":true,"valueName":"search_term_string"}}],"inLanguage":"nb-NO"}]}},"_links":{"self":[{"href":"https:\/\/staging.forenteforlag.no\/pax\/wp-json\/wp\/v2\/product\/21203","targetHints":{"allow":["GET"]}}],"collection":[{"href":"https:\/\/staging.forenteforlag.no\/pax\/wp-json\/wp\/v2\/product"}],"about":[{"href":"https:\/\/staging.forenteforlag.no\/pax\/wp-json\/wp\/v2\/types\/product"}],"wp:featuredmedia":[{"embeddable":true,"href":"https:\/\/staging.forenteforlag.no\/pax\/wp-json\/wp\/v2\/media\/28557"}],"wp:attachment":[{"href":"https:\/\/staging.forenteforlag.no\/pax\/wp-json\/wp\/v2\/media?parent=21203"}],"wp:term":[{"taxonomy":"product_brand","embeddable":true,"href":"https:\/\/staging.forenteforlag.no\/pax\/wp-json\/wp\/v2\/product_brand?post=21203"},{"taxonomy":"product_cat","embeddable":true,"href":"https:\/\/staging.forenteforlag.no\/pax\/wp-json\/wp\/v2\/product_cat?post=21203"},{"taxonomy":"product_tag","embeddable":true,"href":"https:\/\/staging.forenteforlag.no\/pax\/wp-json\/wp\/v2\/product_tag?post=21203"}],"curies":[{"name":"wp","href":"https:\/\/api.w.org\/{rel}","templated":true}]}}