{"id":21182,"date":"2015-08-05T02:00:00","date_gmt":"2015-08-05T00:00:00","guid":{"rendered":"https:\/\/pax.forenteforlag.no\/produkt\/da-gud-ble-til\/"},"modified":"2025-08-27T13:12:38","modified_gmt":"2025-08-27T11:12:38","slug":"da-gud-ble-til","status":"publish","type":"product","link":"https:\/\/staging.forenteforlag.no\/pax\/produkt\/da-gud-ble-til\/","title":{"rendered":"Da gud ble til"},"content":{"rendered":"<p>Det siste ti\u00e5ret har den religi\u00f8se polariseringen \u00f8kt.<br \/>\n&laquo;Da gud ble til&raquo; gir en bred innf\u00f8ring i ulikhetene og &#8211; ikke minst &#8211; de uventet mange fellestrekkene i religionene.<br \/>\nMennesket er den eneste skapningen p\u00e5 jorda som spekulerer over sin egen eksistens. Som fabulerende vesener har vi utvist en forbl\u00f8ffende skaperkraft. Resultatet er et stort antall myter, legender og religi\u00f8se trosretninger. Hva ligger bak v\u00e5re bestrebelser p\u00e5 \u00e5 skape en \u00e5ndelig himmel over v\u00e5re korte og strevsomme liv?<br \/>\nHvordan har v\u00e5re forestillinger om det guddommelige blitt til, og hvordan har religi\u00f8siteten utviklet seg fra menneskehetens &laquo;barndom&raquo; og frem til i dag?<br \/>\nReligionene kan ha en skremmende, ideologisk kraft og skape store konflikter. I dag sitter vi igjen med et \u00e5ndelig univers med et f\u00e5tall verdensreligioner, med kristendommen og islam som de ubestridte vinnerne.<br \/>\nSamtidig er et \u00f8kende antall mennesker ikke-troende.<br \/>\nVerdenssamfunnet har endret seg dramatisk siden dampmaskinens inntog. Vi har f\u00e5tt ekstrem vekst, ekstreme konflikter, milj\u00f8problemer og dramatiske f\u00f8lger for livsmangfoldet p\u00e5 jorda. Har religi\u00f8s stormannsgalskap spilt en rolle i denne utviklingen?<\/p>\n","protected":false},"excerpt":{"rendered":"<p>Det siste ti\u00e5ret har den religi\u00f8se polariseringen \u00f8kt. &laquo;Da gud ble til&raquo; gir en bred innf\u00f8ring i ulikhetene og &#8211; ikke minst &#8211; de uventet mange fellestrekkene i religionene. Mennesket er den eneste skapningen p\u00e5 jorda som spekulerer over sin egen eksistens. Som fabulerende vesener har vi utvist en forbl\u00f8ffende skaperkraft. Resultatet er et stort [&hellip;]<\/p>\n","protected":false},"featured_media":29413,"template":"","meta":{"_acf_changed":false,"inline_featured_image":false},"product_brand":[],"product_cat":[31],"product_tag":[362,1104],"class_list":{"0":"post-21182","1":"product","2":"type-product","3":"status-publish","4":"has-post-thumbnail","6":"product_cat-religion","7":"product_tag-faglitteratur","8":"product_tag-religionsvitenskap","9":"pa_format-innbundet","11":"first","12":"outofstock","13":"shipping-taxable","14":"purchasable","15":"product-type-simple"},"acf":{"anmeldelse":null},"yoast_head":"<!-- This site is optimized with the Yoast SEO plugin v26.6 - https:\/\/yoast.com\/wordpress\/plugins\/seo\/ -->\n<title>Da gud ble til - Pax<\/title>\n<meta name=\"robots\" content=\"noindex, follow, max-snippet:-1, max-image-preview:large, max-video-preview:-1\" \/>\n<meta property=\"og:locale\" content=\"nb_NO\" \/>\n<meta property=\"og:type\" content=\"article\" \/>\n<meta property=\"og:title\" content=\"Da gud ble til - Pax\" \/>\n<meta property=\"og:description\" content=\"Det siste ti\u00e5ret har den religi\u00f8se polariseringen \u00f8kt. &laquo;Da gud ble til&raquo; gir en bred innf\u00f8ring i ulikhetene og &#8211; ikke minst &#8211; de uventet mange fellestrekkene i religionene. Mennesket er den eneste skapningen p\u00e5 jorda som spekulerer over sin egen eksistens. Som fabulerende vesener har vi utvist en forbl\u00f8ffende skaperkraft. Resultatet er et stort [&hellip;]\" \/>\n<meta property=\"og:url\" content=\"https:\/\/staging.forenteforlag.no\/pax\/produkt\/da-gud-ble-til\/\" \/>\n<meta property=\"og:site_name\" content=\"Pax\" \/>\n<meta property=\"article:modified_time\" content=\"2025-08-27T11:12:38+00:00\" \/>\n<meta property=\"og:image\" content=\"https:\/\/staging.forenteforlag.no\/pax\/wp-content\/uploads\/sites\/5\/2025\/08\/jpg-9860-scaled-1-scaled.jpg\" \/>\n\t<meta property=\"og:image:width\" content=\"1402\" \/>\n\t<meta property=\"og:image:height\" content=\"1920\" \/>\n\t<meta property=\"og:image:type\" content=\"image\/jpeg\" \/>\n<meta name=\"twitter:card\" content=\"summary_large_image\" \/>\n<meta name=\"twitter:label1\" content=\"Ansl. lesetid\" \/>\n\t<meta name=\"twitter:data1\" content=\"1 minutt\" \/>\n<script type=\"application\/ld+json\" class=\"yoast-schema-graph\">{\"@context\":\"https:\/\/schema.org\",\"@graph\":[{\"@type\":\"WebPage\",\"@id\":\"https:\/\/staging.forenteforlag.no\/pax\/produkt\/da-gud-ble-til\/\",\"url\":\"https:\/\/staging.forenteforlag.no\/pax\/produkt\/da-gud-ble-til\/\",\"name\":\"Da gud ble til - Pax\",\"isPartOf\":{\"@id\":\"https:\/\/staging.forenteforlag.no\/pax\/#website\"},\"primaryImageOfPage\":{\"@id\":\"https:\/\/staging.forenteforlag.no\/pax\/produkt\/da-gud-ble-til\/#primaryimage\"},\"image\":{\"@id\":\"https:\/\/staging.forenteforlag.no\/pax\/produkt\/da-gud-ble-til\/#primaryimage\"},\"thumbnailUrl\":\"https:\/\/staging.forenteforlag.no\/pax\/wp-content\/uploads\/sites\/5\/2025\/08\/jpg-9860-scaled-1-scaled.jpg\",\"datePublished\":\"2015-08-05T00:00:00+00:00\",\"dateModified\":\"2025-08-27T11:12:38+00:00\",\"breadcrumb\":{\"@id\":\"https:\/\/staging.forenteforlag.no\/pax\/produkt\/da-gud-ble-til\/#breadcrumb\"},\"inLanguage\":\"nb-NO\",\"potentialAction\":[{\"@type\":\"ReadAction\",\"target\":[\"https:\/\/staging.forenteforlag.no\/pax\/produkt\/da-gud-ble-til\/\"]}]},{\"@type\":\"ImageObject\",\"inLanguage\":\"nb-NO\",\"@id\":\"https:\/\/staging.forenteforlag.no\/pax\/produkt\/da-gud-ble-til\/#primaryimage\",\"url\":\"https:\/\/staging.forenteforlag.no\/pax\/wp-content\/uploads\/sites\/5\/2025\/08\/jpg-9860-scaled-1-scaled.jpg\",\"contentUrl\":\"https:\/\/staging.forenteforlag.no\/pax\/wp-content\/uploads\/sites\/5\/2025\/08\/jpg-9860-scaled-1-scaled.jpg\",\"width\":1402,\"height\":1920},{\"@type\":\"BreadcrumbList\",\"@id\":\"https:\/\/staging.forenteforlag.no\/pax\/produkt\/da-gud-ble-til\/#breadcrumb\",\"itemListElement\":[{\"@type\":\"ListItem\",\"position\":1,\"name\":\"Hjem\",\"item\":\"https:\/\/staging.forenteforlag.no\/pax\/\"},{\"@type\":\"ListItem\",\"position\":2,\"name\":\"Alle b\u00f8ker\",\"item\":\"https:\/\/staging.forenteforlag.no\/pax\/butikk\/\"},{\"@type\":\"ListItem\",\"position\":3,\"name\":\"Da gud ble til\"}]},{\"@type\":\"WebSite\",\"@id\":\"https:\/\/staging.forenteforlag.no\/pax\/#website\",\"url\":\"https:\/\/staging.forenteforlag.no\/pax\/\",\"name\":\"Pax\",\"description\":\"\",\"potentialAction\":[{\"@type\":\"SearchAction\",\"target\":{\"@type\":\"EntryPoint\",\"urlTemplate\":\"https:\/\/staging.forenteforlag.no\/pax\/?s={search_term_string}\"},\"query-input\":{\"@type\":\"PropertyValueSpecification\",\"valueRequired\":true,\"valueName\":\"search_term_string\"}}],\"inLanguage\":\"nb-NO\"}]}<\/script>\n<!-- \/ Yoast SEO plugin. -->","yoast_head_json":{"title":"Da gud ble til - Pax","robots":{"index":"noindex","follow":"follow","max-snippet":"max-snippet:-1","max-image-preview":"max-image-preview:large","max-video-preview":"max-video-preview:-1"},"og_locale":"nb_NO","og_type":"article","og_title":"Da gud ble til - Pax","og_description":"Det siste ti\u00e5ret har den religi\u00f8se polariseringen \u00f8kt. &laquo;Da gud ble til&raquo; gir en bred innf\u00f8ring i ulikhetene og &#8211; ikke minst &#8211; de uventet mange fellestrekkene i religionene. Mennesket er den eneste skapningen p\u00e5 jorda som spekulerer over sin egen eksistens. Som fabulerende vesener har vi utvist en forbl\u00f8ffende skaperkraft. Resultatet er et stort [&hellip;]","og_url":"https:\/\/staging.forenteforlag.no\/pax\/produkt\/da-gud-ble-til\/","og_site_name":"Pax","article_modified_time":"2025-08-27T11:12:38+00:00","og_image":[{"width":1402,"height":1920,"url":"https:\/\/staging.forenteforlag.no\/pax\/wp-content\/uploads\/sites\/5\/2025\/08\/jpg-9860-scaled-1-scaled.jpg","type":"image\/jpeg"}],"twitter_card":"summary_large_image","twitter_misc":{"Ansl. lesetid":"1 minutt"},"schema":{"@context":"https:\/\/schema.org","@graph":[{"@type":"WebPage","@id":"https:\/\/staging.forenteforlag.no\/pax\/produkt\/da-gud-ble-til\/","url":"https:\/\/staging.forenteforlag.no\/pax\/produkt\/da-gud-ble-til\/","name":"Da gud ble til - Pax","isPartOf":{"@id":"https:\/\/staging.forenteforlag.no\/pax\/#website"},"primaryImageOfPage":{"@id":"https:\/\/staging.forenteforlag.no\/pax\/produkt\/da-gud-ble-til\/#primaryimage"},"image":{"@id":"https:\/\/staging.forenteforlag.no\/pax\/produkt\/da-gud-ble-til\/#primaryimage"},"thumbnailUrl":"https:\/\/staging.forenteforlag.no\/pax\/wp-content\/uploads\/sites\/5\/2025\/08\/jpg-9860-scaled-1-scaled.jpg","datePublished":"2015-08-05T00:00:00+00:00","dateModified":"2025-08-27T11:12:38+00:00","breadcrumb":{"@id":"https:\/\/staging.forenteforlag.no\/pax\/produkt\/da-gud-ble-til\/#breadcrumb"},"inLanguage":"nb-NO","potentialAction":[{"@type":"ReadAction","target":["https:\/\/staging.forenteforlag.no\/pax\/produkt\/da-gud-ble-til\/"]}]},{"@type":"ImageObject","inLanguage":"nb-NO","@id":"https:\/\/staging.forenteforlag.no\/pax\/produkt\/da-gud-ble-til\/#primaryimage","url":"https:\/\/staging.forenteforlag.no\/pax\/wp-content\/uploads\/sites\/5\/2025\/08\/jpg-9860-scaled-1-scaled.jpg","contentUrl":"https:\/\/staging.forenteforlag.no\/pax\/wp-content\/uploads\/sites\/5\/2025\/08\/jpg-9860-scaled-1-scaled.jpg","width":1402,"height":1920},{"@type":"BreadcrumbList","@id":"https:\/\/staging.forenteforlag.no\/pax\/produkt\/da-gud-ble-til\/#breadcrumb","itemListElement":[{"@type":"ListItem","position":1,"name":"Hjem","item":"https:\/\/staging.forenteforlag.no\/pax\/"},{"@type":"ListItem","position":2,"name":"Alle b\u00f8ker","item":"https:\/\/staging.forenteforlag.no\/pax\/butikk\/"},{"@type":"ListItem","position":3,"name":"Da gud ble til"}]},{"@type":"WebSite","@id":"https:\/\/staging.forenteforlag.no\/pax\/#website","url":"https:\/\/staging.forenteforlag.no\/pax\/","name":"Pax","description":"","potentialAction":[{"@type":"SearchAction","target":{"@type":"EntryPoint","urlTemplate":"https:\/\/staging.forenteforlag.no\/pax\/?s={search_term_string}"},"query-input":{"@type":"PropertyValueSpecification","valueRequired":true,"valueName":"search_term_string"}}],"inLanguage":"nb-NO"}]}},"_links":{"self":[{"href":"https:\/\/staging.forenteforlag.no\/pax\/wp-json\/wp\/v2\/product\/21182","targetHints":{"allow":["GET"]}}],"collection":[{"href":"https:\/\/staging.forenteforlag.no\/pax\/wp-json\/wp\/v2\/product"}],"about":[{"href":"https:\/\/staging.forenteforlag.no\/pax\/wp-json\/wp\/v2\/types\/product"}],"wp:featuredmedia":[{"embeddable":true,"href":"https:\/\/staging.forenteforlag.no\/pax\/wp-json\/wp\/v2\/media\/29413"}],"wp:attachment":[{"href":"https:\/\/staging.forenteforlag.no\/pax\/wp-json\/wp\/v2\/media?parent=21182"}],"wp:term":[{"taxonomy":"product_brand","embeddable":true,"href":"https:\/\/staging.forenteforlag.no\/pax\/wp-json\/wp\/v2\/product_brand?post=21182"},{"taxonomy":"product_cat","embeddable":true,"href":"https:\/\/staging.forenteforlag.no\/pax\/wp-json\/wp\/v2\/product_cat?post=21182"},{"taxonomy":"product_tag","embeddable":true,"href":"https:\/\/staging.forenteforlag.no\/pax\/wp-json\/wp\/v2\/product_tag?post=21182"}],"curies":[{"name":"wp","href":"https:\/\/api.w.org\/{rel}","templated":true}]}}