{"id":21160,"date":"2020-11-18T01:00:00","date_gmt":"2020-11-18T00:00:00","guid":{"rendered":"https:\/\/pax.forenteforlag.no\/produkt\/rettssakene-som-kneblet-2\/"},"modified":"2025-08-27T14:12:23","modified_gmt":"2025-08-27T12:12:23","slug":"rettssakene-som-kneblet-2","status":"publish","type":"product","link":"https:\/\/staging.forenteforlag.no\/pax\/produkt\/rettssakene-som-kneblet-2\/","title":{"rendered":"Rettssakene som kneblet"},"content":{"rendered":"<p>Den 13. oktober 1966 banker politiet p\u00e5 hos Jens Bj\u00f8rneboe. Forfatteren har skrevet en bok, og for dette blir han stilt for retten og d\u00f8mt. Saken er ikke enest\u00e5ende. Hans Fredrik Dahl viser hvordan saken g\u00e5r inn i en tradisjon der den norske staten har forfulgt sine dissidenter.  <\/p>\n<p>Da Knut Hamsun forsvarte sitt landssvik etter krigen, fremholdt han at dikteren har plikt til \u00e5 st\u00e5 p\u00e5 sin mening uansett hva andre m\u00e5tte mene. I 1924 ble politikeren Martin Tranm\u00e6l anklaget for \u00e5 oppfordre til milit\u00e6rstreik. Han sammenliknet seg da med dissidenter som Hans Nielsen Hauge og Marcus Thrane. De var begge blitt fengslet for politisk og religi\u00f8s tale utenfor statens kontroll.  <\/p>\n<p>Rettssakene som er samlet her, belyser tradisjonen der politikere og forfattere blir anklaget. Foruten Hauge, Thrane, Tranm\u00e6l, Hamsun og Bj\u00f8rneboe, kan vi lese om Marta Steinsvik som gikk til angrep p\u00e5 katolisismen og om verving av fremmedkrigere til borgerkrigen i Spania. Vi blir kjent med Quislings kvinneleder, Olga Bjoner, som ble d\u00f8mt til mange \u00e5r i fengsel, og endelig med Asbj\u00f8rn Sunde motstandshelten som ble spion. <\/p>\n","protected":false},"excerpt":{"rendered":"<p>Den 13. oktober 1966 banker politiet p\u00e5 hos Jens Bj\u00f8rneboe. Forfatteren har skrevet en bok, og for dette blir han stilt for retten og d\u00f8mt. Saken er ikke enest\u00e5ende. Hans Fredrik Dahl viser hvordan saken g\u00e5r inn i en tradisjon der den norske staten har forfulgt sine dissidenter. Da Knut Hamsun forsvarte sitt landssvik etter [&hellip;]<\/p>\n","protected":false},"featured_media":28265,"template":"","meta":{"_acf_changed":false,"inline_featured_image":false},"product_brand":[],"product_cat":[26,32],"product_tag":[362,497,439,485,695],"class_list":{"0":"post-21160","1":"product","2":"type-product","3":"status-publish","4":"has-post-thumbnail","6":"product_cat-kunst-og-kultur","7":"product_cat-samfunn-og-politikk","8":"product_tag-faglitteratur","9":"product_tag-litteraturhistorie","10":"product_tag-nord-norge","11":"product_tag-rettssaker","12":"product_tag-ytringsfrihet","13":"pa_format-innbundet","15":"first","16":"outofstock","17":"shipping-taxable","18":"purchasable","19":"product-type-simple"},"acf":{"anmeldelse":null},"yoast_head":"<!-- This site is optimized with the Yoast SEO plugin v26.6 - https:\/\/yoast.com\/wordpress\/plugins\/seo\/ -->\n<title>Rettssakene som kneblet - Pax<\/title>\n<meta name=\"robots\" content=\"noindex, follow, max-snippet:-1, max-image-preview:large, max-video-preview:-1\" \/>\n<meta property=\"og:locale\" content=\"nb_NO\" \/>\n<meta property=\"og:type\" content=\"article\" \/>\n<meta property=\"og:title\" content=\"Rettssakene som kneblet - Pax\" \/>\n<meta property=\"og:description\" content=\"Den 13. oktober 1966 banker politiet p\u00e5 hos Jens Bj\u00f8rneboe. Forfatteren har skrevet en bok, og for dette blir han stilt for retten og d\u00f8mt. Saken er ikke enest\u00e5ende. Hans Fredrik Dahl viser hvordan saken g\u00e5r inn i en tradisjon der den norske staten har forfulgt sine dissidenter. Da Knut Hamsun forsvarte sitt landssvik etter [&hellip;]\" \/>\n<meta property=\"og:url\" content=\"https:\/\/staging.forenteforlag.no\/pax\/produkt\/rettssakene-som-kneblet-2\/\" \/>\n<meta property=\"og:site_name\" content=\"Pax\" \/>\n<meta property=\"article:modified_time\" content=\"2025-08-27T12:12:23+00:00\" \/>\n<meta property=\"og:image\" content=\"https:\/\/staging.forenteforlag.no\/pax\/wp-content\/uploads\/sites\/5\/2025\/08\/jpg-6433-scaled.jpg\" \/>\n\t<meta property=\"og:image:width\" content=\"1212\" \/>\n\t<meta property=\"og:image:height\" content=\"1920\" \/>\n\t<meta property=\"og:image:type\" content=\"image\/jpeg\" \/>\n<meta name=\"twitter:card\" content=\"summary_large_image\" \/>\n<meta name=\"twitter:label1\" content=\"Ansl. lesetid\" \/>\n\t<meta name=\"twitter:data1\" content=\"1 minutt\" \/>\n<script type=\"application\/ld+json\" class=\"yoast-schema-graph\">{\"@context\":\"https:\/\/schema.org\",\"@graph\":[{\"@type\":\"WebPage\",\"@id\":\"https:\/\/staging.forenteforlag.no\/pax\/produkt\/rettssakene-som-kneblet-2\/\",\"url\":\"https:\/\/staging.forenteforlag.no\/pax\/produkt\/rettssakene-som-kneblet-2\/\",\"name\":\"Rettssakene som kneblet - Pax\",\"isPartOf\":{\"@id\":\"https:\/\/staging.forenteforlag.no\/pax\/#website\"},\"primaryImageOfPage\":{\"@id\":\"https:\/\/staging.forenteforlag.no\/pax\/produkt\/rettssakene-som-kneblet-2\/#primaryimage\"},\"image\":{\"@id\":\"https:\/\/staging.forenteforlag.no\/pax\/produkt\/rettssakene-som-kneblet-2\/#primaryimage\"},\"thumbnailUrl\":\"https:\/\/staging.forenteforlag.no\/pax\/wp-content\/uploads\/sites\/5\/2025\/08\/jpg-6433-scaled.jpg\",\"datePublished\":\"2020-11-18T00:00:00+00:00\",\"dateModified\":\"2025-08-27T12:12:23+00:00\",\"breadcrumb\":{\"@id\":\"https:\/\/staging.forenteforlag.no\/pax\/produkt\/rettssakene-som-kneblet-2\/#breadcrumb\"},\"inLanguage\":\"nb-NO\",\"potentialAction\":[{\"@type\":\"ReadAction\",\"target\":[\"https:\/\/staging.forenteforlag.no\/pax\/produkt\/rettssakene-som-kneblet-2\/\"]}]},{\"@type\":\"ImageObject\",\"inLanguage\":\"nb-NO\",\"@id\":\"https:\/\/staging.forenteforlag.no\/pax\/produkt\/rettssakene-som-kneblet-2\/#primaryimage\",\"url\":\"https:\/\/staging.forenteforlag.no\/pax\/wp-content\/uploads\/sites\/5\/2025\/08\/jpg-6433-scaled.jpg\",\"contentUrl\":\"https:\/\/staging.forenteforlag.no\/pax\/wp-content\/uploads\/sites\/5\/2025\/08\/jpg-6433-scaled.jpg\",\"width\":1212,\"height\":1920},{\"@type\":\"BreadcrumbList\",\"@id\":\"https:\/\/staging.forenteforlag.no\/pax\/produkt\/rettssakene-som-kneblet-2\/#breadcrumb\",\"itemListElement\":[{\"@type\":\"ListItem\",\"position\":1,\"name\":\"Hjem\",\"item\":\"https:\/\/staging.forenteforlag.no\/pax\/\"},{\"@type\":\"ListItem\",\"position\":2,\"name\":\"Alle b\u00f8ker\",\"item\":\"https:\/\/staging.forenteforlag.no\/pax\/butikk\/\"},{\"@type\":\"ListItem\",\"position\":3,\"name\":\"Rettssakene som kneblet\"}]},{\"@type\":\"WebSite\",\"@id\":\"https:\/\/staging.forenteforlag.no\/pax\/#website\",\"url\":\"https:\/\/staging.forenteforlag.no\/pax\/\",\"name\":\"Pax\",\"description\":\"\",\"potentialAction\":[{\"@type\":\"SearchAction\",\"target\":{\"@type\":\"EntryPoint\",\"urlTemplate\":\"https:\/\/staging.forenteforlag.no\/pax\/?s={search_term_string}\"},\"query-input\":{\"@type\":\"PropertyValueSpecification\",\"valueRequired\":true,\"valueName\":\"search_term_string\"}}],\"inLanguage\":\"nb-NO\"}]}<\/script>\n<!-- \/ Yoast SEO plugin. -->","yoast_head_json":{"title":"Rettssakene som kneblet - Pax","robots":{"index":"noindex","follow":"follow","max-snippet":"max-snippet:-1","max-image-preview":"max-image-preview:large","max-video-preview":"max-video-preview:-1"},"og_locale":"nb_NO","og_type":"article","og_title":"Rettssakene som kneblet - Pax","og_description":"Den 13. oktober 1966 banker politiet p\u00e5 hos Jens Bj\u00f8rneboe. Forfatteren har skrevet en bok, og for dette blir han stilt for retten og d\u00f8mt. Saken er ikke enest\u00e5ende. Hans Fredrik Dahl viser hvordan saken g\u00e5r inn i en tradisjon der den norske staten har forfulgt sine dissidenter. Da Knut Hamsun forsvarte sitt landssvik etter [&hellip;]","og_url":"https:\/\/staging.forenteforlag.no\/pax\/produkt\/rettssakene-som-kneblet-2\/","og_site_name":"Pax","article_modified_time":"2025-08-27T12:12:23+00:00","og_image":[{"width":1212,"height":1920,"url":"https:\/\/staging.forenteforlag.no\/pax\/wp-content\/uploads\/sites\/5\/2025\/08\/jpg-6433-scaled.jpg","type":"image\/jpeg"}],"twitter_card":"summary_large_image","twitter_misc":{"Ansl. lesetid":"1 minutt"},"schema":{"@context":"https:\/\/schema.org","@graph":[{"@type":"WebPage","@id":"https:\/\/staging.forenteforlag.no\/pax\/produkt\/rettssakene-som-kneblet-2\/","url":"https:\/\/staging.forenteforlag.no\/pax\/produkt\/rettssakene-som-kneblet-2\/","name":"Rettssakene som kneblet - Pax","isPartOf":{"@id":"https:\/\/staging.forenteforlag.no\/pax\/#website"},"primaryImageOfPage":{"@id":"https:\/\/staging.forenteforlag.no\/pax\/produkt\/rettssakene-som-kneblet-2\/#primaryimage"},"image":{"@id":"https:\/\/staging.forenteforlag.no\/pax\/produkt\/rettssakene-som-kneblet-2\/#primaryimage"},"thumbnailUrl":"https:\/\/staging.forenteforlag.no\/pax\/wp-content\/uploads\/sites\/5\/2025\/08\/jpg-6433-scaled.jpg","datePublished":"2020-11-18T00:00:00+00:00","dateModified":"2025-08-27T12:12:23+00:00","breadcrumb":{"@id":"https:\/\/staging.forenteforlag.no\/pax\/produkt\/rettssakene-som-kneblet-2\/#breadcrumb"},"inLanguage":"nb-NO","potentialAction":[{"@type":"ReadAction","target":["https:\/\/staging.forenteforlag.no\/pax\/produkt\/rettssakene-som-kneblet-2\/"]}]},{"@type":"ImageObject","inLanguage":"nb-NO","@id":"https:\/\/staging.forenteforlag.no\/pax\/produkt\/rettssakene-som-kneblet-2\/#primaryimage","url":"https:\/\/staging.forenteforlag.no\/pax\/wp-content\/uploads\/sites\/5\/2025\/08\/jpg-6433-scaled.jpg","contentUrl":"https:\/\/staging.forenteforlag.no\/pax\/wp-content\/uploads\/sites\/5\/2025\/08\/jpg-6433-scaled.jpg","width":1212,"height":1920},{"@type":"BreadcrumbList","@id":"https:\/\/staging.forenteforlag.no\/pax\/produkt\/rettssakene-som-kneblet-2\/#breadcrumb","itemListElement":[{"@type":"ListItem","position":1,"name":"Hjem","item":"https:\/\/staging.forenteforlag.no\/pax\/"},{"@type":"ListItem","position":2,"name":"Alle b\u00f8ker","item":"https:\/\/staging.forenteforlag.no\/pax\/butikk\/"},{"@type":"ListItem","position":3,"name":"Rettssakene som kneblet"}]},{"@type":"WebSite","@id":"https:\/\/staging.forenteforlag.no\/pax\/#website","url":"https:\/\/staging.forenteforlag.no\/pax\/","name":"Pax","description":"","potentialAction":[{"@type":"SearchAction","target":{"@type":"EntryPoint","urlTemplate":"https:\/\/staging.forenteforlag.no\/pax\/?s={search_term_string}"},"query-input":{"@type":"PropertyValueSpecification","valueRequired":true,"valueName":"search_term_string"}}],"inLanguage":"nb-NO"}]}},"_links":{"self":[{"href":"https:\/\/staging.forenteforlag.no\/pax\/wp-json\/wp\/v2\/product\/21160","targetHints":{"allow":["GET"]}}],"collection":[{"href":"https:\/\/staging.forenteforlag.no\/pax\/wp-json\/wp\/v2\/product"}],"about":[{"href":"https:\/\/staging.forenteforlag.no\/pax\/wp-json\/wp\/v2\/types\/product"}],"wp:featuredmedia":[{"embeddable":true,"href":"https:\/\/staging.forenteforlag.no\/pax\/wp-json\/wp\/v2\/media\/28265"}],"wp:attachment":[{"href":"https:\/\/staging.forenteforlag.no\/pax\/wp-json\/wp\/v2\/media?parent=21160"}],"wp:term":[{"taxonomy":"product_brand","embeddable":true,"href":"https:\/\/staging.forenteforlag.no\/pax\/wp-json\/wp\/v2\/product_brand?post=21160"},{"taxonomy":"product_cat","embeddable":true,"href":"https:\/\/staging.forenteforlag.no\/pax\/wp-json\/wp\/v2\/product_cat?post=21160"},{"taxonomy":"product_tag","embeddable":true,"href":"https:\/\/staging.forenteforlag.no\/pax\/wp-json\/wp\/v2\/product_tag?post=21160"}],"curies":[{"name":"wp","href":"https:\/\/api.w.org\/{rel}","templated":true}]}}