{"id":21151,"date":"2024-12-10T22:49:40","date_gmt":"2024-12-10T21:49:40","guid":{"rendered":"https:\/\/pax.forenteforlag.no\/produkt\/krigsforbrytelser\/"},"modified":"2026-03-04T21:25:45","modified_gmt":"2026-03-04T20:25:45","slug":"krigsforbrytelser","status":"publish","type":"product","link":"https:\/\/staging.forenteforlag.no\/pax\/produkt\/krigsforbrytelser\/","title":{"rendered":"Krigsforbrytelser"},"content":{"rendered":"<p>Hvor g\u00e5r grensen mellom krigens lov og lovbrudd? Krigen har sin egen lov. En okkupant er bundet av folkeretten. Hvor diskutabel okkupasjonen enn er, s\u00e5 f\u00f8lger det bestemte retter og plikter med. Norge var okkupert 1940-45 av en overlegen stormakt. Men Tyskland hadde hovmod og brutalitet nok til \u00e5 trampe p\u00e5 folkeretten. Det tyske politiet brukte tortur, og ogs\u00e5 sivilbefolkningen ble antastet. Krigsfanger ble skutt. Okkupasjonsmakten grep til terror for \u00e5 skremme samfunnet til lydighet. Da krigen var slutt ble krigsforbryterne etterforsket og tiltalt. Det viste seg \u00e5 bli et krevende arbeid. Etterforskning i Tyskland var vanskelig. Flere av de etters\u00f8kte begikk selvmord. Enda mer krevende ble det \u00e5 f\u00e5 sakene frem for domstolene. Nesten to hundre utlendinger ble d\u00f8mt i Norge for \u00e5 ha brutt krigens lov og norske straffebud. Dette rettsoppgj\u00f8ret med okkupasjonsmakten har v\u00e6rt lite p\u00e5aktet til n\u00e5, selv om det peker fremover mot v\u00e5re dagers internasjonale situasjon. Forfatteren Berit N\u00f8kleby er historiker og frilansforfatter og har skrevet flere b\u00f8ker om tyske soldater og politifolk i Norge under krigen.<\/p>\n","protected":false},"excerpt":{"rendered":"<p>Hvor g\u00e5r grensen mellom krigens lov og lovbrudd? Krigen har sin egen lov. En okkupant er bundet av folkeretten. Hvor diskutabel okkupasjonen enn er, s\u00e5 f\u00f8lger det bestemte retter og plikter med. Norge var okkupert 1940-45 av en overlegen stormakt. Men Tyskland hadde hovmod og brutalitet nok til \u00e5 trampe p\u00e5 folkeretten. Det tyske politiet [&hellip;]<\/p>\n","protected":false},"featured_media":28590,"template":"","meta":{"_acf_changed":false,"inline_featured_image":false},"product_brand":[],"product_cat":[1782],"product_tag":[407,405,362,504,481,439],"class_list":{"0":"post-21151","1":"product","2":"type-product","3":"status-publish","4":"has-post-thumbnail","6":"product_cat-fripris","7":"product_tag-1939-1945","8":"product_tag-andre-verdenskrig","9":"product_tag-faglitteratur","10":"product_tag-krigens-rett","11":"product_tag-krigsforbrytelser","12":"product_tag-nord-norge","14":"first","15":"outofstock","16":"taxable","17":"shipping-taxable","18":"purchasable","19":"product-type-simple"},"acf":{"anmeldelse":null},"yoast_head":"<!-- This site is optimized with the Yoast SEO plugin v26.6 - https:\/\/yoast.com\/wordpress\/plugins\/seo\/ -->\n<title>Krigsforbrytelser - Pax<\/title>\n<meta name=\"robots\" content=\"noindex, follow, max-snippet:-1, max-image-preview:large, max-video-preview:-1\" \/>\n<meta property=\"og:locale\" content=\"nb_NO\" \/>\n<meta property=\"og:type\" content=\"article\" \/>\n<meta property=\"og:title\" content=\"Krigsforbrytelser - Pax\" \/>\n<meta property=\"og:description\" content=\"Hvor g\u00e5r grensen mellom krigens lov og lovbrudd? Krigen har sin egen lov. En okkupant er bundet av folkeretten. Hvor diskutabel okkupasjonen enn er, s\u00e5 f\u00f8lger det bestemte retter og plikter med. Norge var okkupert 1940-45 av en overlegen stormakt. Men Tyskland hadde hovmod og brutalitet nok til \u00e5 trampe p\u00e5 folkeretten. Det tyske politiet [&hellip;]\" \/>\n<meta property=\"og:url\" content=\"https:\/\/staging.forenteforlag.no\/pax\/produkt\/krigsforbrytelser\/\" \/>\n<meta property=\"og:site_name\" content=\"Pax\" \/>\n<meta property=\"article:modified_time\" content=\"2026-03-04T20:25:45+00:00\" \/>\n<meta property=\"og:image\" content=\"https:\/\/staging.forenteforlag.no\/pax\/wp-content\/uploads\/sites\/5\/2025\/08\/jpg-7398.jpg\" \/>\n\t<meta property=\"og:image:width\" content=\"324\" \/>\n\t<meta property=\"og:image:height\" content=\"449\" \/>\n\t<meta property=\"og:image:type\" content=\"image\/jpeg\" \/>\n<meta name=\"twitter:card\" content=\"summary_large_image\" \/>\n<meta name=\"twitter:label1\" content=\"Ansl. lesetid\" \/>\n\t<meta name=\"twitter:data1\" content=\"1 minutt\" \/>\n<script type=\"application\/ld+json\" class=\"yoast-schema-graph\">{\"@context\":\"https:\/\/schema.org\",\"@graph\":[{\"@type\":\"WebPage\",\"@id\":\"https:\/\/staging.forenteforlag.no\/pax\/produkt\/krigsforbrytelser\/\",\"url\":\"https:\/\/staging.forenteforlag.no\/pax\/produkt\/krigsforbrytelser\/\",\"name\":\"Krigsforbrytelser - Pax\",\"isPartOf\":{\"@id\":\"https:\/\/staging.forenteforlag.no\/pax\/#website\"},\"primaryImageOfPage\":{\"@id\":\"https:\/\/staging.forenteforlag.no\/pax\/produkt\/krigsforbrytelser\/#primaryimage\"},\"image\":{\"@id\":\"https:\/\/staging.forenteforlag.no\/pax\/produkt\/krigsforbrytelser\/#primaryimage\"},\"thumbnailUrl\":\"https:\/\/staging.forenteforlag.no\/pax\/wp-content\/uploads\/sites\/5\/2025\/08\/jpg-7398.jpg\",\"datePublished\":\"2024-12-10T21:49:40+00:00\",\"dateModified\":\"2026-03-04T20:25:45+00:00\",\"breadcrumb\":{\"@id\":\"https:\/\/staging.forenteforlag.no\/pax\/produkt\/krigsforbrytelser\/#breadcrumb\"},\"inLanguage\":\"nb-NO\",\"potentialAction\":[{\"@type\":\"ReadAction\",\"target\":[\"https:\/\/staging.forenteforlag.no\/pax\/produkt\/krigsforbrytelser\/\"]}]},{\"@type\":\"ImageObject\",\"inLanguage\":\"nb-NO\",\"@id\":\"https:\/\/staging.forenteforlag.no\/pax\/produkt\/krigsforbrytelser\/#primaryimage\",\"url\":\"https:\/\/staging.forenteforlag.no\/pax\/wp-content\/uploads\/sites\/5\/2025\/08\/jpg-7398.jpg\",\"contentUrl\":\"https:\/\/staging.forenteforlag.no\/pax\/wp-content\/uploads\/sites\/5\/2025\/08\/jpg-7398.jpg\",\"width\":324,\"height\":449},{\"@type\":\"BreadcrumbList\",\"@id\":\"https:\/\/staging.forenteforlag.no\/pax\/produkt\/krigsforbrytelser\/#breadcrumb\",\"itemListElement\":[{\"@type\":\"ListItem\",\"position\":1,\"name\":\"Hjem\",\"item\":\"https:\/\/staging.forenteforlag.no\/pax\/\"},{\"@type\":\"ListItem\",\"position\":2,\"name\":\"Alle b\u00f8ker\",\"item\":\"https:\/\/staging.forenteforlag.no\/pax\/butikk\/\"},{\"@type\":\"ListItem\",\"position\":3,\"name\":\"Krigsforbrytelser\"}]},{\"@type\":\"WebSite\",\"@id\":\"https:\/\/staging.forenteforlag.no\/pax\/#website\",\"url\":\"https:\/\/staging.forenteforlag.no\/pax\/\",\"name\":\"Pax\",\"description\":\"\",\"potentialAction\":[{\"@type\":\"SearchAction\",\"target\":{\"@type\":\"EntryPoint\",\"urlTemplate\":\"https:\/\/staging.forenteforlag.no\/pax\/?s={search_term_string}\"},\"query-input\":{\"@type\":\"PropertyValueSpecification\",\"valueRequired\":true,\"valueName\":\"search_term_string\"}}],\"inLanguage\":\"nb-NO\"}]}<\/script>\n<!-- \/ Yoast SEO plugin. -->","yoast_head_json":{"title":"Krigsforbrytelser - Pax","robots":{"index":"noindex","follow":"follow","max-snippet":"max-snippet:-1","max-image-preview":"max-image-preview:large","max-video-preview":"max-video-preview:-1"},"og_locale":"nb_NO","og_type":"article","og_title":"Krigsforbrytelser - Pax","og_description":"Hvor g\u00e5r grensen mellom krigens lov og lovbrudd? Krigen har sin egen lov. En okkupant er bundet av folkeretten. Hvor diskutabel okkupasjonen enn er, s\u00e5 f\u00f8lger det bestemte retter og plikter med. Norge var okkupert 1940-45 av en overlegen stormakt. Men Tyskland hadde hovmod og brutalitet nok til \u00e5 trampe p\u00e5 folkeretten. Det tyske politiet [&hellip;]","og_url":"https:\/\/staging.forenteforlag.no\/pax\/produkt\/krigsforbrytelser\/","og_site_name":"Pax","article_modified_time":"2026-03-04T20:25:45+00:00","og_image":[{"width":324,"height":449,"url":"https:\/\/staging.forenteforlag.no\/pax\/wp-content\/uploads\/sites\/5\/2025\/08\/jpg-7398.jpg","type":"image\/jpeg"}],"twitter_card":"summary_large_image","twitter_misc":{"Ansl. lesetid":"1 minutt"},"schema":{"@context":"https:\/\/schema.org","@graph":[{"@type":"WebPage","@id":"https:\/\/staging.forenteforlag.no\/pax\/produkt\/krigsforbrytelser\/","url":"https:\/\/staging.forenteforlag.no\/pax\/produkt\/krigsforbrytelser\/","name":"Krigsforbrytelser - Pax","isPartOf":{"@id":"https:\/\/staging.forenteforlag.no\/pax\/#website"},"primaryImageOfPage":{"@id":"https:\/\/staging.forenteforlag.no\/pax\/produkt\/krigsforbrytelser\/#primaryimage"},"image":{"@id":"https:\/\/staging.forenteforlag.no\/pax\/produkt\/krigsforbrytelser\/#primaryimage"},"thumbnailUrl":"https:\/\/staging.forenteforlag.no\/pax\/wp-content\/uploads\/sites\/5\/2025\/08\/jpg-7398.jpg","datePublished":"2024-12-10T21:49:40+00:00","dateModified":"2026-03-04T20:25:45+00:00","breadcrumb":{"@id":"https:\/\/staging.forenteforlag.no\/pax\/produkt\/krigsforbrytelser\/#breadcrumb"},"inLanguage":"nb-NO","potentialAction":[{"@type":"ReadAction","target":["https:\/\/staging.forenteforlag.no\/pax\/produkt\/krigsforbrytelser\/"]}]},{"@type":"ImageObject","inLanguage":"nb-NO","@id":"https:\/\/staging.forenteforlag.no\/pax\/produkt\/krigsforbrytelser\/#primaryimage","url":"https:\/\/staging.forenteforlag.no\/pax\/wp-content\/uploads\/sites\/5\/2025\/08\/jpg-7398.jpg","contentUrl":"https:\/\/staging.forenteforlag.no\/pax\/wp-content\/uploads\/sites\/5\/2025\/08\/jpg-7398.jpg","width":324,"height":449},{"@type":"BreadcrumbList","@id":"https:\/\/staging.forenteforlag.no\/pax\/produkt\/krigsforbrytelser\/#breadcrumb","itemListElement":[{"@type":"ListItem","position":1,"name":"Hjem","item":"https:\/\/staging.forenteforlag.no\/pax\/"},{"@type":"ListItem","position":2,"name":"Alle b\u00f8ker","item":"https:\/\/staging.forenteforlag.no\/pax\/butikk\/"},{"@type":"ListItem","position":3,"name":"Krigsforbrytelser"}]},{"@type":"WebSite","@id":"https:\/\/staging.forenteforlag.no\/pax\/#website","url":"https:\/\/staging.forenteforlag.no\/pax\/","name":"Pax","description":"","potentialAction":[{"@type":"SearchAction","target":{"@type":"EntryPoint","urlTemplate":"https:\/\/staging.forenteforlag.no\/pax\/?s={search_term_string}"},"query-input":{"@type":"PropertyValueSpecification","valueRequired":true,"valueName":"search_term_string"}}],"inLanguage":"nb-NO"}]}},"_links":{"self":[{"href":"https:\/\/staging.forenteforlag.no\/pax\/wp-json\/wp\/v2\/product\/21151","targetHints":{"allow":["GET"]}}],"collection":[{"href":"https:\/\/staging.forenteforlag.no\/pax\/wp-json\/wp\/v2\/product"}],"about":[{"href":"https:\/\/staging.forenteforlag.no\/pax\/wp-json\/wp\/v2\/types\/product"}],"wp:featuredmedia":[{"embeddable":true,"href":"https:\/\/staging.forenteforlag.no\/pax\/wp-json\/wp\/v2\/media\/28590"}],"wp:attachment":[{"href":"https:\/\/staging.forenteforlag.no\/pax\/wp-json\/wp\/v2\/media?parent=21151"}],"wp:term":[{"taxonomy":"product_brand","embeddable":true,"href":"https:\/\/staging.forenteforlag.no\/pax\/wp-json\/wp\/v2\/product_brand?post=21151"},{"taxonomy":"product_cat","embeddable":true,"href":"https:\/\/staging.forenteforlag.no\/pax\/wp-json\/wp\/v2\/product_cat?post=21151"},{"taxonomy":"product_tag","embeddable":true,"href":"https:\/\/staging.forenteforlag.no\/pax\/wp-json\/wp\/v2\/product_tag?post=21151"}],"curies":[{"name":"wp","href":"https:\/\/api.w.org\/{rel}","templated":true}]}}