{"id":21137,"date":"2024-12-10T22:50:02","date_gmt":"2024-12-10T21:50:02","guid":{"rendered":"https:\/\/pax.forenteforlag.no\/produkt\/mote-med-islam\/"},"modified":"2026-03-04T17:01:42","modified_gmt":"2026-03-04T16:01:42","slug":"mote-med-islam","status":"publish","type":"product","link":"https:\/\/staging.forenteforlag.no\/pax\/produkt\/mote-med-islam\/","title":{"rendered":"M\u00f8te med islam"},"content":{"rendered":"<p>Kulturkollisjon eller religi\u00f8s dialiog? Det er forfatterens problemstilling n\u00e5r han som prest i landets kanskje mest flerkulturelle lokalmilj\u00f8 &#8211; Grunerl\u00f8kka i Oslo &#8211; oppsummerer sitt m\u00f8te med islam. Oddbj\u00f8rn Leirvik pr\u00f8ver &#8211; uten \u00e5 gi slipp p\u00e5 sin egen identitet som prest og kristen &#8211; \u00e5 lete fram felles trekk i b\u00e5de v\u00e6reformer, trosopplevelser og det religi\u00f8se grunnlagsmaterialet.<\/p>\n","protected":false},"excerpt":{"rendered":"<p>Kulturkollisjon eller religi\u00f8s dialiog? Det er forfatterens problemstilling n\u00e5r han som prest i landets kanskje mest flerkulturelle lokalmilj\u00f8 &#8211; Grunerl\u00f8kka i Oslo &#8211; oppsummerer sitt m\u00f8te med islam. Oddbj\u00f8rn Leirvik pr\u00f8ver &#8211; uten \u00e5 gi slipp p\u00e5 sin egen identitet som prest og kristen &#8211; \u00e5 lete fram felles trekk i b\u00e5de v\u00e6reformer, trosopplevelser og [&hellip;]<\/p>\n","protected":false},"featured_media":0,"template":"","meta":{"_acf_changed":false,"inline_featured_image":false},"product_brand":[],"product_cat":[1782],"product_tag":[362,910,889],"class_list":{"0":"post-21137","1":"product","2":"type-product","3":"status-publish","5":"product_cat-fripris","6":"product_tag-faglitteratur","7":"product_tag-innvandrere","8":"product_tag-islam","10":"first","11":"outofstock","12":"taxable","13":"shipping-taxable","14":"purchasable","15":"product-type-simple"},"acf":{"anmeldelse":null},"yoast_head":"<!-- This site is optimized with the Yoast SEO plugin v26.6 - https:\/\/yoast.com\/wordpress\/plugins\/seo\/ -->\n<title>M\u00f8te med islam - Pax<\/title>\n<meta name=\"robots\" content=\"noindex, follow, max-snippet:-1, max-image-preview:large, max-video-preview:-1\" \/>\n<meta property=\"og:locale\" content=\"nb_NO\" \/>\n<meta property=\"og:type\" content=\"article\" \/>\n<meta property=\"og:title\" content=\"M\u00f8te med islam - Pax\" \/>\n<meta property=\"og:description\" content=\"Kulturkollisjon eller religi\u00f8s dialiog? Det er forfatterens problemstilling n\u00e5r han som prest i landets kanskje mest flerkulturelle lokalmilj\u00f8 &#8211; Grunerl\u00f8kka i Oslo &#8211; oppsummerer sitt m\u00f8te med islam. Oddbj\u00f8rn Leirvik pr\u00f8ver &#8211; uten \u00e5 gi slipp p\u00e5 sin egen identitet som prest og kristen &#8211; \u00e5 lete fram felles trekk i b\u00e5de v\u00e6reformer, trosopplevelser og [&hellip;]\" \/>\n<meta property=\"og:url\" content=\"https:\/\/staging.forenteforlag.no\/pax\/produkt\/mote-med-islam\/\" \/>\n<meta property=\"og:site_name\" content=\"Pax\" \/>\n<meta property=\"article:modified_time\" content=\"2026-03-04T16:01:42+00:00\" \/>\n<meta property=\"og:image\" content=\"https:\/\/staging.forenteforlag.no\/pax\/wp-content\/uploads\/sites\/5\/2025\/02\/pax-hvit.jpg\" \/>\n\t<meta property=\"og:image:width\" content=\"1200\" \/>\n\t<meta property=\"og:image:height\" content=\"800\" \/>\n\t<meta property=\"og:image:type\" content=\"image\/jpeg\" \/>\n<meta name=\"twitter:card\" content=\"summary_large_image\" \/>\n<script type=\"application\/ld+json\" class=\"yoast-schema-graph\">{\"@context\":\"https:\/\/schema.org\",\"@graph\":[{\"@type\":\"WebPage\",\"@id\":\"https:\/\/staging.forenteforlag.no\/pax\/produkt\/mote-med-islam\/\",\"url\":\"https:\/\/staging.forenteforlag.no\/pax\/produkt\/mote-med-islam\/\",\"name\":\"M\u00f8te med islam - Pax\",\"isPartOf\":{\"@id\":\"https:\/\/staging.forenteforlag.no\/pax\/#website\"},\"datePublished\":\"2024-12-10T21:50:02+00:00\",\"dateModified\":\"2026-03-04T16:01:42+00:00\",\"breadcrumb\":{\"@id\":\"https:\/\/staging.forenteforlag.no\/pax\/produkt\/mote-med-islam\/#breadcrumb\"},\"inLanguage\":\"nb-NO\",\"potentialAction\":[{\"@type\":\"ReadAction\",\"target\":[\"https:\/\/staging.forenteforlag.no\/pax\/produkt\/mote-med-islam\/\"]}]},{\"@type\":\"BreadcrumbList\",\"@id\":\"https:\/\/staging.forenteforlag.no\/pax\/produkt\/mote-med-islam\/#breadcrumb\",\"itemListElement\":[{\"@type\":\"ListItem\",\"position\":1,\"name\":\"Hjem\",\"item\":\"https:\/\/staging.forenteforlag.no\/pax\/\"},{\"@type\":\"ListItem\",\"position\":2,\"name\":\"Alle b\u00f8ker\",\"item\":\"https:\/\/staging.forenteforlag.no\/pax\/butikk\/\"},{\"@type\":\"ListItem\",\"position\":3,\"name\":\"M\u00f8te med islam\"}]},{\"@type\":\"WebSite\",\"@id\":\"https:\/\/staging.forenteforlag.no\/pax\/#website\",\"url\":\"https:\/\/staging.forenteforlag.no\/pax\/\",\"name\":\"Pax\",\"description\":\"\",\"potentialAction\":[{\"@type\":\"SearchAction\",\"target\":{\"@type\":\"EntryPoint\",\"urlTemplate\":\"https:\/\/staging.forenteforlag.no\/pax\/?s={search_term_string}\"},\"query-input\":{\"@type\":\"PropertyValueSpecification\",\"valueRequired\":true,\"valueName\":\"search_term_string\"}}],\"inLanguage\":\"nb-NO\"}]}<\/script>\n<!-- \/ Yoast SEO plugin. -->","yoast_head_json":{"title":"M\u00f8te med islam - Pax","robots":{"index":"noindex","follow":"follow","max-snippet":"max-snippet:-1","max-image-preview":"max-image-preview:large","max-video-preview":"max-video-preview:-1"},"og_locale":"nb_NO","og_type":"article","og_title":"M\u00f8te med islam - Pax","og_description":"Kulturkollisjon eller religi\u00f8s dialiog? Det er forfatterens problemstilling n\u00e5r han som prest i landets kanskje mest flerkulturelle lokalmilj\u00f8 &#8211; Grunerl\u00f8kka i Oslo &#8211; oppsummerer sitt m\u00f8te med islam. Oddbj\u00f8rn Leirvik pr\u00f8ver &#8211; uten \u00e5 gi slipp p\u00e5 sin egen identitet som prest og kristen &#8211; \u00e5 lete fram felles trekk i b\u00e5de v\u00e6reformer, trosopplevelser og [&hellip;]","og_url":"https:\/\/staging.forenteforlag.no\/pax\/produkt\/mote-med-islam\/","og_site_name":"Pax","article_modified_time":"2026-03-04T16:01:42+00:00","og_image":[{"width":1200,"height":800,"url":"https:\/\/staging.forenteforlag.no\/pax\/wp-content\/uploads\/sites\/5\/2025\/02\/pax-hvit.jpg","type":"image\/jpeg"}],"twitter_card":"summary_large_image","schema":{"@context":"https:\/\/schema.org","@graph":[{"@type":"WebPage","@id":"https:\/\/staging.forenteforlag.no\/pax\/produkt\/mote-med-islam\/","url":"https:\/\/staging.forenteforlag.no\/pax\/produkt\/mote-med-islam\/","name":"M\u00f8te med islam - Pax","isPartOf":{"@id":"https:\/\/staging.forenteforlag.no\/pax\/#website"},"datePublished":"2024-12-10T21:50:02+00:00","dateModified":"2026-03-04T16:01:42+00:00","breadcrumb":{"@id":"https:\/\/staging.forenteforlag.no\/pax\/produkt\/mote-med-islam\/#breadcrumb"},"inLanguage":"nb-NO","potentialAction":[{"@type":"ReadAction","target":["https:\/\/staging.forenteforlag.no\/pax\/produkt\/mote-med-islam\/"]}]},{"@type":"BreadcrumbList","@id":"https:\/\/staging.forenteforlag.no\/pax\/produkt\/mote-med-islam\/#breadcrumb","itemListElement":[{"@type":"ListItem","position":1,"name":"Hjem","item":"https:\/\/staging.forenteforlag.no\/pax\/"},{"@type":"ListItem","position":2,"name":"Alle b\u00f8ker","item":"https:\/\/staging.forenteforlag.no\/pax\/butikk\/"},{"@type":"ListItem","position":3,"name":"M\u00f8te med islam"}]},{"@type":"WebSite","@id":"https:\/\/staging.forenteforlag.no\/pax\/#website","url":"https:\/\/staging.forenteforlag.no\/pax\/","name":"Pax","description":"","potentialAction":[{"@type":"SearchAction","target":{"@type":"EntryPoint","urlTemplate":"https:\/\/staging.forenteforlag.no\/pax\/?s={search_term_string}"},"query-input":{"@type":"PropertyValueSpecification","valueRequired":true,"valueName":"search_term_string"}}],"inLanguage":"nb-NO"}]}},"_links":{"self":[{"href":"https:\/\/staging.forenteforlag.no\/pax\/wp-json\/wp\/v2\/product\/21137","targetHints":{"allow":["GET"]}}],"collection":[{"href":"https:\/\/staging.forenteforlag.no\/pax\/wp-json\/wp\/v2\/product"}],"about":[{"href":"https:\/\/staging.forenteforlag.no\/pax\/wp-json\/wp\/v2\/types\/product"}],"wp:attachment":[{"href":"https:\/\/staging.forenteforlag.no\/pax\/wp-json\/wp\/v2\/media?parent=21137"}],"wp:term":[{"taxonomy":"product_brand","embeddable":true,"href":"https:\/\/staging.forenteforlag.no\/pax\/wp-json\/wp\/v2\/product_brand?post=21137"},{"taxonomy":"product_cat","embeddable":true,"href":"https:\/\/staging.forenteforlag.no\/pax\/wp-json\/wp\/v2\/product_cat?post=21137"},{"taxonomy":"product_tag","embeddable":true,"href":"https:\/\/staging.forenteforlag.no\/pax\/wp-json\/wp\/v2\/product_tag?post=21137"}],"curies":[{"name":"wp","href":"https:\/\/api.w.org\/{rel}","templated":true}]}}