{"id":21050,"date":"2012-09-12T02:00:00","date_gmt":"2012-09-12T00:00:00","guid":{"rendered":"https:\/\/pax.forenteforlag.no\/produkt\/tenke-fort-og-langsomt\/"},"modified":"2025-08-27T11:44:07","modified_gmt":"2025-08-27T09:44:07","slug":"tenke-fort-og-langsomt","status":"publish","type":"product","link":"https:\/\/staging.forenteforlag.no\/pax\/produkt\/tenke-fort-og-langsomt\/","title":{"rendered":"Tenke, fort og langsomt"},"content":{"rendered":"<p>Hvorfor gj\u00f8r vi feil? Og hvorfor i all verden fortsetter vi \u00e5 gj\u00f8re de samme feilene gang p\u00e5 gang? Daniel Kahneman viser at vi tenker i ett av to systemer- enten raskt, intuitivt og f\u00f8lelsesdrevet, eller langsomt, rasjonelt og logisk. Begge systemene er n\u00f8dvendige, og begge har sine svakheter. Gjennom \u00e5 forst\u00e5 de to systemene, og hvordan de kan balanseres og virke sammen, skj\u00f8nner vi mer av oss selv og hverandre &#8211; og samtidig l\u00e6rer vi hvordan vi selv kan ta bedre avgj\u00f8relser, personlig og \u00f8konomisk. Tenke, fort og langsomt forklarer oss hvordan vi tenker og tar beslutninger, gjerne stikk i strid med vedtatte sannheter i psykologi og \u00f8konomi. Ukonvensjonell og utradisjonell, overraskende og overbevisende &#8211; boken vil endre hvordan du tenker om \u00e5 tenke for alltid.<\/p>\n","protected":false},"excerpt":{"rendered":"<p>Hvorfor gj\u00f8r vi feil? Og hvorfor i all verden fortsetter vi \u00e5 gj\u00f8re de samme feilene gang p\u00e5 gang? Daniel Kahneman viser at vi tenker i ett av to systemer- enten raskt, intuitivt og f\u00f8lelsesdrevet, eller langsomt, rasjonelt og logisk. Begge systemene er n\u00f8dvendige, og begge har sine svakheter. Gjennom \u00e5 forst\u00e5 de to systemene, [&hellip;]<\/p>\n","protected":false},"featured_media":29003,"template":"","meta":{"_acf_changed":false,"inline_featured_image":false},"product_brand":[],"product_cat":[25],"product_tag":[362,825,644,721],"class_list":{"0":"post-21050","1":"product","2":"type-product","3":"status-publish","4":"has-post-thumbnail","6":"product_cat-kropp-og-sinn","7":"product_tag-faglitteratur","8":"product_tag-ledelse","9":"product_tag-selvutvikling","10":"product_tag-tenkning","11":"pa_format-innbundet","13":"first","14":"outofstock","15":"shipping-taxable","16":"purchasable","17":"product-type-simple"},"acf":{"anmeldelse":null},"yoast_head":"<!-- This site is optimized with the Yoast SEO plugin v26.6 - https:\/\/yoast.com\/wordpress\/plugins\/seo\/ -->\n<title>Tenke, fort og langsomt - Pax<\/title>\n<meta name=\"robots\" content=\"noindex, follow, max-snippet:-1, max-image-preview:large, max-video-preview:-1\" \/>\n<meta property=\"og:locale\" content=\"nb_NO\" \/>\n<meta property=\"og:type\" content=\"article\" \/>\n<meta property=\"og:title\" content=\"Tenke, fort og langsomt - Pax\" \/>\n<meta property=\"og:description\" content=\"Hvorfor gj\u00f8r vi feil? Og hvorfor i all verden fortsetter vi \u00e5 gj\u00f8re de samme feilene gang p\u00e5 gang? Daniel Kahneman viser at vi tenker i ett av to systemer- enten raskt, intuitivt og f\u00f8lelsesdrevet, eller langsomt, rasjonelt og logisk. Begge systemene er n\u00f8dvendige, og begge har sine svakheter. Gjennom \u00e5 forst\u00e5 de to systemene, [&hellip;]\" \/>\n<meta property=\"og:url\" content=\"https:\/\/staging.forenteforlag.no\/pax\/produkt\/tenke-fort-og-langsomt\/\" \/>\n<meta property=\"og:site_name\" content=\"Pax\" \/>\n<meta property=\"article:modified_time\" content=\"2025-08-27T09:44:07+00:00\" \/>\n<meta property=\"og:image\" content=\"https:\/\/staging.forenteforlag.no\/pax\/wp-content\/uploads\/sites\/5\/2025\/08\/jpg-8634.jpg\" \/>\n\t<meta property=\"og:image:width\" content=\"326\" \/>\n\t<meta property=\"og:image:height\" content=\"450\" \/>\n\t<meta property=\"og:image:type\" content=\"image\/jpeg\" \/>\n<meta name=\"twitter:card\" content=\"summary_large_image\" \/>\n<meta name=\"twitter:label1\" content=\"Ansl. lesetid\" \/>\n\t<meta name=\"twitter:data1\" content=\"1 minutt\" \/>\n<script type=\"application\/ld+json\" class=\"yoast-schema-graph\">{\"@context\":\"https:\/\/schema.org\",\"@graph\":[{\"@type\":\"WebPage\",\"@id\":\"https:\/\/staging.forenteforlag.no\/pax\/produkt\/tenke-fort-og-langsomt\/\",\"url\":\"https:\/\/staging.forenteforlag.no\/pax\/produkt\/tenke-fort-og-langsomt\/\",\"name\":\"Tenke, fort og langsomt - Pax\",\"isPartOf\":{\"@id\":\"https:\/\/staging.forenteforlag.no\/pax\/#website\"},\"primaryImageOfPage\":{\"@id\":\"https:\/\/staging.forenteforlag.no\/pax\/produkt\/tenke-fort-og-langsomt\/#primaryimage\"},\"image\":{\"@id\":\"https:\/\/staging.forenteforlag.no\/pax\/produkt\/tenke-fort-og-langsomt\/#primaryimage\"},\"thumbnailUrl\":\"https:\/\/staging.forenteforlag.no\/pax\/wp-content\/uploads\/sites\/5\/2025\/08\/jpg-8634.jpg\",\"datePublished\":\"2012-09-12T00:00:00+00:00\",\"dateModified\":\"2025-08-27T09:44:07+00:00\",\"breadcrumb\":{\"@id\":\"https:\/\/staging.forenteforlag.no\/pax\/produkt\/tenke-fort-og-langsomt\/#breadcrumb\"},\"inLanguage\":\"nb-NO\",\"potentialAction\":[{\"@type\":\"ReadAction\",\"target\":[\"https:\/\/staging.forenteforlag.no\/pax\/produkt\/tenke-fort-og-langsomt\/\"]}]},{\"@type\":\"ImageObject\",\"inLanguage\":\"nb-NO\",\"@id\":\"https:\/\/staging.forenteforlag.no\/pax\/produkt\/tenke-fort-og-langsomt\/#primaryimage\",\"url\":\"https:\/\/staging.forenteforlag.no\/pax\/wp-content\/uploads\/sites\/5\/2025\/08\/jpg-8634.jpg\",\"contentUrl\":\"https:\/\/staging.forenteforlag.no\/pax\/wp-content\/uploads\/sites\/5\/2025\/08\/jpg-8634.jpg\",\"width\":326,\"height\":450},{\"@type\":\"BreadcrumbList\",\"@id\":\"https:\/\/staging.forenteforlag.no\/pax\/produkt\/tenke-fort-og-langsomt\/#breadcrumb\",\"itemListElement\":[{\"@type\":\"ListItem\",\"position\":1,\"name\":\"Hjem\",\"item\":\"https:\/\/staging.forenteforlag.no\/pax\/\"},{\"@type\":\"ListItem\",\"position\":2,\"name\":\"Alle b\u00f8ker\",\"item\":\"https:\/\/staging.forenteforlag.no\/pax\/butikk\/\"},{\"@type\":\"ListItem\",\"position\":3,\"name\":\"Tenke, fort og langsomt\"}]},{\"@type\":\"WebSite\",\"@id\":\"https:\/\/staging.forenteforlag.no\/pax\/#website\",\"url\":\"https:\/\/staging.forenteforlag.no\/pax\/\",\"name\":\"Pax\",\"description\":\"\",\"potentialAction\":[{\"@type\":\"SearchAction\",\"target\":{\"@type\":\"EntryPoint\",\"urlTemplate\":\"https:\/\/staging.forenteforlag.no\/pax\/?s={search_term_string}\"},\"query-input\":{\"@type\":\"PropertyValueSpecification\",\"valueRequired\":true,\"valueName\":\"search_term_string\"}}],\"inLanguage\":\"nb-NO\"}]}<\/script>\n<!-- \/ Yoast SEO plugin. -->","yoast_head_json":{"title":"Tenke, fort og langsomt - Pax","robots":{"index":"noindex","follow":"follow","max-snippet":"max-snippet:-1","max-image-preview":"max-image-preview:large","max-video-preview":"max-video-preview:-1"},"og_locale":"nb_NO","og_type":"article","og_title":"Tenke, fort og langsomt - Pax","og_description":"Hvorfor gj\u00f8r vi feil? Og hvorfor i all verden fortsetter vi \u00e5 gj\u00f8re de samme feilene gang p\u00e5 gang? Daniel Kahneman viser at vi tenker i ett av to systemer- enten raskt, intuitivt og f\u00f8lelsesdrevet, eller langsomt, rasjonelt og logisk. Begge systemene er n\u00f8dvendige, og begge har sine svakheter. Gjennom \u00e5 forst\u00e5 de to systemene, [&hellip;]","og_url":"https:\/\/staging.forenteforlag.no\/pax\/produkt\/tenke-fort-og-langsomt\/","og_site_name":"Pax","article_modified_time":"2025-08-27T09:44:07+00:00","og_image":[{"width":326,"height":450,"url":"https:\/\/staging.forenteforlag.no\/pax\/wp-content\/uploads\/sites\/5\/2025\/08\/jpg-8634.jpg","type":"image\/jpeg"}],"twitter_card":"summary_large_image","twitter_misc":{"Ansl. lesetid":"1 minutt"},"schema":{"@context":"https:\/\/schema.org","@graph":[{"@type":"WebPage","@id":"https:\/\/staging.forenteforlag.no\/pax\/produkt\/tenke-fort-og-langsomt\/","url":"https:\/\/staging.forenteforlag.no\/pax\/produkt\/tenke-fort-og-langsomt\/","name":"Tenke, fort og langsomt - Pax","isPartOf":{"@id":"https:\/\/staging.forenteforlag.no\/pax\/#website"},"primaryImageOfPage":{"@id":"https:\/\/staging.forenteforlag.no\/pax\/produkt\/tenke-fort-og-langsomt\/#primaryimage"},"image":{"@id":"https:\/\/staging.forenteforlag.no\/pax\/produkt\/tenke-fort-og-langsomt\/#primaryimage"},"thumbnailUrl":"https:\/\/staging.forenteforlag.no\/pax\/wp-content\/uploads\/sites\/5\/2025\/08\/jpg-8634.jpg","datePublished":"2012-09-12T00:00:00+00:00","dateModified":"2025-08-27T09:44:07+00:00","breadcrumb":{"@id":"https:\/\/staging.forenteforlag.no\/pax\/produkt\/tenke-fort-og-langsomt\/#breadcrumb"},"inLanguage":"nb-NO","potentialAction":[{"@type":"ReadAction","target":["https:\/\/staging.forenteforlag.no\/pax\/produkt\/tenke-fort-og-langsomt\/"]}]},{"@type":"ImageObject","inLanguage":"nb-NO","@id":"https:\/\/staging.forenteforlag.no\/pax\/produkt\/tenke-fort-og-langsomt\/#primaryimage","url":"https:\/\/staging.forenteforlag.no\/pax\/wp-content\/uploads\/sites\/5\/2025\/08\/jpg-8634.jpg","contentUrl":"https:\/\/staging.forenteforlag.no\/pax\/wp-content\/uploads\/sites\/5\/2025\/08\/jpg-8634.jpg","width":326,"height":450},{"@type":"BreadcrumbList","@id":"https:\/\/staging.forenteforlag.no\/pax\/produkt\/tenke-fort-og-langsomt\/#breadcrumb","itemListElement":[{"@type":"ListItem","position":1,"name":"Hjem","item":"https:\/\/staging.forenteforlag.no\/pax\/"},{"@type":"ListItem","position":2,"name":"Alle b\u00f8ker","item":"https:\/\/staging.forenteforlag.no\/pax\/butikk\/"},{"@type":"ListItem","position":3,"name":"Tenke, fort og langsomt"}]},{"@type":"WebSite","@id":"https:\/\/staging.forenteforlag.no\/pax\/#website","url":"https:\/\/staging.forenteforlag.no\/pax\/","name":"Pax","description":"","potentialAction":[{"@type":"SearchAction","target":{"@type":"EntryPoint","urlTemplate":"https:\/\/staging.forenteforlag.no\/pax\/?s={search_term_string}"},"query-input":{"@type":"PropertyValueSpecification","valueRequired":true,"valueName":"search_term_string"}}],"inLanguage":"nb-NO"}]}},"_links":{"self":[{"href":"https:\/\/staging.forenteforlag.no\/pax\/wp-json\/wp\/v2\/product\/21050","targetHints":{"allow":["GET"]}}],"collection":[{"href":"https:\/\/staging.forenteforlag.no\/pax\/wp-json\/wp\/v2\/product"}],"about":[{"href":"https:\/\/staging.forenteforlag.no\/pax\/wp-json\/wp\/v2\/types\/product"}],"wp:featuredmedia":[{"embeddable":true,"href":"https:\/\/staging.forenteforlag.no\/pax\/wp-json\/wp\/v2\/media\/29003"}],"wp:attachment":[{"href":"https:\/\/staging.forenteforlag.no\/pax\/wp-json\/wp\/v2\/media?parent=21050"}],"wp:term":[{"taxonomy":"product_brand","embeddable":true,"href":"https:\/\/staging.forenteforlag.no\/pax\/wp-json\/wp\/v2\/product_brand?post=21050"},{"taxonomy":"product_cat","embeddable":true,"href":"https:\/\/staging.forenteforlag.no\/pax\/wp-json\/wp\/v2\/product_cat?post=21050"},{"taxonomy":"product_tag","embeddable":true,"href":"https:\/\/staging.forenteforlag.no\/pax\/wp-json\/wp\/v2\/product_tag?post=21050"}],"curies":[{"name":"wp","href":"https:\/\/api.w.org\/{rel}","templated":true}]}}