{"id":20991,"date":"2024-12-10T22:54:01","date_gmt":"2024-12-10T21:54:01","guid":{"rendered":"https:\/\/pax.forenteforlag.no\/produkt\/hvor-mye-globalisering-taler-mennesket\/"},"modified":"2026-03-03T21:41:21","modified_gmt":"2026-03-03T20:41:21","slug":"hvor-mye-globalisering-taler-mennesket","status":"publish","type":"product","link":"https:\/\/staging.forenteforlag.no\/pax\/produkt\/hvor-mye-globalisering-taler-mennesket\/","title":{"rendered":"Hvor mye globalisering t\u00e5ler mennesket?"},"content":{"rendered":"<p>Safranski hjelper oss i denne boka \u00e5 navigere i et stormv\u00e6r av inntrykk. Han er f\u00f8rst og fremst opptatt av hva den globaliserte verden gj\u00f8r med det enkelte menneske. Det enkelte menneske er ikke i stand til \u00e5 ta innover seg hele verden, og m\u00e5 derfor rydde en plass i eget liv, lage seg fristeder &#8211; en n\u00f8dvendighet, if\u00f8lge Safranski, for \u00e5 beholde egen individualitet. &#8211; R\u00fcdiger Safranski er filosof. Han har utgitt en rekke b\u00f8ker, og flere er oversatt til andre spr\u00e5k som spansk, nederlandsk, dansk og engelsk. Hans utgivelser teller blant annet biografier om Nietzsche, Schopenhauer og Heidegger.<\/p>\n","protected":false},"excerpt":{"rendered":"<p>Safranski hjelper oss i denne boka \u00e5 navigere i et stormv\u00e6r av inntrykk. Han er f\u00f8rst og fremst opptatt av hva den globaliserte verden gj\u00f8r med det enkelte menneske. Det enkelte menneske er ikke i stand til \u00e5 ta innover seg hele verden, og m\u00e5 derfor rydde en plass i eget liv, lage seg fristeder [&hellip;]<\/p>\n","protected":false},"featured_media":28652,"template":"","meta":{"_acf_changed":false,"inline_featured_image":false},"product_brand":[],"product_cat":[1782],"product_tag":[362],"class_list":{"0":"post-20991","1":"product","2":"type-product","3":"status-publish","4":"has-post-thumbnail","6":"product_cat-fripris","7":"product_tag-faglitteratur","9":"first","10":"outofstock","11":"taxable","12":"shipping-taxable","13":"purchasable","14":"product-type-simple"},"acf":{"anmeldelse":null},"yoast_head":"<!-- This site is optimized with the Yoast SEO plugin v26.6 - https:\/\/yoast.com\/wordpress\/plugins\/seo\/ -->\n<title>Hvor mye globalisering t\u00e5ler mennesket? - Pax<\/title>\n<meta name=\"robots\" content=\"noindex, follow, max-snippet:-1, max-image-preview:large, max-video-preview:-1\" \/>\n<meta property=\"og:locale\" content=\"nb_NO\" \/>\n<meta property=\"og:type\" content=\"article\" \/>\n<meta property=\"og:title\" content=\"Hvor mye globalisering t\u00e5ler mennesket? - Pax\" \/>\n<meta property=\"og:description\" content=\"Safranski hjelper oss i denne boka \u00e5 navigere i et stormv\u00e6r av inntrykk. Han er f\u00f8rst og fremst opptatt av hva den globaliserte verden gj\u00f8r med det enkelte menneske. Det enkelte menneske er ikke i stand til \u00e5 ta innover seg hele verden, og m\u00e5 derfor rydde en plass i eget liv, lage seg fristeder [&hellip;]\" \/>\n<meta property=\"og:url\" content=\"https:\/\/staging.forenteforlag.no\/pax\/produkt\/hvor-mye-globalisering-taler-mennesket\/\" \/>\n<meta property=\"og:site_name\" content=\"Pax\" \/>\n<meta property=\"article:modified_time\" content=\"2026-03-03T20:41:21+00:00\" \/>\n<meta property=\"og:image\" content=\"https:\/\/staging.forenteforlag.no\/pax\/wp-content\/uploads\/sites\/5\/2025\/08\/jpg-7555.jpg\" \/>\n\t<meta property=\"og:image:width\" content=\"333\" \/>\n\t<meta property=\"og:image:height\" content=\"450\" \/>\n\t<meta property=\"og:image:type\" content=\"image\/jpeg\" \/>\n<meta name=\"twitter:card\" content=\"summary_large_image\" \/>\n<meta name=\"twitter:label1\" content=\"Ansl. lesetid\" \/>\n\t<meta name=\"twitter:data1\" content=\"1 minutt\" \/>\n<script type=\"application\/ld+json\" class=\"yoast-schema-graph\">{\"@context\":\"https:\/\/schema.org\",\"@graph\":[{\"@type\":\"WebPage\",\"@id\":\"https:\/\/staging.forenteforlag.no\/pax\/produkt\/hvor-mye-globalisering-taler-mennesket\/\",\"url\":\"https:\/\/staging.forenteforlag.no\/pax\/produkt\/hvor-mye-globalisering-taler-mennesket\/\",\"name\":\"Hvor mye globalisering t\u00e5ler mennesket? - Pax\",\"isPartOf\":{\"@id\":\"https:\/\/staging.forenteforlag.no\/pax\/#website\"},\"primaryImageOfPage\":{\"@id\":\"https:\/\/staging.forenteforlag.no\/pax\/produkt\/hvor-mye-globalisering-taler-mennesket\/#primaryimage\"},\"image\":{\"@id\":\"https:\/\/staging.forenteforlag.no\/pax\/produkt\/hvor-mye-globalisering-taler-mennesket\/#primaryimage\"},\"thumbnailUrl\":\"https:\/\/staging.forenteforlag.no\/pax\/wp-content\/uploads\/sites\/5\/2025\/08\/jpg-7555.jpg\",\"datePublished\":\"2024-12-10T21:54:01+00:00\",\"dateModified\":\"2026-03-03T20:41:21+00:00\",\"breadcrumb\":{\"@id\":\"https:\/\/staging.forenteforlag.no\/pax\/produkt\/hvor-mye-globalisering-taler-mennesket\/#breadcrumb\"},\"inLanguage\":\"nb-NO\",\"potentialAction\":[{\"@type\":\"ReadAction\",\"target\":[\"https:\/\/staging.forenteforlag.no\/pax\/produkt\/hvor-mye-globalisering-taler-mennesket\/\"]}]},{\"@type\":\"ImageObject\",\"inLanguage\":\"nb-NO\",\"@id\":\"https:\/\/staging.forenteforlag.no\/pax\/produkt\/hvor-mye-globalisering-taler-mennesket\/#primaryimage\",\"url\":\"https:\/\/staging.forenteforlag.no\/pax\/wp-content\/uploads\/sites\/5\/2025\/08\/jpg-7555.jpg\",\"contentUrl\":\"https:\/\/staging.forenteforlag.no\/pax\/wp-content\/uploads\/sites\/5\/2025\/08\/jpg-7555.jpg\",\"width\":333,\"height\":450},{\"@type\":\"BreadcrumbList\",\"@id\":\"https:\/\/staging.forenteforlag.no\/pax\/produkt\/hvor-mye-globalisering-taler-mennesket\/#breadcrumb\",\"itemListElement\":[{\"@type\":\"ListItem\",\"position\":1,\"name\":\"Hjem\",\"item\":\"https:\/\/staging.forenteforlag.no\/pax\/\"},{\"@type\":\"ListItem\",\"position\":2,\"name\":\"Alle b\u00f8ker\",\"item\":\"https:\/\/staging.forenteforlag.no\/pax\/butikk\/\"},{\"@type\":\"ListItem\",\"position\":3,\"name\":\"Hvor mye globalisering t\u00e5ler mennesket?\"}]},{\"@type\":\"WebSite\",\"@id\":\"https:\/\/staging.forenteforlag.no\/pax\/#website\",\"url\":\"https:\/\/staging.forenteforlag.no\/pax\/\",\"name\":\"Pax\",\"description\":\"\",\"potentialAction\":[{\"@type\":\"SearchAction\",\"target\":{\"@type\":\"EntryPoint\",\"urlTemplate\":\"https:\/\/staging.forenteforlag.no\/pax\/?s={search_term_string}\"},\"query-input\":{\"@type\":\"PropertyValueSpecification\",\"valueRequired\":true,\"valueName\":\"search_term_string\"}}],\"inLanguage\":\"nb-NO\"}]}<\/script>\n<!-- \/ Yoast SEO plugin. -->","yoast_head_json":{"title":"Hvor mye globalisering t\u00e5ler mennesket? - Pax","robots":{"index":"noindex","follow":"follow","max-snippet":"max-snippet:-1","max-image-preview":"max-image-preview:large","max-video-preview":"max-video-preview:-1"},"og_locale":"nb_NO","og_type":"article","og_title":"Hvor mye globalisering t\u00e5ler mennesket? - Pax","og_description":"Safranski hjelper oss i denne boka \u00e5 navigere i et stormv\u00e6r av inntrykk. Han er f\u00f8rst og fremst opptatt av hva den globaliserte verden gj\u00f8r med det enkelte menneske. Det enkelte menneske er ikke i stand til \u00e5 ta innover seg hele verden, og m\u00e5 derfor rydde en plass i eget liv, lage seg fristeder [&hellip;]","og_url":"https:\/\/staging.forenteforlag.no\/pax\/produkt\/hvor-mye-globalisering-taler-mennesket\/","og_site_name":"Pax","article_modified_time":"2026-03-03T20:41:21+00:00","og_image":[{"width":333,"height":450,"url":"https:\/\/staging.forenteforlag.no\/pax\/wp-content\/uploads\/sites\/5\/2025\/08\/jpg-7555.jpg","type":"image\/jpeg"}],"twitter_card":"summary_large_image","twitter_misc":{"Ansl. lesetid":"1 minutt"},"schema":{"@context":"https:\/\/schema.org","@graph":[{"@type":"WebPage","@id":"https:\/\/staging.forenteforlag.no\/pax\/produkt\/hvor-mye-globalisering-taler-mennesket\/","url":"https:\/\/staging.forenteforlag.no\/pax\/produkt\/hvor-mye-globalisering-taler-mennesket\/","name":"Hvor mye globalisering t\u00e5ler mennesket? - Pax","isPartOf":{"@id":"https:\/\/staging.forenteforlag.no\/pax\/#website"},"primaryImageOfPage":{"@id":"https:\/\/staging.forenteforlag.no\/pax\/produkt\/hvor-mye-globalisering-taler-mennesket\/#primaryimage"},"image":{"@id":"https:\/\/staging.forenteforlag.no\/pax\/produkt\/hvor-mye-globalisering-taler-mennesket\/#primaryimage"},"thumbnailUrl":"https:\/\/staging.forenteforlag.no\/pax\/wp-content\/uploads\/sites\/5\/2025\/08\/jpg-7555.jpg","datePublished":"2024-12-10T21:54:01+00:00","dateModified":"2026-03-03T20:41:21+00:00","breadcrumb":{"@id":"https:\/\/staging.forenteforlag.no\/pax\/produkt\/hvor-mye-globalisering-taler-mennesket\/#breadcrumb"},"inLanguage":"nb-NO","potentialAction":[{"@type":"ReadAction","target":["https:\/\/staging.forenteforlag.no\/pax\/produkt\/hvor-mye-globalisering-taler-mennesket\/"]}]},{"@type":"ImageObject","inLanguage":"nb-NO","@id":"https:\/\/staging.forenteforlag.no\/pax\/produkt\/hvor-mye-globalisering-taler-mennesket\/#primaryimage","url":"https:\/\/staging.forenteforlag.no\/pax\/wp-content\/uploads\/sites\/5\/2025\/08\/jpg-7555.jpg","contentUrl":"https:\/\/staging.forenteforlag.no\/pax\/wp-content\/uploads\/sites\/5\/2025\/08\/jpg-7555.jpg","width":333,"height":450},{"@type":"BreadcrumbList","@id":"https:\/\/staging.forenteforlag.no\/pax\/produkt\/hvor-mye-globalisering-taler-mennesket\/#breadcrumb","itemListElement":[{"@type":"ListItem","position":1,"name":"Hjem","item":"https:\/\/staging.forenteforlag.no\/pax\/"},{"@type":"ListItem","position":2,"name":"Alle b\u00f8ker","item":"https:\/\/staging.forenteforlag.no\/pax\/butikk\/"},{"@type":"ListItem","position":3,"name":"Hvor mye globalisering t\u00e5ler mennesket?"}]},{"@type":"WebSite","@id":"https:\/\/staging.forenteforlag.no\/pax\/#website","url":"https:\/\/staging.forenteforlag.no\/pax\/","name":"Pax","description":"","potentialAction":[{"@type":"SearchAction","target":{"@type":"EntryPoint","urlTemplate":"https:\/\/staging.forenteforlag.no\/pax\/?s={search_term_string}"},"query-input":{"@type":"PropertyValueSpecification","valueRequired":true,"valueName":"search_term_string"}}],"inLanguage":"nb-NO"}]}},"_links":{"self":[{"href":"https:\/\/staging.forenteforlag.no\/pax\/wp-json\/wp\/v2\/product\/20991","targetHints":{"allow":["GET"]}}],"collection":[{"href":"https:\/\/staging.forenteforlag.no\/pax\/wp-json\/wp\/v2\/product"}],"about":[{"href":"https:\/\/staging.forenteforlag.no\/pax\/wp-json\/wp\/v2\/types\/product"}],"wp:featuredmedia":[{"embeddable":true,"href":"https:\/\/staging.forenteforlag.no\/pax\/wp-json\/wp\/v2\/media\/28652"}],"wp:attachment":[{"href":"https:\/\/staging.forenteforlag.no\/pax\/wp-json\/wp\/v2\/media?parent=20991"}],"wp:term":[{"taxonomy":"product_brand","embeddable":true,"href":"https:\/\/staging.forenteforlag.no\/pax\/wp-json\/wp\/v2\/product_brand?post=20991"},{"taxonomy":"product_cat","embeddable":true,"href":"https:\/\/staging.forenteforlag.no\/pax\/wp-json\/wp\/v2\/product_cat?post=20991"},{"taxonomy":"product_tag","embeddable":true,"href":"https:\/\/staging.forenteforlag.no\/pax\/wp-json\/wp\/v2\/product_tag?post=20991"}],"curies":[{"name":"wp","href":"https:\/\/api.w.org\/{rel}","templated":true}]}}