{"id":20959,"date":"2024-12-10T22:54:55","date_gmt":"2024-12-10T21:54:55","guid":{"rendered":"https:\/\/pax.forenteforlag.no\/produkt\/konkurs\/"},"modified":"2026-03-04T18:15:00","modified_gmt":"2026-03-04T17:15:00","slug":"konkurs","status":"publish","type":"product","link":"https:\/\/staging.forenteforlag.no\/pax\/produkt\/konkurs\/","title":{"rendered":"Konkurs!"},"content":{"rendered":"<p>Boka bygger p\u00e5 forfatterens magisteravhandling i kriminologi. Den tar for seg en unders\u00f8kelse av registrerte konkurser i Oslo i 1985 og ser p\u00e5 konkurskriminaliteten ut fra en juridisk\/\u00f8konomisk side. Bobestyrernes bilde av planlagte unndragelser, men ogs\u00e5 de personlige tragediene, f\u00f8lges opp av politiets arbeid og tilslutt konkursen sett med debitors \u00f8yne, samtidig som det rettes et skarpt blikk p\u00e5 samfunnets kontrollapparat. Med litteraturliste.<\/p>\n","protected":false},"excerpt":{"rendered":"<p>Boka bygger p\u00e5 forfatterens magisteravhandling i kriminologi. Den tar for seg en unders\u00f8kelse av registrerte konkurser i Oslo i 1985 og ser p\u00e5 konkurskriminaliteten ut fra en juridisk\/\u00f8konomisk side. Bobestyrernes bilde av planlagte unndragelser, men ogs\u00e5 de personlige tragediene, f\u00f8lges opp av politiets arbeid og tilslutt konkursen sett med debitors \u00f8yne, samtidig som det rettes [&hellip;]<\/p>\n","protected":false},"featured_media":0,"template":"","meta":{"_acf_changed":false,"inline_featured_image":false},"product_brand":[],"product_cat":[1782],"product_tag":[362,1415,874],"class_list":{"0":"post-20959","1":"product","2":"type-product","3":"status-publish","5":"product_cat-fripris","6":"product_tag-faglitteratur","7":"product_tag-konkursrett","8":"product_tag-okonomisk-kriminalitet","10":"first","11":"outofstock","12":"taxable","13":"shipping-taxable","14":"purchasable","15":"product-type-simple"},"acf":{"anmeldelse":null},"yoast_head":"<!-- This site is optimized with the Yoast SEO plugin v26.6 - https:\/\/yoast.com\/wordpress\/plugins\/seo\/ -->\n<title>Konkurs! - Pax<\/title>\n<meta name=\"robots\" content=\"noindex, follow, max-snippet:-1, max-image-preview:large, max-video-preview:-1\" \/>\n<meta property=\"og:locale\" content=\"nb_NO\" \/>\n<meta property=\"og:type\" content=\"article\" \/>\n<meta property=\"og:title\" content=\"Konkurs! - Pax\" \/>\n<meta property=\"og:description\" content=\"Boka bygger p\u00e5 forfatterens magisteravhandling i kriminologi. Den tar for seg en unders\u00f8kelse av registrerte konkurser i Oslo i 1985 og ser p\u00e5 konkurskriminaliteten ut fra en juridisk\/\u00f8konomisk side. Bobestyrernes bilde av planlagte unndragelser, men ogs\u00e5 de personlige tragediene, f\u00f8lges opp av politiets arbeid og tilslutt konkursen sett med debitors \u00f8yne, samtidig som det rettes [&hellip;]\" \/>\n<meta property=\"og:url\" content=\"https:\/\/staging.forenteforlag.no\/pax\/produkt\/konkurs\/\" \/>\n<meta property=\"og:site_name\" content=\"Pax\" \/>\n<meta property=\"article:modified_time\" content=\"2026-03-04T17:15:00+00:00\" \/>\n<meta property=\"og:image\" content=\"https:\/\/staging.forenteforlag.no\/pax\/wp-content\/uploads\/sites\/5\/2025\/02\/pax-hvit.jpg\" \/>\n\t<meta property=\"og:image:width\" content=\"1200\" \/>\n\t<meta property=\"og:image:height\" content=\"800\" \/>\n\t<meta property=\"og:image:type\" content=\"image\/jpeg\" \/>\n<meta name=\"twitter:card\" content=\"summary_large_image\" \/>\n<script type=\"application\/ld+json\" class=\"yoast-schema-graph\">{\"@context\":\"https:\/\/schema.org\",\"@graph\":[{\"@type\":\"WebPage\",\"@id\":\"https:\/\/staging.forenteforlag.no\/pax\/produkt\/konkurs\/\",\"url\":\"https:\/\/staging.forenteforlag.no\/pax\/produkt\/konkurs\/\",\"name\":\"Konkurs! - Pax\",\"isPartOf\":{\"@id\":\"https:\/\/staging.forenteforlag.no\/pax\/#website\"},\"datePublished\":\"2024-12-10T21:54:55+00:00\",\"dateModified\":\"2026-03-04T17:15:00+00:00\",\"breadcrumb\":{\"@id\":\"https:\/\/staging.forenteforlag.no\/pax\/produkt\/konkurs\/#breadcrumb\"},\"inLanguage\":\"nb-NO\",\"potentialAction\":[{\"@type\":\"ReadAction\",\"target\":[\"https:\/\/staging.forenteforlag.no\/pax\/produkt\/konkurs\/\"]}]},{\"@type\":\"BreadcrumbList\",\"@id\":\"https:\/\/staging.forenteforlag.no\/pax\/produkt\/konkurs\/#breadcrumb\",\"itemListElement\":[{\"@type\":\"ListItem\",\"position\":1,\"name\":\"Hjem\",\"item\":\"https:\/\/staging.forenteforlag.no\/pax\/\"},{\"@type\":\"ListItem\",\"position\":2,\"name\":\"Alle b\u00f8ker\",\"item\":\"https:\/\/staging.forenteforlag.no\/pax\/butikk\/\"},{\"@type\":\"ListItem\",\"position\":3,\"name\":\"Konkurs!\"}]},{\"@type\":\"WebSite\",\"@id\":\"https:\/\/staging.forenteforlag.no\/pax\/#website\",\"url\":\"https:\/\/staging.forenteforlag.no\/pax\/\",\"name\":\"Pax\",\"description\":\"\",\"potentialAction\":[{\"@type\":\"SearchAction\",\"target\":{\"@type\":\"EntryPoint\",\"urlTemplate\":\"https:\/\/staging.forenteforlag.no\/pax\/?s={search_term_string}\"},\"query-input\":{\"@type\":\"PropertyValueSpecification\",\"valueRequired\":true,\"valueName\":\"search_term_string\"}}],\"inLanguage\":\"nb-NO\"}]}<\/script>\n<!-- \/ Yoast SEO plugin. -->","yoast_head_json":{"title":"Konkurs! - Pax","robots":{"index":"noindex","follow":"follow","max-snippet":"max-snippet:-1","max-image-preview":"max-image-preview:large","max-video-preview":"max-video-preview:-1"},"og_locale":"nb_NO","og_type":"article","og_title":"Konkurs! - Pax","og_description":"Boka bygger p\u00e5 forfatterens magisteravhandling i kriminologi. Den tar for seg en unders\u00f8kelse av registrerte konkurser i Oslo i 1985 og ser p\u00e5 konkurskriminaliteten ut fra en juridisk\/\u00f8konomisk side. Bobestyrernes bilde av planlagte unndragelser, men ogs\u00e5 de personlige tragediene, f\u00f8lges opp av politiets arbeid og tilslutt konkursen sett med debitors \u00f8yne, samtidig som det rettes [&hellip;]","og_url":"https:\/\/staging.forenteforlag.no\/pax\/produkt\/konkurs\/","og_site_name":"Pax","article_modified_time":"2026-03-04T17:15:00+00:00","og_image":[{"width":1200,"height":800,"url":"https:\/\/staging.forenteforlag.no\/pax\/wp-content\/uploads\/sites\/5\/2025\/02\/pax-hvit.jpg","type":"image\/jpeg"}],"twitter_card":"summary_large_image","schema":{"@context":"https:\/\/schema.org","@graph":[{"@type":"WebPage","@id":"https:\/\/staging.forenteforlag.no\/pax\/produkt\/konkurs\/","url":"https:\/\/staging.forenteforlag.no\/pax\/produkt\/konkurs\/","name":"Konkurs! - Pax","isPartOf":{"@id":"https:\/\/staging.forenteforlag.no\/pax\/#website"},"datePublished":"2024-12-10T21:54:55+00:00","dateModified":"2026-03-04T17:15:00+00:00","breadcrumb":{"@id":"https:\/\/staging.forenteforlag.no\/pax\/produkt\/konkurs\/#breadcrumb"},"inLanguage":"nb-NO","potentialAction":[{"@type":"ReadAction","target":["https:\/\/staging.forenteforlag.no\/pax\/produkt\/konkurs\/"]}]},{"@type":"BreadcrumbList","@id":"https:\/\/staging.forenteforlag.no\/pax\/produkt\/konkurs\/#breadcrumb","itemListElement":[{"@type":"ListItem","position":1,"name":"Hjem","item":"https:\/\/staging.forenteforlag.no\/pax\/"},{"@type":"ListItem","position":2,"name":"Alle b\u00f8ker","item":"https:\/\/staging.forenteforlag.no\/pax\/butikk\/"},{"@type":"ListItem","position":3,"name":"Konkurs!"}]},{"@type":"WebSite","@id":"https:\/\/staging.forenteforlag.no\/pax\/#website","url":"https:\/\/staging.forenteforlag.no\/pax\/","name":"Pax","description":"","potentialAction":[{"@type":"SearchAction","target":{"@type":"EntryPoint","urlTemplate":"https:\/\/staging.forenteforlag.no\/pax\/?s={search_term_string}"},"query-input":{"@type":"PropertyValueSpecification","valueRequired":true,"valueName":"search_term_string"}}],"inLanguage":"nb-NO"}]}},"_links":{"self":[{"href":"https:\/\/staging.forenteforlag.no\/pax\/wp-json\/wp\/v2\/product\/20959","targetHints":{"allow":["GET"]}}],"collection":[{"href":"https:\/\/staging.forenteforlag.no\/pax\/wp-json\/wp\/v2\/product"}],"about":[{"href":"https:\/\/staging.forenteforlag.no\/pax\/wp-json\/wp\/v2\/types\/product"}],"wp:attachment":[{"href":"https:\/\/staging.forenteforlag.no\/pax\/wp-json\/wp\/v2\/media?parent=20959"}],"wp:term":[{"taxonomy":"product_brand","embeddable":true,"href":"https:\/\/staging.forenteforlag.no\/pax\/wp-json\/wp\/v2\/product_brand?post=20959"},{"taxonomy":"product_cat","embeddable":true,"href":"https:\/\/staging.forenteforlag.no\/pax\/wp-json\/wp\/v2\/product_cat?post=20959"},{"taxonomy":"product_tag","embeddable":true,"href":"https:\/\/staging.forenteforlag.no\/pax\/wp-json\/wp\/v2\/product_tag?post=20959"}],"curies":[{"name":"wp","href":"https:\/\/api.w.org\/{rel}","templated":true}]}}