{"id":20901,"date":"2024-12-10T22:57:30","date_gmt":"2024-12-10T21:57:30","guid":{"rendered":"https:\/\/pax.forenteforlag.no\/produkt\/amerika-fra-dag-til-dag-2\/"},"modified":"2026-03-03T21:36:57","modified_gmt":"2026-03-03T20:36:57","slug":"amerika-fra-dag-til-dag-2","status":"publish","type":"product","link":"https:\/\/staging.forenteforlag.no\/pax\/produkt\/amerika-fra-dag-til-dag-2\/","title":{"rendered":"Amerika fra dag til dag"},"content":{"rendered":"<p>I denne boken forteller Simone de Beauvoir fra sin fire m\u00e5neders reise til USA i 1947.  Her f\u00e5r vi h\u00f8re om Simones opplevelse av det moderne Amerika; skyskraperne p\u00e5 Manhattan, vareutvalget i butikkene, folkelivet p\u00e5 barene, kinofilmene, jazzkonsertene p\u00e5 The Vanguard, gangsterne i Chicago og stjernene i Hollywood. Hun reiste blant annet til Nevada\u00f8rkenen, Grand Canyon og Walden, og hun brukte fly, bil, tog og Greyhoundbuss. Boken er skrevet som en dagbok, og f\u00f8lger Beauvoirs reiserute.<\/p>\n","protected":false},"excerpt":{"rendered":"<p>I denne boken forteller Simone de Beauvoir fra sin fire m\u00e5neders reise til USA i 1947. Her f\u00e5r vi h\u00f8re om Simones opplevelse av det moderne Amerika; skyskraperne p\u00e5 Manhattan, vareutvalget i butikkene, folkelivet p\u00e5 barene, kinofilmene, jazzkonsertene p\u00e5 The Vanguard, gangsterne i Chicago og stjernene i Hollywood. Hun reiste blant annet til Nevada\u00f8rkenen, Grand [&hellip;]<\/p>\n","protected":false},"featured_media":27954,"template":"","meta":{"_acf_changed":false,"inline_featured_image":false},"product_brand":[],"product_cat":[1782],"product_tag":[362],"class_list":{"0":"post-20901","1":"product","2":"type-product","3":"status-publish","4":"has-post-thumbnail","6":"product_cat-fripris","7":"product_tag-faglitteratur","9":"first","10":"outofstock","11":"taxable","12":"shipping-taxable","13":"purchasable","14":"product-type-simple"},"acf":{"anmeldelse":null},"yoast_head":"<!-- This site is optimized with the Yoast SEO plugin v26.6 - https:\/\/yoast.com\/wordpress\/plugins\/seo\/ -->\n<title>Amerika fra dag til dag - Pax<\/title>\n<meta name=\"robots\" content=\"noindex, follow, max-snippet:-1, max-image-preview:large, max-video-preview:-1\" \/>\n<meta property=\"og:locale\" content=\"nb_NO\" \/>\n<meta property=\"og:type\" content=\"article\" \/>\n<meta property=\"og:title\" content=\"Amerika fra dag til dag - Pax\" \/>\n<meta property=\"og:description\" content=\"I denne boken forteller Simone de Beauvoir fra sin fire m\u00e5neders reise til USA i 1947. Her f\u00e5r vi h\u00f8re om Simones opplevelse av det moderne Amerika; skyskraperne p\u00e5 Manhattan, vareutvalget i butikkene, folkelivet p\u00e5 barene, kinofilmene, jazzkonsertene p\u00e5 The Vanguard, gangsterne i Chicago og stjernene i Hollywood. Hun reiste blant annet til Nevada\u00f8rkenen, Grand [&hellip;]\" \/>\n<meta property=\"og:url\" content=\"https:\/\/staging.forenteforlag.no\/pax\/produkt\/amerika-fra-dag-til-dag-2\/\" \/>\n<meta property=\"og:site_name\" content=\"Pax\" \/>\n<meta property=\"article:modified_time\" content=\"2026-03-03T20:36:57+00:00\" \/>\n<meta property=\"og:image\" content=\"https:\/\/staging.forenteforlag.no\/pax\/wp-content\/uploads\/sites\/5\/2025\/08\/jpg-5575.jpg\" \/>\n\t<meta property=\"og:image:width\" content=\"274\" \/>\n\t<meta property=\"og:image:height\" content=\"450\" \/>\n\t<meta property=\"og:image:type\" content=\"image\/jpeg\" \/>\n<meta name=\"twitter:card\" content=\"summary_large_image\" \/>\n<script type=\"application\/ld+json\" class=\"yoast-schema-graph\">{\"@context\":\"https:\/\/schema.org\",\"@graph\":[{\"@type\":\"WebPage\",\"@id\":\"https:\/\/staging.forenteforlag.no\/pax\/produkt\/amerika-fra-dag-til-dag-2\/\",\"url\":\"https:\/\/staging.forenteforlag.no\/pax\/produkt\/amerika-fra-dag-til-dag-2\/\",\"name\":\"Amerika fra dag til dag - Pax\",\"isPartOf\":{\"@id\":\"https:\/\/staging.forenteforlag.no\/pax\/#website\"},\"primaryImageOfPage\":{\"@id\":\"https:\/\/staging.forenteforlag.no\/pax\/produkt\/amerika-fra-dag-til-dag-2\/#primaryimage\"},\"image\":{\"@id\":\"https:\/\/staging.forenteforlag.no\/pax\/produkt\/amerika-fra-dag-til-dag-2\/#primaryimage\"},\"thumbnailUrl\":\"https:\/\/staging.forenteforlag.no\/pax\/wp-content\/uploads\/sites\/5\/2025\/08\/jpg-5575.jpg\",\"datePublished\":\"2024-12-10T21:57:30+00:00\",\"dateModified\":\"2026-03-03T20:36:57+00:00\",\"breadcrumb\":{\"@id\":\"https:\/\/staging.forenteforlag.no\/pax\/produkt\/amerika-fra-dag-til-dag-2\/#breadcrumb\"},\"inLanguage\":\"nb-NO\",\"potentialAction\":[{\"@type\":\"ReadAction\",\"target\":[\"https:\/\/staging.forenteforlag.no\/pax\/produkt\/amerika-fra-dag-til-dag-2\/\"]}]},{\"@type\":\"ImageObject\",\"inLanguage\":\"nb-NO\",\"@id\":\"https:\/\/staging.forenteforlag.no\/pax\/produkt\/amerika-fra-dag-til-dag-2\/#primaryimage\",\"url\":\"https:\/\/staging.forenteforlag.no\/pax\/wp-content\/uploads\/sites\/5\/2025\/08\/jpg-5575.jpg\",\"contentUrl\":\"https:\/\/staging.forenteforlag.no\/pax\/wp-content\/uploads\/sites\/5\/2025\/08\/jpg-5575.jpg\",\"width\":274,\"height\":450},{\"@type\":\"BreadcrumbList\",\"@id\":\"https:\/\/staging.forenteforlag.no\/pax\/produkt\/amerika-fra-dag-til-dag-2\/#breadcrumb\",\"itemListElement\":[{\"@type\":\"ListItem\",\"position\":1,\"name\":\"Hjem\",\"item\":\"https:\/\/staging.forenteforlag.no\/pax\/\"},{\"@type\":\"ListItem\",\"position\":2,\"name\":\"Alle b\u00f8ker\",\"item\":\"https:\/\/staging.forenteforlag.no\/pax\/butikk\/\"},{\"@type\":\"ListItem\",\"position\":3,\"name\":\"Amerika fra dag til dag\"}]},{\"@type\":\"WebSite\",\"@id\":\"https:\/\/staging.forenteforlag.no\/pax\/#website\",\"url\":\"https:\/\/staging.forenteforlag.no\/pax\/\",\"name\":\"Pax\",\"description\":\"\",\"potentialAction\":[{\"@type\":\"SearchAction\",\"target\":{\"@type\":\"EntryPoint\",\"urlTemplate\":\"https:\/\/staging.forenteforlag.no\/pax\/?s={search_term_string}\"},\"query-input\":{\"@type\":\"PropertyValueSpecification\",\"valueRequired\":true,\"valueName\":\"search_term_string\"}}],\"inLanguage\":\"nb-NO\"}]}<\/script>\n<!-- \/ Yoast SEO plugin. -->","yoast_head_json":{"title":"Amerika fra dag til dag - Pax","robots":{"index":"noindex","follow":"follow","max-snippet":"max-snippet:-1","max-image-preview":"max-image-preview:large","max-video-preview":"max-video-preview:-1"},"og_locale":"nb_NO","og_type":"article","og_title":"Amerika fra dag til dag - Pax","og_description":"I denne boken forteller Simone de Beauvoir fra sin fire m\u00e5neders reise til USA i 1947. Her f\u00e5r vi h\u00f8re om Simones opplevelse av det moderne Amerika; skyskraperne p\u00e5 Manhattan, vareutvalget i butikkene, folkelivet p\u00e5 barene, kinofilmene, jazzkonsertene p\u00e5 The Vanguard, gangsterne i Chicago og stjernene i Hollywood. Hun reiste blant annet til Nevada\u00f8rkenen, Grand [&hellip;]","og_url":"https:\/\/staging.forenteforlag.no\/pax\/produkt\/amerika-fra-dag-til-dag-2\/","og_site_name":"Pax","article_modified_time":"2026-03-03T20:36:57+00:00","og_image":[{"width":274,"height":450,"url":"https:\/\/staging.forenteforlag.no\/pax\/wp-content\/uploads\/sites\/5\/2025\/08\/jpg-5575.jpg","type":"image\/jpeg"}],"twitter_card":"summary_large_image","schema":{"@context":"https:\/\/schema.org","@graph":[{"@type":"WebPage","@id":"https:\/\/staging.forenteforlag.no\/pax\/produkt\/amerika-fra-dag-til-dag-2\/","url":"https:\/\/staging.forenteforlag.no\/pax\/produkt\/amerika-fra-dag-til-dag-2\/","name":"Amerika fra dag til dag - Pax","isPartOf":{"@id":"https:\/\/staging.forenteforlag.no\/pax\/#website"},"primaryImageOfPage":{"@id":"https:\/\/staging.forenteforlag.no\/pax\/produkt\/amerika-fra-dag-til-dag-2\/#primaryimage"},"image":{"@id":"https:\/\/staging.forenteforlag.no\/pax\/produkt\/amerika-fra-dag-til-dag-2\/#primaryimage"},"thumbnailUrl":"https:\/\/staging.forenteforlag.no\/pax\/wp-content\/uploads\/sites\/5\/2025\/08\/jpg-5575.jpg","datePublished":"2024-12-10T21:57:30+00:00","dateModified":"2026-03-03T20:36:57+00:00","breadcrumb":{"@id":"https:\/\/staging.forenteforlag.no\/pax\/produkt\/amerika-fra-dag-til-dag-2\/#breadcrumb"},"inLanguage":"nb-NO","potentialAction":[{"@type":"ReadAction","target":["https:\/\/staging.forenteforlag.no\/pax\/produkt\/amerika-fra-dag-til-dag-2\/"]}]},{"@type":"ImageObject","inLanguage":"nb-NO","@id":"https:\/\/staging.forenteforlag.no\/pax\/produkt\/amerika-fra-dag-til-dag-2\/#primaryimage","url":"https:\/\/staging.forenteforlag.no\/pax\/wp-content\/uploads\/sites\/5\/2025\/08\/jpg-5575.jpg","contentUrl":"https:\/\/staging.forenteforlag.no\/pax\/wp-content\/uploads\/sites\/5\/2025\/08\/jpg-5575.jpg","width":274,"height":450},{"@type":"BreadcrumbList","@id":"https:\/\/staging.forenteforlag.no\/pax\/produkt\/amerika-fra-dag-til-dag-2\/#breadcrumb","itemListElement":[{"@type":"ListItem","position":1,"name":"Hjem","item":"https:\/\/staging.forenteforlag.no\/pax\/"},{"@type":"ListItem","position":2,"name":"Alle b\u00f8ker","item":"https:\/\/staging.forenteforlag.no\/pax\/butikk\/"},{"@type":"ListItem","position":3,"name":"Amerika fra dag til dag"}]},{"@type":"WebSite","@id":"https:\/\/staging.forenteforlag.no\/pax\/#website","url":"https:\/\/staging.forenteforlag.no\/pax\/","name":"Pax","description":"","potentialAction":[{"@type":"SearchAction","target":{"@type":"EntryPoint","urlTemplate":"https:\/\/staging.forenteforlag.no\/pax\/?s={search_term_string}"},"query-input":{"@type":"PropertyValueSpecification","valueRequired":true,"valueName":"search_term_string"}}],"inLanguage":"nb-NO"}]}},"_links":{"self":[{"href":"https:\/\/staging.forenteforlag.no\/pax\/wp-json\/wp\/v2\/product\/20901","targetHints":{"allow":["GET"]}}],"collection":[{"href":"https:\/\/staging.forenteforlag.no\/pax\/wp-json\/wp\/v2\/product"}],"about":[{"href":"https:\/\/staging.forenteforlag.no\/pax\/wp-json\/wp\/v2\/types\/product"}],"wp:featuredmedia":[{"embeddable":true,"href":"https:\/\/staging.forenteforlag.no\/pax\/wp-json\/wp\/v2\/media\/27954"}],"wp:attachment":[{"href":"https:\/\/staging.forenteforlag.no\/pax\/wp-json\/wp\/v2\/media?parent=20901"}],"wp:term":[{"taxonomy":"product_brand","embeddable":true,"href":"https:\/\/staging.forenteforlag.no\/pax\/wp-json\/wp\/v2\/product_brand?post=20901"},{"taxonomy":"product_cat","embeddable":true,"href":"https:\/\/staging.forenteforlag.no\/pax\/wp-json\/wp\/v2\/product_cat?post=20901"},{"taxonomy":"product_tag","embeddable":true,"href":"https:\/\/staging.forenteforlag.no\/pax\/wp-json\/wp\/v2\/product_tag?post=20901"}],"curies":[{"name":"wp","href":"https:\/\/api.w.org\/{rel}","templated":true}]}}