{"id":20814,"date":"1997-03-12T16:01:20","date_gmt":"1997-03-12T15:01:20","guid":{"rendered":"https:\/\/pax.forenteforlag.no\/produkt\/modernitetens-konsekvenser\/"},"modified":"2026-03-04T19:11:35","modified_gmt":"2026-03-04T18:11:35","slug":"modernitetens-konsekvenser","status":"publish","type":"product","link":"https:\/\/staging.forenteforlag.no\/pax\/produkt\/modernitetens-konsekvenser\/","title":{"rendered":"Modernitetens konsekvenser"},"content":{"rendered":"<p>Forfatteren tar for seg samfunnets utvikling til \u00e5 bli et moderne samfunn. Denne utviklingen har f\u00f8rt til at det enkelte menneske har f\u00e5tt et rikere og sikrere liv enn tilfellet var f\u00f8r, men risikoer har ogs\u00e5 dukket opp: trusselen om milj\u00f8katastrofer, \u00f8kende v\u00e5penproduksjon og frykt for totalit\u00e6r undertrykkelse. Disse konsekvensene skaper et univers av begivenheter der risiko og fare antar en ny karakter.<\/p>\n","protected":false},"excerpt":{"rendered":"<p>Forfatteren tar for seg samfunnets utvikling til \u00e5 bli et moderne samfunn. Denne utviklingen har f\u00f8rt til at det enkelte menneske har f\u00e5tt et rikere og sikrere liv enn tilfellet var f\u00f8r, men risikoer har ogs\u00e5 dukket opp: trusselen om milj\u00f8katastrofer, \u00f8kende v\u00e5penproduksjon og frykt for totalit\u00e6r undertrykkelse. Disse konsekvensene skaper et univers av begivenheter [&hellip;]<\/p>\n","protected":false},"featured_media":30011,"template":"","meta":{"_acf_changed":false,"inline_featured_image":false},"product_brand":[],"product_cat":[1782],"product_tag":[362,502,1080],"class_list":{"0":"post-20814","1":"product","2":"type-product","3":"status-publish","4":"has-post-thumbnail","6":"product_cat-fripris","7":"product_tag-faglitteratur","8":"product_tag-laereboker-hoyere-utd","9":"product_tag-sosiale-endringer","11":"first","12":"instock","13":"shipping-taxable","14":"purchasable","15":"product-type-simple"},"acf":{"anmeldelse":null},"yoast_head":"<!-- This site is optimized with the Yoast SEO plugin v26.6 - https:\/\/yoast.com\/wordpress\/plugins\/seo\/ -->\n<title>Modernitetens konsekvenser - Pax<\/title>\n<meta name=\"robots\" content=\"noindex, follow, max-snippet:-1, max-image-preview:large, max-video-preview:-1\" \/>\n<meta property=\"og:locale\" content=\"nb_NO\" \/>\n<meta property=\"og:type\" content=\"article\" \/>\n<meta property=\"og:title\" content=\"Modernitetens konsekvenser - Pax\" \/>\n<meta property=\"og:description\" content=\"Forfatteren tar for seg samfunnets utvikling til \u00e5 bli et moderne samfunn. Denne utviklingen har f\u00f8rt til at det enkelte menneske har f\u00e5tt et rikere og sikrere liv enn tilfellet var f\u00f8r, men risikoer har ogs\u00e5 dukket opp: trusselen om milj\u00f8katastrofer, \u00f8kende v\u00e5penproduksjon og frykt for totalit\u00e6r undertrykkelse. Disse konsekvensene skaper et univers av begivenheter [&hellip;]\" \/>\n<meta property=\"og:url\" content=\"https:\/\/staging.forenteforlag.no\/pax\/produkt\/modernitetens-konsekvenser\/\" \/>\n<meta property=\"og:site_name\" content=\"Pax\" \/>\n<meta property=\"article:modified_time\" content=\"2026-03-04T18:11:35+00:00\" \/>\n<meta property=\"og:image\" content=\"https:\/\/staging.forenteforlag.no\/pax\/wp-content\/uploads\/sites\/5\/2026\/03\/9788253019208.jpg\" \/>\n\t<meta property=\"og:image:width\" content=\"720\" \/>\n\t<meta property=\"og:image:height\" content=\"1053\" \/>\n\t<meta property=\"og:image:type\" content=\"image\/jpeg\" \/>\n<meta name=\"twitter:card\" content=\"summary_large_image\" \/>\n<script type=\"application\/ld+json\" class=\"yoast-schema-graph\">{\"@context\":\"https:\/\/schema.org\",\"@graph\":[{\"@type\":\"WebPage\",\"@id\":\"https:\/\/staging.forenteforlag.no\/pax\/produkt\/modernitetens-konsekvenser\/\",\"url\":\"https:\/\/staging.forenteforlag.no\/pax\/produkt\/modernitetens-konsekvenser\/\",\"name\":\"Modernitetens konsekvenser - Pax\",\"isPartOf\":{\"@id\":\"https:\/\/staging.forenteforlag.no\/pax\/#website\"},\"primaryImageOfPage\":{\"@id\":\"https:\/\/staging.forenteforlag.no\/pax\/produkt\/modernitetens-konsekvenser\/#primaryimage\"},\"image\":{\"@id\":\"https:\/\/staging.forenteforlag.no\/pax\/produkt\/modernitetens-konsekvenser\/#primaryimage\"},\"thumbnailUrl\":\"https:\/\/staging.forenteforlag.no\/pax\/wp-content\/uploads\/sites\/5\/2026\/03\/9788253019208.jpg\",\"datePublished\":\"1997-03-12T15:01:20+00:00\",\"dateModified\":\"2026-03-04T18:11:35+00:00\",\"breadcrumb\":{\"@id\":\"https:\/\/staging.forenteforlag.no\/pax\/produkt\/modernitetens-konsekvenser\/#breadcrumb\"},\"inLanguage\":\"nb-NO\",\"potentialAction\":[{\"@type\":\"ReadAction\",\"target\":[\"https:\/\/staging.forenteforlag.no\/pax\/produkt\/modernitetens-konsekvenser\/\"]}]},{\"@type\":\"ImageObject\",\"inLanguage\":\"nb-NO\",\"@id\":\"https:\/\/staging.forenteforlag.no\/pax\/produkt\/modernitetens-konsekvenser\/#primaryimage\",\"url\":\"https:\/\/staging.forenteforlag.no\/pax\/wp-content\/uploads\/sites\/5\/2026\/03\/9788253019208.jpg\",\"contentUrl\":\"https:\/\/staging.forenteforlag.no\/pax\/wp-content\/uploads\/sites\/5\/2026\/03\/9788253019208.jpg\",\"width\":720,\"height\":1053},{\"@type\":\"BreadcrumbList\",\"@id\":\"https:\/\/staging.forenteforlag.no\/pax\/produkt\/modernitetens-konsekvenser\/#breadcrumb\",\"itemListElement\":[{\"@type\":\"ListItem\",\"position\":1,\"name\":\"Hjem\",\"item\":\"https:\/\/staging.forenteforlag.no\/pax\/\"},{\"@type\":\"ListItem\",\"position\":2,\"name\":\"Alle b\u00f8ker\",\"item\":\"https:\/\/staging.forenteforlag.no\/pax\/butikk\/\"},{\"@type\":\"ListItem\",\"position\":3,\"name\":\"Modernitetens konsekvenser\"}]},{\"@type\":\"WebSite\",\"@id\":\"https:\/\/staging.forenteforlag.no\/pax\/#website\",\"url\":\"https:\/\/staging.forenteforlag.no\/pax\/\",\"name\":\"Pax\",\"description\":\"\",\"potentialAction\":[{\"@type\":\"SearchAction\",\"target\":{\"@type\":\"EntryPoint\",\"urlTemplate\":\"https:\/\/staging.forenteforlag.no\/pax\/?s={search_term_string}\"},\"query-input\":{\"@type\":\"PropertyValueSpecification\",\"valueRequired\":true,\"valueName\":\"search_term_string\"}}],\"inLanguage\":\"nb-NO\"}]}<\/script>\n<!-- \/ Yoast SEO plugin. -->","yoast_head_json":{"title":"Modernitetens konsekvenser - Pax","robots":{"index":"noindex","follow":"follow","max-snippet":"max-snippet:-1","max-image-preview":"max-image-preview:large","max-video-preview":"max-video-preview:-1"},"og_locale":"nb_NO","og_type":"article","og_title":"Modernitetens konsekvenser - Pax","og_description":"Forfatteren tar for seg samfunnets utvikling til \u00e5 bli et moderne samfunn. Denne utviklingen har f\u00f8rt til at det enkelte menneske har f\u00e5tt et rikere og sikrere liv enn tilfellet var f\u00f8r, men risikoer har ogs\u00e5 dukket opp: trusselen om milj\u00f8katastrofer, \u00f8kende v\u00e5penproduksjon og frykt for totalit\u00e6r undertrykkelse. Disse konsekvensene skaper et univers av begivenheter [&hellip;]","og_url":"https:\/\/staging.forenteforlag.no\/pax\/produkt\/modernitetens-konsekvenser\/","og_site_name":"Pax","article_modified_time":"2026-03-04T18:11:35+00:00","og_image":[{"width":720,"height":1053,"url":"https:\/\/staging.forenteforlag.no\/pax\/wp-content\/uploads\/sites\/5\/2026\/03\/9788253019208.jpg","type":"image\/jpeg"}],"twitter_card":"summary_large_image","schema":{"@context":"https:\/\/schema.org","@graph":[{"@type":"WebPage","@id":"https:\/\/staging.forenteforlag.no\/pax\/produkt\/modernitetens-konsekvenser\/","url":"https:\/\/staging.forenteforlag.no\/pax\/produkt\/modernitetens-konsekvenser\/","name":"Modernitetens konsekvenser - Pax","isPartOf":{"@id":"https:\/\/staging.forenteforlag.no\/pax\/#website"},"primaryImageOfPage":{"@id":"https:\/\/staging.forenteforlag.no\/pax\/produkt\/modernitetens-konsekvenser\/#primaryimage"},"image":{"@id":"https:\/\/staging.forenteforlag.no\/pax\/produkt\/modernitetens-konsekvenser\/#primaryimage"},"thumbnailUrl":"https:\/\/staging.forenteforlag.no\/pax\/wp-content\/uploads\/sites\/5\/2026\/03\/9788253019208.jpg","datePublished":"1997-03-12T15:01:20+00:00","dateModified":"2026-03-04T18:11:35+00:00","breadcrumb":{"@id":"https:\/\/staging.forenteforlag.no\/pax\/produkt\/modernitetens-konsekvenser\/#breadcrumb"},"inLanguage":"nb-NO","potentialAction":[{"@type":"ReadAction","target":["https:\/\/staging.forenteforlag.no\/pax\/produkt\/modernitetens-konsekvenser\/"]}]},{"@type":"ImageObject","inLanguage":"nb-NO","@id":"https:\/\/staging.forenteforlag.no\/pax\/produkt\/modernitetens-konsekvenser\/#primaryimage","url":"https:\/\/staging.forenteforlag.no\/pax\/wp-content\/uploads\/sites\/5\/2026\/03\/9788253019208.jpg","contentUrl":"https:\/\/staging.forenteforlag.no\/pax\/wp-content\/uploads\/sites\/5\/2026\/03\/9788253019208.jpg","width":720,"height":1053},{"@type":"BreadcrumbList","@id":"https:\/\/staging.forenteforlag.no\/pax\/produkt\/modernitetens-konsekvenser\/#breadcrumb","itemListElement":[{"@type":"ListItem","position":1,"name":"Hjem","item":"https:\/\/staging.forenteforlag.no\/pax\/"},{"@type":"ListItem","position":2,"name":"Alle b\u00f8ker","item":"https:\/\/staging.forenteforlag.no\/pax\/butikk\/"},{"@type":"ListItem","position":3,"name":"Modernitetens konsekvenser"}]},{"@type":"WebSite","@id":"https:\/\/staging.forenteforlag.no\/pax\/#website","url":"https:\/\/staging.forenteforlag.no\/pax\/","name":"Pax","description":"","potentialAction":[{"@type":"SearchAction","target":{"@type":"EntryPoint","urlTemplate":"https:\/\/staging.forenteforlag.no\/pax\/?s={search_term_string}"},"query-input":{"@type":"PropertyValueSpecification","valueRequired":true,"valueName":"search_term_string"}}],"inLanguage":"nb-NO"}]}},"_links":{"self":[{"href":"https:\/\/staging.forenteforlag.no\/pax\/wp-json\/wp\/v2\/product\/20814","targetHints":{"allow":["GET"]}}],"collection":[{"href":"https:\/\/staging.forenteforlag.no\/pax\/wp-json\/wp\/v2\/product"}],"about":[{"href":"https:\/\/staging.forenteforlag.no\/pax\/wp-json\/wp\/v2\/types\/product"}],"wp:featuredmedia":[{"embeddable":true,"href":"https:\/\/staging.forenteforlag.no\/pax\/wp-json\/wp\/v2\/media\/30011"}],"wp:attachment":[{"href":"https:\/\/staging.forenteforlag.no\/pax\/wp-json\/wp\/v2\/media?parent=20814"}],"wp:term":[{"taxonomy":"product_brand","embeddable":true,"href":"https:\/\/staging.forenteforlag.no\/pax\/wp-json\/wp\/v2\/product_brand?post=20814"},{"taxonomy":"product_cat","embeddable":true,"href":"https:\/\/staging.forenteforlag.no\/pax\/wp-json\/wp\/v2\/product_cat?post=20814"},{"taxonomy":"product_tag","embeddable":true,"href":"https:\/\/staging.forenteforlag.no\/pax\/wp-json\/wp\/v2\/product_tag?post=20814"}],"curies":[{"name":"wp","href":"https:\/\/api.w.org\/{rel}","templated":true}]}}