{"id":20764,"date":"2020-08-10T02:00:00","date_gmt":"2020-08-10T00:00:00","guid":{"rendered":"https:\/\/pax.forenteforlag.no\/produkt\/bittas-votter\/"},"modified":"2025-11-06T09:20:29","modified_gmt":"2025-11-06T08:20:29","slug":"bittas-votter","status":"publish","type":"product","link":"https:\/\/staging.forenteforlag.no\/pax\/produkt\/bittas-votter\/","title":{"rendered":"Bittas votter"},"content":{"rendered":"<p>I denne boka presenterer Bitta Mikkelborg ulike votter til ulikt bruk. Det er ensfargede og flerfargede votter, votter til finbruk og til hverdags, til hun og ham og til store og sm\u00e5 barn. Her er m\u00f8nstervotter som Blomsterballetten og Berits votter, praktiske pulsvanter, sm\u00e5 barnevotter som Barnas Fiskevotter, og lekre festvotter, som S\u00f8ster, s\u00f8ster. Og selvf\u00f8lgelig en rekke votter med de popul\u00e6re flettem\u00f8nstrene. Ulike garntyper er i bruk, tykt og tynt, mest ren ull. Det passer best til votter som skal holde hendene varme. Alle vottene er strikket i, eller har garnalternativer, som skal v\u00e6re lett \u00e5 f\u00e5 tak i. Vottem\u00f8nstrene er kvalitetssikret av faste teststrikkere, og i tillegg til de instruktive diagrammene er boka rikt illustrert ved fotograf Kjersti Binh Hegna.<\/p>\n","protected":false},"excerpt":{"rendered":"<p>I denne boka presenterer Bitta Mikkelborg ulike votter til ulikt bruk. Det er ensfargede og flerfargede votter, votter til finbruk og til hverdags, til hun og ham og til store og sm\u00e5 barn. Her er m\u00f8nstervotter som Blomsterballetten og Berits votter, praktiske pulsvanter, sm\u00e5 barnevotter som Barnas Fiskevotter, og lekre festvotter, som S\u00f8ster, s\u00f8ster. Og [&hellip;]<\/p>\n","protected":false},"featured_media":29022,"template":"","meta":{"_acf_changed":false,"inline_featured_image":false},"product_brand":[],"product_cat":[24],"product_tag":[362],"class_list":{"0":"post-20764","1":"product","2":"type-product","3":"status-publish","4":"has-post-thumbnail","6":"product_cat-hobby","7":"product_tag-faglitteratur","8":"pa_format-innbundet","10":"first","11":"midlertidig-utsolgt","12":"shipping-taxable","13":"purchasable","14":"product-type-simple"},"acf":{"anmeldelse":null},"yoast_head":"<!-- This site is optimized with the Yoast SEO plugin v26.6 - https:\/\/yoast.com\/wordpress\/plugins\/seo\/ -->\n<title>Bittas votter - Pax<\/title>\n<meta name=\"robots\" content=\"noindex, follow, max-snippet:-1, max-image-preview:large, max-video-preview:-1\" \/>\n<meta property=\"og:locale\" content=\"nb_NO\" \/>\n<meta property=\"og:type\" content=\"article\" \/>\n<meta property=\"og:title\" content=\"Bittas votter - Pax\" \/>\n<meta property=\"og:description\" content=\"I denne boka presenterer Bitta Mikkelborg ulike votter til ulikt bruk. Det er ensfargede og flerfargede votter, votter til finbruk og til hverdags, til hun og ham og til store og sm\u00e5 barn. Her er m\u00f8nstervotter som Blomsterballetten og Berits votter, praktiske pulsvanter, sm\u00e5 barnevotter som Barnas Fiskevotter, og lekre festvotter, som S\u00f8ster, s\u00f8ster. Og [&hellip;]\" \/>\n<meta property=\"og:url\" content=\"https:\/\/staging.forenteforlag.no\/pax\/produkt\/bittas-votter\/\" \/>\n<meta property=\"og:site_name\" content=\"Pax\" \/>\n<meta property=\"article:modified_time\" content=\"2025-11-06T08:20:29+00:00\" \/>\n<meta property=\"og:image\" content=\"https:\/\/staging.forenteforlag.no\/pax\/wp-content\/uploads\/sites\/5\/2025\/08\/jpg-8693-scaled-1-scaled.jpg\" \/>\n\t<meta property=\"og:image:width\" content=\"1920\" \/>\n\t<meta property=\"og:image:height\" content=\"1800\" \/>\n\t<meta property=\"og:image:type\" content=\"image\/jpeg\" \/>\n<meta name=\"twitter:card\" content=\"summary_large_image\" \/>\n<meta name=\"twitter:label1\" content=\"Ansl. lesetid\" \/>\n\t<meta name=\"twitter:data1\" content=\"1 minutt\" \/>\n<script type=\"application\/ld+json\" class=\"yoast-schema-graph\">{\"@context\":\"https:\/\/schema.org\",\"@graph\":[{\"@type\":\"WebPage\",\"@id\":\"https:\/\/staging.forenteforlag.no\/pax\/produkt\/bittas-votter\/\",\"url\":\"https:\/\/staging.forenteforlag.no\/pax\/produkt\/bittas-votter\/\",\"name\":\"Bittas votter - Pax\",\"isPartOf\":{\"@id\":\"https:\/\/staging.forenteforlag.no\/pax\/#website\"},\"primaryImageOfPage\":{\"@id\":\"https:\/\/staging.forenteforlag.no\/pax\/produkt\/bittas-votter\/#primaryimage\"},\"image\":{\"@id\":\"https:\/\/staging.forenteforlag.no\/pax\/produkt\/bittas-votter\/#primaryimage\"},\"thumbnailUrl\":\"https:\/\/staging.forenteforlag.no\/pax\/wp-content\/uploads\/sites\/5\/2025\/08\/jpg-8693-scaled-1-scaled.jpg\",\"datePublished\":\"2020-08-10T00:00:00+00:00\",\"dateModified\":\"2025-11-06T08:20:29+00:00\",\"breadcrumb\":{\"@id\":\"https:\/\/staging.forenteforlag.no\/pax\/produkt\/bittas-votter\/#breadcrumb\"},\"inLanguage\":\"nb-NO\",\"potentialAction\":[{\"@type\":\"ReadAction\",\"target\":[\"https:\/\/staging.forenteforlag.no\/pax\/produkt\/bittas-votter\/\"]}]},{\"@type\":\"ImageObject\",\"inLanguage\":\"nb-NO\",\"@id\":\"https:\/\/staging.forenteforlag.no\/pax\/produkt\/bittas-votter\/#primaryimage\",\"url\":\"https:\/\/staging.forenteforlag.no\/pax\/wp-content\/uploads\/sites\/5\/2025\/08\/jpg-8693-scaled-1-scaled.jpg\",\"contentUrl\":\"https:\/\/staging.forenteforlag.no\/pax\/wp-content\/uploads\/sites\/5\/2025\/08\/jpg-8693-scaled-1-scaled.jpg\",\"width\":1920,\"height\":1800},{\"@type\":\"BreadcrumbList\",\"@id\":\"https:\/\/staging.forenteforlag.no\/pax\/produkt\/bittas-votter\/#breadcrumb\",\"itemListElement\":[{\"@type\":\"ListItem\",\"position\":1,\"name\":\"Hjem\",\"item\":\"https:\/\/staging.forenteforlag.no\/pax\/\"},{\"@type\":\"ListItem\",\"position\":2,\"name\":\"Alle b\u00f8ker\",\"item\":\"https:\/\/staging.forenteforlag.no\/pax\/butikk\/\"},{\"@type\":\"ListItem\",\"position\":3,\"name\":\"Bittas votter\"}]},{\"@type\":\"WebSite\",\"@id\":\"https:\/\/staging.forenteforlag.no\/pax\/#website\",\"url\":\"https:\/\/staging.forenteforlag.no\/pax\/\",\"name\":\"Pax\",\"description\":\"\",\"potentialAction\":[{\"@type\":\"SearchAction\",\"target\":{\"@type\":\"EntryPoint\",\"urlTemplate\":\"https:\/\/staging.forenteforlag.no\/pax\/?s={search_term_string}\"},\"query-input\":{\"@type\":\"PropertyValueSpecification\",\"valueRequired\":true,\"valueName\":\"search_term_string\"}}],\"inLanguage\":\"nb-NO\"}]}<\/script>\n<!-- \/ Yoast SEO plugin. -->","yoast_head_json":{"title":"Bittas votter - Pax","robots":{"index":"noindex","follow":"follow","max-snippet":"max-snippet:-1","max-image-preview":"max-image-preview:large","max-video-preview":"max-video-preview:-1"},"og_locale":"nb_NO","og_type":"article","og_title":"Bittas votter - Pax","og_description":"I denne boka presenterer Bitta Mikkelborg ulike votter til ulikt bruk. Det er ensfargede og flerfargede votter, votter til finbruk og til hverdags, til hun og ham og til store og sm\u00e5 barn. Her er m\u00f8nstervotter som Blomsterballetten og Berits votter, praktiske pulsvanter, sm\u00e5 barnevotter som Barnas Fiskevotter, og lekre festvotter, som S\u00f8ster, s\u00f8ster. Og [&hellip;]","og_url":"https:\/\/staging.forenteforlag.no\/pax\/produkt\/bittas-votter\/","og_site_name":"Pax","article_modified_time":"2025-11-06T08:20:29+00:00","og_image":[{"width":1920,"height":1800,"url":"https:\/\/staging.forenteforlag.no\/pax\/wp-content\/uploads\/sites\/5\/2025\/08\/jpg-8693-scaled-1-scaled.jpg","type":"image\/jpeg"}],"twitter_card":"summary_large_image","twitter_misc":{"Ansl. lesetid":"1 minutt"},"schema":{"@context":"https:\/\/schema.org","@graph":[{"@type":"WebPage","@id":"https:\/\/staging.forenteforlag.no\/pax\/produkt\/bittas-votter\/","url":"https:\/\/staging.forenteforlag.no\/pax\/produkt\/bittas-votter\/","name":"Bittas votter - Pax","isPartOf":{"@id":"https:\/\/staging.forenteforlag.no\/pax\/#website"},"primaryImageOfPage":{"@id":"https:\/\/staging.forenteforlag.no\/pax\/produkt\/bittas-votter\/#primaryimage"},"image":{"@id":"https:\/\/staging.forenteforlag.no\/pax\/produkt\/bittas-votter\/#primaryimage"},"thumbnailUrl":"https:\/\/staging.forenteforlag.no\/pax\/wp-content\/uploads\/sites\/5\/2025\/08\/jpg-8693-scaled-1-scaled.jpg","datePublished":"2020-08-10T00:00:00+00:00","dateModified":"2025-11-06T08:20:29+00:00","breadcrumb":{"@id":"https:\/\/staging.forenteforlag.no\/pax\/produkt\/bittas-votter\/#breadcrumb"},"inLanguage":"nb-NO","potentialAction":[{"@type":"ReadAction","target":["https:\/\/staging.forenteforlag.no\/pax\/produkt\/bittas-votter\/"]}]},{"@type":"ImageObject","inLanguage":"nb-NO","@id":"https:\/\/staging.forenteforlag.no\/pax\/produkt\/bittas-votter\/#primaryimage","url":"https:\/\/staging.forenteforlag.no\/pax\/wp-content\/uploads\/sites\/5\/2025\/08\/jpg-8693-scaled-1-scaled.jpg","contentUrl":"https:\/\/staging.forenteforlag.no\/pax\/wp-content\/uploads\/sites\/5\/2025\/08\/jpg-8693-scaled-1-scaled.jpg","width":1920,"height":1800},{"@type":"BreadcrumbList","@id":"https:\/\/staging.forenteforlag.no\/pax\/produkt\/bittas-votter\/#breadcrumb","itemListElement":[{"@type":"ListItem","position":1,"name":"Hjem","item":"https:\/\/staging.forenteforlag.no\/pax\/"},{"@type":"ListItem","position":2,"name":"Alle b\u00f8ker","item":"https:\/\/staging.forenteforlag.no\/pax\/butikk\/"},{"@type":"ListItem","position":3,"name":"Bittas votter"}]},{"@type":"WebSite","@id":"https:\/\/staging.forenteforlag.no\/pax\/#website","url":"https:\/\/staging.forenteforlag.no\/pax\/","name":"Pax","description":"","potentialAction":[{"@type":"SearchAction","target":{"@type":"EntryPoint","urlTemplate":"https:\/\/staging.forenteforlag.no\/pax\/?s={search_term_string}"},"query-input":{"@type":"PropertyValueSpecification","valueRequired":true,"valueName":"search_term_string"}}],"inLanguage":"nb-NO"}]}},"_links":{"self":[{"href":"https:\/\/staging.forenteforlag.no\/pax\/wp-json\/wp\/v2\/product\/20764","targetHints":{"allow":["GET"]}}],"collection":[{"href":"https:\/\/staging.forenteforlag.no\/pax\/wp-json\/wp\/v2\/product"}],"about":[{"href":"https:\/\/staging.forenteforlag.no\/pax\/wp-json\/wp\/v2\/types\/product"}],"wp:featuredmedia":[{"embeddable":true,"href":"https:\/\/staging.forenteforlag.no\/pax\/wp-json\/wp\/v2\/media\/29022"}],"wp:attachment":[{"href":"https:\/\/staging.forenteforlag.no\/pax\/wp-json\/wp\/v2\/media?parent=20764"}],"wp:term":[{"taxonomy":"product_brand","embeddable":true,"href":"https:\/\/staging.forenteforlag.no\/pax\/wp-json\/wp\/v2\/product_brand?post=20764"},{"taxonomy":"product_cat","embeddable":true,"href":"https:\/\/staging.forenteforlag.no\/pax\/wp-json\/wp\/v2\/product_cat?post=20764"},{"taxonomy":"product_tag","embeddable":true,"href":"https:\/\/staging.forenteforlag.no\/pax\/wp-json\/wp\/v2\/product_tag?post=20764"}],"curies":[{"name":"wp","href":"https:\/\/api.w.org\/{rel}","templated":true}]}}